{"id":159718,"date":"2023-01-10T13:30:30","date_gmt":"2023-01-10T18:30:30","guid":{"rendered":"https:\/\/www.acrartex.com\/products\/oferta-exclusiva-de-boatus-enero-de-2023\/"},"modified":"2023-01-10T13:30:30","modified_gmt":"2023-01-10T18:30:30","slug":"oferta-exclusiva-de-boatus-enero-de-2023","status":"publish","type":"product","link":"https:\/\/www.acrartex.com\/es\/products\/oferta-exclusiva-de-boatus-enero-de-2023\/","title":{"rendered":"Oferta exclusiva de BoatUS \u2013 Enero de 2023"},"content":{"rendered":"<p>Oferta por tiempo limitado<\/p>\n","protected":false},"excerpt":{"rendered":"<p>Nos complace ofrecer un gran valor a los miembros de BoatUS que adquieran un kit de supervivencia ResQLink View y el kit de accesorios de bolsa y mosquet\u00f3n con velcro. <strong>A\u00f1ada estos dos art\u00edculos a su carrito, visualice su carrito e introduzca el c\u00f3digo de cup\u00f3n BUSKit2023<\/strong> <strong>y haga clic en &#8220;Aplicar cup\u00f3n&#8221;<\/strong> para recibir su ResQLink View PLB ( <a href=\"https:\/\/www.acrartex.com\/products\/resqlink-view\">M\u00e1s informaci\u00f3n<\/a> ) y, adem\u00e1s, los siguientes art\u00edculos gratis:<\/p>\n<ul>\n<li>Luz de rescate C-Strobe\u2122 H2O \u2013 <a href=\"https:\/\/www.acrartex.com\/products\/c-strobe-h20\">M\u00e1s informaci\u00f3n<\/a><\/li>\n<li>Silbato Res-Q\u2122 \u2013 <a href=\"https:\/\/www.acrartex.com\/products\/ww-3-res-q-whistle\">M\u00e1s informaci\u00f3n<\/a><\/li>\n<li>Bolsa y mosquet\u00f3n con correa de velcro \u2013 <a href=\"https:\/\/www.acrartex.com\/products\/pouch-and-carabiner-with-velcro-strap\/\">M\u00e1s informaci\u00f3n<\/a><\/li>\n<li>Bolsa impermeable RapidDitch<\/li>\n<li>Espejo de se\u00f1ales<\/li>\n<\/ul>\n<p><strong>Nota: El ResQLink View PLB comprado solo tiene un precio de $399,95, pero los miembros de BoatUS que utilicen el c\u00f3digo de cup\u00f3n BUSKit2023 recibir\u00e1n todos los art\u00edculos anteriores por $399,95 al comprar al menos un kit de supervivencia ResQLink View y un kit de accesorios de bolsa y mosquet\u00f3n con velcro.<\/strong><\/p>\n<p>Dondequiera que te lleve tu aventura, ya sea un viaje a las cumbres m\u00e1s altas, a los terrenos m\u00e1s inexplorados o a los oc\u00e9anos m\u00e1s vastos, ten la tranquilidad de estar seguro al llevar tu Kit de Supervivencia ResQLink View . Simplemente activa el ResQLink View desplegando la antena y pulsando el bot\u00f3n de encendido, y la baliza har\u00e1 el resto por ti, guiando f\u00e1cilmente a los rescatistas a 100 metros o menos de tu posici\u00f3n, a la vez que muestra el estado de la baliza en tiempo real y las coordenadas GPS en la pantalla digital integrada. <\/p>\n<p>Cuando el equipo de b\u00fasqueda y rescate llegue al lugar, la brillante luz estrobosc\u00f3pica LED C-Strobe H2O llamar\u00e1 la atenci\u00f3n de los rescatistas por la noche, o durante el d\u00eda, utilice el espejo de se\u00f1ales para llamar su atenci\u00f3n. Guarde todo su equipo de emergencia en la bolsa impermeable RapidDitch para mantener su kit de supervivencia organizado y pr\u00e1ctico. <\/p>\n<p>Adem\u00e1s, el kit de accesorios ACR de bolsa y mosquet\u00f3n con velcro ofrece numerosas opciones de portabilidad para su ResQLink View PLB . Este kit, que abarca diversas aplicaciones, es un importante complemento de seguridad, ya que le ayuda a llevar su ResQLink View consigo de forma segura para tenerlo a mano cuando m\u00e1s lo necesite. <\/p>\n<p>&nbsp;<\/p>\n<p><a href=\"https:\/\/www.dropbox.com\/s\/fk04stqsp2hgk5f\/Prop%2065%20-%20DEHP.pdf?dl=0\">ADVERTENCIA: PROP 65<\/a><\/p>\n<p>&nbsp;<\/p>\n","protected":false},"featured_media":159719,"template":"","meta":{"_acf_changed":false,"om_disable_all_campaigns":false},"product_brand":[],"product_cat":[2926],"product_tag":[],"class_list":{"0":"post-159718","1":"product","2":"type-product","3":"status-publish","4":"has-post-thumbnail","6":"product_cat-sin-categoria","8":"first","9":"instock","10":"taxable","11":"shipping-taxable","12":"product-type-grouped"},"acf":[],"_links":{"self":[{"href":"https:\/\/www.acrartex.com\/es\/wp-json\/wp\/v2\/product\/159718","targetHints":{"allow":["GET"]}}],"collection":[{"href":"https:\/\/www.acrartex.com\/es\/wp-json\/wp\/v2\/product"}],"about":[{"href":"https:\/\/www.acrartex.com\/es\/wp-json\/wp\/v2\/types\/product"}],"wp:featuredmedia":[{"embeddable":true,"href":"https:\/\/www.acrartex.com\/es\/wp-json\/wp\/v2\/media\/159719"}],"wp:attachment":[{"href":"https:\/\/www.acrartex.com\/es\/wp-json\/wp\/v2\/media?parent=159718"}],"wp:term":[{"taxonomy":"product_brand","embeddable":true,"href":"https:\/\/www.acrartex.com\/es\/wp-json\/wp\/v2\/product_brand?post=159718"},{"taxonomy":"product_cat","embeddable":true,"href":"https:\/\/www.acrartex.com\/es\/wp-json\/wp\/v2\/product_cat?post=159718"},{"taxonomy":"product_tag","embeddable":true,"href":"https:\/\/www.acrartex.com\/es\/wp-json\/wp\/v2\/product_tag?post=159718"}],"curies":[{"name":"wp","href":"https:\/\/api.w.org\/{rel}","templated":true}]}}