{"id":159680,"date":"2023-03-08T10:11:32","date_gmt":"2023-03-08T15:11:32","guid":{"rendered":"https:\/\/www.acrartex.com\/products\/bolsa-de-flotacion-para-resqlink-ais\/"},"modified":"2023-03-08T10:11:32","modified_gmt":"2023-03-08T15:11:32","slug":"bolsa-de-flotacion-para-resqlink-ais","status":"publish","type":"product","link":"https:\/\/www.acrartex.com\/es\/products\/bolsa-de-flotacion-para-resqlink-ais\/","title":{"rendered":"Bolsa de flotaci\u00f3n para ResQlink AIS"},"content":{"rendered":"<ul>\n<li>Ligero<\/li>\n<li>Mantiene el ResQLink seguro y proporciona flotabilidad.<\/li>\n<\/ul>\n","protected":false},"excerpt":{"rendered":"<p>La bolsa de flotaci\u00f3n a\u00f1ade una segunda capa de protecci\u00f3n a su radiobaliza personal y le permite flotar. Presenta un dise\u00f1o elegante y se fija f\u00e1cilmente al ResQLink AIS mediante el cord\u00f3n integrado. <\/p>\n<p><strong>NOTA: Esta funda es solo para el modelo ResQLink PLB -450 (n.\u00b0 de pieza 2933). No es compatible con los modelos ResQLink 400 (n.\u00b0 de pieza 2921), ResQLink View (n.\u00b0 de pieza 2922), ResQLink RLS 410 (n.\u00b0 de pieza 2931) ni ResQLink View RLS 435 (n.\u00b0 de pieza 2932).   <\/strong><\/p>\n<h2><span style=\"color: #ff0000;\"><strong>A LA VENTA POR TIEMPO LIMITADO<\/strong><\/span><\/h2>\n<p><a href=\"https:\/\/www.dropbox.com\/s\/x4vzqxmcrtt8f32\/Prop%2065%20Warning_Chloroprene.JPG?dl=0\">ADVERTENCIA: PROP 65<\/a><\/p>\n","protected":false},"featured_media":159681,"template":"","meta":{"_acf_changed":false,"om_disable_all_campaigns":false},"product_brand":[],"product_cat":[6733,5986,5983,5775,5985],"product_tag":[],"class_list":{"0":"post-159680","1":"product","2":"type-product","3":"status-publish","4":"has-post-thumbnail","6":"product_cat-accesorios-de-seguridad","7":"product_cat-comercial","8":"product_cat-interior","9":"product_cat-marina-es","10":"product_cat-off-shore-es","11":"pa_product-accesorios-de-seguridad","13":"first","14":"instock","15":"taxable","16":"shipping-taxable","17":"purchasable","18":"product-type-simple"},"acf":[],"_links":{"self":[{"href":"https:\/\/www.acrartex.com\/es\/wp-json\/wp\/v2\/product\/159680","targetHints":{"allow":["GET"]}}],"collection":[{"href":"https:\/\/www.acrartex.com\/es\/wp-json\/wp\/v2\/product"}],"about":[{"href":"https:\/\/www.acrartex.com\/es\/wp-json\/wp\/v2\/types\/product"}],"wp:featuredmedia":[{"embeddable":true,"href":"https:\/\/www.acrartex.com\/es\/wp-json\/wp\/v2\/media\/159681"}],"wp:attachment":[{"href":"https:\/\/www.acrartex.com\/es\/wp-json\/wp\/v2\/media?parent=159680"}],"wp:term":[{"taxonomy":"product_brand","embeddable":true,"href":"https:\/\/www.acrartex.com\/es\/wp-json\/wp\/v2\/product_brand?post=159680"},{"taxonomy":"product_cat","embeddable":true,"href":"https:\/\/www.acrartex.com\/es\/wp-json\/wp\/v2\/product_cat?post=159680"},{"taxonomy":"product_tag","embeddable":true,"href":"https:\/\/www.acrartex.com\/es\/wp-json\/wp\/v2\/product_tag?post=159680"}],"curies":[{"name":"wp","href":"https:\/\/api.w.org\/{rel}","templated":true}]}}