{"id":159675,"date":"2023-04-10T16:25:24","date_gmt":"2023-04-10T21:25:24","guid":{"rendered":"https:\/\/www.acrartex.com\/products\/elt-4000m-hm\/"},"modified":"2023-04-10T16:25:24","modified_gmt":"2023-04-10T21:25:24","slug":"elt-4000m-hm","status":"publish","type":"product","link":"https:\/\/www.acrartex.com\/es\/products\/elt-4000m-hm\/","title":{"rendered":"ELT 4000M HM"},"content":{"rendered":"<p>El nuevo ARTEX ELT 4000M HM es un Emergency Locator Transmitter ( ELT ) de 3 frecuencias, apto para transporte, para el mercado de helic\u00f3pteros, que utiliza bater\u00edas alcalinas. Esta innovadora fuente de alimentaci\u00f3n permite que el ELT 4000M HM est\u00e9 completamente exento de los requisitos de condiciones especiales de la FAA. Entre las ventajas ARTEX ELT 4000M HM en cuanto al costo de propiedad se incluyen un menor gasto de bater\u00eda por ciclo, la eliminaci\u00f3n del env\u00edo de materiales peligrosos y su f\u00e1cil eliminaci\u00f3n. Una interfaz NAV integrada (ARINC429) elimina la necesidad y el gasto de instalar una unidad de interfaz NAV independiente.   <\/p>\n<p>&nbsp;<\/p>\n<p><strong>C\u00f3mo funciona el ARTEX ELT 4000M HM<\/strong><\/p>\n<p>El ARTEX ELT 4000M HM puede activarse manualmente (mediante el interruptor remoto de la cabina) o autom\u00e1ticamente (el G-Switch detecta un impacto de 2,3 G o superior) y alerta a la agencia de b\u00fasqueda y rescate m\u00e1s cercana de una emergencia. La se\u00f1al de 406 MHz, que contiene las coordenadas GPS de la aeronave, se transmite a los sat\u00e9lites Cospas-Sarsat y se retransmite al Centro de Control de Misi\u00f3n, donde se env\u00eda inmediatamente a la agencia de b\u00fasqueda y rescate m\u00e1s cercana. La baliza proporciona a los equipos de emergencia la ubicaci\u00f3n exacta con una precisi\u00f3n de 100 metros. Finalmente, las se\u00f1ales de localizaci\u00f3n de 121,5 y 243,0 MHz ayudan a las fuerzas terrestres de b\u00fasqueda y rescate a localizar la ubicaci\u00f3n de la emergencia.   <\/p>\n<p>&nbsp;<\/p>\n<p><strong>Facilidad de instalaci\u00f3n y modernizaci\u00f3n<\/strong><\/p>\n<p>El ARTEX ELT 4000M HM ofrece una modernizaci\u00f3n r\u00e1pida y sencilla con opciones de instalaci\u00f3n flexibles, como un interruptor remoto de dos cables que no requiere alimentaci\u00f3n de la aeronave. ELT 4000M HM cuenta con la aprobaci\u00f3n de TSO para sistemas de conmutaci\u00f3n y antena heredados, lo que facilita la modernizaci\u00f3n. Al ser un ELT de una sola salida, el ARTEX ELT 4000M HM utiliza la misma salida de RF y un solo cable coaxial para transmitir se\u00f1ales de 406 MHz, 121,5 MHz y 243,0 MHz. La interfaz de navegaci\u00f3n integrada reduce la necesidad de instalar una interfaz externa secundaria, lo que reduce considerablemente el coste de instalaci\u00f3n. El conjunto de la bandeja de montaje es compatible con la instalaci\u00f3n de los ELT ARTEX de las series C y B heredadas, lo que reduce a\u00fan m\u00e1s los costes de ingenier\u00eda.    <\/p>\n<p>&nbsp;<\/p>\n<p><strong>Caracter\u00edsticas del producto<\/strong><\/p>\n<ul>\n<li>Emergency Locator Transmitter fijo autom\u00e1tico<\/li>\n<li>Radiobaliza de socorro de 3 frecuencias, se\u00f1ales de localizaci\u00f3n digitales de 406 MHz y anal\u00f3gicas de 121,5 MHz y 243,0 MHz<\/li>\n<li>Antena de doble banda con conector \u00fanico y cable al transmisor<\/li>\n<li>Compatible con antenas antiguas<\/li>\n<li>F\u00e1cil mantenimiento e instalaci\u00f3n<\/li>\n<li>Muchas opciones de interruptores remotos de cabina disponibles<\/li>\n<li>Se puede conectar al GPS integrado a trav\u00e9s de la interfaz ARINC429 integrada<\/li>\n<li>Los datos GPS est\u00e1n integrados en la transmisi\u00f3n digital, lo que reduce el radio de b\u00fasqueda a 100 metros. Tipo Cospas-Sarsat aprobado.<\/li>\n<li>Compatible con el sistema de prueba de confirmaci\u00f3n satelital ARTEX 406Test.com<\/li>\n<li>Bater\u00eda reemplazable con 5 a\u00f1os de duraci\u00f3n. Se env\u00eda en un embalaje no peligroso. <\/li>\n<\/ul>\n<p><strong>Listas de paquetes<\/strong><\/p>\n<p><a href=\"https:\/\/www.dropbox.com\/scl\/fi\/66srmtbef84du2j1inktb\/8268A.pdf?rlkey=f3pwnc4za6m0728rq3sp4rwi4&amp;dl=1\">8268<\/a><br \/>\n<a href=\"https:\/\/www.dropbox.com\/scl\/fi\/7c8k7n0o89y7puw1u6yti\/8269A.pdf?rlkey=e0pa0un3tqsga4501s4tet0ao&amp;dl=1\">8269<\/a><\/p>\n","protected":false},"excerpt":{"rendered":"<p>El entorno regulatorio para las bater\u00edas de litio ha cambiado, y el ELT 4000M HM est\u00e1 aqu\u00ed para ello. ACR ofrece dise\u00f1os innovadores de sistemas de bater\u00edas que garantizan un proceso de certificaci\u00f3n sin problemas. El Artex ELT 4000M HM es un ELT de 3 frecuencias completamente exento de cualquier problema de cumplimiento de la FAA para bater\u00edas de litio y se env\u00eda sin materiales peligrosos.  <\/p>\n<p>&nbsp;<\/p>\n<p><a href=\"https:\/\/www.acrartex.com\/products\/406test-elt-self-testing-service\/\"><img loading=\"lazy\" decoding=\"async\" class=\"alignnone\" style=\"width: 300px; height: 41px;\" src=\"\/\/dk2ztu5ooimmu.cloudfront.net\/ckeditor_assets\/pictures\/146\/406Test_with_desc_-_Tag.gif\" alt=\"\" width=\"641\" height=\"88\"><\/a><\/p>\n<p><a href=\"mailto:ArtexSales@acrartex.com?subject= ELT %204000% 20Ventas%20Pregunta\"><img decoding=\"async\" style=\"width: 200px; height: 168px;\" src=\"\/\/dk2ztu5ooimmu.cloudfront.net\/ckeditor_assets\/pictures\/147\/ARTEX_-_ELT_4000_Ad_Bubble.gif\" alt=\"\"><\/a><\/p>\n","protected":false},"featured_media":12375,"template":"","meta":{"_acf_changed":false,"om_disable_all_campaigns":false},"product_brand":[],"product_cat":[5527,8521,5530],"product_tag":[15697,15700,15722,15706,8968,12686,15711,15694,15717,15714,8324,8973,8972,12717,12726,8978,5532,8966,15721,15708,15719,15720,8974,12698,12712,12706,8971,5540,15703],"class_list":{"0":"post-159675","1":"product","2":"type-product","3":"status-publish","4":"has-post-thumbnail","6":"product_cat-aviacion","7":"product_cat-aviones-comerciales","8":"product_cat-rotocraft-es","9":"product_tag-243-mhz-es","10":"product_tag-2430-mhz-es","11":"product_tag-2430-mhz-elt-es","12":"product_tag-3-frecuencias","13":"product_tag-4000-es","14":"product_tag-4000-hm","15":"product_tag-4000-m-hm-es","16":"product_tag-4000-metros","17":"product_tag-4000-mhm-es-2","18":"product_tag-4000-mhm-es","19":"product_tag-406-mhz-elt-es","20":"product_tag-actualizacion-elt","21":"product_tag-actualizacion-elt-121-5","22":"product_tag-alcalino-es","23":"product_tag-condiciones-especiales","24":"product_tag-condiciones-especiales-del-litio","25":"product_tag-elt-es","26":"product_tag-elt-4000-es","27":"product_tag-elt-4000-mhm-es","28":"product_tag-elt-4000m-es","29":"product_tag-elt-4000m-hm-es","30":"product_tag-elt-4000mhm-es","31":"product_tag-elt4000-es","32":"product_tag-libre-de-litio","33":"product_tag-no-peligroso","34":"product_tag-sin-litio","35":"product_tag-transmisor-de-ubicacion-de-emergencia","36":"product_tag-transmisor-localizador-de-emergencia","37":"product_tag-trifrecuencia","38":"pa_aircraft-type-aviones-de-pasajeros","39":"pa_product-soluciones-elt","41":"first","42":"instock","43":"taxable","44":"shipping-taxable","45":"product-type-simple"},"acf":[],"_links":{"self":[{"href":"https:\/\/www.acrartex.com\/es\/wp-json\/wp\/v2\/product\/159675","targetHints":{"allow":["GET"]}}],"collection":[{"href":"https:\/\/www.acrartex.com\/es\/wp-json\/wp\/v2\/product"}],"about":[{"href":"https:\/\/www.acrartex.com\/es\/wp-json\/wp\/v2\/types\/product"}],"wp:featuredmedia":[{"embeddable":true,"href":"https:\/\/www.acrartex.com\/es\/wp-json\/wp\/v2\/media\/12375"}],"wp:attachment":[{"href":"https:\/\/www.acrartex.com\/es\/wp-json\/wp\/v2\/media?parent=159675"}],"wp:term":[{"taxonomy":"product_brand","embeddable":true,"href":"https:\/\/www.acrartex.com\/es\/wp-json\/wp\/v2\/product_brand?post=159675"},{"taxonomy":"product_cat","embeddable":true,"href":"https:\/\/www.acrartex.com\/es\/wp-json\/wp\/v2\/product_cat?post=159675"},{"taxonomy":"product_tag","embeddable":true,"href":"https:\/\/www.acrartex.com\/es\/wp-json\/wp\/v2\/product_tag?post=159675"}],"curies":[{"name":"wp","href":"https:\/\/api.w.org\/{rel}","templated":true}]}}