{"id":159612,"date":"2024-04-15T10:49:36","date_gmt":"2024-04-15T15:49:36","guid":{"rendered":"https:\/\/www.acrartex.com\/products\/kits-de-seguridad-para-embarcaciones-globalfix-v6\/"},"modified":"2024-04-15T10:49:36","modified_gmt":"2024-04-15T15:49:36","slug":"kits-de-seguridad-para-embarcaciones-globalfix-v6","status":"publish","type":"product","link":"https:\/\/www.acrartex.com\/es\/products\/kits-de-seguridad-para-embarcaciones-globalfix-v6\/","title":{"rendered":"Kits de seguridad para embarcaciones GlobalFix V6"},"content":{"rendered":"<p>Ya sea navegaci\u00f3n de recreo, pesca de altura, vela o cualquier emocionante expedici\u00f3n marina, los nuevos kits de seguridad para embarcaciones GlobalFix V6 est\u00e1n aqu\u00ed para proteger sus viajes de todos los tama\u00f1os. Con estos completos kits, podr\u00e1 afrontar cada aventura n\u00e1utica con confianza, sabiendo que su seguridad nunca se ver\u00e1 comprometida. Desde desaf\u00edos imprevistos hasta situaciones inesperadas, el kit de seguridad para embarcaciones GlobalFix V6 le proporciona todo lo necesario para un regreso seguro, garantizando su tranquilidad incluso en las circunstancias m\u00e1s dif\u00edciles.  <\/p>\n<p>Hay cuatro opciones para elegir entre los kits GlobalFix V6. Estos kits incluyen los siguientes productos esenciales de supervivencia: <\/p>\n<p><span style=\"color: #ff0000;\"><strong>SKU 2339.1 Kit de navegaci\u00f3n premium GlobalFix V6<\/strong><\/span><\/p>\n<ul>\n<li>EPIRB GlobalFIX V6 RLS Cat. 2 con Return Link Service y aplicaci\u00f3n m\u00f3vil NFC <a href=\"https:\/\/www.acrartex.com\/es\/products\/epirb-acr-globalfix-v6-con-return-link-service-y-aplicacion-movil\/\">M\u00e1s informaci\u00f3n.<\/a> <\/li>\n<li>ResQlink RLS PLB 410 <a href=\"https:\/\/www.acrartex.com\/es\/products\/personal-locator-beacon-resqlink-410-rls\/\">M\u00e1s informaci\u00f3n<\/a><\/li>\n<li>FireFly PRO Waterbug: luz estrobosc\u00f3pica aprobada por SOLAS con activaci\u00f3n por agua incorporada. <a href=\"https:\/\/www.acrartex.com\/products\/firefly-pro-waterbug\/\">M\u00e1s informaci\u00f3n<\/a><\/li>\n<li>Bolsa RapidDitch Express <a href=\"https:\/\/www.acrartex.com\/es\/products\/bolsa-expres-rapidditch\/\">M\u00e1s informaci\u00f3n<\/a><\/li>\n<li>HemiLight \u21223 <a href=\"https:\/\/www.acrartex.com\/es\/products\/luz-para-chaleco-salvavidas-hemilight-3-med-y-solas\/\">M\u00e1s informaci\u00f3n<\/a><\/li>\n<li>Espejo de se\u00f1ales<\/li>\n<li>Silbato WW-3 Res-Q\u2122 <a href=\"https:\/\/www.acrartex.com\/es\/products\/silbato-ww-3-resq\/\">M\u00e1s informaci\u00f3n<\/a><\/li>\n<\/ul>\n<p><span style=\"color: #ff0000;\"><strong>SKU 2342.1: Kit de seguridad para navegaci\u00f3n GlobalFix V6 y ResQflare<\/strong><\/span><\/p>\n<ul>\n<li>EPIRB GlobalFIX V6 RLS Cat. 2 con Return Link Service y aplicaci\u00f3n m\u00f3vil NFC <a href=\"https:\/\/www.acrartex.com\/es\/products\/epirb-acr-globalfix-v6-con-return-link-service-y-aplicacion-movil\/\">M\u00e1s informaci\u00f3n.<\/a> <\/li>\n<li>ResQflare (bengala electr\u00f3nica de emergencia LED de alta intensidad para navegaci\u00f3n) <a href=\"https:\/\/www.acrartex.com\/es\/products\/resqflare-bengala-electronica-led-de-emergencia-para-embarcaciones\/\">M\u00e1s informaci\u00f3n<\/a><\/li>\n<li>Bolsa RapidDitch Express <a href=\"https:\/\/www.acrartex.com\/es\/products\/bolsa-expres-rapidditch\/\">M\u00e1s informaci\u00f3n<\/a><\/li>\n<li>HemiLight \u21223 <a href=\"https:\/\/www.acrartex.com\/es\/products\/luz-para-chaleco-salvavidas-hemilight-3-med-y-solas\/\">M\u00e1s informaci\u00f3n<\/a><\/li>\n<li>Luz estrobosc\u00f3pica C-Strobe H2O SOLAS <a href=\"https:\/\/www.acrartex.com\/products\/c-strobe-h20\/\">M\u00e1s informaci\u00f3n<\/a><\/li>\n<li>Espejo de se\u00f1ales<\/li>\n<li>Silbato WW-3 Res-Q\u2122 <a href=\"https:\/\/www.acrartex.com\/es\/products\/silbato-ww-3-resq\/\">M\u00e1s informaci\u00f3n<\/a><\/li>\n<\/ul>\n<p><strong><span style=\"color: #ff0000;\">SKU 2343.1: Kit de seguridad para navegaci\u00f3n GlobalFix V6 Base<\/span><\/strong><\/p>\n<ul>\n<li>EPIRB GlobalFIX V6 RLS Cat. 2 con Return Link Service y aplicaci\u00f3n m\u00f3vil NFC <a href=\"https:\/\/www.acrartex.com\/es\/products\/epirb-acr-globalfix-v6-con-return-link-service-y-aplicacion-movil\/\">M\u00e1s informaci\u00f3n.<\/a> <\/li>\n<li>Bolsa RapidDitch Express <a href=\"https:\/\/www.acrartex.com\/es\/products\/bolsa-expres-rapidditch\/\">M\u00e1s informaci\u00f3n<\/a><\/li>\n<\/ul>\n<p><span style=\"color: #ff0000;\"><strong>SKU 2344.1: Kit de seguridad para embarcaciones GlobalFix V6 Plus<\/strong><\/span><\/p>\n<ul>\n<li>EPIRB GlobalFIX V6 RLS Cat. 2 con Return Link Service y aplicaci\u00f3n m\u00f3vil NFC <a href=\"https:\/\/www.acrartex.com\/es\/products\/epirb-acr-globalfix-v6-con-return-link-service-y-aplicacion-movil\/\">M\u00e1s informaci\u00f3n.<\/a> <\/li>\n<li>Bolsa RapidDitch Express <a href=\"https:\/\/www.acrartex.com\/es\/products\/bolsa-expres-rapidditch\/\">M\u00e1s informaci\u00f3n<\/a><\/li>\n<li>HemiLight \u21223 <a href=\"https:\/\/www.acrartex.com\/es\/products\/luz-para-chaleco-salvavidas-hemilight-3-med-y-solas\/\">M\u00e1s informaci\u00f3n<\/a><\/li>\n<li>Luz estrobosc\u00f3pica C-Strobe H2O SOLAS <a href=\"https:\/\/www.acrartex.com\/products\/c-strobe-h20\/\">M\u00e1s informaci\u00f3n<\/a><\/li>\n<li>Espejo de se\u00f1ales<\/li>\n<li>Silbato WW-3 Res-Q\u2122 <a href=\"https:\/\/www.acrartex.com\/es\/products\/silbato-ww-3-resq\/\">M\u00e1s informaci\u00f3n<\/a><\/li>\n<\/ul>\n<p>&nbsp;<\/p>\n","protected":false},"excerpt":{"rendered":"<h2><\/h2>\n<h4><span style=\"color: #ff0000;\">\u00a1Hecho con orgullo en EE. UU.!<\/span><\/h4>\n<p><a href=\"https:\/\/www.dropbox.com\/s\/fk04stqsp2hgk5f\/Prop%2065%20-%20DEHP.pdf?dl=0\">ADVERTENCIA: PROP 65<\/a><\/p>\n","protected":false},"featured_media":88814,"template":"","meta":{"_acf_changed":false,"om_disable_all_campaigns":false},"product_brand":[],"product_cat":[5984,5986,5983,14681,5775,5985],"product_tag":[9565,5778,15626,5824,15624,5782,12646,8524,15337,15628,15630,7568,15629,7968,15627,5821,5776,9324,12989,15625,12606],"class_list":{"0":"post-159612","1":"product","2":"type-product","3":"status-publish","4":"has-post-thumbnail","6":"product_cat-cerca-de-la-costa","7":"product_cat-comercial","8":"product_cat-interior","9":"product_cat-kits-de-seguridad-marina","10":"product_cat-marina-es","11":"product_cat-off-shore-es","12":"product_tag-ais-es","13":"product_tag-baliza-de-emergencia","14":"product_tag-baliza-gps-de-emergencia","15":"product_tag-baliza-localizadora-personal","16":"product_tag-c-estroboscopico","17":"product_tag-correccion-global","18":"product_tag-emergencia","19":"product_tag-emergency-locator-transmitter-de-406-mhz","20":"product_tag-epirb-ais","21":"product_tag-equipo-de-radiobaliza-de-emergencia","22":"product_tag-kit-de-barco","23":"product_tag-llamada-de-socorro","24":"product_tag-luz-de-socorro-sos","25":"product_tag-luz-led-de-emergencia","26":"product_tag-personal-locator-beacon-ais-es","27":"product_tag-plb-es","28":"product_tag-radiobaliza-de-emergencia","29":"product_tag-radiobaliza-gps","30":"product_tag-rls-es","31":"product_tag-rls-epirb-es","32":"product_tag-silbato-de-rescate","34":"first","35":"instock","36":"taxable","37":"shipping-taxable","38":"purchasable","39":"product-type-variable"},"acf":[],"_links":{"self":[{"href":"https:\/\/www.acrartex.com\/es\/wp-json\/wp\/v2\/product\/159612","targetHints":{"allow":["GET"]}}],"collection":[{"href":"https:\/\/www.acrartex.com\/es\/wp-json\/wp\/v2\/product"}],"about":[{"href":"https:\/\/www.acrartex.com\/es\/wp-json\/wp\/v2\/types\/product"}],"wp:featuredmedia":[{"embeddable":true,"href":"https:\/\/www.acrartex.com\/es\/wp-json\/wp\/v2\/media\/88814"}],"wp:attachment":[{"href":"https:\/\/www.acrartex.com\/es\/wp-json\/wp\/v2\/media?parent=159612"}],"wp:term":[{"taxonomy":"product_brand","embeddable":true,"href":"https:\/\/www.acrartex.com\/es\/wp-json\/wp\/v2\/product_brand?post=159612"},{"taxonomy":"product_cat","embeddable":true,"href":"https:\/\/www.acrartex.com\/es\/wp-json\/wp\/v2\/product_cat?post=159612"},{"taxonomy":"product_tag","embeddable":true,"href":"https:\/\/www.acrartex.com\/es\/wp-json\/wp\/v2\/product_tag?post=159612"}],"curies":[{"name":"wp","href":"https:\/\/api.w.org\/{rel}","templated":true}]}}