{"id":159566,"date":"2023-11-20T13:29:13","date_gmt":"2023-11-20T18:29:13","guid":{"rendered":"https:\/\/www.acrartex.com\/products\/programador-elt-artex-serie-fpt-8800\/"},"modified":"2026-03-06T10:08:47","modified_gmt":"2026-03-06T15:08:47","slug":"programador-elt-artex-serie-fpt-8800","status":"publish","type":"product","link":"https:\/\/www.acrartex.com\/es\/products\/programador-elt-artex-serie-fpt-8800\/","title":{"rendered":"Programador ELT ARTEX serie FPT 8800"},"content":{"rendered":"<p>El programador ARTEX serie FPT 8800 ofrece una herramienta robusta y f\u00e1cil de usar para soporte de ELT, ideal para aplicaciones de laboratorio y de campo. Si gestiona una flota, vende o realiza el mantenimiento de transmisores de localizaci\u00f3n de emergencia ARTEX, esta herramienta es imprescindible. ARTEX incorporar\u00e1 nuevas configuraciones para programar todos los productos ELT actuales. Para obtener m\u00e1s informaci\u00f3n sobre cu\u00e1ndo se a\u00f1adir\u00e1n nuevas opciones, p\u00f3ngase en contacto con ARTEX.   <\/p>\n<p><strong>Nota: <span data-teams=\"true\">La versi\u00f3n de software C406 V134B o anterior no es compatible.<\/span><\/strong><\/p>\n<p>&nbsp;<\/p>\n<p><strong>Caracter\u00edsticas principales:<\/strong><\/p>\n<p>&nbsp;<\/p>\n<ul>\n<li><strong>Basado en la tableta Microsoft Surface:<\/strong> Dile adi\u00f3s a los equipos de programaci\u00f3n voluminosos y obsoletos. ARTEX FPT aprovecha la potencia de la tableta Microsoft Surface, ofreciendo una interfaz intuitiva y familiar. Esto significa que puedes llevar tu programaci\u00f3n ELT dondequiera que est\u00e9s, mejorando la accesibilidad y la flexibilidad.  <\/li>\n<\/ul>\n<p>&nbsp;<\/p>\n<ul>\n<li><strong>Modernice sus ELT existentes: \u00bf<\/strong> Le preocupa reprogramar protocolos para nuevas entregas o modernizaciones? No se preocupe. El ARTEX FPT est\u00e1 dise\u00f1ado para adaptarse f\u00e1cilmente a sus ELT actuales, eliminando la necesidad de programaci\u00f3n externa. Es una soluci\u00f3n rentable que agiliza su proceso de mantenimiento.   <\/li>\n<\/ul>\n<p>&nbsp;<\/p>\n<ul>\n<li><strong>Interfaz de usuario intuitiva:<\/strong> Programe sus ELT f\u00e1cilmente con nuestra interfaz intuitiva. Olv\u00eddese de descifrar men\u00fas complejos o lidiar con botones engorrosos. El ARTEX FPT facilita la programaci\u00f3n de sus ELT, ahorr\u00e1ndole tiempo y reduciendo la posibilidad de errores.  <\/li>\n<\/ul>\n<p>&nbsp;<\/p>\n<ul>\n<li><strong>Rendimiento mejorado:<\/strong> Con el ARTEX FPT, puede acceder y modificar ajustes cr\u00edticos con precisi\u00f3n, garantizando as\u00ed el \u00f3ptimo funcionamiento de sus ELT. Es una herramienta revolucionaria para mantener la conformidad de sus transmisores de localizaci\u00f3n de emergencia. <\/li>\n<\/ul>\n<p>&nbsp;<\/p>\n<ul>\n<li><strong>Gesti\u00f3n integral de datos:<\/strong> Realice un seguimiento de todos sus ELT en un solo lugar gracias a las completas funciones de gesti\u00f3n de datos de ARTEX FPT. Almacene, recupere y verifique f\u00e1cilmente los datos e historial de programaci\u00f3n para garantizar el cumplimiento normativo y la disponibilidad. <\/li>\n<\/ul>\n<p>&nbsp;<\/p>\n<ul>\n<li><strong>Tecnolog\u00eda a prueba de futuro:<\/strong> ARTEX es una marca de confianza en tecnolog\u00eda aeron\u00e1utica, y el programador FTP que utiliza las tabletas Surface est\u00e1 dise\u00f1ado para evolucionar seg\u00fan sus necesidades. Reciba actualizaciones de software peri\u00f3dicas para mantenerse a la vanguardia de los est\u00e1ndares y regulaciones de la industria. <\/li>\n<\/ul>\n<p>&nbsp;<\/p>\n<ul>\n<li><strong>Programaci\u00f3n:<\/strong> ARTEX FPT es capaz de programar el protocolo deseado, la velocidad en baudios de datos NAV y la informaci\u00f3n requerida seg\u00fan lo descrito por Cospas-Sarsat a trav\u00e9s del cable de programaci\u00f3n correspondiente.<\/li>\n<\/ul>\n<p>&nbsp;<\/p>\n<ul>\n<li><strong>Capacidad de impresi\u00f3n:<\/strong> ARTEX FPT puede imprimir un informe para sus registros de verificaci\u00f3n del cliente<\/li>\n<\/ul>\n<p>&nbsp;<\/p>\n<p>&nbsp;<\/p>\n<p><strong>Nota:<\/strong> Este programador no mide la potencia ni lee la transmisi\u00f3n de la baliza emitida por la radio. La serie FPT 8800 lee la memoria interna y reprograma el ELT \u00fanicamente seg\u00fan los protocolos Cospas-Sarsat aprobados. Se requieren equipos de prueba de potencia 406 de repuesto, como Viavi 10K y WST BT-200, para realizar la prueba anual de potencia de la baliza. Consulte con su autoridad local para obtener informaci\u00f3n sobre los requisitos de prueba del ELT para las inspecciones programadas.   <\/p>\n<p>&nbsp;<\/p>\n<p>El programador de la serie ARTEX 8805 estar\u00e1 disponible en las siguientes configuraciones:<\/p>\n<table width=\"714\">\n<tbody>\n<tr>\n<td colspan=\"2\" width=\"714\"><strong>Capacidades de programaci\u00f3n P\/N<\/strong><\/td>\n<\/tr>\n<tr>\n<td width=\"62\">N.\u00ba de pieza 8805<\/td>\n<td width=\"652\">Solo tableta y software<\/td>\n<\/tr>\n<tr>\n<td width=\"62\">N.\u00ba de pieza 8806<\/td>\n<td width=\"652\">ELT 345, 1000 y ME406<\/td>\n<\/tr>\n<tr>\n<td width=\"62\">N.\u00ba de pieza 8807<\/td>\n<td width=\"652\">ELT 345, 1000, ME406, C406-N, C406-N HM, C406-1, C406-1 HM, C406-2, C406-2 HM, B406-4 y G406-4<\/td>\n<\/tr>\n<tr>\n<td width=\"62\">N.\u00ba de pieza 8808<\/td>\n<td width=\"652\"><a href=\"https:\/\/www.acrartex.com\/es\/products\/elt-345\/\">ELT 345<\/a> , <a href=\"https:\/\/www.acrartex.com\/es\/products\/elt-1000\/\">1000<\/a> , <a href=\"https:\/\/www.acrartex.com\/es\/products\/me406-elt\/\">ME406<\/a> , <a href=\"https:\/\/www.acrartex.com\/es\/products\/elt-3000\/\">ELT 3000,<\/a> <a href=\"https:\/\/www.acrartex.com\/es\/products\/elt-3000hm\/\">ELT 3000HM<\/a> , <a href=\"https:\/\/www.acrartex.com\/es\/products\/elt-4000\/\">ELT 4000<\/a> , <a href=\"https:\/\/www.acrartex.com\/es\/products\/elt-4000hm\/\">ELT 4000HM<\/a> , <a href=\"https:\/\/www.acrartex.com\/es\/products\/c406-n\/\">C406-N<\/a> , <a href=\"https:\/\/www.acrartex.com\/es\/products\/c406-n-hm\/\">C406-N HM<\/a> , <a href=\"https:\/\/www.acrartex.com\/es\/products\/c406-1\/\">C406-1<\/a> , <a href=\"https:\/\/www.acrartex.com\/es\/products\/c406-1-hm\/\">C406-1 HM<\/a> , <a href=\"https:\/\/www.acrartex.com\/es\/products\/c406-2\/\">C406-2<\/a> , <a href=\"https:\/\/www.acrartex.com\/es\/products\/c406-2-hm\/\">C406-2 HM<\/a> , <a href=\"https:\/\/www.acrartex.com\/es\/products\/b406-4\/\">B406-4<\/a> y <a href=\"https:\/\/www.acrartex.com\/es\/products\/g406-4-elt\/\">G406-4<\/a><\/td>\n<\/tr>\n<tr>\n<td width=\"62\">N.\u00ba de pieza 8809<\/td>\n<td width=\"652\"><a href=\"https:\/\/www.acrartex.com\/es\/products\/elt-4000s\/\">ELT 4000S<\/a><\/td>\n<\/tr>\n<\/tbody>\n<\/table>\n<p>&nbsp;<\/p>\n<p>&nbsp;<\/p>\n","protected":false},"excerpt":{"rendered":"<p>Descubra el poder de la tecnolog\u00eda avanzada con el Programador ARTEX para ELT, una soluci\u00f3n revolucionaria que transformar\u00e1 la forma en que gestiona y programa sus Transmisores Localizadores de Emergencia ARTEX. Basada en la plataforma Microsoft Surface, la FPT (Tableta de Programaci\u00f3n de Campo) ARTEX es un dispositivo de vanguardia dise\u00f1ado para adaptarse a la perfecci\u00f3n a sus ELT existentes en el campo, lo que abre una nueva era de eficiencia y confiabilidad a sus operaciones. <\/p>\n<p><span style=\"font-size: 11pt;\"><span style=\"font-family: Calibri,sans-serif;\"><a style=\"color: blue; text-decoration: underline;\" href=\"https:\/\/www.dropbox.com\/s\/fk04stqsp2hgk5f\/Prop%2065%20-%20DEHP.pdf?dl=0\"><span style=\"color: #000000;\">ADVERTENCIA: PROP 65<\/span><\/a><\/span><\/span><\/p>\n<p>&nbsp;<\/p>\n","protected":false},"featured_media":85834,"template":"","meta":{"_acf_changed":false,"om_disable_all_campaigns":false},"product_brand":[],"product_cat":[5527,5991,5992,8521,5530],"product_tag":[15564,15416,15417,15414,15568,10909,15415,15566,10853],"class_list":{"0":"post-159566","1":"product","2":"type-product","3":"status-publish","4":"has-post-thumbnail","6":"product_cat-aviacion","7":"product_cat-aviacion-general","8":"product_cat-avion-de-negocios","9":"product_cat-aviones-comerciales","10":"product_cat-rotocraft-es","11":"product_tag-artex-fpt-es","12":"product_tag-artex-tps-es","13":"product_tag-conjunto-de-prueba-y-programacion-artex","14":"product_tag-programador-artex","15":"product_tag-programador-de-campo-de-artex","16":"product_tag-programador-elt","17":"product_tag-tableta-artex","18":"product_tag-tableta-de-programacion-de-campo-artex","19":"product_tag-tps-es","21":"first","22":"instock","23":"taxable","24":"shipping-taxable","25":"purchasable","26":"product-type-variable"},"acf":[],"_links":{"self":[{"href":"https:\/\/www.acrartex.com\/es\/wp-json\/wp\/v2\/product\/159566","targetHints":{"allow":["GET"]}}],"collection":[{"href":"https:\/\/www.acrartex.com\/es\/wp-json\/wp\/v2\/product"}],"about":[{"href":"https:\/\/www.acrartex.com\/es\/wp-json\/wp\/v2\/types\/product"}],"wp:featuredmedia":[{"embeddable":true,"href":"https:\/\/www.acrartex.com\/es\/wp-json\/wp\/v2\/media\/85834"}],"wp:attachment":[{"href":"https:\/\/www.acrartex.com\/es\/wp-json\/wp\/v2\/media?parent=159566"}],"wp:term":[{"taxonomy":"product_brand","embeddable":true,"href":"https:\/\/www.acrartex.com\/es\/wp-json\/wp\/v2\/product_brand?post=159566"},{"taxonomy":"product_cat","embeddable":true,"href":"https:\/\/www.acrartex.com\/es\/wp-json\/wp\/v2\/product_cat?post=159566"},{"taxonomy":"product_tag","embeddable":true,"href":"https:\/\/www.acrartex.com\/es\/wp-json\/wp\/v2\/product_tag?post=159566"}],"curies":[{"name":"wp","href":"https:\/\/api.w.org\/{rel}","templated":true}]}}