{"id":159525,"date":"2023-11-20T14:34:40","date_gmt":"2023-11-20T19:34:40","guid":{"rendered":"https:\/\/www.acrartex.com\/products\/soporte-de-epirb-de-liberacion-manual-globalfix-v5-v6-cat-ii\/"},"modified":"2025-07-29T14:54:12","modified_gmt":"2025-07-29T19:54:12","slug":"soporte-de-epirb-de-liberacion-manual-globalfix-v5-v6-cat-ii","status":"publish","type":"product","link":"https:\/\/www.acrartex.com\/es\/products\/soporte-de-epirb-de-liberacion-manual-globalfix-v5-v6-cat-ii\/","title":{"rendered":"Soporte de EPIRB de liberaci\u00f3n manual GlobalFix V5\/V6 Cat II"},"content":{"rendered":"<ul>\n<li>Mecanismo de liberaci\u00f3n manual simple y f\u00e1cil de usar<\/li>\n<li>El montaje unidireccional elimina la posibilidad de instalar EPIRB al rev\u00e9s<\/li>\n<li>El im\u00e1n de desactivaci\u00f3n integral impide que la EPIRB transmita hasta que se retire<\/li>\n<\/ul>\n","protected":false},"excerpt":{"rendered":"<p>Las condiciones m\u00e1s adversas no tienen ninguna posibilidad contra el soporte EPIRB Cat II de liberaci\u00f3n manual. Este EPIRB est\u00e1 dise\u00f1ado para durar, para resistir incluso las aventuras m\u00e1s salvajes. Si su embarcaci\u00f3n empieza a hacer agua, su sencillo mecanismo de liberaci\u00f3n EPIRB con dise\u00f1o de montaje unidireccional facilita su extracci\u00f3n y activaci\u00f3n. Este soporte es compatible \u00fanicamente con las radiobalizas GlobalFix \u2122 V5 y GlobalFix \u2122 V6.   <\/p>\n","protected":false},"featured_media":159538,"template":"","meta":{"_acf_changed":false,"om_disable_all_campaigns":false},"product_brand":[],"product_cat":[5984,5986,5995,5983,5775,5985],"product_tag":[8123,6744,15536,9364,8125,15535,15545,8130,5776,8131,15542,15539,15540,15541,6738,15544,8127,15543,15538,15537],"class_list":{"0":"post-159525","1":"product","2":"type-product","3":"status-publish","4":"has-post-thumbnail","6":"product_cat-cerca-de-la-costa","7":"product_cat-comercial","8":"product_cat-fuerzas-navales","9":"product_cat-interior","10":"product_cat-marina-es","11":"product_cat-off-shore-es","12":"product_tag-acre-es","13":"product_tag-categoria-2-es","14":"product_tag-categoria-ii-es-2","15":"product_tag-categoria-ii-es","16":"product_tag-el-sea-shelter","17":"product_tag-gato-2","18":"product_tag-liberacion-manual","19":"product_tag-mar","20":"product_tag-radiobaliza-de-emergencia","21":"product_tag-refugio-marino","22":"product_tag-refugio-marino-4","23":"product_tag-rlb-43-es","24":"product_tag-rlb-44-es","25":"product_tag-sea-shelter-4-es","26":"product_tag-soporte","27":"product_tag-soporte-de-liberacion-manual","28":"product_tag-soporte-de-radiobaliza","29":"product_tag-soporte-manual","30":"product_tag-soporte-para-radiobaliza-epirb-cat-ii","31":"product_tag-soporte-para-radiobaliza-epirb-cat-2","32":"pa_boat-size-0-20-es","33":"pa_boat-size-21-40-es","34":"pa_boat-size-40-80-es","35":"pa_boat-size-80-es","36":"pa_boat-type-artesania-deportiva","37":"pa_boat-type-buque-de-carga","38":"pa_boat-type-lancha-fuera-borda","39":"pa_boat-type-pesca-comercial","40":"pa_boat-type-remolcador","41":"pa_boat-type-velero","42":"pa_boat-type-yate","43":"pa_boat-type-yate-de-alquiler","44":"pa_product-accesorios-de-seguridad","45":"pa_product-rescue-beacons-es","46":"pa_product-rescue-beacons-vhf-sart-es","48":"first","49":"instock","50":"taxable","51":"shipping-taxable","52":"purchasable","53":"product-type-simple"},"acf":[],"_links":{"self":[{"href":"https:\/\/www.acrartex.com\/es\/wp-json\/wp\/v2\/product\/159525","targetHints":{"allow":["GET"]}}],"collection":[{"href":"https:\/\/www.acrartex.com\/es\/wp-json\/wp\/v2\/product"}],"about":[{"href":"https:\/\/www.acrartex.com\/es\/wp-json\/wp\/v2\/types\/product"}],"wp:featuredmedia":[{"embeddable":true,"href":"https:\/\/www.acrartex.com\/es\/wp-json\/wp\/v2\/media\/159538"}],"wp:attachment":[{"href":"https:\/\/www.acrartex.com\/es\/wp-json\/wp\/v2\/media?parent=159525"}],"wp:term":[{"taxonomy":"product_brand","embeddable":true,"href":"https:\/\/www.acrartex.com\/es\/wp-json\/wp\/v2\/product_brand?post=159525"},{"taxonomy":"product_cat","embeddable":true,"href":"https:\/\/www.acrartex.com\/es\/wp-json\/wp\/v2\/product_cat?post=159525"},{"taxonomy":"product_tag","embeddable":true,"href":"https:\/\/www.acrartex.com\/es\/wp-json\/wp\/v2\/product_tag?post=159525"}],"curies":[{"name":"wp","href":"https:\/\/api.w.org\/{rel}","templated":true}]}}