{"id":159501,"date":"2024-01-30T08:50:30","date_gmt":"2024-01-30T13:50:30","guid":{"rendered":"https:\/\/www.acrartex.com\/products\/bivy-stick-mesh-comunicador-satelital\/"},"modified":"2026-03-06T09:30:26","modified_gmt":"2026-03-06T14:30:26","slug":"bivy-stick-mesh-comunicador-satelital","status":"publish","type":"product","link":"https:\/\/www.acrartex.com\/es\/products\/bivy-stick-mesh-comunicador-satelital\/","title":{"rendered":"Bivy Stick MESH \u2013 Comunicador satelital"},"content":{"rendered":"<p><span style=\"font-weight: 400;\">El<\/span> <b>Bivy Stick MESH<\/b> <span style=\"font-weight: 400;\">no es solo un dispositivo: es un avance revolucionario en<\/span> <b>la comunicaci\u00f3n empresarial para operaciones remotas.<\/b><span style=\"font-weight: 400;\">. Dise\u00f1ado para mantener a los equipos conectados incluso en los entornos m\u00e1s desafiantes, ofrece  <\/span><b>Conectividad de modo dual perfecta<\/b> <span style=\"font-weight: 400;\">, cambiando de forma inteligente entre <strong>la<\/strong><\/span> <b>red satelital Global Iridium\u00ae<\/b> <span style=\"font-weight: 400;\">y<\/span> <b>la red en malla habilitada para LoRa\u00ae<\/b> <span style=\"font-weight: 400;\">para una confiabilidad y cobertura inigualables.<\/span><\/p>\n<p>&nbsp;<\/p>\n<p>Potenciando su comunicaci\u00f3n remota:<\/p>\n<ul>\n<li><strong>Cobertura satelital global de Iridium:<\/strong> opere con confianza en cualquier lugar de la Tierra, aprovechando la constelaci\u00f3n de sat\u00e9lites inigualable de Iridium para una comunicaci\u00f3n inquebrantable.<\/li>\n<li><strong>Redes en malla habilitadas para LoRa\u00ae:<\/strong> redes en malla autoformadas que permiten mensajer\u00eda en tiempo real y actualizaciones de ubicaci\u00f3n GPS para una mejor coordinaci\u00f3n del equipo.<\/li>\n<\/ul>\n<p><strong> <\/strong><\/p>\n<p><span style=\"font-weight: 400;\">ACR Bivy ha liderado constantemente la industria, siendo pionero en la introducci\u00f3n de la comunicaci\u00f3n grupal satelital y el seguimiento de hasta 12 Bivy Sticks. Ahora, con la integraci\u00f3n de MESH con LoRa\u00ae, Bivy sube el list\u00f3n, consolidando su posici\u00f3n como la soluci\u00f3n de comunicaci\u00f3n l\u00edder para equipos que operan en ubicaciones aisladas de la red el\u00e9ctrica. <\/span><\/p>\n<h2>Caracter\u00edsticas Bivy Stick MESH:<\/h2>\n<ul>\n<li><strong>Modos de comunicaci\u00f3n dual<\/strong> : combina de forma \u00fanica la red en malla habilitada para LoRa\u00ae con una s\u00f3lida comunicaci\u00f3n satelital global, ofreciendo una conectividad incomparable en diversos entornos y estableciendo un nuevo est\u00e1ndar en tecnolog\u00eda de comunicaci\u00f3n al aire libre.\n<ul>\n<li><strong>Comunicaci\u00f3n satelital global<\/strong> :<br \/>\n Conf\u00ede en la red Iridium para una conectividad global constante incluso en las ubicaciones m\u00e1s aisladas.<\/li>\n<li><strong>Redes en malla habilitadas para LoRa\u00ae:<br \/>\n<\/strong> Mejore la coordinaci\u00f3n del equipo con redes en malla para conexiones directas de dispositivo a dispositivo con una distancia de hasta una milla y soporte para hasta 12 dispositivos.<\/li>\n<\/ul>\n<\/li>\n<li><strong>Mensajer\u00eda habilitada para LoRa\u00ae:<\/strong> transmisi\u00f3n de mensajes de dispositivo a dispositivo en segundos, lo que es significativamente m\u00e1s r\u00e1pido que la comunicaci\u00f3n satelital tradicional que puede demorar minutos entre dispositivos.<\/li>\n<\/ul>\n<ul>\n<li><strong>Adaptable a entornos dif\u00edciles: <span style=\"font-weight: 400;\">dise\u00f1ado para funcionar sin problemas en lugares extremos, desde bosques densos con copas espesas hasta \u00e1reas cargadas de estructuras de concreto, estableci\u00e9ndose como un activo esencial para equipos y socorristas en zonas con se\u00f1ales comprometidas.<\/span><\/strong><\/li>\n<li><strong>Mensajer\u00eda grupal:<\/strong> los usuarios pueden crear y unirse f\u00e1cilmente a chats grupales dentro de la red en malla, lo que permite una coordinaci\u00f3n y comunicaci\u00f3n eficiente entre equipos o grupos de personas.<\/li>\n<li style=\"font-weight: 400;\" aria-level=\"1\"><b>Compartir ubicaci\u00f3n en tiempo real:<\/b> <span style=\"font-weight: 400;\">los dispositivos permiten a los usuarios compartir su ubicaci\u00f3n en tiempo real con otros en la red de malla, lo que mejora la seguridad y permite una coordinaci\u00f3n eficiente durante actividades al aire libre y emergencias.<\/span><\/li>\n<li><strong>Inteligencia de red MESH:<\/strong> monitorea la intensidad de la se\u00f1al celular y satelital de cada dispositivo dentro de la red, enrutando inteligentemente los mensajes a trav\u00e9s de dispositivos con mejores conexiones para optimizar la eficiencia de la comunicaci\u00f3n.<\/li>\n<li><strong>Retransmisi\u00f3n de mensajes inteligente<\/strong> : Bivy Stick MESH puede actuar como un nodo de comunicaci\u00f3n para retransmitir mensajes sin problemas, ya sea de dispositivo a dispositivo o mediante sat\u00e9lite, maximizando la eficiencia de la comunicaci\u00f3n.<\/li>\n<li><strong>Bater\u00eda de reserva de emergencia SOS:<\/strong> equipada con una reserva de bater\u00eda SOS dedicada de 24 horas, lo que garantiza que se mantenga la se\u00f1al SOS cr\u00edtica en situaciones de emergencia.<\/li>\n<li><strong>Resistente y resistente al agua:<\/strong><\/li>\n<li style=\"font-weight: 400;\" aria-level=\"1\"><span style=\"font-weight: 400;\">Dise\u00f1ado para entornos exigentes, el Bivy Stick MESH presenta una construcci\u00f3n duradera que cumple con los est\u00e1ndares de impermeabilidad IP67. Dise\u00f1ado para funcionar en cualquier condici\u00f3n clim\u00e1tica, garantiza un funcionamiento confiable dondequiera que lo lleve su misi\u00f3n. <\/span><\/li>\n<li><strong>Listo para integraci\u00f3n:<\/strong> dise\u00f1ado para ser compatible con los flujos de trabajo empresariales existentes para una integraci\u00f3n perfecta.<\/li>\n<\/ul>\n<p>SOS de emergencia. Se activa en la app o en el bot\u00f3n del dispositivo. Proporcionado por GlobalRescue\u2122. <\/p>\n","protected":false},"excerpt":{"rendered":"<p><span style=\"font-weight: 400;\">Con Bivy Stick MESH, disfrute de un<\/span> <b>comunicador satelital bidireccional<\/b> confiable <span style=\"font-weight: 400;\">,<\/span> <b>mensajer\u00eda grupal<\/b> <span style=\"font-weight: 400;\">,<\/span> <b>soporte SOS 24\/7<\/b> <span style=\"font-weight: 400;\">,<\/span> <b>rastreo GPS<\/b> <span style=\"font-weight: 400;\">y<\/span> <b>uso compartido de ubicaci\u00f3n<\/b> <span style=\"font-weight: 400;\">, todo en un<\/span> <b>dispositivo compacto<\/b> <span style=\"font-weight: 400;\">y<\/span> <b>liviano.<\/b><span style=\"font-weight: 400;\">  dispositivo. Te da la   <\/span><b>Libertad de comunicaci\u00f3n fuera de la red<\/b> <span style=\"font-weight: 400;\">al<\/span> <b>precio m\u00e1s accesible del mercado<\/b> <span style=\"font-weight: 400;\">.<\/span> Mant\u00e9ngase conectado, incluso sin cobertura celular.<\/p>\n<h4><\/h4>\n<h4><span style=\"color: #ff0000;\"><strong>\u00a1Hecho con orgullo en EE. UU.!<\/strong><\/span><\/h4>\n<p><a href=\"https:\/\/bivystick.com\/bivy-go-plan\/\"><strong>Descubra el plan Bivy Go<\/strong><\/a><\/p>\n<p><a href=\"https:\/\/www.dropbox.com\/s\/0ezw0kexbm120vv\/Prop%2065%20-%20Lead%20and%20Lead%20Compounds.pdf?dl=0\">ADVERTENCIA: PROP 65<\/a><\/p>\n<p>&nbsp;<\/p>\n<p>&nbsp;<\/p>\n","protected":false},"featured_media":164351,"template":"","meta":{"_acf_changed":false,"om_disable_all_campaigns":false},"product_brand":[],"product_cat":[5819,16193,5775],"product_tag":[13169,13157,13158,13148,13152,13168,12105,13156,13164,13154,16194,13162,13150,13166,13160,13155],"class_list":{"0":"post-159501","1":"product","2":"type-product","3":"status-publish","4":"has-post-thumbnail","6":"product_cat-exterior","7":"product_cat-malla-vivac-emergente","8":"product_cat-marina-es","9":"product_tag-4601-es","10":"product_tag-acr-bivy-es","11":"product_tag-aplicacion-bivy","12":"product_tag-bivy-es","13":"product_tag-bivy-stick-azul","14":"product_tag-bivy-vs-plb-es","15":"product_tag-bluetooth-es","16":"product_tag-comunicacion-bidireccional","17":"product_tag-el-comunicador-satelital-mas-pequeno","18":"product_tag-iridio","19":"product_tag-malla-vivac-emergente","20":"product_tag-mini-es","21":"product_tag-palo-bivy","22":"product_tag-rastreo-gps-por-satelite","23":"product_tag-rescate-global","24":"product_tag-seguimiento","25":"pa_activity-a-campo-traviesa","26":"pa_activity-bicicleta","27":"pa_activity-camping-es","28":"pa_activity-deportes-de-remo","29":"pa_activity-escalada","30":"pa_activity-esqui-snowboard","31":"pa_activity-motonieve","32":"pa_activity-pesca","33":"pa_activity-senderismo","34":"pa_activity-todoterreno-4x4","35":"pa_boat-type-artesania-deportiva","36":"pa_boat-type-buque-de-carga","37":"pa_boat-type-lancha-fuera-borda","38":"pa_boat-type-pesca-comercial","39":"pa_boat-type-remolcador","40":"pa_boat-type-velero","41":"pa_boat-type-yate","42":"pa_boat-type-yate-de-alquiler","43":"pa_terrain-bosque-y-jungla","44":"pa_terrain-colina-y-montana","45":"pa_terrain-rios-humedales-lagos","46":"pa_terrain-tundra-es","48":"first","49":"instock","50":"taxable","51":"shipping-taxable","52":"purchasable","53":"product-type-simple"},"acf":[],"_links":{"self":[{"href":"https:\/\/www.acrartex.com\/es\/wp-json\/wp\/v2\/product\/159501","targetHints":{"allow":["GET"]}}],"collection":[{"href":"https:\/\/www.acrartex.com\/es\/wp-json\/wp\/v2\/product"}],"about":[{"href":"https:\/\/www.acrartex.com\/es\/wp-json\/wp\/v2\/types\/product"}],"wp:featuredmedia":[{"embeddable":true,"href":"https:\/\/www.acrartex.com\/es\/wp-json\/wp\/v2\/media\/164351"}],"wp:attachment":[{"href":"https:\/\/www.acrartex.com\/es\/wp-json\/wp\/v2\/media?parent=159501"}],"wp:term":[{"taxonomy":"product_brand","embeddable":true,"href":"https:\/\/www.acrartex.com\/es\/wp-json\/wp\/v2\/product_brand?post=159501"},{"taxonomy":"product_cat","embeddable":true,"href":"https:\/\/www.acrartex.com\/es\/wp-json\/wp\/v2\/product_cat?post=159501"},{"taxonomy":"product_tag","embeddable":true,"href":"https:\/\/www.acrartex.com\/es\/wp-json\/wp\/v2\/product_tag?post=159501"}],"curies":[{"name":"wp","href":"https:\/\/api.w.org\/{rel}","templated":true}]}}