{"id":159402,"date":"2024-12-05T11:37:40","date_gmt":"2024-12-05T16:37:40","guid":{"rendered":"https:\/\/www.acrartex.com\/products\/panel-de-funciones-remotas\/"},"modified":"2026-03-06T09:02:43","modified_gmt":"2026-03-06T14:02:43","slug":"panel-de-funciones-remotas","status":"publish","type":"product","link":"https:\/\/www.acrartex.com\/es\/products\/panel-de-funciones-remotas\/","title":{"rendered":"Panel de funciones remotas"},"content":{"rendered":"<p>ARTEX , marca exclusiva de ACR Electronics y l\u00edder en tecnolog\u00eda aeron\u00e1utica, mantiene su legado de innovaci\u00f3n y fiabilidad inquebrantable. Presentamos la RFP ARTEX : una incorporaci\u00f3n innovadora a nuestras soluciones de seguridad aeron\u00e1utica. <\/p>\n<p>El programador RFP es una herramienta de soporte robusta y f\u00e1cil de usar para el <a href=\"https:\/\/www.acrartex.com\/es\/products\/distress-tracking-dt-elt-5000-para-cumplimiento-del-gadss\/\">ARTEX ELT 5000<\/a> , dise\u00f1ada tanto para aplicaciones de banco como de campo. Para los administradores de flotas, aerol\u00edneas y proveedores de servicios especializados en ARTEX ELT 5000, esta herramienta indispensable no solo sirve como programador ELT 5000, sino que tambi\u00e9n ayuda a optimizar las operaciones y mejorar la eficiencia.<\/p>\n<p>El kit RFP contiene una tableta reforzada, un cable de interfaz de 25&#8242; y el software necesario para su configuraci\u00f3n.<\/p>\n<p>La RFP permitir\u00e1 al usuario realizar las siguientes acciones:<\/p>\n<ul>\n<li>Monitorear etiquetas ARINC<\/li>\n<li>Conmutador CCP de monitor<\/li>\n<li>Duraci\u00f3n de la bater\u00eda<\/li>\n<li>Realizar una serie de autopruebas<\/li>\n<li>Monitorear registros de eventos<\/li>\n<li>Descargar datos de registro<\/li>\n<li>Descargar informe de autoevaluaci\u00f3n<\/li>\n<li>Silenciar el timbre<\/li>\n<\/ul>\n<p>&nbsp;<\/p>\n<p><strong>Caracter\u00edsticas clave de la RFP ARTEX :<\/strong><\/p>\n<p><a href=\"https:\/\/www.microsoft.com\/en-us\/surface\/business\/surface-go-4\"><strong>Basado en tableta Microsoft Surface<\/strong><\/a> : aprovecha la potencia de la tableta Microsoft Surface, proporcionando una interfaz f\u00e1cil de usar y una experiencia familiar e intuitiva. Lleve su programaci\u00f3n ELT a donde vaya, mejorando la accesibilidad y la flexibilidad.<\/p>\n<p><strong>Interfaz de usuario intuitiva:<\/strong> Programe sus ELT f\u00e1cilmente con nuestra interfaz intuitiva. Olv\u00eddese de descifrar men\u00fas complejos o lidiar con botones engorrosos. ARTEX RFP facilita la programaci\u00f3n de sus ELT, ahorr\u00e1ndole tiempo y reduciendo la posibilidad de errores.  <\/p>\n<p><strong>Rendimiento mejorado:<\/strong> con ARTEX RFP, puede acceder y modificar configuraciones cr\u00edticas con precisi\u00f3n, lo que garantiza que sus ELT funcionen de manera \u00f3ptima.<\/p>\n<p><strong>Gesti\u00f3n integral de datos:<\/strong> Realice un seguimiento de todos sus ELT en un solo lugar gracias a las completas funciones de gesti\u00f3n de datos de ARTEX RFP. Almacene, recupere y verifique f\u00e1cilmente los datos e historial de programaci\u00f3n para garantizar el cumplimiento normativo y la disponibilidad. <\/p>\n<p><strong>Tecnolog\u00eda a prueba de futuro:<\/strong> ARTEX es una marca de confianza en tecnolog\u00eda aeron\u00e1utica, y el programador RFP que utiliza las tabletas Surface est\u00e1 dise\u00f1ado para adaptarse a sus necesidades. Reciba actualizaciones de software peri\u00f3dicas para mantenerse a la vanguardia de los est\u00e1ndares y regulaciones de la industria. <\/p>\n<p><strong>Programaci\u00f3n:<\/strong> ARTEX RFP es capaz de programar el protocolo deseado y la informaci\u00f3n requerida por GADSS seg\u00fan lo descrito por Cospas-Sarsat a trav\u00e9s de la interfaz incluida.<\/p>\n<p><strong>Capacidad de impresi\u00f3n:<\/strong> ARTEX RFP puede imprimir un informe para el cumplimiento de registros.<\/p>\n","protected":false},"excerpt":{"rendered":"<p>La RFP es una herramienta de mantenimiento creada por ARTEX para brindar soporte al ELT 5000 ( ELT -DT) ARTEX ACR Electronics . Esta ARTEX ofrece importantes funciones de configuraci\u00f3n, mantenimiento y resoluci\u00f3n de problemas. El dispositivo utiliza un solo cable para conectarse a un panel de interfaz remoto o directamente al ELT -DT. La RFP es necesaria para realizar las pruebas anuales ELT en aeronaves certificadas por la FAA y la EASA.   <\/p>\n<p><span style=\"font-size: 11pt;\"><span style=\"font-family: Calibri,sans-serif;\"><a style=\"color: blue; text-decoration: underline;\" href=\"https:\/\/www.dropbox.com\/s\/fk04stqsp2hgk5f\/Prop%2065%20-%20DEHP.pdf?dl=0\"><span style=\"color: #000000;\">ADVERTENCIA: PROP 65<\/span><\/a><\/span><\/span><\/p>\n","protected":false},"featured_media":159410,"template":"","meta":{"_acf_changed":false,"om_disable_all_campaigns":false},"product_brand":[],"product_cat":[5527,5991,5992,8521,5530],"product_tag":[15416,15417,15419,15414,10909,15422,15421,15418,15415,15420,10853],"class_list":{"0":"post-159402","1":"product","2":"type-product","3":"status-publish","4":"has-post-thumbnail","6":"product_cat-aviacion","7":"product_cat-aviacion-general","8":"product_cat-avion-de-negocios","9":"product_cat-aviones-comerciales","10":"product_cat-rotocraft-es","11":"product_tag-artex-tps-es","12":"product_tag-conjunto-de-prueba-y-programacion-artex","13":"product_tag-panel-de-funciones-remotas-artex","14":"product_tag-programador-artex","15":"product_tag-programador-elt","16":"product_tag-programador-elt-dt","17":"product_tag-programador-elt-5000","18":"product_tag-solicitud-de-propuestas-artex","19":"product_tag-tableta-artex","20":"product_tag-tableta-rfp-artex","21":"product_tag-tps-es","23":"first","24":"instock","25":"taxable","26":"shipping-taxable","27":"purchasable","28":"product-type-variable"},"acf":[],"_links":{"self":[{"href":"https:\/\/www.acrartex.com\/es\/wp-json\/wp\/v2\/product\/159402","targetHints":{"allow":["GET"]}}],"collection":[{"href":"https:\/\/www.acrartex.com\/es\/wp-json\/wp\/v2\/product"}],"about":[{"href":"https:\/\/www.acrartex.com\/es\/wp-json\/wp\/v2\/types\/product"}],"wp:featuredmedia":[{"embeddable":true,"href":"https:\/\/www.acrartex.com\/es\/wp-json\/wp\/v2\/media\/159410"}],"wp:attachment":[{"href":"https:\/\/www.acrartex.com\/es\/wp-json\/wp\/v2\/media?parent=159402"}],"wp:term":[{"taxonomy":"product_brand","embeddable":true,"href":"https:\/\/www.acrartex.com\/es\/wp-json\/wp\/v2\/product_brand?post=159402"},{"taxonomy":"product_cat","embeddable":true,"href":"https:\/\/www.acrartex.com\/es\/wp-json\/wp\/v2\/product_cat?post=159402"},{"taxonomy":"product_tag","embeddable":true,"href":"https:\/\/www.acrartex.com\/es\/wp-json\/wp\/v2\/product_tag?post=159402"}],"curies":[{"name":"wp","href":"https:\/\/api.w.org\/{rel}","templated":true}]}}