{"id":159386,"date":"2024-06-11T10:06:29","date_gmt":"2024-06-11T15:06:29","guid":{"rendered":"https:\/\/www.acrartex.com\/products\/exposure-olas-luz-flotante-de-hombre-al-agua-luz-portatil-impermeable-y-transmisor-mob\/"},"modified":"2025-07-29T14:01:08","modified_gmt":"2025-07-29T19:01:08","slug":"exposure-olas-luz-flotante-de-hombre-al-agua-luz-portatil-impermeable-y-transmisor-mob","status":"publish","type":"product","link":"https:\/\/www.acrartex.com\/es\/products\/exposure-olas-luz-flotante-de-hombre-al-agua-luz-portatil-impermeable-y-transmisor-mob\/","title":{"rendered":"EXPOSURE OLAS Luz flotante de hombre al agua: luz port\u00e1til impermeable y transmisor MOB"},"content":{"rendered":"<div class=\"panel-block-row col-md-12 title-v7\">\n<div class=\"content-heading\">\n<h3 class=\"title\"><strong style=\"font-size: 16px;\">Rastrea directamente los transmisores OLAS con tu tel\u00e9fono \u2013 No se necesita hardware adicional<\/strong><\/h3>\n<\/div>\n<\/div>\n<p>La aplicaci\u00f3n OLAS est\u00e1 disponible gratuitamente para dispositivos iOS y Android, lo que permite monitorear f\u00e1cilmente hasta 6 transmisores OLAS . Ideal para embarcaciones de hasta 9 metros de eslora, esta soluci\u00f3n rentable permite una r\u00e1pida recuperaci\u00f3n autom\u00e1tica, perfecta para aventuras de navegaci\u00f3n en alta mar, ya sea en solitario o con una tripulaci\u00f3n peque\u00f1a. <\/p>\n<p><strong>Libre para moverse mientras se mantiene seguro<\/strong><\/p>\n<p>Combine los transmisores OLAS con los sistemas de parada de motor Guardian o N2K para que funcionen como cables de seguridad inal\u00e1mbricos. Esto garantiza que los conductores de lanchas motoras y semirr\u00edgidas puedan detener su embarcaci\u00f3n al instante si el patr\u00f3n o la tripulaci\u00f3n se separan, evitando accidentes causados por embarcaciones sin tripulaci\u00f3n ni control. Es una soluci\u00f3n de seguridad esencial para embarcaciones a motor con tim\u00f3n individual y barcos de pesca, ya que proporciona libertad de movimiento durante la operaci\u00f3n.  <\/p>\n<h3 class=\"subheading mt sm-mt size--default sm-size--default\">Sistema de alarma port\u00e1til contra el agua<\/h3>\n<p>Combine los transmisores OLAS con el OLAS Core, un sistema port\u00e1til de alarma de agua al agua de 5 V que puede rastrear hasta 25 transmisores en embarcaciones de hasta 15 metros de eslora. Este sistema es indispensable para quienes abordan embarcaciones sin sistemas de alarma de agua al agua, como en viajes ch\u00e1rter o entregas a embarcaciones con tripulaci\u00f3n reducida. <\/p>\n<p style=\"margin: 0in 0in 0.0001pt;\"><span style=\"font-size: 16px;\"><span style=\"line-height: 150%;\">  <\/span><\/span><\/p>\n<p style=\"text-align: justify; margin: 0in 0in 0.0001pt;\"><span style=\"font-size: 16px;\"><span style=\"line-height: 150%;\"><b>Caracter\u00edsticas principales:<\/b><\/span><\/span><\/p>\n<ul>\n<li style=\"text-align: justify; margin: 0in 0in 0.0001pt;\"><span style=\"font-size: 16px;\"><span style=\"line-height: 150%;\"><a name=\"_Hlk8669295\"><\/a>  Integraci\u00f3n de la aplicaci\u00f3n m\u00f3vil gratuita OLAS<\/span><\/span><\/li>\n<li style=\"margin: 0in 0in 0.0001pt;\"><span style=\"font-size: 16px;\"><span style=\"line-height: 150%;\">Linterna LED (baja\/media\/alta)<\/span><\/span><\/li>\n<li style=\"margin: 0in 0in 0.0001pt;\"><span style=\"font-size: 16px;\"><span style=\"line-height: 150%;\">Luz estrobosc\u00f3pica activada por agua<\/span><\/span><\/li>\n<li style=\"margin: 0in 0in 0.0001pt;\"><span style=\"font-size: 16px;\"><span style=\"line-height: 150%;\">Resistente al agua (IP67)<\/span><\/span><\/li>\n<li style=\"margin: 0in 0in 0.0001pt;\"><span style=\"font-size: 16px;\"><span style=\"line-height: 150%;\">Boyante<\/span><\/span><\/li>\n<li style=\"margin: 0in 0in 0.0001pt;\"><span style=\"font-size: 16px;\"><span style=\"line-height: 150%;\"><a name=\"_Hlk8669342\"><\/a>Compatible con Bluetooth\u00ae 4.1<\/span><\/span><\/li>\n<li style=\"margin: 0in 0in 0.0001pt;\"><span style=\"font-size: 16px;\"><span style=\"line-height: 150%;\">Indicador de duraci\u00f3n de la bater\u00eda<\/span><\/span><\/li>\n<li style=\"margin: 0in 0in 0.0001pt;\"><span style=\"font-size: 16px;\"><span style=\"line-height: 150%;\">Carga r\u00e1pida (3 horas)<\/span><\/span><\/li>\n<li style=\"margin: 0in 0in 0.0001pt;\"><span style=\"font-size: 16px;\"><span style=\"line-height: 150%;\">Recargable por USB<\/span><\/span><\/li>\n<\/ul>\n","protected":false},"excerpt":{"rendered":"<p>El OLAS Float-On es una linterna de bolsillo flotante e impermeable, adem\u00e1s de un transmisor OLAS . La exclusiva integraci\u00f3n de la tecnolog\u00eda MOB (luz estrobosc\u00f3pica activada por agua) de Exposure y la conectividad OLAS en un solo producto crea una herramienta de seguridad multifuncional tanto para navegantes principiantes como experimentados. La combinaci\u00f3n de la alarma y la luz estrobosc\u00f3pica de alta potencia garantiza que el MOB sea visible durante todo el rescate.  <\/p>\n<p>Los OLAS Float-On son rastreados por la aplicaci\u00f3n OLAS , mientras est\u00e1n a bordo desde el dispositivo m\u00f3vil o a trav\u00e9s de Core, Guardian y Extender.<\/p>\n<p><strong>Ventajas OLAS Float-On<\/strong> Transmisor OLAS recargable Impermeable Flotante Estrobosc\u00f3pico activado por agua (MOBT) Retroalimentaci\u00f3n de bater\u00eda Recargable por USB La aplicaci\u00f3n OLAS requiere un m\u00ednimo de IOS11 o Android 5.1 para funcionar.<\/p>\n<p><strong>En la caja:<\/strong> OLAS Float-On, cable de carga micro USB, gu\u00eda del usuario<\/p>\n<p style=\"margin-top: 0in; margin-right: 0in; margin-left: 0in;\"><span style=\"font-size: 16px;\"><span style=\"background: white;\"><span style=\"line-height: 150%;\"> <\/span><\/span><\/span><\/p>\n<p style=\"margin-top: 0in; margin-right: 0in; margin-left: 0in;\"><a href=\"https:\/\/www.dropbox.com\/s\/fk04stqsp2hgk5f\/Prop%2065%20-%20DEHP.pdf?dl=0\">ADVERTENCIA: PROP 65<\/a><\/p>\n<p>&nbsp;<\/p>\n<p>&nbsp;<\/p>\n","protected":false},"featured_media":159391,"template":"","meta":{"_acf_changed":false,"om_disable_all_campaigns":false},"product_brand":[],"product_cat":[5984,5986,5983,5775,5985],"product_tag":[12118,12105,12152,12092,11417,11301,12138,11403,12076,11973,11975,12129],"class_list":{"0":"post-159386","1":"product","2":"type-product","3":"status-publish","4":"has-post-thumbnail","6":"product_cat-cerca-de-la-costa","7":"product_cat-comercial","8":"product_cat-interior","9":"product_cat-marina-es","10":"product_cat-off-shore-es","11":"product_tag-2982-es","12":"product_tag-bluetooth-es","13":"product_tag-flash","14":"product_tag-flotador","15":"product_tag-hombre-al-agua","16":"product_tag-luz-estroboscopica-es","17":"product_tag-mazorca","18":"product_tag-mob-es","19":"product_tag-olas-es","20":"product_tag-sistema-de-hombre-al-agua","21":"product_tag-sistema-de-turbas","22":"product_tag-tripulacion-al-agua","23":"pa_boat-size-0-20-es","24":"pa_boat-size-21-40-es","25":"pa_boat-size-40-80-es","26":"pa_boat-size-80-es","27":"pa_boat-type-artesania-deportiva","28":"pa_boat-type-buque-de-carga","29":"pa_boat-type-lancha-fuera-borda","30":"pa_boat-type-pesca-comercial","31":"pa_boat-type-remolcador","32":"pa_boat-type-velero","33":"pa_boat-type-yate","34":"pa_boat-type-yate-de-alquiler","35":"pa_product-productos-de-senalizacion","37":"first","38":"instock","39":"taxable","40":"shipping-taxable","41":"purchasable","42":"product-type-simple"},"acf":[],"_links":{"self":[{"href":"https:\/\/www.acrartex.com\/es\/wp-json\/wp\/v2\/product\/159386","targetHints":{"allow":["GET"]}}],"collection":[{"href":"https:\/\/www.acrartex.com\/es\/wp-json\/wp\/v2\/product"}],"about":[{"href":"https:\/\/www.acrartex.com\/es\/wp-json\/wp\/v2\/types\/product"}],"wp:featuredmedia":[{"embeddable":true,"href":"https:\/\/www.acrartex.com\/es\/wp-json\/wp\/v2\/media\/159391"}],"wp:attachment":[{"href":"https:\/\/www.acrartex.com\/es\/wp-json\/wp\/v2\/media?parent=159386"}],"wp:term":[{"taxonomy":"product_brand","embeddable":true,"href":"https:\/\/www.acrartex.com\/es\/wp-json\/wp\/v2\/product_brand?post=159386"},{"taxonomy":"product_cat","embeddable":true,"href":"https:\/\/www.acrartex.com\/es\/wp-json\/wp\/v2\/product_cat?post=159386"},{"taxonomy":"product_tag","embeddable":true,"href":"https:\/\/www.acrartex.com\/es\/wp-json\/wp\/v2\/product_tag?post=159386"}],"curies":[{"name":"wp","href":"https:\/\/api.w.org\/{rel}","templated":true}]}}