{"id":159331,"date":"2024-04-16T10:16:43","date_gmt":"2024-04-16T15:16:43","guid":{"rendered":"https:\/\/www.acrartex.com\/products\/kits-de-seguridad-para-embarcaciones-globalfix-v5\/"},"modified":"2024-04-16T10:16:43","modified_gmt":"2024-04-16T15:16:43","slug":"kits-de-seguridad-para-embarcaciones-globalfix-v5","status":"publish","type":"product","link":"https:\/\/www.acrartex.com\/es\/products\/kits-de-seguridad-para-embarcaciones-globalfix-v5\/","title":{"rendered":"Kits de seguridad para embarcaciones GlobalFix V5"},"content":{"rendered":"<p>Presentamos los NUEVOS Kits de Supervivencia ACR GlobalFix V5 AIS RLS EPIRB para Embarcaciones: un conjunto completo y confiable de recursos vitales que garantiza su seguridad y supervivencia en emergencias acu\u00e1ticas. Dise\u00f1ados para navegantes experimentados, pescadores apasionados y navegantes audaces, estos kits son un complemento indispensable para su equipo a bordo. <\/p>\n<p>El kit <strong>b\u00e1sico<\/strong> incluye los siguientes productos esenciales de supervivencia ( <strong>2337.1<\/strong> ):<\/p>\n<ul>\n<li>Radiobaliza GlobalFIX V5 AIS CAT. 2 <a href=\"https:\/\/www.acrartex.com\/fr\/products\/epirb-ais-globalfix-v5-avec-return-link-service-et-application-mobile\/\">M\u00e1s<\/a> EPIRB <\/li>\n<li>Bolsa RapidDitch Express <a href=\"https:\/\/www.acrartex.com\/es\/products\/bolsa-expres-rapidditch\/\">M\u00e1s informaci\u00f3n<\/a><\/li>\n<\/ul>\n<p>El kit <strong>Plus<\/strong> incluye los siguientes productos esenciales de supervivencia ( <strong>2338.1<\/strong> ):<\/p>\n<ul>\n<li>Radiobaliza GlobalFIX V5 AIS CAT. 2 <a href=\"https:\/\/www.acrartex.com\/fr\/products\/epirb-ais-globalfix-v5-avec-return-link-service-et-application-mobile\/\">M\u00e1s<\/a> EPIRB <\/li>\n<li>Bolsa RapidDitch Express <a href=\"https:\/\/www.acrartex.com\/es\/products\/bolsa-expres-rapidditch\/\">M\u00e1s informaci\u00f3n<\/a><\/li>\n<li>HemiLight \u21223 <a href=\"https:\/\/www.acrartex.com\/es\/products\/luz-para-chaleco-salvavidas-hemilight-3-med-y-solas\/\">M\u00e1s informaci\u00f3n<\/a><\/li>\n<li>Luz estrobosc\u00f3pica C-Strobe H2O SOLAS <a href=\"https:\/\/www.acrartex.com\/products\/c-strobe-h20\/\">M\u00e1s informaci\u00f3n<\/a><\/li>\n<li>Espejo de se\u00f1ales<\/li>\n<li>Silbato WW-3 Res-Q\u2122 <a href=\"https:\/\/www.acrartex.com\/es\/products\/silbato-ww-3-resq\/\">M\u00e1s informaci\u00f3n<\/a><\/li>\n<\/ul>\n<p>El kit <strong>Premium<\/strong> incluye los siguientes productos esenciales de supervivencia ( <strong>2341.1<\/strong> ):<\/p>\n<ul>\n<li>EPIRB GlobalFIX V5 AIS Cat. 2 con Return Link Service y aplicaci\u00f3n m\u00f3vil NFC <a href=\"https:\/\/www.acrartex.com\/fr\/products\/epirb-ais-globalfix-v5-avec-return-link-service-et-application-mobile\/\">M\u00e1s informaci\u00f3n.<\/a> <\/li>\n<li>ResQlink View RLS PLB 435 <a href=\"https:\/\/www.acrartex.com\/fr\/products\/personal-locator-beacon-resqlink-view-rls\/\">M\u00e1s informaci\u00f3n<\/a><\/li>\n<li>ResQflare \u2013 Bengala electr\u00f3nica de socorro (certificada por la Guardia Costera de EE. UU.) <a href=\"https:\/\/www.acrartex.com\/es\/products\/resqflare-bengala-electronica-led-de-emergencia-para-embarcaciones\/\">M\u00e1s informaci\u00f3n<\/a><\/li>\n<li>FireFly PRO Waterbug: luz estrobosc\u00f3pica aprobada por SOLAS con activaci\u00f3n por agua incorporada. <a href=\"https:\/\/www.acrartex.com\/products\/firefly-pro-waterbug\/\">M\u00e1s informaci\u00f3n<\/a><\/li>\n<li>Bolsa RapidDitch Express <a href=\"https:\/\/www.acrartex.com\/es\/products\/bolsa-expres-rapidditch\/\">M\u00e1s informaci\u00f3n<\/a><\/li>\n<li>HemiLight \u21223 <a href=\"https:\/\/www.acrartex.com\/es\/products\/luz-para-chaleco-salvavidas-hemilight-3-med-y-solas\/\">M\u00e1s informaci\u00f3n<\/a><\/li>\n<li>Espejo de se\u00f1ales<\/li>\n<li>Silbato WW-3 Res-Q\u2122 <a href=\"https:\/\/www.acrartex.com\/es\/products\/silbato-ww-3-resq\/\">M\u00e1s informaci\u00f3n<\/a><\/li>\n<\/ul>\n<p>Presentamos la EPIRB ( <a href=\"https:\/\/www.acrartex.com\/es\/news\/que-es-una-epirb-o-radiobaliza-de-localizacion-de-emergencia\/\">radiobaliza indicadora de posici\u00f3n de emergencia<\/a> ) m\u00e1s avanzada disponible. La nueva ACR GlobalFix V5 EPIRB combina conectividad satelital de 406 MHz con la funcionalidad Automatic Identification System ( AIS ). Esto significa que cuando la EPIRB se activa, no solo transmite su se\u00f1al de emergencia al sistema global de rescate por sat\u00e9lite <a href=\"https:\/\/www.cospas-sarsat.int\/en\/\">Cospas Sarsat<\/a> , sino que tambi\u00e9n emite un mensaje de seguridad AIS en frecuencias VHF que puede ser visto inmediatamente por cualquier embarcaci\u00f3n equipada con AIS cercana. Otras excelentes caracter\u00edsticas incluyen la tecnolog\u00eda Return Link Service ( RLS ) que proporciona confirmaci\u00f3n visual al usuario de que su mensaje de socorro ha sido recibido, una se\u00f1al de localizaci\u00f3n de 121,5 MHz y luces estrobosc\u00f3picas visibles e infrarrojas para una f\u00e1cil identificaci\u00f3n de objetivos por la noche o con poca visibilidad. Otra nueva caracter\u00edstica es Near Field Communication ( NFC ) que permite a los usuarios monitorear su EPIRB usando una aplicaci\u00f3n para tel\u00e9fonos inteligentes. ACR es el l\u00edder mundial en tecnolog\u00eda de seguridad y rescate mar\u00edtimo, y la nueva EPIRB GPS GlobalFix V5 con AIS combina la durabilidad y confiabilidad por las que son conocidos con tecnolog\u00eda avanzada dise\u00f1ada para acelerar el tiempo de respuesta de rescate.     <\/p>\n<h3><strong>Rescates m\u00e1s r\u00e1pidos mediante la combinaci\u00f3n de rescate global y local mediante EPIRB AIS<\/strong><\/h3>\n<p>La EPIRB ACR GlobalFix V5 deriva con precisi\u00f3n su posici\u00f3n en cualquier parte del mundo utilizando redes de posicionamiento GNSS ( GPS , Galileo, Glonass). Al activarse, las transmisiones de socorro de 406 MHz retransmiten la posici\u00f3n GPS EPIRB (GPIRB), con una precisi\u00f3n de 100 metros, a la red mundial de sat\u00e9lites de b\u00fasqueda y rescate Cospas Sarsat. Los identificadores EPIRB y la informaci\u00f3n de posici\u00f3n se retransmiten a las estaciones terrestres a trav\u00e9s del sistema de sat\u00e9lites que inician las operaciones de rescate. Con la tecnolog\u00eda AIS avanzada ahora incorporada en la EPIRB , una vez activada, se transmite una se\u00f1al AIS para que los buques cercanos equipados con un transpondedor AIS sean notificados instant\u00e1neamente de la ubicaci\u00f3n de la baliza del barco. Los buques equipados con AIS dentro del alcance VHF de la baliza ver\u00e1n un mensaje de seguridad en sus pantallas, incluida la identificaci\u00f3n del buque MMSI. Los buques en el \u00e1rea donde se ha activado la EPIRB pueden comenzar las operaciones de rescate y recuperaci\u00f3n inmediatamente sin tener que esperar la respuesta de emergencia de la autoridad SAR correspondiente. AIS tambi\u00e9n permite a los servicios de emergencia locales localizar f\u00e1cilmente la ubicaci\u00f3n de la EPIRB , que se presenta como un objetivo AIS en su pantalla de a bordo. Las embarcaciones cercanas con AIS a bordo pueden navegar directamente a la EPIRB seleccionando el objetivo AIS .        Este incre\u00edble avance tecnol\u00f3gico acelerar\u00e1 los tiempos de recuperaci\u00f3n, lo que seguramente salvar\u00e1 vidas.<\/p>\n<h3><strong>Conectividad de tel\u00e9fonos inteligentes mediante Near Field Communication ( NFC )<\/strong><\/h3>\n<p><a href=\"https:\/\/www.youtube.com\/watch?v=WqE0ag4yqG4\">La tecnolog\u00eda NFC ( Near Field Communication )<\/a> permite a los usuarios acceder a los diagn\u00f3sticos EPIRB mediante sus tel\u00e9fonos inteligentes. Al colocar un tel\u00e9fono inteligente junto a la radiobaliza de posicionamiento de emergencia GlobalFix V5, la aplicaci\u00f3n del producto ACR se abre autom\u00e1ticamente y proporciona acceso a los datos de la radiobaliza. La informaci\u00f3n sobre el estado de la radiobaliza en la aplicaci\u00f3n incluye la duraci\u00f3n actual de la bater\u00eda, el n\u00famero de autopruebas completadas, el n\u00famero de pruebas GNSS completadas y el tiempo que la EPIRB ha estado activada. Tambi\u00e9n est\u00e1 disponible informaci\u00f3n detallada sobre cada autoprueba y prueba GNSS realizada por el dispositivo. Las pruebas GNSS muestran una vista de mapa que se\u00f1ala d\u00f3nde se realiz\u00f3 la prueba anterior, la fecha y la hora de la prueba, el tiempo que tard\u00f3 la EPIRB en fijar las coordenadas GNSS, el n\u00famero de sat\u00e9lites utilizados para obtener esa fijaci\u00f3n y la precisi\u00f3n de la fijaci\u00f3n. La sencilla conectividad de la aplicaci\u00f3n con NFC permite a los usuarios comprobar f\u00e1cilmente el estado de todas las funciones EPIRB para garantizar su correcto funcionamiento.     <\/p>\n<h3><strong>Return Link Service ( RLS )<\/strong><\/h3>\n<p>Return Link Service informa a quien activa la EPIRB que el mensaje de socorro se ha entregado. Una se\u00f1al RLS , enviada a trav\u00e9s de la red de sat\u00e9lites Galileo, confirma la detecci\u00f3n del mensaje de socorro, junto con la ubicaci\u00f3n precisa de la baliza y sus identificadores. Una luz azul intermitente visible indica que la EPIRB ha recibido correctamente el mensaje de Enlace de Retorno de la red de sat\u00e9lites Galileo. La tranquilidad de saber que los rescatistas saben que se ha activado una EPIRB y que conocen su ubicaci\u00f3n ayuda a reducir el estr\u00e9s asociado a las situaciones de emergencia.   <\/p>\n<p>ACR se especializa en dispositivos electr\u00f3nicos de rescate y otros productos salvavidas dise\u00f1ados tanto para navegantes profesionales como recreativos. Con la incorporaci\u00f3n del AIS , la innovadora EPIRB ACR GlobalFix V5 ofrece la v\u00eda de rescate m\u00e1s f\u00e1cil y r\u00e1pida. Return Link Service proporciona la seguridad de saber que su mensaje de socorro ha sido recibido, y Near Field Communication proporciona acceso a datos y funcionalidades del producto que nunca antes hab\u00edan estado disponibles para ning\u00fan cliente EPIRB . Las nuevas y avanzadas funciones de la EPIRB GlobalFix V5 la hacen perfecta para navegantes, ya sea en navegaci\u00f3n costera, en alta mar o en traves\u00edas oce\u00e1nicas.   <\/p>\n","protected":false},"excerpt":{"rendered":"<h4><span style=\"color: #000000;\"><strong>\u00a1Hecho con orgullo en EE. UU.!<\/strong><\/span><\/h4>\n<p><a href=\"https:\/\/www.dropbox.com\/s\/fk04stqsp2hgk5f\/Prop%2065%20-%20DEHP.pdf?dl=0\">ADVERTENCIA: PROP 65<\/a><\/p>\n","protected":false},"featured_media":88813,"template":"","meta":{"_acf_changed":false,"om_disable_all_campaigns":false},"product_brand":[],"product_cat":[5984,5986,5983,14681,5775,5985,2926],"product_tag":[9359,15331,9360,15335,8358,11542,11964,9103,15337,8070,15334,15336,15332,15333,13160,6865,15339],"class_list":{"0":"post-159331","1":"product","2":"type-product","3":"status-publish","4":"has-post-thumbnail","6":"product_cat-cerca-de-la-costa","7":"product_cat-comercial","8":"product_cat-interior","9":"product_cat-kits-de-seguridad-marina","10":"product_cat-marina-es","11":"product_cat-off-shore-es","12":"product_cat-sin-categoria","13":"product_tag-406-epirb-es","14":"product_tag-acr-406-epirb-es","15":"product_tag-acr-globalfix-es","16":"product_tag-baliza-ais","17":"product_tag-baliza-de-406-mhz","18":"product_tag-baliza-localizadora-personal-acr","19":"product_tag-bengalas-de-senales","20":"product_tag-bolsa-de-seguridad-para-navegacion","21":"product_tag-epirb-ais","22":"product_tag-hemicrepusculo","23":"product_tag-kit-de-seguridad-ais","24":"product_tag-kit-de-seguridad-para-navegacion","25":"product_tag-kit-de-supervivencia-para-navegacion","26":"product_tag-paseo-en-barco","27":"product_tag-rescate-global","28":"product_tag-seguridad-en-la-navegacion-es","29":"product_tag-stobe-es","31":"first","32":"instock","33":"taxable","34":"shipping-taxable","35":"purchasable","36":"product-type-variable"},"acf":[],"_links":{"self":[{"href":"https:\/\/www.acrartex.com\/es\/wp-json\/wp\/v2\/product\/159331","targetHints":{"allow":["GET"]}}],"collection":[{"href":"https:\/\/www.acrartex.com\/es\/wp-json\/wp\/v2\/product"}],"about":[{"href":"https:\/\/www.acrartex.com\/es\/wp-json\/wp\/v2\/types\/product"}],"wp:featuredmedia":[{"embeddable":true,"href":"https:\/\/www.acrartex.com\/es\/wp-json\/wp\/v2\/media\/88813"}],"wp:attachment":[{"href":"https:\/\/www.acrartex.com\/es\/wp-json\/wp\/v2\/media?parent=159331"}],"wp:term":[{"taxonomy":"product_brand","embeddable":true,"href":"https:\/\/www.acrartex.com\/es\/wp-json\/wp\/v2\/product_brand?post=159331"},{"taxonomy":"product_cat","embeddable":true,"href":"https:\/\/www.acrartex.com\/es\/wp-json\/wp\/v2\/product_cat?post=159331"},{"taxonomy":"product_tag","embeddable":true,"href":"https:\/\/www.acrartex.com\/es\/wp-json\/wp\/v2\/product_tag?post=159331"}],"curies":[{"name":"wp","href":"https:\/\/api.w.org\/{rel}","templated":true}]}}