{"id":159290,"date":"2024-06-11T10:23:22","date_gmt":"2024-06-11T15:23:22","guid":{"rendered":"https:\/\/www.acrartex.com\/products\/conector-multimotor-exposure-olas\/"},"modified":"2024-06-11T10:23:22","modified_gmt":"2024-06-11T15:23:22","slug":"conector-multimotor-exposure-olas","status":"publish","type":"product","link":"https:\/\/www.acrartex.com\/es\/products\/conector-multimotor-exposure-olas\/","title":{"rendered":"Conector multimotor EXPOSURE OLAS"},"content":{"rendered":"","protected":false},"excerpt":{"rendered":"<p>El conector multimotor OLAS est\u00e1 dise\u00f1ado para funcionar con varios motores fueraborda, hasta un total de 3. Est\u00e1 dise\u00f1ado para funcionar con el interruptor de apagado inal\u00e1mbrico del motor y el sistema de alarma de hombre al agua OLAS N2K NMEA 2000 o con el interruptor de apagado inal\u00e1mbrico del motor y el sistema de alarma de hombre al agua OLAS Guardian. Este accesorio, com\u00fanmente requerido en embarcaciones Yamaha de dos y tres motores, conecta varios motores en un solo sistema de interruptor de apagado.  <\/p>\n<p>Para obtener instrucciones de cableado, consulte el diagrama de cableado del conector multimotor incluido como una de las im\u00e1genes del producto en esta p\u00e1gina del producto.<\/p>\n<p class=\"x\" style=\"margin: 0in; text-align: start; margin-right: 0in; margin-left: 0in;\"><span style=\"font-size: 12pt;\"><span style=\"background: white;\"> <\/span><\/span><\/p>\n<p class=\"x\" style=\"margin: 0in; text-align: start; margin-right: 0in; margin-left: 0in;\"><a href=\"https:\/\/www.dropbox.com\/s\/fk04stqsp2hgk5f\/Prop%2065%20-%20DEHP.pdf?dl=0\">ADVERTENCIA: PROP 65<\/a><\/p>\n","protected":false},"featured_media":159298,"template":"","meta":{"_acf_changed":false,"om_disable_all_campaigns":false},"product_brand":[],"product_cat":[5984,5986,5983,5775,5985],"product_tag":[15292,15295,15296,15291,15293,15297,15298,15294],"class_list":{"0":"post-159290","1":"product","2":"type-product","3":"status-publish","4":"has-post-thumbnail","6":"product_cat-cerca-de-la-costa","7":"product_cat-comercial","8":"product_cat-interior","9":"product_cat-marina-es","10":"product_cat-off-shore-es","11":"product_tag-arnes-multimotor","12":"product_tag-arnes-multimotor-olas-guardian","13":"product_tag-arnes-multimotor-olas-n2k","14":"product_tag-conector-multimotor","15":"product_tag-conector-multimotor-olas","16":"product_tag-conector-multimotor-olas-guardian","17":"product_tag-conector-multimotor-olas-n2k","18":"product_tag-olas-mec-es","20":"first","21":"instock","22":"taxable","23":"shipping-taxable","24":"purchasable","25":"product-type-simple"},"acf":[],"_links":{"self":[{"href":"https:\/\/www.acrartex.com\/es\/wp-json\/wp\/v2\/product\/159290","targetHints":{"allow":["GET"]}}],"collection":[{"href":"https:\/\/www.acrartex.com\/es\/wp-json\/wp\/v2\/product"}],"about":[{"href":"https:\/\/www.acrartex.com\/es\/wp-json\/wp\/v2\/types\/product"}],"wp:featuredmedia":[{"embeddable":true,"href":"https:\/\/www.acrartex.com\/es\/wp-json\/wp\/v2\/media\/159298"}],"wp:attachment":[{"href":"https:\/\/www.acrartex.com\/es\/wp-json\/wp\/v2\/media?parent=159290"}],"wp:term":[{"taxonomy":"product_brand","embeddable":true,"href":"https:\/\/www.acrartex.com\/es\/wp-json\/wp\/v2\/product_brand?post=159290"},{"taxonomy":"product_cat","embeddable":true,"href":"https:\/\/www.acrartex.com\/es\/wp-json\/wp\/v2\/product_cat?post=159290"},{"taxonomy":"product_tag","embeddable":true,"href":"https:\/\/www.acrartex.com\/es\/wp-json\/wp\/v2\/product_tag?post=159290"}],"curies":[{"name":"wp","href":"https:\/\/api.w.org\/{rel}","templated":true}]}}