{"id":159218,"date":"2024-08-16T14:02:09","date_gmt":"2024-08-16T19:02:09","guid":{"rendered":"https:\/\/www.acrartex.com\/products\/exposure-olas-n2k-alarma-de-emergencia-de-hombre-al-agua-interruptor-de-apagado-del-motor-inalambrico\/"},"modified":"2026-03-06T08:41:17","modified_gmt":"2026-03-06T13:41:17","slug":"exposure-olas-n2k-alarma-de-emergencia-de-hombre-al-agua-interruptor-de-apagado-del-motor-inalambrico","status":"publish","type":"product","link":"https:\/\/www.acrartex.com\/es\/products\/exposure-olas-n2k-alarma-de-emergencia-de-hombre-al-agua-interruptor-de-apagado-del-motor-inalambrico\/","title":{"rendered":"EXPOSURE OLAS N2K \u2013 Alarma de emergencia de hombre al agua, interruptor de apagado del motor inal\u00e1mbrico"},"content":{"rendered":"<h3>Rastree m\u00faltiples transmisores o etiquetas individuales con facilidad<\/h3>\n<p>El OLAS N2K opera a gran escala y puede rastrear hasta 25 transmisores OLAS en embarcaciones de hasta 30 metros de eslora. Tanto si tiene una embarcaci\u00f3n a motor como un velero, este dispositivo le ofrece la soluci\u00f3n. Tambi\u00e9n puede usarse para rastrear una sola etiqueta en una lancha, asegurando que el motor se detenga inmediatamente si el tim\u00f3n cae por la borda.  <\/p>\n<h3><\/h3>\n<h3>Se suministra con transmisor OLAS T2 recargable.<\/h3>\n<p>El OLAS T2 es un transmisor OLAS impermeable, compacto y recargable. Su indicador luminoso y de vibraci\u00f3n integrado garantiza que el usuario conozca f\u00e1cilmente el estado de la etiqueta. <\/p>\n<ul>\n<li>Se suministra con correa para la mu\u00f1eca y cord\u00f3n para el cuello.<\/li>\n<li>Alerta de bater\u00eda baja por vibraci\u00f3n.<\/li>\n<li>M\u00e1s de 7 d\u00edas de autonom\u00eda con una sola carga.<\/li>\n<li>Tiempo de carga de 2 horas.<\/li>\n<li>Control de bloqueo inteligente del motor.<\/li>\n<\/ul>\n<h3><\/h3>\n<h3>No te pierdas ning\u00fan evento de Hombre al Agua<\/h3>\n<p>Con el OLAS N2K, puede reaccionar r\u00e1pidamente ante una situaci\u00f3n de hombre al agua, ya que guarda autom\u00e1ticamente la ubicaci\u00f3n del punto de p\u00e9rdida MOB en el plotter. Olv\u00eddese de la memoria humana y del olvido. Cuando se pierde una etiqueta OLAS y se presume que est\u00e1 al agua, se emiten m\u00faltiples alertas simult\u00e1neamente, lo que le proporciona la m\u00e1xima seguridad y alerta.  <\/p>\n<p>&nbsp;<\/p>\n<p>MOB pgn: el mensaje &#8220;Hombre al agua&#8221; (PGN 127233) se emite en la red NMEA 2000. Cualquier dispositivo MOB conectado y programado para reaccionar al mensaje MOB pgn se activar\u00e1. <\/p>\n<p>&nbsp;<\/p>\n<p>Transmisi\u00f3n de seguridad AIS (PGN 129802): esta alerta emula el mensaje que se recibir\u00eda de una EPIRB o un dispositivo SART con soporte AIS VHF. El mensaje es solo interno y no se transmitir\u00e1 fuera del buque. El mensaje incluye la ubicaci\u00f3n GPS del buque en el momento en que se activ\u00f3 la alerta. El plotter cartogr\u00e1fico puede entonces establecer la marca MOB .   <\/p>\n<p>&nbsp;<\/p>\n<h3>Interruptor de seguridad inal\u00e1mbrico para una seguridad sin igual<\/h3>\n<p>Un interruptor de seguridad inal\u00e1mbrico es una caracter\u00edstica de seguridad vital en cualquier embarcaci\u00f3n a motor, y el OLAS N2K ofrece una funcionalidad excepcional en este sentido. A continuaci\u00f3n, explicamos por qu\u00e9 un interruptor de seguridad inal\u00e1mbrico es tan beneficioso: <\/p>\n<ul>\n<li>Seguridad del operador: si el operador cae por la borda o es arrojado inesperadamente del barco, el OLAS N2K apaga autom\u00e1ticamente el motor, evitando accidentes y facilitando las operaciones de rescate.<\/li>\n<li>Parada de emergencia: En situaciones peligrosas como colisiones, el interruptor de seguridad inal\u00e1mbrico permite apagar de inmediato el motor, evitando mayores da\u00f1os o perjuicios.<\/li>\n<li>Protecci\u00f3n de la tripulaci\u00f3n: ampl\u00ede los beneficios de seguridad a los pasajeros y miembros de la tripulaci\u00f3n equip\u00e1ndolos con etiquetas separadas que tambi\u00e9n pueden detener el motor si es necesario.<\/li>\n<li>Cumplimiento normativo: Muchas autoridades n\u00e1uticas exigen el uso de interruptores de seguridad en situaciones espec\u00edficas. El OLAS N2K garantiza el cumplimiento de estas normativas, evitando multas y sanciones. <\/li>\n<\/ul>\n<p>&nbsp;<\/p>\n<h3>F\u00e1cil instalaci\u00f3n e integraci\u00f3n para alertas MOB<\/h3>\n<p>Instalar el OLAS N2K es facil\u00edsimo gracias a su conexi\u00f3n NMEA 2000. Se integra a la perfecci\u00f3n con la red NMEA 2000 de su embarcaci\u00f3n, lo que facilita la configuraci\u00f3n. Compatible con una amplia gama de plotters y pantallas multifunci\u00f3n, el OLAS N2K le permite ver y responder a las alertas f\u00e1cilmente.  <\/p>\n<p>&nbsp;<\/p>\n<h3>Modos de etiqueta personalizables para mayor flexibilidad<\/h3>\n<p>El OLAS N2K ofrece tres modos de etiqueta seleccionables por el usuario, lo que le permite adaptar el dispositivo a sus necesidades espec\u00edficas. Puede cambiar de modo f\u00e1cilmente mediante la aplicaci\u00f3n m\u00f3vil OLAS . A continuaci\u00f3n, se detallan los modos de etiqueta:  <\/p>\n<ul>\n<li>Modo predeterminado: Ideal para embarcaciones a motor y veleros de mayor tama\u00f1o, este modo activa alertas para el resto de la tripulaci\u00f3n y, al mismo tiempo, apaga el motor. Garantiza que todos est\u00e9n notificados y que la embarcaci\u00f3n est\u00e9 bajo control. <\/li>\n<li>Modo de Etiqueta de Tripulaci\u00f3n: Recomendado para la tripulaci\u00f3n y los pasajeros de embarcaciones a motor y a vela. Este modo alerta al resto de la tripulaci\u00f3n sin apagar el motor. Permite operaciones de rescate inmediatas. <\/li>\n<li>Modo Etiqueta de Tim\u00f3n: Dise\u00f1ado espec\u00edficamente para embarcaciones a motor de menos de 10,6 metros (35 pies), este modo act\u00faa como un cable de seguridad, deteniendo la embarcaci\u00f3n cuando la etiqueta supera una distancia personalizable del concentrador. Este modo permite al usuario salir y regresar a la embarcaci\u00f3n sin activar la alarma. No activa alertas MOB y no debe utilizarse como sistema de alarma MOB .  <\/li>\n<\/ul>\n<h3><\/h3>\n<h3>Potentes funciones de la aplicaci\u00f3n OLAS para mayor seguridad<\/h3>\n<p>La aplicaci\u00f3n m\u00f3vil OLAS ofrece funciones adicionales que mejoran a\u00fan m\u00e1s su seguridad en el agua:<\/p>\n<ul>\n<li>Modo Solo: Para navegantes que operan en zonas costeras o en embarcaciones con conectividad en alta mar, el Modo Solo permite la mensajer\u00eda SOS autom\u00e1tica. En caso de un evento MOB , se env\u00eda un SMS de socorro a su n\u00famero de emergencia preestablecido con informaci\u00f3n esencial sobre su embarcaci\u00f3n. <\/li>\n<li>Seguimiento y ubicaci\u00f3n de la \u00faltima vez que se vio: La aplicaci\u00f3n OLAS genera una flecha de direcci\u00f3n f\u00e1cil de seguir y un registro de distancia para ayudar a los rescatistas a regresar a la ubicaci\u00f3n MOB . Tambi\u00e9n se muestran la latitud y la longitud de la alerta MOB , lo que facilita una coordinaci\u00f3n eficaz con los servicios de rescate o las embarcaciones cercanas. <\/li>\n<li>Informaci\u00f3n autom\u00e1tica de socorro VHF: La aplicaci\u00f3n genera autom\u00e1ticamente un script VHF que incluye la informaci\u00f3n de su embarcaci\u00f3n y la \u00faltima ubicaci\u00f3n avistada. Esto garantiza una llamada de socorro precisa por VHF, maximizando las posibilidades de un rescate r\u00e1pido. <\/li>\n<\/ul>\n<p>&nbsp;<\/p>\n<p><strong>En la caja:<\/strong> OLAS N2K, cable de conexi\u00f3n NMEA 2000 (1 m), interruptor de control de acero inoxidable (0,5 m), cable de conexi\u00f3n del motor (0,5 m) + 3 conectores marinos, etiqueta OLAS T2 + cargador USB + correa de silicona + cord\u00f3n para el cuello, Gu\u00eda del usuario.<\/p>\n","protected":false},"excerpt":{"rendered":"<p>Mejore su experiencia de navegaci\u00f3n y garantice su seguridad y la de su tripulaci\u00f3n con el OLAS N2K. Este excepcional dispositivo funciona como alarma de MOB , interruptor inal\u00e1mbrico de parada de motor o ambos, y se integra con la red NMEA 2000 para ofrecer una soluci\u00f3n de seguridad integral, garantizando que las alertas MOB se comuniquen de forma r\u00e1pida y eficaz a trav\u00e9s de los sistemas de la embarcaci\u00f3n, mejorando as\u00ed la seguridad general y la capacidad de respuesta de la tripulaci\u00f3n. <\/p>\n<p>&nbsp;<\/p>\n<h4 class=\"Title\">Compatibilidad del producto:<\/h4>\n<div class=\"Content\" data-height-match-group=\"\"><span class=\"FeatureName\">OLAS T2,<\/span> <span class=\"FeatureName\">etiqueta OLAS , OLAS FloatOn y extensor OLAS<\/span><\/div>\n<div data-height-match-group=\"\"><\/div>\n<div data-height-match-group=\"\"><a href=\"https:\/\/www.dropbox.com\/s\/fk04stqsp2hgk5f\/Prop%2065%20-%20DEHP.pdf?dl=0\">ADVERTENCIA: PROP 65<\/a><\/div>\n<p>&nbsp;<\/p>\n","protected":false},"featured_media":163624,"template":"","meta":{"_acf_changed":false,"om_disable_all_campaigns":false},"product_brand":[],"product_cat":[5984,5986,5983,5775,5985],"product_tag":[15049,15035,15031,15039,12105,15043,14936,15012,11850,12327,15046,15027,11403,12338,15016,15019,15023,12076,14948,15052,15055,15058,15059],"class_list":{"0":"post-159218","1":"product","2":"type-product","3":"status-publish","4":"has-post-thumbnail","6":"product_cat-cerca-de-la-costa","7":"product_cat-comercial","8":"product_cat-interior","9":"product_cat-marina-es","10":"product_cat-off-shore-es","11":"product_tag-alarma-de-emergencia-para-embarcaciones","12":"product_tag-alarma-de-hombre-al-agua-es","13":"product_tag-alarma-de-hombre-al-agua","14":"product_tag-alarma-de-turba-nmea","15":"product_tag-bluetooth-es","16":"product_tag-corte-del-motor-inalambrico","17":"product_tag-exposure-es","18":"product_tag-guardia-costera-de-ee-uu","19":"product_tag-hombre-al-agua-es","20":"product_tag-interruptor-de-apagado-del-motor","21":"product_tag-interruptor-de-corte-del-motor","22":"product_tag-interruptor-de-seguridad","23":"product_tag-mob-es","24":"product_tag-motor-apagado","25":"product_tag-n2k-es","26":"product_tag-nmea-2000-es","27":"product_tag-nmea2000-es","28":"product_tag-olas-es","29":"product_tag-olas-bluetooth-es","30":"product_tag-trazador-de-cartas","31":"product_tag-trazador-de-cartas-nauticas","32":"product_tag-trazador-de-cartas-nauticas-es","33":"product_tag-trazador-de-cartas-nauticas-es-2","35":"first","36":"instock","37":"taxable","38":"shipping-taxable","39":"purchasable","40":"product-type-simple"},"acf":[],"_links":{"self":[{"href":"https:\/\/www.acrartex.com\/es\/wp-json\/wp\/v2\/product\/159218","targetHints":{"allow":["GET"]}}],"collection":[{"href":"https:\/\/www.acrartex.com\/es\/wp-json\/wp\/v2\/product"}],"about":[{"href":"https:\/\/www.acrartex.com\/es\/wp-json\/wp\/v2\/types\/product"}],"wp:featuredmedia":[{"embeddable":true,"href":"https:\/\/www.acrartex.com\/es\/wp-json\/wp\/v2\/media\/163624"}],"wp:attachment":[{"href":"https:\/\/www.acrartex.com\/es\/wp-json\/wp\/v2\/media?parent=159218"}],"wp:term":[{"taxonomy":"product_brand","embeddable":true,"href":"https:\/\/www.acrartex.com\/es\/wp-json\/wp\/v2\/product_brand?post=159218"},{"taxonomy":"product_cat","embeddable":true,"href":"https:\/\/www.acrartex.com\/es\/wp-json\/wp\/v2\/product_cat?post=159218"},{"taxonomy":"product_tag","embeddable":true,"href":"https:\/\/www.acrartex.com\/es\/wp-json\/wp\/v2\/product_tag?post=159218"}],"curies":[{"name":"wp","href":"https:\/\/api.w.org\/{rel}","templated":true}]}}