{"id":159191,"date":"2024-08-16T14:07:16","date_gmt":"2024-08-16T19:07:16","guid":{"rendered":"https:\/\/www.acrartex.com\/products\/etiqueta-portatil-recargable-e-impermeable-exposure-olas-t2-transmisor-de-alarma-de-hombre-al-agua\/"},"modified":"2025-07-24T13:09:42","modified_gmt":"2025-07-24T18:09:42","slug":"etiqueta-portatil-recargable-e-impermeable-exposure-olas-t2-transmisor-de-alarma-de-hombre-al-agua","status":"publish","type":"product","link":"https:\/\/www.acrartex.com\/es\/products\/etiqueta-portatil-recargable-e-impermeable-exposure-olas-t2-transmisor-de-alarma-de-hombre-al-agua\/","title":{"rendered":"Etiqueta port\u00e1til, recargable e impermeable EXPOSURE OLAS T2 \u2013 Transmisor de alarma de hombre al agua"},"content":{"rendered":"<p>Cuando se combina con OLAS Guardian o OLAS N2K, el T2 tambi\u00e9n se puede utilizar para detener y bloquear los motores si se utiliza con OLAS Smart Lock.<\/p>\n<p>Las etiquetas OLAS T2 son compatibles con todos los receptores OLAS . Tras unos segundos de interrupci\u00f3n de la conexi\u00f3n con un receptor OLAS , la tripulaci\u00f3n recibe una alerta y, si se conectan, se activa la pantalla de rescate MOB en la aplicaci\u00f3n OLAS . <\/p>\n<p>Rastrea m\u00faltiples etiquetas, personaliza los nombres y monitorea la duraci\u00f3n de la bater\u00eda desde la app OLAS . Puedes rastrear hasta 6 OLAS T2 directamente desde la app m\u00f3vil OLAS . Puedes rastrear hasta 25 OLAS T2 con los receptores OLAS , el Guardian o el Core.  <\/p>\n<p><strong>Rastrea directamente los transmisores OLAS con tu tel\u00e9fono \u2013 No se necesita hardware adicional:<\/strong><\/p>\n<p>La aplicaci\u00f3n OLAS est\u00e1 disponible gratuitamente para dispositivos iOS y Android, lo que permite monitorear f\u00e1cilmente hasta 6 transmisores OLAS . Ideal para embarcaciones de hasta 9 metros de eslora, esta soluci\u00f3n rentable permite una r\u00e1pida recuperaci\u00f3n autom\u00e1tica, perfecta para aventuras de navegaci\u00f3n en alta mar, ya sea en solitario o con una tripulaci\u00f3n peque\u00f1a. <\/p>\n<p><strong>Libre para moverse mientras se mantiene seguro:<\/strong><\/p>\n<p>Combine los transmisores OLAS con los sistemas de parada de motor Guardian o N2K para que funcionen como cables de seguridad inal\u00e1mbricos. Esto garantiza que los conductores de lanchas motoras y semirr\u00edgidas puedan detener su embarcaci\u00f3n al instante si el patr\u00f3n o la tripulaci\u00f3n se separan, evitando accidentes causados por embarcaciones sin tripulaci\u00f3n ni control. Es una soluci\u00f3n de seguridad esencial para embarcaciones a motor con tim\u00f3n individual y barcos de pesca, ya que proporciona libertad de movimiento durante la operaci\u00f3n.  <\/p>\n","protected":false},"excerpt":{"rendered":"<p>El OLAS T2 es un transmisor impermeable, compacto y recargable que puede rastrearse con cualquier receptor OLAS . Su vibraci\u00f3n integrada y su indicador luminoso garantizan el estado de la etiqueta durante todo el funcionamiento. <\/p>\n<p>Si la tripulaci\u00f3n abandona el buque o cae por la borda, se activar\u00e1 la alarma. OLAS ofrece instrucciones claras al resto de la tripulaci\u00f3n, facilitando la recuperaci\u00f3n exitosa MOB y la comunicaci\u00f3n con los servicios de emergencia. Para mayor versatilidad, el T2 se suministra con una mu\u00f1equera de silicona y un cord\u00f3n de seguridad para el cuello con soporte de silicona.  <\/p>\n<p><a href=\"https:\/\/www.dropbox.com\/s\/fk04stqsp2hgk5f\/Prop%2065%20-%20DEHP.pdf?dl=0\">ADVERTENCIA: PROP 65<\/a><\/p>\n","protected":false},"featured_media":159203,"template":"","meta":{"_acf_changed":false,"om_disable_all_campaigns":false},"product_brand":[],"product_cat":[5984,5986,5983,5775,5985],"product_tag":[14876,14932,14959,14936,14974,12076,14948,14941,14969,14944,14989,14964,14979,14953,14984],"class_list":{"0":"post-159191","1":"product","2":"type-product","3":"status-publish","4":"has-post-thumbnail","6":"product_cat-cerca-de-la-costa","7":"product_cat-comercial","8":"product_cat-interior","9":"product_cat-marina-es","10":"product_cat-off-shore-es","11":"product_tag-alarma-de-hombre-al-agua-con-bluetooth","12":"product_tag-etiqueta-olas","13":"product_tag-etiqueta-recargable","14":"product_tag-exposure-es","15":"product_tag-hombre-al-agua-con-bluetooth","16":"product_tag-olas-es","17":"product_tag-olas-bluetooth-es","18":"product_tag-olas-t2-es","19":"product_tag-recargable","20":"product_tag-reloj-olas","21":"product_tag-senal-portatil-de-hombre-al-agua","22":"product_tag-transmisor-de-hombre-al-agua-recargable","23":"product_tag-transmisor-inalambrico","24":"product_tag-transmisor-olas","25":"product_tag-transmisor-portatil-de-turbas","27":"first","28":"instock","29":"taxable","30":"shipping-taxable","31":"purchasable","32":"product-type-simple"},"acf":[],"_links":{"self":[{"href":"https:\/\/www.acrartex.com\/es\/wp-json\/wp\/v2\/product\/159191","targetHints":{"allow":["GET"]}}],"collection":[{"href":"https:\/\/www.acrartex.com\/es\/wp-json\/wp\/v2\/product"}],"about":[{"href":"https:\/\/www.acrartex.com\/es\/wp-json\/wp\/v2\/types\/product"}],"wp:featuredmedia":[{"embeddable":true,"href":"https:\/\/www.acrartex.com\/es\/wp-json\/wp\/v2\/media\/159203"}],"wp:attachment":[{"href":"https:\/\/www.acrartex.com\/es\/wp-json\/wp\/v2\/media?parent=159191"}],"wp:term":[{"taxonomy":"product_brand","embeddable":true,"href":"https:\/\/www.acrartex.com\/es\/wp-json\/wp\/v2\/product_brand?post=159191"},{"taxonomy":"product_cat","embeddable":true,"href":"https:\/\/www.acrartex.com\/es\/wp-json\/wp\/v2\/product_cat?post=159191"},{"taxonomy":"product_tag","embeddable":true,"href":"https:\/\/www.acrartex.com\/es\/wp-json\/wp\/v2\/product_tag?post=159191"}],"curies":[{"name":"wp","href":"https:\/\/api.w.org\/{rel}","templated":true}]}}