{"id":159164,"date":"2024-06-11T14:16:22","date_gmt":"2024-06-11T19:16:22","guid":{"rendered":"https:\/\/www.acrartex.com\/products\/exposure-olas-core-sistema-compacto-y-portatil-de-alarma-y-luz-de-emergencia-para-embarcaciones-al-agua\/"},"modified":"2025-11-26T07:05:51","modified_gmt":"2025-11-26T12:05:51","slug":"exposure-olas-core-sistema-compacto-y-portatil-de-alarma-y-luz-de-emergencia-para-embarcaciones-al-agua","status":"publish","type":"product","link":"https:\/\/www.acrartex.com\/es\/products\/exposure-olas-core-sistema-compacto-y-portatil-de-alarma-y-luz-de-emergencia-para-embarcaciones-al-agua\/","title":{"rendered":"EXPOSURE OLAS CORE \u2013 Sistema compacto y port\u00e1til de alarma y luz de emergencia para embarcaciones al agua"},"content":{"rendered":"<h3 class=\"title\">Qu\u00e9 hace<\/h3>\n<p>El Core rastrea de forma inal\u00e1mbrica los transmisores OLAS alrededor del buque. Cuando una persona con un transmisor cae al agua, se activa la alarma integrada y una luz roja de emergencia de alta potencia proporciona una indicaci\u00f3n visual e ilumina el \u00e1rea circundante, todo en tan solo 4 segundos. <\/p>\n<p>Adem\u00e1s de activar la alarma, el n\u00facleo se conecta con la aplicaci\u00f3n m\u00f3vil gratuita OLAS y proporciona una flecha f\u00e1cil de leer que lleva a la posici\u00f3n de alerta, adem\u00e1s de informaci\u00f3n esencial sobre la \u00faltima posici\u00f3n conocida MOB y pantallas de indicaciones VHF completadas autom\u00e1ticamente para ayudar a la tripulaci\u00f3n durante el estr\u00e9s de una operaci\u00f3n de recuperaci\u00f3n.<\/p>\n<p>&nbsp;<\/p>\n<h3>\u00bfPor qu\u00e9 utilizar OLAS CORE?<\/h3>\n<p>El Core brinda a los capitanes la confianza total de que, en el caso de un incidente MOB , toda la tripulaci\u00f3n ser\u00e1 alertada instant\u00e1neamente y podr\u00e1 tomar acciones de recuperaci\u00f3n inmediatas.<\/p>\n<p>Perder a un tripulante por la borda es la peor pesadilla de cualquier marinero. Cuanto m\u00e1s grande sea el barco, m\u00e1s dif\u00edcil puede ser saber de inmediato que se ha producido un incidente MOB , especialmente en la oscuridad con la tripulaci\u00f3n a proa del m\u00e1stil. <\/p>\n<p>Puede ocurrir con demasiada facilidad, incluso en condiciones benignas. Llevar una cuerda de amarre, aunque aconsejable, no siempre es pr\u00e1ctico, y de hecho, se ha demostrado que caerse por la borda con una cuerda no garantiza la supervivencia si la embarcaci\u00f3n va a toda velocidad y el patr\u00f3n no se percata inmediatamente del incidente. <\/p>\n<p>&nbsp;<\/p>\n<h3>\u00bfPara qui\u00e9n es?<\/h3>\n<p>El Core se conecta a 25 tripulantes mediante transmisores port\u00e1tiles de etiquetas OLAS , creando una conexi\u00f3n virtual. Las embarcaciones m\u00e1s grandes pueden equiparse con un extensor OLAS que ampl\u00eda el alcance de 15 a 30 metros. Ideal para quienes buscan mayor seguridad y tranquilidad al navegar. Las etiquetas OLAS son compactas, ligeras y tienen bater\u00edas reemplazables, ideales para adultos, ni\u00f1os, mascotas u objetos importantes que puedan caer por la borda.   <\/p>\n<p>&nbsp;<\/p>\n<h3>Ventajas principales<\/h3>\n<div class=\"col-sm-6 col-xs-12\">\n<p><strong>Integraci\u00f3n OLAS  <\/strong><\/p>\n<p>Cualquier dispositivo de transmisi\u00f3n OLAS , las etiquetas OLAS y la luz LED flotante OLAS , dentro del alcance pueden ser rastreados por el CORE, lo que permite a la tripulaci\u00f3n moverse libremente por la cubierta, con total confianza de que un sistema de alerta temprana los alertar\u00e1 instant\u00e1neamente de un incidente MOB , para que se pueda realizar una recuperaci\u00f3n r\u00e1pida.<\/p>\n<p><strong>Se conecta a 25 transmisores OLAS (etiquetas OLAS o OLAS Float-On)<\/strong><\/p>\n<p>La conexi\u00f3n de hasta 25 transmisores OLAS permite utilizar el CORE a bordo de embarcaciones de mayor tama\u00f1o. Los transmisores OLAS no est\u00e1n dise\u00f1ados \u00fanicamente para la tripulaci\u00f3n; con solo conectarlos a objetos como flotadores MOB , el perro o la embarcaci\u00f3n auxiliar de un yate, siempre se puede saber si se ha perdido algo. <\/p>\n<p><strong>Compatible con extensores<\/strong><\/p>\n<p>Un extensor OLAS , alimentado por USB de 5 V y con bater\u00eda interna recargable, permite cubrir zonas donde la se\u00f1al del transmisor pueda verse bloqueada. Esto permite una escalabilidad y portabilidad completas para embarcaciones de hasta 80 pies. <\/p>\n<p><strong>Port\u00e1til con bajo consumo de energ\u00eda \u2013 USB de 5 V<\/strong><\/p>\n<p>El m\u00f3dulo port\u00e1til funciona con una fuente de alimentaci\u00f3n USB de 5 V, lo que permite utilizarlo en diferentes embarcaciones sin necesidad de cableado.<\/p>\n<\/div>\n<div class=\"col-sm-6 col-xs-12\">\n<p><strong>Alarma incorporada<\/strong><\/p>\n<p>Una alarma de 85 dB sonar\u00e1 para indicar que un transmisor OLAS est\u00e1 fuera de alcance. El CORE se puede conectar con la aplicaci\u00f3n OLAS para colocar alarmas en dos ubicaciones de la embarcaci\u00f3n. <\/p>\n<p><strong>Luz de emergencia incorporada<\/strong><\/p>\n<p>Se iluminar\u00e1 una luz roja de emergencia de alta potencia, que ofrecer\u00e1 una indicaci\u00f3n visual clara de una alerta y, al mismo tiempo, actuar\u00e1 como una luz para iluminar el \u00e1rea y ayudar con la recuperaci\u00f3n durante la noche.<\/p>\n<p><strong>Comentarios del sistema<\/strong><\/p>\n<p>El CORE indica claramente cu\u00e1ntos transmisores OLAS est\u00e1n conectados durante la configuraci\u00f3n. Se pueden a\u00f1adir o eliminar transmisores del sistema mediante la aplicaci\u00f3n m\u00f3vil o mediante un sencillo proceso de conmutaci\u00f3n integrado. <\/p>\n<\/div>\n<h3>Caracter\u00edsticas de la aplicaci\u00f3n m\u00f3vil<\/h3>\n<p>OLAS Core se maneja f\u00e1cilmente a trav\u00e9s de la app OLAS , disponible gratuitamente en la App Store para iOS y en Google Play Store para Android. Requiere un dispositivo con iOS 11 o Android 5.1 como m\u00ednimo. La app OLAS es una potente herramienta para controlar las funciones del Core y facilitar un rescate r\u00e1pido. Ofrece las siguientes funciones:   <\/p>\n<ul>\n<li>Monitorear todos los transmisores OLAS que est\u00e9n siendo rastreados.<\/li>\n<li>Personalice los nombres de los transmisores OLAS para que sean f\u00e1ciles de asignar.<\/li>\n<li>Comprobar el estado de la bater\u00eda de los transmisores OLAS<\/li>\n<li>A\u00f1adir nuevos transmisores OLAS al sistema<\/li>\n<li>Ajuste el tiempo antes de que el n\u00facleo reaccione a un transmisor por la borda entre 2 segundos y 15 segundos, lo que permite mayor libertad alrededor de embarcaciones m\u00e1s grandes.<\/li>\n<li>El modo de alarma externa activa el interruptor integrado hasta que se cancela manualmente. Esto permite conectar alarmas externas de alta potencia en serie. <\/li>\n<li>Pausa el estado de alarma<\/li>\n<li>Hacer sonar la alarma externa si el usuario de una etiqueta est\u00e1 fuera del alcance tanto del Core como de su dispositivo m\u00f3vil.<\/li>\n<li>Ajuste el tiempo antes de que se active el interruptor de corte o la alarma, lo que ofrece mayor libertad<\/li>\n<li>Alarma de volumen m\u00e1ximo y vibraci\u00f3n en tu m\u00f3vil, sincronizada con el Core.<\/li>\n<li>Indicaci\u00f3n de qu\u00e9 transmisor ha activado la alarma.<\/li>\n<li>Registre la ubicaci\u00f3n GPS del lugar donde se activ\u00f3 la alarma \u2022 Gu\u00eda clara de regreso a la ubicaci\u00f3n GPS donde se activ\u00f3 la alarma.<\/li>\n<li>Visualizaci\u00f3n clara de la hora y la ubicaci\u00f3n GPS del lugar donde se activ\u00f3 la alarma y la ubicaci\u00f3n actual del usuario.<\/li>\n<li>Script de emergencia VHF con ingreso autom\u00e1tico de coordenadas GPS e informaci\u00f3n personalizada de la embarcaci\u00f3n en modo Solo.<\/li>\n<li>Dise\u00f1ado para navegar solo dentro del alcance celular 2G o wifi en alta mar. El modo individual enviar\u00e1 un mensaje de texto autom\u00e1tico a un n\u00famero personalizado con su ubicaci\u00f3n y hora del incidente. Si se logra un autorrescate, se env\u00eda un mensaje de texto autom\u00e1tico para cancelar la alerta.  <\/li>\n<\/ul>\n<h3 class=\"title\">Configuraci\u00f3n y montaje<\/h3>\n<ul>\n<li>Conexi\u00f3n USB: simplemente con\u00e9ctelo a cualquier fuente de alimentaci\u00f3n USB de 5 V y comience a rastrear (nota: no es compatible con todos los bancos de energ\u00eda port\u00e1tiles debido al bajo consumo de energ\u00eda)<\/li>\n<li>Encendido autom\u00e1tico.<\/li>\n<li>Alerta sin conexi\u00f3n: alerta autom\u00e1tica cuando no hay transmisores OLAS dentro del alcance, lo que solicita la configuraci\u00f3n.<\/li>\n<li>Orificios de montaje para fijaci\u00f3n permanente \u2022 Ranura de cinta para fijaci\u00f3n semipermanente.<\/li>\n<\/ul>\n","protected":false},"excerpt":{"rendered":"<p>El Core es un sistema compacto y port\u00e1til de alarma y luz de emergencia para embarcaciones. Reacciona en 2 segundos tras la ca\u00edda de una persona por la borda y se puede cambiar f\u00e1cilmente entre embarcaciones sin el tiempo ni el coste de una instalaci\u00f3n con cables. El Core puede conectarse con hasta 25 transmisores OLAS y cubrir embarcaciones de hasta 15 metros de eslora.  <\/p>\n<p><a href=\"https:\/\/www.dropbox.com\/s\/fk04stqsp2hgk5f\/Prop%2065%20-%20DEHP.pdf?dl=0\">ADVERTENCIA: PROP 65<\/a><\/p>\n","protected":false},"featured_media":164633,"template":"","meta":{"_acf_changed":false,"om_disable_all_campaigns":false},"product_brand":[],"product_cat":[5984,5986,5983,5775,5985],"product_tag":[14876,12105,11417,11403,11984,11973],"class_list":{"0":"post-159164","1":"product","2":"type-product","3":"status-publish","4":"has-post-thumbnail","6":"product_cat-cerca-de-la-costa","7":"product_cat-comercial","8":"product_cat-interior","9":"product_cat-marina-es","10":"product_cat-off-shore-es","11":"product_tag-alarma-de-hombre-al-agua-con-bluetooth","12":"product_tag-bluetooth-es","13":"product_tag-hombre-al-agua","14":"product_tag-mob-es","15":"product_tag-rastreo-gps","16":"product_tag-sistema-de-hombre-al-agua","17":"pa_product-productos-de-senalizacion","18":"pa_terrain-rios-humedales-lagos","20":"first","21":"instock","22":"taxable","23":"shipping-taxable","24":"purchasable","25":"product-type-simple"},"acf":[],"_links":{"self":[{"href":"https:\/\/www.acrartex.com\/es\/wp-json\/wp\/v2\/product\/159164","targetHints":{"allow":["GET"]}}],"collection":[{"href":"https:\/\/www.acrartex.com\/es\/wp-json\/wp\/v2\/product"}],"about":[{"href":"https:\/\/www.acrartex.com\/es\/wp-json\/wp\/v2\/types\/product"}],"wp:featuredmedia":[{"embeddable":true,"href":"https:\/\/www.acrartex.com\/es\/wp-json\/wp\/v2\/media\/164633"}],"wp:attachment":[{"href":"https:\/\/www.acrartex.com\/es\/wp-json\/wp\/v2\/media?parent=159164"}],"wp:term":[{"taxonomy":"product_brand","embeddable":true,"href":"https:\/\/www.acrartex.com\/es\/wp-json\/wp\/v2\/product_brand?post=159164"},{"taxonomy":"product_cat","embeddable":true,"href":"https:\/\/www.acrartex.com\/es\/wp-json\/wp\/v2\/product_cat?post=159164"},{"taxonomy":"product_tag","embeddable":true,"href":"https:\/\/www.acrartex.com\/es\/wp-json\/wp\/v2\/product_tag?post=159164"}],"curies":[{"name":"wp","href":"https:\/\/api.w.org\/{rel}","templated":true}]}}