{"id":159048,"date":"2024-10-30T08:21:41","date_gmt":"2024-10-30T13:21:41","guid":{"rendered":"https:\/\/www.acrartex.com\/products\/resqflare-pro-bengala-electronica-led-de-emergencia-de-alta-intensidad-para-embarcaciones\/"},"modified":"2026-03-06T10:44:22","modified_gmt":"2026-03-06T15:44:22","slug":"resqflare-pro-bengala-electronica-led-de-emergencia-de-alta-intensidad-para-embarcaciones","status":"publish","type":"product","link":"https:\/\/www.acrartex.com\/es\/products\/resqflare-pro-bengala-electronica-led-de-emergencia-de-alta-intensidad-para-embarcaciones\/","title":{"rendered":"ResQFlare PRO \u2013 Bengala electr\u00f3nica LED de emergencia de alta intensidad para embarcaciones"},"content":{"rendered":"<p>Cumpliendo con los requisitos de la norma RTCM 13200.0, la bengala electr\u00f3nica flotante ResQFlare PRO est\u00e1 clasificada como Dispositivo Electr\u00f3nico de Se\u00f1al Visual de Socorro (eVDSD) y utiliza se\u00f1ales de socorro SOS multicolor para producir mayor luminosidad con una distribuci\u00f3n de la luz considerablemente mejor. El uso de LED rojo-naranja y cian permite una mejor visibilidad en el agua, mientras que la adici\u00f3n de un componente infrarrojo (IR) aumenta a\u00fan m\u00e1s la visibilidad cuando se utiliza equipo de visi\u00f3n nocturna en b\u00fasqueda y rescate. <\/p>\n<p>La bengala electr\u00f3nica para embarcaciones ResQFlare PRO facilita el rescate emitiendo la caracter\u00edstica de destello del C\u00f3digo Morse Internacional para SOS. La primera &#8220;S&#8221; se representa con tres destellos LED rojo-naranja, seguida de la &#8220;O&#8221;, con tres destellos LED cian, y la \u00faltima &#8220;S&#8221;, con otros tres destellos LED rojo-naranja. Simult\u00e1neamente a los destellos LED rojo-naranja y cian visibles, el componente IR emite el mismo patr\u00f3n de destellos SOS, optimizado para la visibilidad con gafas de visi\u00f3n nocturna (NVG). Lo m\u00e1s impresionante es que, incluso con la gran cantidad de destellos visibles e infrarrojos, la alta intensidad luminosa producida y el amplio rango de distribuci\u00f3n de la luz (\u00e1ngulo luminoso \u2265 180\u00b0), el ResQFlare PRO alcanza una impresionante vida \u00fatil de al menos tres horas (superando los requisitos del RTCM en un 50%).  <\/p>\n<p><strong>NOTA: Antes de instalar las bater\u00edas, utilizando el cord\u00f3n adjunto (que se encuentra debajo del velcro), sujete el cuerpo superior al punto de sujeci\u00f3n que se encuentra en la parte inferior del compartimiento de la bater\u00eda.<\/strong><\/p>\n<h4>Qu\u00e9 est\u00e1 incluido<\/h4>\n<p>La bengala para embarcaciones ResQFlare PRO tambi\u00e9n cumple con los requisitos de <a href=\"https:\/\/www.ecfr.gov\/current\/title-46\/chapter-I\/subchapter-Q\/part-161\/subpart-161.013?toc=1\">46 CFR 161.013<\/a> y est\u00e1 clasificada como una se\u00f1al visual de socorro nocturna aprobada. Dado que una bandera de socorro, que cumple con los requisitos de <a href=\"https:\/\/www.ecfr.gov\/current\/title-46\/chapter-I\/subchapter-Q\/part-160\/subpart-160.072\">46 CFR 160.072<\/a> , est\u00e1 incluida en el paquete con cada ResQFlare PRO, los usuarios tambi\u00e9n reciben una se\u00f1al de socorro visual diurna aprobada (el requisito de llevar se\u00f1ales de socorro visuales diurnas y nocturnas aprobadas se puede encontrar en 33 CFR parte 175).<\/p>\n<p>La bandera de socorro suministrada ofrece numerosas opciones de se\u00f1alizaci\u00f3n diurna. Puede izarse fijada al m\u00e1stil o simplemente iz\u00e1ndose hasta el punto m\u00e1s alto posible. Tambi\u00e9n puede desplegarse a mano, atada a objetos como un bichero, un remo o una ca\u00f1a de pescar, y luego ondearse, o puede extenderse sobre la cubierta para atraer aeronaves. La bandera debe usarse \u00fanicamente como se\u00f1al diurna y, cuando se iza correctamente, el cuadrado negro debe estar sobre el c\u00edrculo negro.   <\/p>\n<p>Adem\u00e1s de la bandera de socorro, se incluye un soporte y los herrajes de montaje correspondientes, lo que permite a los usuarios montar f\u00e1cilmente el producto en la embarcaci\u00f3n para que el ResQFlare PRO est\u00e9 siempre accesible cuando lo necesiten. Tambi\u00e9n se encuentra un cord\u00f3n de 1 metro oculto bajo la correa de velcro negra que rodea la parte central del producto. Este cord\u00f3n permite sujetar el ResQFlare PRO a una persona o a una balsa salvavidas en caso de emergencia.  <\/p>\n<h4>Requisitos de transporte<\/h4>\n<p>En EE. UU.*, llevar la bengala ResQFlare PRO y la bandera de socorro juntas permite a los navegantes prescindir del requisito de las bengalas pirot\u00e9cnicas tradicionales en embarcaciones recreativas de hasta 65 pies de eslora, navegando en los Grandes Lagos, a menos de 12 millas de aguas estadounidenses o en cualquier masa de agua con un paso al mar de al menos dos millas de ancho. Las embarcaciones de menos de 16 pies no est\u00e1n obligadas a llevar una se\u00f1al visual de socorro diurna, pero s\u00ed deben llevar una se\u00f1al visual de socorro nocturna, lo que convierte a la ResQFlare PRO en una alternativa m\u00e1s que viable a las bengalas pirot\u00e9cnicas tambi\u00e9n para embarcaciones de este tama\u00f1o. <\/p>\n<p>Nota: En Canad\u00e1, el ResQFlare PRO se puede transportar en embarcaciones de recreo en lugar de bengalas pirot\u00e9cnicas (Pol\u00edtica TP 13585 E) si se transporta con una se\u00f1al de humo aprobada (para alerta diurna).<\/p>\n<p>Con una distribuci\u00f3n de luz constante en un rango significativo** y un tiempo de combusti\u00f3n 15 veces mayor que las bengalas pirot\u00e9cnicas promedio***, la bengala electr\u00f3nica ResQFlare PRO es claramente la opci\u00f3n m\u00e1s \u201cbrillante\u201d que uno puede elegir.<\/p>\n<p>&nbsp;<\/p>\n<p>*Para aprobaciones en otros pa\u00edses, consulte los requisitos de la autoridad nacional correspondiente para hacer referencia a su aceptaci\u00f3n espec\u00edfica de un eVDSD que cumple con RTCM 13200.00<\/p>\n<p>**\u00c1ngulo luminoso \u2265 180\u00b0<\/p>\n<p>***Basado en el transporte de 4 bengalas pirot\u00e9cnicas con un tiempo de combusti\u00f3n promedio de 3 minutos cada una.<\/p>\n<p>&nbsp;<\/p>\n<p>Para obtener m\u00e1s informaci\u00f3n sobre las bengalas electr\u00f3nicas marinas (e-flares), consulte nuestro art\u00edculo de blog sobre los <a href=\"https:\/\/www.acrartex.com\/es\/news\/requisitos-legales-para-las-bengalas-electronicas-para-embarcaciones\/\">requisitos legales para las bengalas electr\u00f3nicas para embarcaciones.<\/a><\/p>\n<p>&nbsp;<\/p>\n<h4><strong>Caracter\u00edsticas y beneficios:<\/strong><\/h4>\n<p>&nbsp;<\/p>\n<ul>\n<li>Cumple con el est\u00e1ndar RTCM 13200.0 para eVDSD<\/li>\n<li>La bengala electr\u00f3nica para embarcaciones ResQFlare PRO y la bandera de socorro incluida, cuando se transportan juntas, califican como un reemplazo para el transporte de bengalas pirot\u00e9cnicas de la Guardia Costera de los Estados Unidos (USCG) (solo en EE. UU.)<\/li>\n<li>Luz brillante en todas las direcciones (visibilidad de 360\u00b0 y \u00e1ngulo luminoso \u2265 180\u00b0)<\/li>\n<li>Se endereza autom\u00e1ticamente y flota cuando est\u00e1 en el agua (no es necesario anillo de flotabilidad)<\/li>\n<li>Visible a m\u00e1s de 8 millas<\/li>\n<li>123 bater\u00edas de litio reemplazables por el usuario (8 unidades, no incluidas)<\/li>\n<li>Intensidad m\u00e1xima de luz&gt; 170 discos compactos<\/li>\n<li>Intensidad de luz efectiva promedio de 50 cd<\/li>\n<li>La vida \u00fatil de 3 horas (con un m\u00ednimo de intensidad de luz efectiva promedio de 50 cd) supera los requisitos del RTCM en un 50 %.<\/li>\n<li>Dise\u00f1o duradero: Probado seg\u00fan los est\u00e1ndares de desempe\u00f1o ambiental aplicables relacionados con calor seco, calor h\u00famedo, baja temperatura, choque t\u00e9rmico, ca\u00eddas, vibraci\u00f3n, radiaci\u00f3n solar, lluvia y roc\u00edo, corrosi\u00f3n y EMC (seg\u00fan IEC 60945)<\/li>\n<li>Resistente al agua (IP67)<\/li>\n<li>Certificado seg\u00fan USCG 161.013 como se\u00f1al visual de socorro nocturna<\/li>\n<li>Incluye bandera de socorro (certificada seg\u00fan USCG 160.072 como se\u00f1al visual de socorro diurna), soporte de montaje y cord\u00f3n de 1 m (oculto debajo de una correa de velcro)<\/li>\n<\/ul>\n<p>&nbsp;<\/p>\n<h4><strong> <\/strong><strong>Ventajas de la bengala electr\u00f3nica para barcos ResQFlare PRO frente a las bengalas pirot\u00e9cnicas tradicionales:<\/strong><\/h4>\n<p>&nbsp;<\/p>\n<ul>\n<li>Sin fecha de caducidad<\/li>\n<li>Seguro para la familia (sin llama ardiente)<\/li>\n<li>F\u00e1cil de operar (incluso sus hijos y navegantes primerizos pueden operarlo en caso de emergencia)<\/li>\n<li>No hay problemas con los estrictos requisitos obligatorios actuales de eliminaci\u00f3n de bengalas pirot\u00e9cnicas (consideradas legalmente como materiales peligrosos)<\/li>\n<li>Impermeable y flotante<\/li>\n<li>Compra \u00fanica (menor costo durante la vida \u00fatil del producto)<\/li>\n<li>2 m\u00e9todos distintos de se\u00f1alizaci\u00f3n de socorro en un solo producto: luz estrobosc\u00f3pica LED multicolor y luz estrobosc\u00f3pica LED infrarroja<\/li>\n<li>Capacidad de prolongar la vida \u00fatil del producto en una situaci\u00f3n de emergencia reemplazando las bater\u00edas.<\/li>\n<\/ul>\n","protected":false},"excerpt":{"rendered":"<p>Como el siguiente avance en bengalas electr\u00f3nicas de ACR Electronics , la bengala electr\u00f3nica para embarcaciones ResQFlare PRO introduce tecnolog\u00eda de vanguardia para la se\u00f1alizaci\u00f3n de socorro SOS. Al utilizar LED rojo-naranja y cian combinados con un componente infrarrojo (IR), la ResQFlare PRO ofrece una larga vida \u00fatil (autonom\u00eda) y, al mismo tiempo, mejora significativamente la visibilidad. <\/p>\n<p>Vendido con la bandera de socorro diurna incluida, el ResQFlare PRO y la bandera que lo acompa\u00f1a est\u00e1n certificados para cumplir con los requisitos aplicables de la Guardia Costera de EE. UU., lo que permite que se los lleve en lugar de las bengalas pirot\u00e9cnicas tradicionales en los EE. UU.<\/p>\n<p><a href=\"https:\/\/www.dropbox.com\/s\/0ezw0kexbm120vv\/Prop%2065%20-%20Lead%20and%20Lead%20Compounds.pdf?dl=0\">ADVERTENCIA: PROP 65<\/a><\/p>\n","protected":false},"featured_media":165559,"template":"","meta":{"_acf_changed":false,"om_disable_all_campaigns":false},"product_brand":[],"product_cat":[6733,5984,5819,5983,14681,5775,5982,5985,7956],"product_tag":[11948,12015,11992,11911,11922,11881,11871,11980,12003,11901,13711,11964,11957,11891,13720,11971,12027],"class_list":{"0":"post-159048","1":"product","2":"type-product","3":"status-publish","4":"has-post-thumbnail","6":"product_cat-accesorios-de-seguridad","7":"product_cat-cerca-de-la-costa","8":"product_cat-exterior","9":"product_cat-interior","10":"product_cat-kits-de-seguridad-marina","11":"product_cat-marina-es","12":"product_cat-militar-es","13":"product_cat-off-shore-es","14":"product_cat-productos-de-senalizacion","15":"product_tag-bengala-de-barco","16":"product_tag-bengala-de-humo","17":"product_tag-bengala-de-mano","18":"product_tag-bengala-de-socorro","19":"product_tag-bengala-de-socorro-led","20":"product_tag-bengala-electronica-es","21":"product_tag-bengala-electronica","22":"product_tag-bengala-led","23":"product_tag-bengala-roja","24":"product_tag-bengalas","25":"product_tag-bengalas-de-emergencia","26":"product_tag-bengalas-de-senales","27":"product_tag-bengalas-para-barcos","28":"product_tag-llamarada","29":"product_tag-llamarada-de-orion","30":"product_tag-llamarada-marina","31":"product_tag-pistola-de-bengalas","33":"first","34":"instock","35":"taxable","36":"shipping-taxable","37":"purchasable","38":"product-type-simple"},"acf":[],"_links":{"self":[{"href":"https:\/\/www.acrartex.com\/es\/wp-json\/wp\/v2\/product\/159048","targetHints":{"allow":["GET"]}}],"collection":[{"href":"https:\/\/www.acrartex.com\/es\/wp-json\/wp\/v2\/product"}],"about":[{"href":"https:\/\/www.acrartex.com\/es\/wp-json\/wp\/v2\/types\/product"}],"wp:featuredmedia":[{"embeddable":true,"href":"https:\/\/www.acrartex.com\/es\/wp-json\/wp\/v2\/media\/165559"}],"wp:attachment":[{"href":"https:\/\/www.acrartex.com\/es\/wp-json\/wp\/v2\/media?parent=159048"}],"wp:term":[{"taxonomy":"product_brand","embeddable":true,"href":"https:\/\/www.acrartex.com\/es\/wp-json\/wp\/v2\/product_brand?post=159048"},{"taxonomy":"product_cat","embeddable":true,"href":"https:\/\/www.acrartex.com\/es\/wp-json\/wp\/v2\/product_cat?post=159048"},{"taxonomy":"product_tag","embeddable":true,"href":"https:\/\/www.acrartex.com\/es\/wp-json\/wp\/v2\/product_tag?post=159048"}],"curies":[{"name":"wp","href":"https:\/\/api.w.org\/{rel}","templated":true}]}}