{"id":159031,"date":"2025-06-25T13:09:22","date_gmt":"2025-06-25T18:09:22","guid":{"rendered":"https:\/\/www.acrartex.com\/products\/nuevo-bolsa-impermeable-acr-ligera-impermeable-flotante-y-compacta-para-aventuras-al-aire-libre\/"},"modified":"2025-06-25T13:09:22","modified_gmt":"2025-06-25T18:09:22","slug":"nuevo-bolsa-impermeable-acr-ligera-impermeable-flotante-y-compacta-para-aventuras-al-aire-libre","status":"publish","type":"product","link":"https:\/\/www.acrartex.com\/es\/products\/nuevo-bolsa-impermeable-acr-ligera-impermeable-flotante-y-compacta-para-aventuras-al-aire-libre\/","title":{"rendered":"\u00a1NUEVO! Bolsa impermeable ACR : ligera, impermeable, flotante y compacta para aventuras al aire libre."},"content":{"rendered":"<p><strong>Bolsa seca compacta e impermeable<\/strong><\/p>\n<p data-start=\"201\" data-end=\"599\">Perfecta para paddleboarding, kayak, excursiones a la playa o cualquier aventura al aire libre, esta peque\u00f1a bolsa impermeable mantiene tus objetos esenciales seguros, secos y protegidos de las inclemencias del tiempo. Fabricada con materiales duraderos e impermeables, cuenta con un cierre enrollable que impide la entrada de agua, arena y suciedad. Ligera y flotante, flota incluso si se cae al agua, lo que la hace ideal para usar en lagos, r\u00edos o el oc\u00e9ano.  <\/p>\n<p data-start=\"601\" data-end=\"838\">Ya sea que lleves tu tel\u00e9fono, llaves, refrigerios o una muda de ropa, esta bolsa impermeable est\u00e1 dise\u00f1ada para tu comodidad y tranquilidad. Suj\u00e9tala a tu equipo o ll\u00e9vala sola: tus pertenencias se mantendr\u00e1n secas, sin importar ad\u00f3nde te lleve tu viaje. <\/p>\n<p data-start=\"840\" data-end=\"857\"><strong data-start=\"840\" data-end=\"857\">Caracter\u00edsticas principales:<\/strong><\/p>\n<ul data-start=\"858\" data-end=\"1135\">\n<li data-start=\"858\" data-end=\"913\">\n<p data-start=\"860\" data-end=\"913\">Dise\u00f1o 100% impermeable con cierre enrollable seguro.<\/p>\n<\/li>\n<li data-start=\"914\" data-end=\"980\">\n<p data-start=\"916\" data-end=\"980\">Flota de forma segura en el agua: perfecto para practicar paddleboarding y kayak.<\/p>\n<\/li>\n<li data-start=\"981\" data-end=\"1024\">\n<p data-start=\"983\" data-end=\"1024\">Ligero y compacto para viajar f\u00e1cilmente.<\/p>\n<\/li>\n<li data-start=\"1025\" data-end=\"1078\">\n<p data-start=\"1027\" data-end=\"1078\">Construcci\u00f3n duradera dise\u00f1ada para condiciones exteriores.<\/p>\n<\/li>\n<li data-start=\"1079\" data-end=\"1135\">\n<p data-start=\"1081\" data-end=\"1135\">Ideal para mantener secos los objetos de valor durante cualquier aventura.<\/p>\n<\/li>\n<\/ul>\n","protected":false},"excerpt":{"rendered":"<p>Mant\u00e9n tus objetos esenciales secos y seguros con esta bolsa <strong>impermeable<\/strong> compacta, perfecta para paddleboarding, kayak, excursiones a la playa y todas tus aventuras al aire libre. Esta soluci\u00f3n de almacenamiento impermeable tambi\u00e9n funciona como bolsa flotante para equipo, ofreciendo protecci\u00f3n ligera sin ser voluminosa. Resistente para cualquier viaje, es una compa\u00f1era de viaje duradera en la que puedes confiar. Ya sea que te lances al agua o a la monta\u00f1a, esta es una pieza esencial de tu equipo de aventura que flota para mayor tranquilidad.   <\/p>\n<p data-start=\"712\" data-end=\"728\">\n","protected":false},"featured_media":159034,"template":"","meta":{"_acf_changed":false,"om_disable_all_campaigns":false},"product_brand":[],"product_cat":[5819,5775],"product_tag":[9115,14664,14658,14661,6226,14660,14662,14663],"class_list":{"0":"post-159031","1":"product","2":"type-product","3":"status-publish","4":"has-post-thumbnail","6":"product_cat-exterior","7":"product_cat-marina-es","8":"product_tag-bolsa-flotante","9":"product_tag-bolsa-para-deportes-acuaticos","10":"product_tag-bolsa-seca-impermeable","11":"product_tag-bolsa-seca-para-senderismo","12":"product_tag-boyante","13":"product_tag-compacto","14":"product_tag-elementos-esenciales-del-agua","15":"product_tag-ligero","17":"first","18":"instock","19":"featured","20":"taxable","21":"shipping-taxable","22":"purchasable","23":"product-type-simple"},"acf":[],"_links":{"self":[{"href":"https:\/\/www.acrartex.com\/es\/wp-json\/wp\/v2\/product\/159031","targetHints":{"allow":["GET"]}}],"collection":[{"href":"https:\/\/www.acrartex.com\/es\/wp-json\/wp\/v2\/product"}],"about":[{"href":"https:\/\/www.acrartex.com\/es\/wp-json\/wp\/v2\/types\/product"}],"wp:featuredmedia":[{"embeddable":true,"href":"https:\/\/www.acrartex.com\/es\/wp-json\/wp\/v2\/media\/159034"}],"wp:attachment":[{"href":"https:\/\/www.acrartex.com\/es\/wp-json\/wp\/v2\/media?parent=159031"}],"wp:term":[{"taxonomy":"product_brand","embeddable":true,"href":"https:\/\/www.acrartex.com\/es\/wp-json\/wp\/v2\/product_brand?post=159031"},{"taxonomy":"product_cat","embeddable":true,"href":"https:\/\/www.acrartex.com\/es\/wp-json\/wp\/v2\/product_cat?post=159031"},{"taxonomy":"product_tag","embeddable":true,"href":"https:\/\/www.acrartex.com\/es\/wp-json\/wp\/v2\/product_tag?post=159031"}],"curies":[{"name":"wp","href":"https:\/\/api.w.org\/{rel}","templated":true}]}}