{"id":158988,"date":"2021-03-16T08:18:23","date_gmt":"2021-03-16T13:18:23","guid":{"rendered":"https:\/\/www.acrartex.com\/products\/espejo-de-senal-hot-shot\/"},"modified":"2021-03-16T08:18:23","modified_gmt":"2021-03-16T13:18:23","slug":"espejo-de-senal-hot-shot","status":"publish","type":"product","link":"https:\/\/www.acrartex.com\/es\/products\/espejo-de-senal-hot-shot\/","title":{"rendered":"Espejo de se\u00f1al Hot Shot\u2122"},"content":{"rendered":"<ul>\n<li>Dise\u00f1ado para proporcionar un punto de observaci\u00f3n \u00f3ptimo con ventana de visualizaci\u00f3n de punto rojo hologr\u00e1fico<\/li>\n<li>Cuando la imagen del objetivo, el espejo y el sol est\u00e1n correctamente alineados, el punto rojo en el objetivo garantiza que el reflejo del espejo est\u00e9 en el objetivo.<\/li>\n<li>El espejo reflectante de segunda superficie de calidad telesc\u00f3pica es brillante y proporciona una imagen enfocada.<\/li>\n<li>Flotador flotante para una f\u00e1cil recuperaci\u00f3n en caso de ca\u00edda por la borda.<\/li>\n<li>Silbato patentado (cumple con la normativa USCG) para alertas audibles en condiciones de baja visibilidad<\/li>\n<li>Cord\u00f3n para asegurar a una persona o a una balsa salvavidas<\/li>\n<li>Paquete de se\u00f1alizaci\u00f3n de seguridad total y simple<\/li>\n<\/ul>\n","protected":false},"excerpt":{"rendered":"<p><span style=\"color: #ff0000;\"><strong>ESTE ES UN PRODUCTO DESCATALOGADO QUE YA NO SE FABRICA NI SE VENDE JUNTO<\/strong><\/span><\/p>\n<p>&nbsp;<\/p>\n<p>Complete su kit de emergencia con un espejo de calidad como el Hot Shot\u2122 Signal. Este dispositivo de se\u00f1alizaci\u00f3n diurna a prueba de fallos lleva las advertencias de emergencia a un nuevo nivel gracias a su ventana hologr\u00e1fica de punto rojo, que encuentra r\u00e1pidamente el punto de observaci\u00f3n \u00f3ptimo para una se\u00f1al brillante y enfocada. Cuando la imagen del objetivo, el espejo y el sol est\u00e1n correctamente alineados, el punto rojo garantiza que el reflejo del espejo est\u00e9 en el objetivo. El Hot Shot Signal cuenta con un dise\u00f1o flotante que facilita su recuperaci\u00f3n en caso de ca\u00edda por la borda. Y lo mejor de todo, si se cae por la borda, este silbato patentado cumple con las normas de la Guardia Costera de los Estados Unidos (USCG) e incluye un cord\u00f3n para sujetarlo f\u00e1cilmente a una persona o a una balsa salvavidas.    <\/p>\n<p>&nbsp;<\/p>\n","protected":false},"featured_media":158990,"template":"","meta":{"_acf_changed":false,"om_disable_all_campaigns":false},"product_brand":[],"product_cat":[5819,5775],"product_tag":[12545,14583,14587,14575,14595,14591,14574,14585,14577,14597,14581,14579,14593,14589,14599],"class_list":{"0":"post-158988","1":"product","2":"type-product","3":"status-publish","4":"has-post-thumbnail","6":"product_cat-exterior","7":"product_cat-marina-es","8":"product_tag-espejo-de-senales","9":"product_tag-espejo-de-senales-de-supervivencia","10":"product_tag-espejo-de-senales-de-vidrio","11":"product_tag-espejo-de-senalizacion","12":"product_tag-espejo-de-senalizacion-de-seguridad","13":"product_tag-espejo-de-supervivencia","14":"product_tag-espejos-de-senales","15":"product_tag-espejos-de-senales-de-supervivencia","16":"product_tag-espejos-de-senalizacion","17":"product_tag-instrucciones-del-espejo-de-senales","18":"product_tag-senal-de-espejo","19":"product_tag-senales-de-espejo","20":"product_tag-senalizacion-de-seguridad","21":"product_tag-senalizacion-de-supervivencia","22":"product_tag-utilizando-un-espejo-de-senales","23":"pa_product-legado","25":"first","26":"outofstock","27":"taxable","28":"shipping-taxable","29":"product-type-simple"},"acf":[],"_links":{"self":[{"href":"https:\/\/www.acrartex.com\/es\/wp-json\/wp\/v2\/product\/158988","targetHints":{"allow":["GET"]}}],"collection":[{"href":"https:\/\/www.acrartex.com\/es\/wp-json\/wp\/v2\/product"}],"about":[{"href":"https:\/\/www.acrartex.com\/es\/wp-json\/wp\/v2\/types\/product"}],"wp:featuredmedia":[{"embeddable":true,"href":"https:\/\/www.acrartex.com\/es\/wp-json\/wp\/v2\/media\/158990"}],"wp:attachment":[{"href":"https:\/\/www.acrartex.com\/es\/wp-json\/wp\/v2\/media?parent=158988"}],"wp:term":[{"taxonomy":"product_brand","embeddable":true,"href":"https:\/\/www.acrartex.com\/es\/wp-json\/wp\/v2\/product_brand?post=158988"},{"taxonomy":"product_cat","embeddable":true,"href":"https:\/\/www.acrartex.com\/es\/wp-json\/wp\/v2\/product_cat?post=158988"},{"taxonomy":"product_tag","embeddable":true,"href":"https:\/\/www.acrartex.com\/es\/wp-json\/wp\/v2\/product_tag?post=158988"}],"curies":[{"name":"wp","href":"https:\/\/api.w.org\/{rel}","templated":true}]}}