{"id":158952,"date":"2021-03-16T08:17:46","date_gmt":"2021-03-16T13:17:46","guid":{"rendered":"https:\/\/www.acrartex.com\/products\/luces-estroboscopicas-de-emergencia-firefly-pro\/"},"modified":"2025-12-01T05:43:35","modified_gmt":"2025-12-01T10:43:35","slug":"luces-estroboscopicas-de-emergencia-firefly-pro","status":"publish","type":"product","link":"https:\/\/www.acrartex.com\/es\/products\/luces-estroboscopicas-de-emergencia-firefly-pro\/","title":{"rendered":"Luces estrobosc\u00f3picas de emergencia Firefly \u00ae PRO"},"content":{"rendered":"<p>Cuando se trata de salvar vidas, no hay nada que no sea lo mejor. Las luces estrobosc\u00f3picas de rescate Firefly PRO se encuentran entre las m\u00e1s brillantes y con m\u00e1s funciones del mercado actual. Con tres funciones de activaci\u00f3n, alterne entre la luz estrobosc\u00f3pica ultrabrillante o la luz estrobosc\u00f3pica SOS para alertar visualmente al equipo de b\u00fasqueda y rescate de su ubicaci\u00f3n, y luego active la funci\u00f3n de encendido fijo para operaciones de rescate cercanas. Elija entre las versiones Firefly PRO SOLAS (sin activaci\u00f3n por agua) o Firefly PRO Waterbug (activada por agua).   <\/p>\n<p>Nuestros innovadores LED de amplia emisi\u00f3n de luz producen un haz de luz de 360\u00b0 (41 candelas), lo que permite una visibilidad de m\u00e1s de 5 km. Nuestra luz blanca fr\u00eda no amarillea, lo que permite un haz de luz m\u00e1s visible a mayores distancias. Gracias a un microprocesador de bajo consumo y una electr\u00f3nica redise\u00f1ada, la Firefly PRO ofrece una m\u00e1xima vida \u00fatil en las condiciones m\u00e1s adversas. Con un solo juego de pilas AA de litio, la Firefly PRO ofrece una duraci\u00f3n de luz estrobosc\u00f3pica continua de m\u00e1s de 56 horas o utiliza la funci\u00f3n de encendido continuo durante 28 horas. Esto duplica la duraci\u00f3n de la competencia y supera los requisitos de la Guardia Costera de EE. UU. y SOLAS en m\u00e1s de 48 horas.    <\/p>\n<p>Su tama\u00f1o compacto cabe f\u00e1cilmente en un chaleco salvavidas inflable o en el bolsillo para mayor comodidad. Su carcasa de especificaciones militares es lo suficientemente robusta como para soportar a\u00f1os de uso intensivo y las condiciones m\u00e1s adversas. Las dos presillas de amarre y la correa de velcro incluida facilitan enormemente el montaje del Firefly PRO en su chaleco salvavidas, cintur\u00f3n o mochila, para que pueda acceder f\u00e1cilmente a la luz estrobosc\u00f3pica cuando la necesite.  <\/p>\n","protected":false},"excerpt":{"rendered":"<p>Las luces estrobosc\u00f3picas de rescate Firefly PRO se encuentran entre las m\u00e1s brillantes y con m\u00e1s funciones del mercado. Con tres funciones de activaci\u00f3n, alterne entre la luz ultrabrillante o la luz SOS para alertar visualmente al equipo de b\u00fasqueda y rescate sobre su ubicaci\u00f3n, y luego active la funci\u00f3n de encendido fijo para operaciones de rescate cercanas. Elija entre las versiones Firefly PRO SOLAS (sin activaci\u00f3n por agua) o Firefly PRO Waterbug (activada por agua).  <\/p>\n<p>Estas luces estrobosc\u00f3picas de emergencia cuentan con un innovador sistema de gesti\u00f3n de potencia lum\u00ednica que produce m\u00e1s de 41 candelas de luz por luz, con una autonom\u00eda de hasta 56 horas (con pilas de litio AA). Gracias a sus LED de amplia emisi\u00f3n de luz, resisten incluso las condiciones m\u00e1s adversas, creando un destello superbrillante visible a m\u00e1s de 5 km. <\/p>\n","protected":false},"featured_media":36741,"template":"","meta":{"_acf_changed":false,"om_disable_all_campaigns":false},"product_brand":[],"product_cat":[5984,5986,5988,5990,5989,5819,5995,5996,5983,5775,5982,5985,5994,5993,7956,5987],"product_tag":[14525,14526,14520,11276,14518,14521,7717,14524,7719,11301,10663,12069,14519,10666,14527,14522,14523],"class_list":{"0":"post-158952","1":"product","2":"type-product","3":"status-publish","4":"has-post-thumbnail","6":"product_cat-cerca-de-la-costa","7":"product_cat-comercial","8":"product_cat-deporte-de-accion-todoterreno","9":"product_cat-deportes-de-remo-pesca","10":"product_cat-equipo-de-viaje","11":"product_cat-exterior","12":"product_cat-fuerzas-navales","13":"product_cat-fuerzas-terrestres-especiales","14":"product_cat-interior","15":"product_cat-marina-es","16":"product_cat-militar-es","17":"product_cat-off-shore-es","18":"product_cat-patrulla-aerea","19":"product_cat-policia-municipio","20":"product_cat-productos-de-senalizacion","21":"product_cat-senderismo-escalada-campamento","22":"product_tag-3970-3-es","23":"product_tag-3970-4-es","24":"product_tag-3971-3-es","25":"product_tag-firefly-es","26":"product_tag-firefly-pro-es","27":"product_tag-firefly-pro-solas-es","28":"product_tag-luz","29":"product_tag-luz-del-chaleco-salvavidas-solas","30":"product_tag-luz-estroboscopica","31":"product_tag-luz-estroboscopica-es","32":"product_tag-luz-estroboscopica-de-emergencia","33":"product_tag-luz-estroboscopica-de-emergencia-es-2","34":"product_tag-luz-estroboscopica-de-la-guardia-costera-de-los-estados-unidos","35":"product_tag-luz-estroboscopica-de-rescate","36":"product_tag-luz-estroboscopica-de-rescate-es","37":"product_tag-luz-estroboscopica-solas","38":"product_tag-pdf-de-luz-aprobado-por-solas","39":"pa_activity-a-campo-traviesa","40":"pa_activity-bicicleta","41":"pa_activity-camping-es","42":"pa_activity-deportes-de-remo","43":"pa_activity-escalada","44":"pa_activity-esqui-snowboard","45":"pa_activity-motonieve","46":"pa_activity-pesca","47":"pa_activity-senderismo","48":"pa_activity-todoterreno-4x4","49":"pa_aircraft-type-experimental-es","50":"pa_aircraft-type-grandes-aviones","51":"pa_aircraft-type-jets-de-tamano-mediano","52":"pa_aircraft-type-jets-ligeros","53":"pa_aircraft-type-multimotor","54":"pa_aircraft-type-rotocraft-es","55":"pa_aircraft-type-turbohelice","56":"pa_aircraft-type-un-solo-motor","57":"pa_boat-size-0-20-es","58":"pa_boat-size-21-40-es","59":"pa_boat-size-40-80-es","60":"pa_boat-size-80-es","61":"pa_boat-type-artesania-deportiva","62":"pa_boat-type-buque-de-carga","63":"pa_boat-type-lancha-fuera-borda","64":"pa_boat-type-pesca-comercial","65":"pa_boat-type-remolcador","66":"pa_boat-type-velero","67":"pa_boat-type-yate","68":"pa_boat-type-yate-de-alquiler","69":"pa_product-accesorios-de-seguridad","70":"pa_product-luces-de-rescate","71":"pa_product-productos-de-senalizacion","73":"first","74":"instock","75":"taxable","76":"shipping-taxable","77":"purchasable","78":"product-type-variable"},"acf":[],"_links":{"self":[{"href":"https:\/\/www.acrartex.com\/es\/wp-json\/wp\/v2\/product\/158952","targetHints":{"allow":["GET"]}}],"collection":[{"href":"https:\/\/www.acrartex.com\/es\/wp-json\/wp\/v2\/product"}],"about":[{"href":"https:\/\/www.acrartex.com\/es\/wp-json\/wp\/v2\/types\/product"}],"wp:featuredmedia":[{"embeddable":true,"href":"https:\/\/www.acrartex.com\/es\/wp-json\/wp\/v2\/media\/36741"}],"wp:attachment":[{"href":"https:\/\/www.acrartex.com\/es\/wp-json\/wp\/v2\/media?parent=158952"}],"wp:term":[{"taxonomy":"product_brand","embeddable":true,"href":"https:\/\/www.acrartex.com\/es\/wp-json\/wp\/v2\/product_brand?post=158952"},{"taxonomy":"product_cat","embeddable":true,"href":"https:\/\/www.acrartex.com\/es\/wp-json\/wp\/v2\/product_cat?post=158952"},{"taxonomy":"product_tag","embeddable":true,"href":"https:\/\/www.acrartex.com\/es\/wp-json\/wp\/v2\/product_tag?post=158952"}],"curies":[{"name":"wp","href":"https:\/\/api.w.org\/{rel}","templated":true}]}}