{"id":158915,"date":"2021-03-16T08:18:16","date_gmt":"2021-03-16T13:18:16","guid":{"rendered":"https:\/\/www.acrartex.com\/products\/silbato-ww-3-resq\/"},"modified":"2021-03-16T08:18:16","modified_gmt":"2021-03-16T13:18:16","slug":"silbato-ww-3-resq","status":"publish","type":"product","link":"https:\/\/www.acrartex.com\/es\/products\/silbato-ww-3-resq\/","title":{"rendered":"Silbato WW-3 ResQ\u2122"},"content":{"rendered":"<ul>\n<li>\u00a1Llama la atenci\u00f3n!<\/li>\n<li>Fuerte, estridente, de tono dual audible desde una gran distancia<\/li>\n<li>El dise\u00f1o plano \u00fanico evita la retenci\u00f3n de agua.<\/li>\n<li>Cumple con los requisitos de la Guardia Costera de los Estados Unidos<\/li>\n<li>Ayudas en rescates terrestres o mar\u00edtimos<\/li>\n<li>\u00daselo en chalecos salvavidas, chalecos, equipos para climas extremos, boyas salvavidas, balsas, llaveros, etc.<\/li>\n<li>Completo con cord\u00f3n de 31,5 pulgadas (80 cm)<\/li>\n<\/ul>\n","protected":false},"excerpt":{"rendered":"<p>Reciba atenci\u00f3n cuando la necesite con el silbato WW-3 ResQ\u2122. Este silbato compacto de supervivencia fue desarrollado especialmente para localizar a navegantes ca\u00eddos por la borda, pero tambi\u00e9n puede ayudar en rescates terrestres. El WW-3 ResQ emite un agudo tono dual de hasta 100 decibeles, audible a grandes distancias. Su dise\u00f1o \u00fanico y plano evita que se acumule agua, y su cord\u00f3n de 80 cm (31,5 pulgadas) se fija f\u00e1cilmente a chalecos salvavidas, balsas y otros equipos de protecci\u00f3n contra la intemperie. Adem\u00e1s, este silbato de rescate fue dise\u00f1ado para cumplir con los requisitos de la Guardia Costera de los Estados Unidos (USCG).    <\/p>\n","protected":false},"featured_media":158936,"template":"","meta":{"_acf_changed":false,"om_disable_all_campaigns":false},"product_brand":[],"product_cat":[5984,5986,5988,5990,5989,5819,5983,5775,5985,7956,5987],"product_tag":[14452,5998,14467,14478,14475,14456,14473,14470,14461,14464],"class_list":{"0":"post-158915","1":"product","2":"type-product","3":"status-publish","4":"has-post-thumbnail","6":"product_cat-cerca-de-la-costa","7":"product_cat-comercial","8":"product_cat-deporte-de-accion-todoterreno","9":"product_cat-deportes-de-remo-pesca","10":"product_cat-equipo-de-viaje","11":"product_cat-exterior","12":"product_cat-interior","13":"product_cat-marina-es","14":"product_cat-off-shore-es","15":"product_cat-productos-de-senalizacion","16":"product_cat-senderismo-escalada-campamento","17":"product_tag-interfaz-elt-rswt-de-2-cables","18":"product_tag-reserva","19":"product_tag-seguridad-del-silbato","20":"product_tag-senal","21":"product_tag-silbar","22":"product_tag-silbato-de-emergencia","23":"product_tag-silbato-de-plastico","24":"product_tag-silbato-de-seguridad","25":"product_tag-silbatos-de-emergencia","26":"product_tag-suministros-de-emergencia","27":"pa_product-accesorios-de-seguridad","28":"pa_product-productos-de-senalizacion","30":"first","31":"instock","32":"taxable","33":"shipping-taxable","34":"purchasable","35":"product-type-simple"},"acf":[],"_links":{"self":[{"href":"https:\/\/www.acrartex.com\/es\/wp-json\/wp\/v2\/product\/158915","targetHints":{"allow":["GET"]}}],"collection":[{"href":"https:\/\/www.acrartex.com\/es\/wp-json\/wp\/v2\/product"}],"about":[{"href":"https:\/\/www.acrartex.com\/es\/wp-json\/wp\/v2\/types\/product"}],"wp:featuredmedia":[{"embeddable":true,"href":"https:\/\/www.acrartex.com\/es\/wp-json\/wp\/v2\/media\/158936"}],"wp:attachment":[{"href":"https:\/\/www.acrartex.com\/es\/wp-json\/wp\/v2\/media?parent=158915"}],"wp:term":[{"taxonomy":"product_brand","embeddable":true,"href":"https:\/\/www.acrartex.com\/es\/wp-json\/wp\/v2\/product_brand?post=158915"},{"taxonomy":"product_cat","embeddable":true,"href":"https:\/\/www.acrartex.com\/es\/wp-json\/wp\/v2\/product_cat?post=158915"},{"taxonomy":"product_tag","embeddable":true,"href":"https:\/\/www.acrartex.com\/es\/wp-json\/wp\/v2\/product_tag?post=158915"}],"curies":[{"name":"wp","href":"https:\/\/api.w.org\/{rel}","templated":true}]}}