{"id":158883,"date":"2021-03-16T08:17:57","date_gmt":"2021-03-16T13:17:57","guid":{"rendered":"https:\/\/www.acrartex.com\/products\/tps-8715-conjunto-de-prueba-y-programacion\/"},"modified":"2021-03-16T08:17:57","modified_gmt":"2021-03-16T13:17:57","slug":"tps-8715-conjunto-de-prueba-y-programacion","status":"publish","type":"product","link":"https:\/\/www.acrartex.com\/es\/products\/tps-8715-conjunto-de-prueba-y-programacion\/","title":{"rendered":"TPS 8715 \u2013 Conjunto de prueba y programaci\u00f3n"},"content":{"rendered":"<p><strong><u>Pruebas ELT y verificaci\u00f3n de la identificaci\u00f3n ELT<\/u><\/strong><\/p>\n<p>Los Transmisores de Localizaci\u00f3n de Emergencia (ELT) de Aeronaves deben tener su n\u00famero de identificaci\u00f3n \u00fanico registrado ante las autoridades nacionales. El ARTEX TPS 8715 para Aviaci\u00f3n General ofrece un m\u00e9todo sencillo para verificar y guardar la identificaci\u00f3n de los ELT ARTEX tras la instalaci\u00f3n, la reprogramaci\u00f3n o en caso de que sea necesario volver a registrar la baliza tras un cambio de propietario de la aeronave. Este sistema solo programa los ELT ARTEX para Aviaci\u00f3n General*, incluyendo los modelos ME406, ELT 345 y ELT 1000.  <\/p>\n<p><strong><u>Decodificaci\u00f3n ELT<\/u><\/strong><\/p>\n<p>El ARTEX TPS 8715 es un sistema robusto, compacto y port\u00e1til que decodifica la transmisi\u00f3n Cospas-Sarsat de 406 MHz. La transmisi\u00f3n puede leerse directamente a trav\u00e9s del cable de antena o de la propia antena. La unidad tambi\u00e9n indicar\u00e1 si hay 121,5 MHz. El TPS 8715 es solo un dispositivo de decodificaci\u00f3n y no mide la potencia. Para obtener informaci\u00f3n sobre los requisitos de medici\u00f3n ELT para las inspecciones anuales, consulte con su autoridad local.    <\/p>\n<p><strong><u>Programa L\u00ednea GA de ELT<\/u><\/strong><\/p>\n<p>El TPS 8715 puede programar de manera r\u00e1pida y sencilla la l\u00ednea completa de ELT de aviaci\u00f3n general ARTEX con el protocolo deseado, la velocidad en baudios de datos NAV y la informaci\u00f3n requerida seg\u00fan lo descrito por Cospas-Sarsat a trav\u00e9s del cable de programaci\u00f3n (incluido).<\/p>\n<p><strong><u>Datos de prueba<\/u><\/strong><\/p>\n<p>La TPS 8715 registra todos los datos en una base de datos interna, de la que se puede hacer una copia de seguridad en su PC. Los datos se pueden visualizar en el ordenador independientemente de la TPS 8715 y se registra la hora como prueba de la transmisi\u00f3n y la correcta programaci\u00f3n. La TPS 8715 puede imprimir a trav\u00e9s de una interfaz USB a una PC. Para imprimir, se requiere un programa descargable en ACRARTEX.com.   <\/p>\n<p>El TPS 8715 se entrega sin software, por lo que debe registrarse y realizar una capacitaci\u00f3n en <a href=\"http:\/\/www.acrartex.com\/\">www.ACRARTEX.com<\/a> para descargar las aplicaciones de software necesarias. La capacitaci\u00f3n es de autoservicio y gratuita. Cada unidad incluye una gu\u00eda de inicio r\u00e1pido que describe el procedimiento.  <\/p>\n<p>*Para la programaci\u00f3n ELT a nivel de transporte, consulte PN 8700 ELT TPS.<\/p>\n","protected":false},"excerpt":{"rendered":"<p>El ARTEX TPS 8715 permite la verificaci\u00f3n, prueba y programaci\u00f3n de la l\u00ednea de ELT de aviaci\u00f3n general ARTEX .<\/p>\n<p> <span style=\"color: #ff0000;\"><strong>NOTA: Este producto ha sido descontinuado y ha sido reemplazado por el <a href=\"https:\/\/www.acrartex.com\/products\/fpt\/\">programador ARTEX serie FPT 8800<\/a> .<\/strong><\/span><\/p>\n","protected":false},"featured_media":158895,"template":"","meta":{"_acf_changed":false,"om_disable_all_campaigns":false},"product_brand":[],"product_cat":[5527,5991],"product_tag":[14411,10919,10914,5532,10916,10893,10897,10905,10909,10899,10902,10853,14404,10911],"class_list":{"0":"post-158883","1":"product","2":"type-product","3":"status-publish","4":"has-post-thumbnail","6":"product_cat-aviacion","7":"product_cat-aviacion-general","8":"product_tag-8715-es","9":"product_tag-aviacion-general","10":"product_tag-descodificacion","11":"product_tag-elt-es","12":"product_tag-georgia","13":"product_tag-programacion","14":"product_tag-programacion-elt","15":"product_tag-programador","16":"product_tag-programador-elt","17":"product_tag-prueba","18":"product_tag-pruebas","19":"product_tag-tps-es","20":"product_tag-tps-8715-es","21":"product_tag-verificacion","22":"pa_product-legado","24":"first","25":"instock","26":"taxable","27":"shipping-taxable","28":"product-type-simple"},"acf":[],"_links":{"self":[{"href":"https:\/\/www.acrartex.com\/es\/wp-json\/wp\/v2\/product\/158883","targetHints":{"allow":["GET"]}}],"collection":[{"href":"https:\/\/www.acrartex.com\/es\/wp-json\/wp\/v2\/product"}],"about":[{"href":"https:\/\/www.acrartex.com\/es\/wp-json\/wp\/v2\/types\/product"}],"wp:featuredmedia":[{"embeddable":true,"href":"https:\/\/www.acrartex.com\/es\/wp-json\/wp\/v2\/media\/158895"}],"wp:attachment":[{"href":"https:\/\/www.acrartex.com\/es\/wp-json\/wp\/v2\/media?parent=158883"}],"wp:term":[{"taxonomy":"product_brand","embeddable":true,"href":"https:\/\/www.acrartex.com\/es\/wp-json\/wp\/v2\/product_brand?post=158883"},{"taxonomy":"product_cat","embeddable":true,"href":"https:\/\/www.acrartex.com\/es\/wp-json\/wp\/v2\/product_cat?post=158883"},{"taxonomy":"product_tag","embeddable":true,"href":"https:\/\/www.acrartex.com\/es\/wp-json\/wp\/v2\/product_tag?post=158883"}],"curies":[{"name":"wp","href":"https:\/\/api.w.org\/{rel}","templated":true}]}}