{"id":158858,"date":"2021-03-16T08:18:12","date_gmt":"2021-03-16T13:18:12","guid":{"rendered":"https:\/\/www.acrartex.com\/products\/pa-programado-para-c406-n\/"},"modified":"2021-03-16T08:18:12","modified_gmt":"2021-03-16T13:18:12","slug":"pa-programado-para-c406-n","status":"publish","type":"product","link":"https:\/\/www.acrartex.com\/es\/products\/pa-programado-para-c406-n\/","title":{"rendered":"PA programado para C406-N"},"content":{"rendered":"","protected":false},"excerpt":{"rendered":"<p>El adaptador de programaci\u00f3n Artex (PA) es un accesorio opcional para la serie C406-N de ELT y reprogramar\u00e1 autom\u00e1ticamente un ELT C406-N, sobrescribiendo los datos almacenados previamente para un mantenimiento eficiente de la flota.<\/p>\n<p>&nbsp;<\/p>\n","protected":false},"featured_media":158906,"template":"","meta":{"_acf_changed":false,"om_disable_all_campaigns":false},"product_brand":[],"product_cat":[5527,2926],"product_tag":[14402,14384,14379,14390,14395,14420,14425,14407,14415],"class_list":{"0":"post-158858","1":"product","2":"type-product","3":"status-publish","4":"has-post-thumbnail","6":"product_cat-aviacion","7":"product_cat-sin-categoria","8":"product_tag-accesorio-elt-opcional","9":"product_tag-adaptador","10":"product_tag-adaptador-de-programacion","11":"product_tag-adaptador-de-programacion-artex","12":"product_tag-adaptador-de-programacion-artex-pa","13":"product_tag-mantenimiento-eficiente-de-la-flota","14":"product_tag-numero-de-pieza-453-5078","15":"product_tag-reprogramar-automaticamente-el-c406-n-elt","16":"product_tag-sobrescribiendo-datos-previamente-almacenados","18":"first","19":"instock","20":"taxable","21":"shipping-taxable","22":"product-type-simple"},"acf":[],"_links":{"self":[{"href":"https:\/\/www.acrartex.com\/es\/wp-json\/wp\/v2\/product\/158858","targetHints":{"allow":["GET"]}}],"collection":[{"href":"https:\/\/www.acrartex.com\/es\/wp-json\/wp\/v2\/product"}],"about":[{"href":"https:\/\/www.acrartex.com\/es\/wp-json\/wp\/v2\/types\/product"}],"wp:featuredmedia":[{"embeddable":true,"href":"https:\/\/www.acrartex.com\/es\/wp-json\/wp\/v2\/media\/158906"}],"wp:attachment":[{"href":"https:\/\/www.acrartex.com\/es\/wp-json\/wp\/v2\/media?parent=158858"}],"wp:term":[{"taxonomy":"product_brand","embeddable":true,"href":"https:\/\/www.acrartex.com\/es\/wp-json\/wp\/v2\/product_brand?post=158858"},{"taxonomy":"product_cat","embeddable":true,"href":"https:\/\/www.acrartex.com\/es\/wp-json\/wp\/v2\/product_cat?post=158858"},{"taxonomy":"product_tag","embeddable":true,"href":"https:\/\/www.acrartex.com\/es\/wp-json\/wp\/v2\/product_tag?post=158858"}],"curies":[{"name":"wp","href":"https:\/\/api.w.org\/{rel}","templated":true}]}}