{"id":158824,"date":"2021-03-16T08:21:05","date_gmt":"2021-03-16T13:21:05","guid":{"rendered":"https:\/\/www.acrartex.com\/products\/aislink-mob\/"},"modified":"2026-05-05T08:02:46","modified_gmt":"2026-05-05T13:02:46","slug":"aislink-mob","status":"publish","type":"product","link":"https:\/\/www.acrartex.com\/es\/products\/aislink-mob\/","title":{"rendered":"AISLink MOB"},"content":{"rendered":"<p>La AIS personal AISLink MOB ( MOB ) se activa autom\u00e1ticamente al inflar el chaleco salvavidas y env\u00eda una alerta inicial en 15 segundos a todos los receptores y plotters AIS cercanos. Se transmiten mensajes de posicionamiento y de emergencia MOB , alertando a embarcaciones hasta a 8 km de su situaci\u00f3n de emergencia. <\/p>\n<p>Incluso en mares moderados, es alarmante la rapidez con la que se puede perder la visibilidad de un hombre al agua. El GPS integrado del AISLink MOB localiza r\u00e1pidamente una ubicaci\u00f3n precisa y la transmite como parte del mensaje de alerta AIS a todas las embarcaciones locales equipadas con AIS . El AISLink MOB tambi\u00e9n puede alertar a la tripulaci\u00f3n de la emergencia activando la alarma DSC en la VHF de su embarcaci\u00f3n. Todos los receptores y plotters AIS AIS en un radio de 8 km (seg\u00fan las condiciones) reciben alertas, y una luz estrobosc\u00f3pica integrada de alta intensidad facilita un posicionamiento preciso incluso con poca luz. Las potentes bater\u00edas de metal de litio ofrecen m\u00e1s de 24 horas de vida \u00fatil, y la carcasa resistente a impactos puede resistir una ca\u00edda de 20 m.    <\/p>\n<p>&nbsp;<\/p>\n<h2><strong>Compatibilidad:  <\/strong><\/h2>\n<p>Tenga en cuenta que la mayor\u00eda de los plotters AIS y unidades DSC VHF modernos cumplen con los est\u00e1ndares para recibir transmisiones MOB . Sin embargo, se recomienda consultar con el fabricante de su equipo para garantizar la compatibilidad. La funcionalidad DSC puede variar o estar completamente deshabilitada seg\u00fan la normativa de cada pa\u00eds.  <\/p>\n<p>&nbsp;<\/p>\n<h2><strong>Caracter\u00edsticas y beneficios:<\/strong><\/h2>\n<ul>\n<li>Alerta dual mediante AIS y localizador personal DSC<\/li>\n<li>GPS integrado para una precisi\u00f3n de ubicaci\u00f3n excepcional<\/li>\n<li>Integraci\u00f3n sencilla del chaleco salvavidas<\/li>\n<li>Activaci\u00f3n manual o autom\u00e1tica<\/li>\n<li>Alerta a embarcaciones equipadas con AIS hasta 5 millas (4,3 NM) de distancia<\/li>\n<li>M\u00e1s de 24 horas de vida \u00fatil y 7 a\u00f1os de duraci\u00f3n de la bater\u00eda<\/li>\n<li>Luz estrobosc\u00f3pica LED ultrabrillante<\/li>\n<li>Resistente y resistente al agua hasta 10 metros.<\/li>\n<\/ul>\n","protected":false},"excerpt":{"rendered":"<p>Las situaciones de ca\u00edda al agua pueden ser menos escalofriantes con la baliza de hombre al agua ( MOB ) Automatic Identification System ( AIS ). AISLink integra Llamada Selectiva Digital (DSC) y tecnolog\u00eda GPS , para que pueda pedir ayuda r\u00e1pidamente cuando m\u00e1s la necesite. A diferencia de una <a href=\"https:\/\/www.acrartex.com\/es\/products\/personal-locator-beacon-resqlink-400\/\">baliza de localizaci\u00f3n personal<\/a> , que env\u00eda se\u00f1ales a los sat\u00e9lites de b\u00fasqueda y rescate en \u00f3rbita, AISLink env\u00eda un mensaje de alerta en segundos a todas las embarcaciones locales con un receptor AIS o un plotter compatible con AIS . Adem\u00e1s, la alarma DSC de la radio VHF de su embarcaci\u00f3n tambi\u00e9n puede activarse para avisar a los servicios de emergencia de lo que ocurre.   <\/p>\n<p>Aseg\u00farese de revisar peri\u00f3dicamente nuestra pesta\u00f1a de descargas para obtener actualizaciones de productos, incluidas aprobaciones y cambios manuales.<\/p>\n<p><a href=\"https:\/\/www.acrartex.com\/es\/programacion-mob-de-aislink\/\">Configurar AISLink MOB<\/a><\/p>\n<p>&nbsp;<\/p>\n<p>&nbsp;<\/p>\n","protected":false},"featured_media":158843,"template":"","meta":{"_acf_changed":false,"om_disable_all_campaigns":false},"product_brand":[],"product_cat":[5775],"product_tag":[14346,9565,14338,11410,11829,9564,5828,11417,11850,14329,14364,14355,11403,12633,9664,11950],"class_list":{"0":"post-158824","1":"product","2":"type-product","3":"status-publish","4":"has-post-thumbnail","6":"product_cat-marina-es","7":"product_tag-2886-es","8":"product_tag-ais-es","9":"product_tag-ais-mob-es","10":"product_tag-aislink-mob-es","11":"product_tag-dsc-es","12":"product_tag-enlace-ais","13":"product_tag-gps-es","14":"product_tag-hombre-al-agua","15":"product_tag-hombre-al-agua-es","16":"product_tag-llamada-selectiva-digital","17":"product_tag-localizador-personal-ais","18":"product_tag-localizador-personal-dsc","19":"product_tag-mob-es","20":"product_tag-radio-marina-es","21":"product_tag-radio-marina-vhf-es-2","22":"product_tag-trafico-maritimo","23":"pa_boat-size-21-40-es","24":"pa_boat-size-40-80-es","25":"pa_boat-size-80-es","26":"pa_boat-type-artesania-deportiva","27":"pa_boat-type-buque-de-carga","28":"pa_boat-type-lancha-fuera-borda","29":"pa_boat-type-pesca-comercial","30":"pa_boat-type-remolcador","31":"pa_boat-type-velero","32":"pa_boat-type-yate","33":"pa_boat-type-yate-de-alquiler","34":"pa_product-legado","36":"first","37":"instock","38":"taxable","39":"shipping-taxable","40":"product-type-simple"},"acf":[],"_links":{"self":[{"href":"https:\/\/www.acrartex.com\/es\/wp-json\/wp\/v2\/product\/158824","targetHints":{"allow":["GET"]}}],"collection":[{"href":"https:\/\/www.acrartex.com\/es\/wp-json\/wp\/v2\/product"}],"about":[{"href":"https:\/\/www.acrartex.com\/es\/wp-json\/wp\/v2\/types\/product"}],"wp:featuredmedia":[{"embeddable":true,"href":"https:\/\/www.acrartex.com\/es\/wp-json\/wp\/v2\/media\/158843"}],"wp:attachment":[{"href":"https:\/\/www.acrartex.com\/es\/wp-json\/wp\/v2\/media?parent=158824"}],"wp:term":[{"taxonomy":"product_brand","embeddable":true,"href":"https:\/\/www.acrartex.com\/es\/wp-json\/wp\/v2\/product_brand?post=158824"},{"taxonomy":"product_cat","embeddable":true,"href":"https:\/\/www.acrartex.com\/es\/wp-json\/wp\/v2\/product_cat?post=158824"},{"taxonomy":"product_tag","embeddable":true,"href":"https:\/\/www.acrartex.com\/es\/wp-json\/wp\/v2\/product_tag?post=158824"}],"curies":[{"name":"wp","href":"https:\/\/api.w.org\/{rel}","templated":true}]}}