{"id":158735,"date":"2021-03-16T08:19:59","date_gmt":"2021-03-16T13:19:59","guid":{"rendered":"https:\/\/www.acrartex.com\/products\/l8-3\/"},"modified":"2021-03-16T08:19:59","modified_gmt":"2021-03-16T13:19:59","slug":"l8-3","status":"publish","type":"product","link":"https:\/\/www.acrartex.com\/es\/products\/l8-3\/","title":{"rendered":"L8-3"},"content":{"rendered":"<ul>\n<li>Aprobado por la Guardia Costera para su uso en chalecos salvavidas<\/li>\n<li>La combinaci\u00f3n de l\u00e1mpara y lente produce una luz brillante visible a m\u00e1s de 1 milla<\/li>\n<li>Funciona en agua dulce o salada.<\/li>\n<li>Cable de longitud est\u00e1ndar de 18 pulgadas (46 cm); algunas longitudes personalizadas est\u00e1n disponibles (se aplican cantidades m\u00ednimas)<\/li>\n<li>Bater\u00eda activada por agua<\/li>\n<li>La vida \u00fatil de la operaci\u00f3n supera las 8 horas<\/li>\n<li>Vida \u00fatil de almacenamiento de 5 a\u00f1os<\/li>\n<\/ul>\n","protected":false},"excerpt":{"rendered":"<p>La L8-3 es una luz de rescate personal que se activa con el agua, aprobada por la Guardia Costera para su uso en chalecos salvavidas. La combinaci\u00f3n de l\u00e1mpara y lente de la L8-3 produce una luz potente, visible a m\u00e1s de una milla de distancia. Esta luz de rescate tiene una bater\u00eda que se activa con el agua y, una vez activada, dura 8 horas.  <\/p>\n<p>&nbsp;<\/p>\n","protected":false},"featured_media":158743,"template":"","meta":{"_acf_changed":false,"om_disable_all_campaigns":false},"product_brand":[],"product_cat":[5984,5986,5775,5985],"product_tag":[10673,10667,10674,10678,10665,8064,10670,10672,10669,10668,10671,10664,14273,10666,10662],"class_list":{"0":"post-158735","1":"product","2":"type-product","3":"status-publish","4":"has-post-thumbnail","6":"product_cat-cerca-de-la-costa","7":"product_cat-comercial","8":"product_cat-marina-es","9":"product_cat-off-shore-es","10":"product_tag-artex-pfd-es","11":"product_tag-chaleco-salvavidas-ligero-de-aviacion","12":"product_tag-l8-luz","13":"product_tag-l8-3-es","14":"product_tag-luces-de-rescate","15":"product_tag-luces-estroboscopicas","16":"product_tag-luces-estroboscopicas-acr","17":"product_tag-luz-artex","18":"product_tag-luz-de-aviacion","19":"product_tag-luz-de-dfp-de-aviacion","20":"product_tag-luz-de-rescate","21":"product_tag-luz-estroboscopica-acr","22":"product_tag-luz-estroboscopica-de-emergencia-es-3","23":"product_tag-luz-estroboscopica-de-rescate","24":"product_tag-luz-estroboscopica-marina","25":"pa_product-legado","27":"first","28":"outofstock","29":"taxable","30":"shipping-taxable","31":"product-type-simple"},"acf":[],"_links":{"self":[{"href":"https:\/\/www.acrartex.com\/es\/wp-json\/wp\/v2\/product\/158735","targetHints":{"allow":["GET"]}}],"collection":[{"href":"https:\/\/www.acrartex.com\/es\/wp-json\/wp\/v2\/product"}],"about":[{"href":"https:\/\/www.acrartex.com\/es\/wp-json\/wp\/v2\/types\/product"}],"wp:featuredmedia":[{"embeddable":true,"href":"https:\/\/www.acrartex.com\/es\/wp-json\/wp\/v2\/media\/158743"}],"wp:attachment":[{"href":"https:\/\/www.acrartex.com\/es\/wp-json\/wp\/v2\/media?parent=158735"}],"wp:term":[{"taxonomy":"product_brand","embeddable":true,"href":"https:\/\/www.acrartex.com\/es\/wp-json\/wp\/v2\/product_brand?post=158735"},{"taxonomy":"product_cat","embeddable":true,"href":"https:\/\/www.acrartex.com\/es\/wp-json\/wp\/v2\/product_cat?post=158735"},{"taxonomy":"product_tag","embeddable":true,"href":"https:\/\/www.acrartex.com\/es\/wp-json\/wp\/v2\/product_tag?post=158735"}],"curies":[{"name":"wp","href":"https:\/\/api.w.org\/{rel}","templated":true}]}}