{"id":158716,"date":"2021-03-16T08:25:51","date_gmt":"2021-03-16T13:25:51","guid":{"rendered":"https:\/\/www.acrartex.com\/products\/luz-de-senalizacion-para-aro-salvavidas-sm-3-solas\/"},"modified":"2026-03-06T10:52:21","modified_gmt":"2026-03-06T15:52:21","slug":"luz-de-senalizacion-para-aro-salvavidas-sm-3-solas","status":"publish","type":"product","link":"https:\/\/www.acrartex.com\/es\/products\/luz-de-senalizacion-para-aro-salvavidas-sm-3-solas\/","title":{"rendered":"Luz de se\u00f1alizaci\u00f3n para aro salvavidas SM-3 SOLAS"},"content":{"rendered":"<p style=\"margin: 0in 0in 0.0001pt;\"><span style=\"font-size: 10pt;\"><span style=\"font-size: 11.0pt;\">La luz salvavidas SM-3 SOLAS, con una intensidad lum\u00ednica m\u00ednima de 3 candelas durante toda su vida \u00fatil, este estroboscopio LED de alta intensidad marca la posici\u00f3n de la tripulaci\u00f3n al agua con cada destello brillante. Se endereza autom\u00e1ticamente y se activa en el agua, garantizando que la activaci\u00f3n nunca sea un problema que preocupe a un tripulante en apuros. La SM-3 funciona con dos pilas de litio AA reemplazables por el usuario, lo que le permite una mayor vida \u00fatil que muchas luces salvavidas desechables del mercado.  <\/span><\/span><\/p>\n<p>&nbsp;<\/p>\n<p style=\"margin: 0in 0in 0.0001pt;\"><span style=\"font-size: 10pt;\"><span style=\"font-size: 11.0pt;\">El soporte de montaje incluido mantiene el SM-3 seguro en las condiciones m\u00e1s adversas, pero es f\u00e1cilmente accesible en caso de emergencia. Adem\u00e1s, aunque el SM-3 y su soporte son significativamente m\u00e1s peque\u00f1os que los SM-2, el soporte del SM-3 mantiene el mismo patr\u00f3n de orificios de montaje que el SM-2, lo que facilita su instalaci\u00f3n sin necesidad de una placa adaptadora adicional. <\/span><\/span><\/p>\n<p style=\"margin: 0in 0in 0.0001pt;\"><span style=\"font-size: 10pt;\"><span style=\"font-size: 11.0pt;\">La SM-3 cuenta con la aprobaci\u00f3n internacional de la USCG\/MED\/SOLAS y, por lo tanto, esta resistente luz LED marcadora es una excelente opci\u00f3n para embarcaciones que necesitan cumplir con los requisitos de la USCG y SOLAS para la instalaci\u00f3n de luces de encendido autom\u00e1tico en aros salvavidas. Seg\u00fan los requisitos de la USCG y SOLAS para buques de pasajeros y carga, al menos la mitad del n\u00famero total de aros salvavidas a bordo debe estar equipado con una luz de encendido autom\u00e1tico.  Los requisitos m\u00ednimos de transporte se basan en la longitud del buque y pueden variar desde un m\u00ednimo de cuatro a un m\u00ednimo de quince aros salvavidas con luces de encendido autom\u00e1tico por buque.  <\/span><\/span><\/p>\n<p>&nbsp;<\/p>\n<p style=\"margin: 0in 0in 0.0001pt;\"><span style=\"font-size: 10pt;\"><span style=\"font-size: 11.0pt;\">Su dise\u00f1o robusto ofrece mayor flexibilidad de uso. Si bien la aprobaci\u00f3n SOLAS solo exige una prueba de ca\u00edda de 30 metros, el SM-3 ha sido probado hasta 76 metros. Esto lo convierte en una opci\u00f3n vers\u00e1til para su uso en diversas plataformas o embarcaciones de diferentes tama\u00f1os.  <\/span><\/span><\/p>\n<p style=\"margin: 0in 0in 0.0001pt;\"><span style=\"font-size: 10pt;\"><span style=\"font-size: 11.0pt;\">Con su fuente de alimentaci\u00f3n de bater\u00eda de litio AA f\u00e1cilmente reemplazable, el SM-3 brindar\u00e1 a\u00f1os de servicio y estar\u00e1 listo cuando lo necesite.<\/span><\/span><\/p>\n<p>&nbsp;<\/p>\n<p><iframe loading=\"lazy\" title=\"The New ACR SM-3 Buoy Marker Light is USCG, MED, SOLAS Approved\" width=\"500\" height=\"281\" src=\"https:\/\/www.youtube.com\/embed\/hHbvfrkWlic?feature=oembed\" frameborder=\"0\" allow=\"accelerometer; autoplay; clipboard-write; encrypted-media; gyroscope; picture-in-picture; web-share\" referrerpolicy=\"strict-origin-when-cross-origin\" allowfullscreen><\/iframe><\/p>\n<h2 style=\"margin: 0in 0in 0.0001pt;\"><span style=\"font-size: 10pt;\"><b><span style=\"font-size: 12.0pt;\">Caracter\u00edsticas y beneficios:<\/span><\/b><\/span><\/h2>\n<ul>\n<li style=\"margin-right: 13.5pt; margin: 0in 0in 0.0001pt;\"><span style=\"font-size: 10pt;\"><span style=\"background: white;\"><span style=\"color: black;\"><span style=\"font-size: 11.0pt;\">Aprobado por SOLAS\/MED  <\/span><\/span><\/span><\/span><\/li>\n<li style=\"margin-right: 13.5pt; margin: 0in 0in 0.0001pt;\"><span style=\"font-size: 10pt;\"><span style=\"background: white;\"><span style=\"color: black;\"><span style=\"font-size: 11.0pt;\">Luz brillante en todas las direcciones (visibilidad de 360\u00b0)<\/span><\/span><\/span><\/span><\/li>\n<li style=\"margin-right: 13.5pt; margin: 0in 0in 0.0001pt;\"><span style=\"font-size: 10pt;\"><span style=\"background: white;\"><span style=\"font-size: 11.0pt;\"><span style=\"color: black;\">Estuche de policarbonato resistente a los rayos UV<\/span><\/span><\/span><\/span><\/li>\n<li style=\"margin-right: 13.5pt; margin: 0in 0in 0.0001pt;\"><span style=\"font-size: 10pt;\"><span style=\"background: white;\"><span style=\"color: black;\"><span style=\"font-size: 11.0pt;\">Ligero y de tama\u00f1o compacto.<\/span><\/span><\/span><\/span><\/li>\n<li style=\"margin-right: 13.5pt; margin: 0in 0in 0.0001pt;\"><span style=\"font-size: 10pt;\"><span style=\"background: white;\"><span style=\"color: black;\"><span style=\"font-size: 11.0pt;\">F\u00e1cil instalaci\u00f3n del soporte<\/span><\/span><\/span><\/span><\/li>\n<li style=\"margin-right: 13.5pt; margin: 0in 0in 0.0001pt;\"><span style=\"font-size: 10pt;\"><span style=\"background: white;\"><span style=\"color: black;\"><span style=\"font-size: 11.0pt;\">El soporte est\u00e1 incluido y mantiene el mismo patr\u00f3n de orificios que el SM-2 para una f\u00e1cil adaptaci\u00f3n.<\/span><\/span><\/span><\/span><\/li>\n<li style=\"margin-right: 13.5pt; margin: 0in 0in 0.0001pt;\"><span style=\"font-size: 10pt;\"><span style=\"background: white;\"><span style=\"color: black;\"><span style=\"font-size: 11.0pt;\">Se endereza autom\u00e1ticamente y se activa cuando est\u00e1 en el agua.<\/span><\/span><\/span><\/span><\/li>\n<li style=\"margin-right: 13.5pt; margin: 0in 0in 0.0001pt;\"><span style=\"font-size: 10pt;\"><span style=\"background: white;\"><span style=\"color: black;\"><span style=\"font-size: 11.0pt;\">Luz estrobosc\u00f3pica LED de alta intensidad<\/span><\/span><\/span><\/span><\/li>\n<li style=\"margin-right: 13.5pt; margin: 0in 0in 0.0001pt;\"><span style=\"font-size: 10pt;\"><span style=\"background: white;\"><span style=\"color: black;\"><span style=\"font-size: 11.0pt;\">Flota verticalmente en todas las condiciones.<\/span><\/span><\/span><\/span><\/li>\n<li style=\"margin-right: 13.5pt; margin: 0in 0in 0.0001pt;\"><span style=\"font-size: 10pt;\"><span style=\"background: white;\"><span style=\"color: black;\"><span style=\"font-size: 11.0pt;\">M\u00ednimo 40 horas de vida \u00fatil continua a  <\/span><span style=\"font-size: 11.0pt;\"><span style=\"background: white;\">30 <sup>o<\/sup> C (86 <sup>o<\/sup> F) o m\u00e1s de 24 horas a -1 <sup>o<\/sup> C (30 <sup>o<\/sup> F)<\/span><\/span><\/span><\/span><\/span><\/li>\n<li style=\"margin-right: 13.5pt; margin: 0in 0in 0.0001pt;\"><span style=\"font-size: 11.0pt;\"><span style=\"color: black;\">Pilas de litio AA Energizer L91 reemplazables por el usuario (no incluidas)<\/span><\/span><\/li>\n<\/ul>\n","protected":false},"excerpt":{"rendered":"<p><span style=\"font-size: 11.0pt;\"><span style=\"background: white;\"><span style=\"color: black;\">La luz de se\u00f1alizaci\u00f3n para aro salvavidas SM-3, homologada por SOLAS, es una luz LED estrobosc\u00f3pica de alta intensidad que proporciona una visibilidad de 360\u00b0 a una distancia aproximada de 3 km. Esta luz, compacta pero duradera, facilita el rescate al activarse autom\u00e1ticamente y comenzar a estrobosc\u00f3picamente en el agua, con una duraci\u00f3n de m\u00e1s de 40 horas a 30 <sup>\u00b0<\/sup> C (86 <sup>\u00b0<\/sup> F) o m\u00e1s de 24 horas a -1 <sup>\u00b0<\/sup> C (30 <sup>\u00b0<\/sup> F). Perfecta para la industria n\u00e1utica comercial, petron\u00e1utica, cruceros y cualquier otra aplicaci\u00f3n que requiera una luz de se\u00f1alizaci\u00f3n de tripulaci\u00f3n al agua (COB) fiable, la SM-3 flota verticalmente en todas las condiciones, garantizando su brillo cuando m\u00e1s la necesite.  <\/span><\/span><\/span><\/p>\n<p><a href=\"https:\/\/www.dropbox.com\/s\/0ezw0kexbm120vv\/Prop%2065%20-%20Lead%20and%20Lead%20Compounds.pdf?dl=0\">ADVERTENCIA: PROP 65<\/a><\/p>\n<p>&nbsp;<\/p>\n","protected":false},"featured_media":164464,"template":"","meta":{"_acf_changed":false,"om_disable_all_campaigns":false},"product_brand":[],"product_cat":[5775,7956],"product_tag":[14372,14358,14349,14365,14296,14341,14287,14280,11312,14312,14319,10662,14299,14305,14292,14326,14270,14263,8073,14333,8072],"class_list":{"0":"post-158716","1":"product","2":"type-product","3":"status-publish","4":"has-post-thumbnail","6":"product_cat-marina-es","7":"product_cat-productos-de-senalizacion","8":"product_tag-3947-es","9":"product_tag-acr-sm-2-es","10":"product_tag-acr-sm2-es","11":"product_tag-aprobacion-de-solas","12":"product_tag-estroboscopio-sm-3","13":"product_tag-luz-de-boya-de-anillo","14":"product_tag-luz-de-posicion-sm-3","15":"product_tag-luz-de-posicion-sm3","16":"product_tag-luz-de-rescate-estroboscopica","17":"product_tag-luz-de-tripulacion-al-agua","18":"product_tag-luz-estroboscopica-de-tripulacion-al-agua","19":"product_tag-luz-estroboscopica-marina","20":"product_tag-luz-salvavidas","21":"product_tag-luz-salvavidas-autoencendida","22":"product_tag-luz-sm3","23":"product_tag-luz-solas","24":"product_tag-sm-3-es","25":"product_tag-sm3-es","26":"product_tag-smssm","27":"product_tag-smssm-ligero","28":"product_tag-solas-es","29":"pa_boat-size-0-20-es","30":"pa_boat-size-21-40-es","31":"pa_boat-size-40-80-es","32":"pa_boat-size-80-es","33":"pa_boat-type-buque-de-carga","34":"pa_boat-type-pesca-comercial","35":"pa_boat-type-remolcador","36":"pa_boat-type-velero","37":"pa_boat-type-yate","38":"pa_boat-type-yate-de-alquiler","39":"pa_product-luces-de-rescate","40":"pa_product-productos-de-senalizacion","41":"pa_product-rescue-beacons-vhf-sart-es","43":"first","44":"instock","45":"taxable","46":"shipping-taxable","47":"purchasable","48":"product-type-simple"},"acf":[],"_links":{"self":[{"href":"https:\/\/www.acrartex.com\/es\/wp-json\/wp\/v2\/product\/158716","targetHints":{"allow":["GET"]}}],"collection":[{"href":"https:\/\/www.acrartex.com\/es\/wp-json\/wp\/v2\/product"}],"about":[{"href":"https:\/\/www.acrartex.com\/es\/wp-json\/wp\/v2\/types\/product"}],"wp:featuredmedia":[{"embeddable":true,"href":"https:\/\/www.acrartex.com\/es\/wp-json\/wp\/v2\/media\/164464"}],"wp:attachment":[{"href":"https:\/\/www.acrartex.com\/es\/wp-json\/wp\/v2\/media?parent=158716"}],"wp:term":[{"taxonomy":"product_brand","embeddable":true,"href":"https:\/\/www.acrartex.com\/es\/wp-json\/wp\/v2\/product_brand?post=158716"},{"taxonomy":"product_cat","embeddable":true,"href":"https:\/\/www.acrartex.com\/es\/wp-json\/wp\/v2\/product_cat?post=158716"},{"taxonomy":"product_tag","embeddable":true,"href":"https:\/\/www.acrartex.com\/es\/wp-json\/wp\/v2\/product_tag?post=158716"}],"curies":[{"name":"wp","href":"https:\/\/api.w.org\/{rel}","templated":true}]}}