{"id":158702,"date":"2021-03-16T08:20:16","date_gmt":"2021-03-16T13:20:16","guid":{"rendered":"https:\/\/www.acrartex.com\/products\/pathfinder-pro-sart\/"},"modified":"2026-01-07T14:11:06","modified_gmt":"2026-01-07T19:11:06","slug":"pathfinder-pro-sart","status":"publish","type":"product","link":"https:\/\/www.acrartex.com\/es\/products\/pathfinder-pro-sart\/","title":{"rendered":"Pathfinder \u2122 PRO SART"},"content":{"rendered":"<p>El Pathfinder Pro es un transpondedor de b\u00fasqueda y rescate (SART) totalmente homologado que cumple con las normas SOLAS de la OMI. Al ser interrogado por el radar, el Pathfinder Pro devuelve 12 se\u00f1ales intensas a la pantalla del radar del barco, lo que facilita enormemente las labores de b\u00fasqueda y rescate. Su bater\u00eda de litio de alta calidad ofrece m\u00e1s de 96 horas de autonom\u00eda en modo de espera (a la espera de ser interrogado por el radar) y 12 horas de autonom\u00eda activa (mientras es interrogado por el radar).  <\/p>\n<p>El Pathfinder Pro incluye un elegante soporte de pared para mantener este SART compacto, pero accesible en caso de emergencia. El poste telesc\u00f3pico opcional se conecta f\u00e1cilmente a la base del SART y proporciona m\u00e1xima altura y visibilidad desde una embarcaci\u00f3n salvavidas. El SART tambi\u00e9n puede suspenderse dentro de la embarcaci\u00f3n para un uso manos libres.  <\/p>\n<p>Un transpondedor de b\u00fasqueda y rescate (SART) es obligatorio para todos los buques comerciales que deben cumplir con el SMSSM y cualquier buque que lleve m\u00e1s de una balsa salvavidas.<\/p>\n<p>&nbsp;<\/p>\n<p><strong><em>Requisitos de transporte<\/em><\/strong><\/p>\n<ul>\n<li>Todo buque SOLAS de la OMI en viajes internacionales debe llevar un SART.<\/li>\n<li>300-500 toneladas de registro bruto (TRB) deben llevar un m\u00ednimo de 1 SART<\/li>\n<li>M\u00e1s de 500 toneladas de registro bruto (TRB) deben llevar un m\u00ednimo de 2 SART<\/li>\n<li>1 SART por cada cuatro balsas salvavidas en buques de pasajeros Ro-Ro<\/li>\n<\/ul>\n<p><strong><em>Caracter\u00edsticas<\/em><\/strong><\/p>\n<ul>\n<li>Mejora los retornos de radar con 12 destellos intensos, donde el primer destello representa la ubicaci\u00f3n del SART.<\/li>\n<li>La unidad transmite a trav\u00e9s del radar marino de banda de 9,2-9,5 GHz cuando es interrogada por el radar.<\/li>\n<li>Soporte de montaje de embarcaci\u00f3n y poste plegable<\/li>\n<li>Unidad compacta de 8,94 x 2,56 pulgadas (227 mm x 65 mm) que se guarda f\u00e1cilmente en una balsa salvavidas.<\/li>\n<li>Resistente al agua hasta 10 metros (33 pies)<\/li>\n<li>La bater\u00eda de litio no peligrosa (vida \u00fatil de reemplazo de 5 a\u00f1os) funciona durante m\u00e1s de 96 horas en modo de espera, m\u00e1s 12 horas de funcionamiento adicionales.<\/li>\n<li>Certificaciones mundiales; cumple con los est\u00e1ndares IMO, MED, FCC e IEC<\/li>\n<li>Vida \u00fatil: 96 horas en modo de espera; m\u00e1s de 12 horas en modo operativo<\/li>\n<li>Aplicaci\u00f3n: requisito obligatorio para todos los buques regidos por el SMSSM; cualquier yate o embarcaci\u00f3n que lleve m\u00e1s de una balsa salvavidas para acomodar a la tripulaci\u00f3n y los pasajeros.<\/li>\n<\/ul>\n","protected":false},"excerpt":{"rendered":"<p>Mant\u00e9ngase seguro en el mar con el transpondedor de b\u00fasqueda y rescate (SART) Pathfinder \u2122 PRO. Este SART cumple con la normativa SOLAS de la OMI y cuenta con una bater\u00eda de litio de alta calidad que ofrece m\u00e1s de 96 horas de autonom\u00eda en modo de espera y 12 horas de autonom\u00eda activa. El compacto Pathfinder PRO incluye un elegante soporte de pared que lo mantiene fuera del alcance, pero a la vez f\u00e1cilmente accesible en caso de emergencia. El SART es obligatorio para todas las embarcaciones comerciales que deben cumplir con el SMSSM y para cualquier embarcaci\u00f3n que transporte m\u00e1s de una balsa salvavidas.   <\/p>\n<p>&nbsp;<\/p>\n<p><a href=\"https:\/\/www.dropbox.com\/s\/fk04stqsp2hgk5f\/Prop%2065%20-%20DEHP.pdf?dl=0\">ADVERTENCIA: PROP 65<\/a><\/p>\n<p>&nbsp;<\/p>\n","protected":false},"featured_media":158736,"template":"","meta":{"_acf_changed":false,"om_disable_all_campaigns":false},"product_brand":[],"product_cat":[5986,5775,5985],"product_tag":[13372,13311,13365,13320,13315,14262,13349,13341,13323,13325,13334,13355,13330,14255,13344,13338,13369,13304,13308,13327,13360],"class_list":{"0":"post-158702","1":"product","2":"type-product","3":"status-publish","4":"has-post-thumbnail","6":"product_cat-comercial","7":"product_cat-marina-es","8":"product_cat-off-shore-es","9":"product_tag-aprobaciones-de-inicio","10":"product_tag-bateria-de-arranque","11":"product_tag-iniciar-gmdss","12":"product_tag-iniciar-la-fiv","13":"product_tag-inicio-acr","14":"product_tag-inicio-de-la-radiobaliza-epirb","15":"product_tag-inicio-de-prueba","16":"product_tag-inicio-del-gmdss","17":"product_tag-inicio-del-otono","18":"product_tag-jotron-start","19":"product_tag-jotron-tron-sart-es","20":"product_tag-marinero","21":"product_tag-mcmurdo-sart-es","22":"product_tag-mejor-comienzo","23":"product_tag-probador-de-arranque","24":"product_tag-prueba-de-inicio","25":"product_tag-requisitos-de-inicio","26":"product_tag-sart-es","27":"product_tag-transpondedor-de-inicio","28":"product_tag-tron-sart-es","29":"product_tag-tron-sart-20-es","30":"pa_boat-size-80-es","31":"pa_boat-type-buque-de-carga","32":"pa_boat-type-pesca-comercial","33":"pa_boat-type-velero","34":"pa_boat-type-yate","35":"pa_boat-type-yate-de-alquiler","36":"pa_product-accesorios-de-seguridad","37":"pa_product-productos-de-senalizacion","38":"pa_product-rescue-beacons-vhf-sart-es","40":"first","41":"instock","42":"taxable","43":"shipping-taxable","44":"purchasable","45":"product-type-simple"},"acf":[],"_links":{"self":[{"href":"https:\/\/www.acrartex.com\/es\/wp-json\/wp\/v2\/product\/158702","targetHints":{"allow":["GET"]}}],"collection":[{"href":"https:\/\/www.acrartex.com\/es\/wp-json\/wp\/v2\/product"}],"about":[{"href":"https:\/\/www.acrartex.com\/es\/wp-json\/wp\/v2\/types\/product"}],"wp:featuredmedia":[{"embeddable":true,"href":"https:\/\/www.acrartex.com\/es\/wp-json\/wp\/v2\/media\/158736"}],"wp:attachment":[{"href":"https:\/\/www.acrartex.com\/es\/wp-json\/wp\/v2\/media?parent=158702"}],"wp:term":[{"taxonomy":"product_brand","embeddable":true,"href":"https:\/\/www.acrartex.com\/es\/wp-json\/wp\/v2\/product_brand?post=158702"},{"taxonomy":"product_cat","embeddable":true,"href":"https:\/\/www.acrartex.com\/es\/wp-json\/wp\/v2\/product_cat?post=158702"},{"taxonomy":"product_tag","embeddable":true,"href":"https:\/\/www.acrartex.com\/es\/wp-json\/wp\/v2\/product_tag?post=158702"}],"curies":[{"name":"wp","href":"https:\/\/api.w.org\/{rel}","templated":true}]}}