{"id":158367,"date":"2021-04-09T11:18:09","date_gmt":"2021-04-09T16:18:09","guid":{"rendered":"https:\/\/www.acrartex.com\/products\/luz-de-localizacion-de-aviacion-lnk-al15-tso-c85b\/"},"modified":"2021-04-09T11:18:09","modified_gmt":"2021-04-09T16:18:09","slug":"luz-de-localizacion-de-aviacion-lnk-al15-tso-c85b","status":"publish","type":"product","link":"https:\/\/www.acrartex.com\/es\/products\/luz-de-localizacion-de-aviacion-lnk-al15-tso-c85b\/","title":{"rendered":"Luz de localizaci\u00f3n de aviaci\u00f3n LNK-AL15 (TSO-C85b)"},"content":{"rendered":"<p style=\"margin: 0in 0in 0.0001pt;\"><span style=\"font-size: 10pt;\"><span style=\"font-size: 11.0pt;\"><span style=\"background: white;\"><span style=\"color: black;\">La luz LNK-AL15 est\u00e1 disponible con los tres n\u00fameros de pieza que se indican a continuaci\u00f3n, correspondientes a diferentes longitudes de cable. La posibilidad de ofrecer m\u00faltiples longitudes de cable proporciona mayor flexibilidad para diferentes escenarios de instalaci\u00f3n. Las longitudes de cable disponibles para la LNK-AL15 son de 9\u201d, 18\u201d y 24\u201d.    <\/span><\/span><\/span><\/span><\/p>\n<p>&nbsp;<\/p>\n<p style=\"margin: 0in 0in 0.0001pt;\"><span style=\"font-size: 10pt;\"><b><span style=\"font-size: 11.0pt;\">N\u00fameros de pieza ACR :<\/span><\/b><\/span><\/p>\n<p style=\"margin: 0in 0in 0.0001pt;\"><span style=\"font-size: 10pt;\"><span style=\"font-size: 11.0pt;\">1503023B \u2013 Longitud del cable: 9\u201d (23 cm)<\/span><\/span><\/p>\n<p style=\"margin: 0in 0in 0.0001pt;\"><span style=\"font-size: 10pt;\"><span style=\"font-size: 11.0pt;\">1503046B \u2013 Longitud del cable: 18\u201d (46 cm)<\/span><\/span><\/p>\n<p style=\"margin: 0in 0in 0.0001pt;\"><span style=\"font-size: 10pt;\"><span style=\"font-size: 11.0pt;\">1503061B \u2013 Longitud del cable: 24\u201d (61 cm)<\/span><\/span><\/p>\n<p>&nbsp;<\/p>\n<p style=\"margin: 0in 0in 0.0001pt;\"><span style=\"font-size: 10pt;\"><b><span style=\"font-size: 12.0pt;\">Caracter\u00edsticas y beneficios:<\/span><\/b><\/span><\/p>\n<ul>\n<li style=\"margin-right: 13.5pt; margin: 0in 0in 0.0001pt;\"><span style=\"font-size: 10pt;\"><span style=\"background: white;\"><span style=\"color: black;\"><span style=\"font-size: 11.0pt;\">Luz de localizaci\u00f3n de aviaci\u00f3n homologada TSO-C85b<\/span><\/span><\/span><\/span><\/li>\n<li style=\"margin-right: 13.5pt; margin: 0in 0in 0.0001pt;\"><span style=\"font-size: 10pt;\"><span style=\"background: white;\"><span style=\"color: black;\"><span style=\"font-size: 11.0pt;\">Bombilla LED de alta eficiencia<\/span><\/span><\/span><\/span><\/li>\n<li style=\"margin-right: 13.5pt; margin: 0in 0in 0.0001pt;\"><span style=\"font-size: 10pt;\"><span style=\"background: white;\"><span style=\"font-size: 11.0pt;\"><span style=\"color: black;\">Integraci\u00f3n sencilla de chalecos salvavidas<\/span><\/span><\/span><\/span><\/li>\n<li style=\"margin-right: 13.5pt; margin: 0in 0in 0.0001pt;\"><span style=\"font-size: 10pt;\"><span style=\"background: white;\"><span style=\"color: black;\"><span style=\"font-size: 11.0pt;\">Dise\u00f1o ultra peque\u00f1o y ligero<\/span><\/span><\/span><\/span><\/li>\n<li style=\"margin-right: 13.5pt; margin: 0in 0in 0.0001pt;\"><span style=\"font-size: 10pt;\"><span style=\"background: white;\"><span style=\"color: black;\"><span style=\"font-size: 11.0pt;\">Agua activada (agua dulce y salada)<\/span><\/span><\/span><\/span><\/li>\n<li style=\"margin-right: 13.5pt; margin: 0in 0in 0.0001pt;\"><span style=\"font-size: 10pt;\"><span style=\"background: white;\"><span style=\"color: black;\"><span style=\"font-size: 11.0pt;\">Vida \u00fatil indefinida de la bater\u00eda*<\/span><\/span><\/span><\/span><\/li>\n<\/ul>\n<p><span style=\"font-size: 11.0pt;\"><span style=\"color: black;\">*Suponiendo que la luz no entre en contacto accidentalmente con el agua y se almacene seg\u00fan los requisitos de almacenamiento establecidos.<\/span><\/span><\/p>\n","protected":false},"excerpt":{"rendered":"<p style=\"margin: 0in 0in 0.0001pt;\"><span style=\"font-size: 10pt;\"><span style=\"font-size: 11.0pt;\"><span style=\"background: white;\"><span style=\"color: black;\">La LNK-AL15 es una luz LED de localizaci\u00f3n de supervivientes activada por agua, aprobada por la FAA TSO-C85b, y homologada para su uso en chalecos salvavidas o flotadores salvavidas para indicar la ubicaci\u00f3n de supervivientes en el agua tras un accidente de aviaci\u00f3n. La combinaci\u00f3n de l\u00e1mpara y lente de la LNK-AL15 produce una potente luz que dura al menos 8 horas tras su activaci\u00f3n, con una intensidad m\u00ednima de 1 cd. Durante toda su vida \u00fatil, la luz emitir\u00e1 una luz blanca fija y continua para indicar claramente la ubicaci\u00f3n del superviviente y aumentar la probabilidad de rescate.    <strong>Empaquetado en caja de 300 unidades.<\/strong><\/span><\/span><\/span><\/span><\/p>\n<p><a href=\"ventas@acrartex.com\">Solicitar una cotizaci\u00f3n para pedidos al por mayor<\/a><\/p>\n","protected":false},"featured_media":12512,"template":"","meta":{"_acf_changed":false,"om_disable_all_campaigns":false},"product_brand":[],"product_cat":[5527,5991,5992,8521],"product_tag":[14107,10671,14153,14163,14120,14133,14143],"class_list":{"0":"post-158367","1":"product","2":"type-product","3":"status-publish","4":"has-post-thumbnail","6":"product_cat-aviacion","7":"product_cat-aviacion-general","8":"product_cat-avion-de-negocios","9":"product_cat-aviones-comerciales","10":"product_tag-chaleco-salvavidas-ligero-de-aviacion-es","11":"product_tag-luz-de-rescate","12":"product_tag-luz-de-rescate-led","13":"product_tag-luz-led-de-localizacion-de-supervivientes-para-aviacion","14":"product_tag-luz-localizadora-de-supervivientes","15":"product_tag-luz-localizadora-de-supervivientes-de-aviacion","16":"product_tag-luz-localizadora-de-supervivientes-de-aviacion-alimentada-por-bateria-de-reserva","17":"pa_aircraft-type-avion-de-pasajeros","18":"pa_aircraft-type-aviones-de-pasajeros","19":"pa_aircraft-type-experimental-es","20":"pa_aircraft-type-grandes-aviones","21":"pa_aircraft-type-jets-de-tamano-mediano","22":"pa_aircraft-type-jets-ligeros","23":"pa_aircraft-type-multimotor","24":"pa_aircraft-type-rotocraft-es","25":"pa_aircraft-type-turbohelice","26":"pa_aircraft-type-un-solo-motor","28":"first","29":"instock","30":"taxable","31":"shipping-taxable","32":"purchasable","33":"product-type-variable"},"acf":[],"_links":{"self":[{"href":"https:\/\/www.acrartex.com\/es\/wp-json\/wp\/v2\/product\/158367","targetHints":{"allow":["GET"]}}],"collection":[{"href":"https:\/\/www.acrartex.com\/es\/wp-json\/wp\/v2\/product"}],"about":[{"href":"https:\/\/www.acrartex.com\/es\/wp-json\/wp\/v2\/types\/product"}],"wp:featuredmedia":[{"embeddable":true,"href":"https:\/\/www.acrartex.com\/es\/wp-json\/wp\/v2\/media\/12512"}],"wp:attachment":[{"href":"https:\/\/www.acrartex.com\/es\/wp-json\/wp\/v2\/media?parent=158367"}],"wp:term":[{"taxonomy":"product_brand","embeddable":true,"href":"https:\/\/www.acrartex.com\/es\/wp-json\/wp\/v2\/product_brand?post=158367"},{"taxonomy":"product_cat","embeddable":true,"href":"https:\/\/www.acrartex.com\/es\/wp-json\/wp\/v2\/product_cat?post=158367"},{"taxonomy":"product_tag","embeddable":true,"href":"https:\/\/www.acrartex.com\/es\/wp-json\/wp\/v2\/product_tag?post=158367"}],"curies":[{"name":"wp","href":"https:\/\/api.w.org\/{rel}","templated":true}]}}