{"id":158194,"date":"2021-04-09T11:17:38","date_gmt":"2021-04-09T16:17:38","guid":{"rendered":"https:\/\/www.acrartex.com\/products\/modulo-de-control-remoto-wi-fi\/"},"modified":"2021-04-09T11:17:38","modified_gmt":"2021-04-09T16:17:38","slug":"modulo-de-control-remoto-wi-fi","status":"publish","type":"product","link":"https:\/\/www.acrartex.com\/es\/products\/modulo-de-control-remoto-wi-fi\/","title":{"rendered":"M\u00f3dulo de control remoto Wi-Fi"},"content":{"rendered":"<p>Para controlar y operar el M\u00f3dulo Wi-Fi necesitar\u00e1s:<\/p>\n<ul>\n<li>Tel\u00e9fono inteligente o tableta iOS o Android adecuado<\/li>\n<li>GPS externo si desea mostrar datos de posici\u00f3n en un iPad con solo Wi-Fi u otro dispositivo m\u00f3vil sin GPS interno<\/li>\n<\/ul>\n<p>El m\u00f3dulo Wi-Fi cuenta con un cable de alimentaci\u00f3n\/datos integrado de cuatro hilos. La funci\u00f3n de cada hilo se indica en la etiqueta del producto. El m\u00f3dulo Wi-Fi cuenta con una entrada NMEA0183 que permite que un GPS externo proporcione informaci\u00f3n de posici\u00f3n para su visualizaci\u00f3n en la aplicaci\u00f3n ACR Searchlight. Esto resulta especialmente \u00fatil si el dispositivo m\u00f3vil no tiene GPS interno, como un iPad con Wi-Fi. Si no hay GPS externo conectado, la aplicaci\u00f3n utilizar\u00e1 autom\u00e1ticamente el GPS interno del dispositivo m\u00f3vil; si este no est\u00e1 disponible, no se mostrar\u00e1 la posici\u00f3n en la aplicaci\u00f3n ACR Searchlight.    <\/p>\n<p>&nbsp;<\/p>\n<h3>Instrucciones de instalaci\u00f3n de la aplicaci\u00f3n m\u00f3vil:<\/h3>\n<p><em><strong>iOS: visita la App Store de Apple, busca &#8221; ACR Searchlight&#8221; y descarga la aplicaci\u00f3n gratuita.<\/strong><\/em><\/p>\n<p><em><strong>Android: como se muestra en la captura de pantalla a continuaci\u00f3n, acceda a la configuraci\u00f3n de &#8220;Pantalla de bloqueo y seguridad&#8221; en el dispositivo m\u00f3vil que desea usar para controlar el reflector, seleccione la opci\u00f3n para permitir la instalaci\u00f3n de aplicaciones de &#8220;Fuentes desconocidas&#8221; y haga clic en &#8220;Aceptar&#8221;. Despu\u00e9s de completar estos pasos, <a href=\"https:\/\/www.dropbox.com\/scl\/fi\/7vf72mbbatofnee3bw3mx\/ACR_searchlight_release.apk?rlkey=codcu1zvl5yhy7bryqn29e8pv&amp;dl=1\">haga clic aqu\u00ed<\/a> para instalar la aplicaci\u00f3n m\u00f3vil ACR Searchlight en su dispositivo. <\/strong><\/em><\/p>\n<p><a href=\"https:\/\/www.acrartex.com\/wp-content\/uploads\/2021\/03\/Android-Searchlight-App_Download-Instructions.png\"><img loading=\"lazy\" decoding=\"async\" class=\" wp-image-83080 aligncenter\" src=\"https:\/\/www.acrartex.com\/wp-content\/uploads\/2021\/03\/Android-Searchlight-App_Download-Instructions-300x265.png\" alt=\"\" width=\"317\" height=\"280\" srcset=\"https:\/\/www.acrartex.com\/wp-content\/uploads\/2021\/03\/Android-Searchlight-App_Download-Instructions-300x265.png 300w, https:\/\/www.acrartex.com\/wp-content\/uploads\/2021\/03\/Android-Searchlight-App_Download-Instructions.png 446w\" sizes=\"auto, (max-width: 317px) 100vw, 317px\" \/><\/a><\/p>\n<p>&nbsp;<\/p>\n<p>&nbsp;<\/p>\n","protected":false},"excerpt":{"rendered":"<p>Este m\u00f3dulo de control remoto Wifi le brindar\u00e1 la flexibilidad de controlar su RCL -100LED y RCL -100D directamente desde su tel\u00e9fono m\u00f3vil.<\/p>\n<p><strong>Nota: La aplicaci\u00f3n ACR Searchlight est\u00e1 disponible para iOS y Android. Consulte la pesta\u00f1a &#8220;Descripci\u00f3n&#8221; a continuaci\u00f3n para obtener instrucciones sobre c\u00f3mo instalar la aplicaci\u00f3n en su dispositivo m\u00f3vil. <\/strong><\/p>\n<p>&nbsp;<\/p>\n<p><a href=\"https:\/\/www.dropbox.com\/s\/ezakylsa2478sav\/Prop%2065%20-%20DINP%20and%20BPA.pdf?dl=0\">ADVERTENCIA: PROP 65<\/a><\/p>\n<p>&nbsp;<\/p>\n<p><span style=\"color: #e74c3c;\">C\u00d3DIGO: <strong>SHIPFREE20<\/strong> Env\u00edo terrestre gratuito en pedidos superiores a U$30. Excluye HI y AK. <\/span><\/p>\n<p>&nbsp;<\/p>\n","protected":false},"featured_media":158302,"template":"","meta":{"_acf_changed":false,"om_disable_all_campaigns":false},"product_brand":[],"product_cat":[5984,5983,5775,5985,7182],"product_tag":[14041,14054,7200,7373,14023,14016,14008,14032,7185,7191],"class_list":{"0":"post-158194","1":"product","2":"type-product","3":"status-publish","4":"has-post-thumbnail","6":"product_cat-cerca-de-la-costa","7":"product_cat-interior","8":"product_cat-marina-es","9":"product_cat-off-shore-es","10":"product_cat-reflectores","11":"product_tag-9602-es","12":"product_tag-acr-100-dias","13":"product_tag-empresa-de-reflectores","14":"product_tag-led-acr-rcl-100","15":"product_tag-luz-de-busqueda-acr","16":"product_tag-luz-de-busqueda-marina","17":"product_tag-militar-es","18":"product_tag-modulo-de-control-wifi","19":"product_tag-reflector","20":"product_tag-reflector-de-barco","21":"pa_boat-size-21-40-es","22":"pa_boat-size-40-80-es","23":"pa_product-legado","25":"first","26":"instock","27":"taxable","28":"shipping-taxable","29":"product-type-simple"},"acf":[],"_links":{"self":[{"href":"https:\/\/www.acrartex.com\/es\/wp-json\/wp\/v2\/product\/158194","targetHints":{"allow":["GET"]}}],"collection":[{"href":"https:\/\/www.acrartex.com\/es\/wp-json\/wp\/v2\/product"}],"about":[{"href":"https:\/\/www.acrartex.com\/es\/wp-json\/wp\/v2\/types\/product"}],"wp:featuredmedia":[{"embeddable":true,"href":"https:\/\/www.acrartex.com\/es\/wp-json\/wp\/v2\/media\/158302"}],"wp:attachment":[{"href":"https:\/\/www.acrartex.com\/es\/wp-json\/wp\/v2\/media?parent=158194"}],"wp:term":[{"taxonomy":"product_brand","embeddable":true,"href":"https:\/\/www.acrartex.com\/es\/wp-json\/wp\/v2\/product_brand?post=158194"},{"taxonomy":"product_cat","embeddable":true,"href":"https:\/\/www.acrartex.com\/es\/wp-json\/wp\/v2\/product_cat?post=158194"},{"taxonomy":"product_tag","embeddable":true,"href":"https:\/\/www.acrartex.com\/es\/wp-json\/wp\/v2\/product_tag?post=158194"}],"curies":[{"name":"wp","href":"https:\/\/api.w.org\/{rel}","templated":true}]}}