{"id":157800,"date":"2021-06-21T15:30:55","date_gmt":"2021-06-21T20:30:55","guid":{"rendered":"https:\/\/www.acrartex.com\/products\/bivy-stick-comunicador-satelital\/"},"modified":"2026-03-06T09:37:38","modified_gmt":"2026-03-06T14:37:38","slug":"bivy-stick-comunicador-satelital","status":"publish","type":"product","link":"https:\/\/www.acrartex.com\/es\/products\/bivy-stick-comunicador-satelital\/","title":{"rendered":"Bivy Stick \u2013 Comunicador satelital"},"content":{"rendered":"<p><span style=\"font-weight: 400;\">Mant\u00e9ngase conectado y seguro en cualquier lugar de la Tierra con el<\/span> <b>Bivy Stick<\/b> <span style=\"font-weight: 400;\">, un dispositivo compacto y potente que transforma su tel\u00e9fono inteligente en un<\/span> <b>comunicador satelital global.<\/b><span style=\"font-weight: 400;\">. Desarrollado por el  <\/span><b>Red de sat\u00e9lites Iridium<\/b> <span style=\"font-weight: 400;\">, el Bivy Stick garantiza<\/span> <b>una cobertura global del 100%<\/b> <span style=\"font-weight: 400;\">, incluso en los entornos m\u00e1s remotos y dif\u00edciles.<\/span><\/p>\n<p><span style=\"font-weight: 400;\">Dise\u00f1ado para aventureros, exploradores y preparaci\u00f3n para emergencias, el Bivy Stick permite<\/span> <b>mensajer\u00eda satelital bidireccional<\/b> <span style=\"font-weight: 400;\">,<\/span> <b>compartir ubicaci\u00f3n GPS<\/b> <span style=\"font-weight: 400;\">y<\/span> <b>actualizaciones meteorol\u00f3gicas.<\/b><span style=\"font-weight: 400;\">\u2014todo accesible a trav\u00e9s de la aplicaci\u00f3n Bivy en iOS o Android. Su singular   <\/span><b>La funci\u00f3n GroupTrack\u2122<\/b> <span style=\"font-weight: 400;\">le permite enviar mensajes y realizar un seguimiento de hasta<\/span> <b>12 usuarios Bivy Stick<\/b> <span style=\"font-weight: 400;\">simult\u00e1neamente, lo que facilita que los equipos, gu\u00edas y familias se mantengan conectados y visibles en un mapa grupal compartido.<\/span><\/p>\n<p>En caso de emergencia, simplemente presione el <b>bot\u00f3n SOS<\/b> <span style=\"font-weight: 400;\">dedicado<\/span> <span style=\"font-weight: 400;\">para alertar instant\u00e1neamente<\/span> <b>a Global Rescue<\/b> <span style=\"font-weight: 400;\">, lo que le proporcionar\u00e1<\/span> <b>acceso las 24 horas, los 7 d\u00edas de la semana a los servicios de respuesta a emergencias.<\/b><span style=\"font-weight: 400;\">\u2014En cualquier parte del mundo. Ya sea que descargues mapas sin conexi\u00f3n, navegues por senderos inexplorados o contactes con tus seres queridos, el Bivy Stick te brinda tranquilidad y una comunicaci\u00f3n esencial cuando m\u00e1s lo necesitas. <\/span><\/p>\n<p><b>El papel de la aplicaci\u00f3n Bivy<\/b><\/p>\n<p><span style=\"font-weight: 400;\">Descubre m\u00e1s de<\/span> <b>50.000 aventuras al aire libre<\/b><span style=\"font-weight: 400;\">  con la aplicaci\u00f3n Bivy , tu herramienta todo en uno para explorar la naturaleza. Ya sea que te guste el senderismo, el ciclismo, el remo, la escalada o cualquiera de las actividades de la aplicaci\u00f3n&#8230;   <\/span><b>Con 20 tipos de aventuras compatibles<\/b> <span style=\"font-weight: 400;\">, Bivy te ayuda a encontrar el lugar perfecto y navegarlo con confianza.<\/span><\/p>\n<p><span style=\"font-weight: 400;\">Sigue tu<\/span> <b>ritmo, kilometraje y altitud<\/b><span style=\"font-weight: 400;\">Y mucho m\u00e1s a medida que exploras, y registra cada viaje para llevar un registro personal de tus aventuras. Con acceso a   <\/span><b>Mapas globales detallados sin conexi\u00f3n<\/b> <span style=\"font-weight: 400;\">, siempre sabr\u00e1s exactamente d\u00f3nde est\u00e1s, incluso sin servicio celular.<\/span><\/p>\n<p>Combinada con <b>el Bivy Stick<\/b> <span style=\"font-weight: 400;\">de ACR<\/span> <span style=\"font-weight: 400;\">, la aplicaci\u00f3n Bivy combina navegaci\u00f3n, seguimiento de viaje y<\/span> <b>comunicaci\u00f3n satelital confiable<\/b> <span style=\"font-weight: 400;\">, brindando<\/span> <b>seguridad y tranquilidad asequibles<\/b> <span style=\"font-weight: 400;\">para todos, desde exploradores de fin de semana hasta profesionales experimentados.<\/span><\/p>\n<p><b>Caracter\u00edsticas y beneficios:<\/b><\/p>\n<ul>\n<li><b>Mensajer\u00eda bidireccional confiable<\/b> <span style=\"font-weight: 400;\">:<\/span> <span style=\"font-weight: 400;\">mant\u00e9ngase conectado m\u00e1s all\u00e1 del servicio celular con mensajer\u00eda de texto bidireccional a trav\u00e9s de la red satelital global Iridium\u00ae.<\/span><\/li>\n<li><b>N\u00famero de tel\u00e9fono y correo electr\u00f3nico dedicados<\/b> <span style=\"font-weight: 400;\">: env\u00ede un mensaje con su propio n\u00famero de tel\u00e9fono y correo electr\u00f3nico para una comunicaci\u00f3n fluida.<\/span><span style=\"font-weight: 400;\"><br \/>\n<\/span><\/li>\n<li><b>Mensajer\u00eda y seguimiento grupal con GroupTrack\u2122<\/b> <span style=\"font-weight: 400;\">:<\/span> <span style=\"font-weight: 400;\">  Comun\u00edcate y comparte ubicaciones con hasta 12 usuarios de Bivy Stick. Tus amigos y familiares podr\u00e1n seguir tu viaje y unirse a chats grupales a trav\u00e9s de una p\u00e1gina web compartida. <\/span><\/li>\n<li><b>Check-ins personalizados ilimitados<\/b><span style=\"font-weight: 400;\">Env\u00eda mensajes de registro GPS con tu ubicaci\u00f3n exacta. Registros ilimitados incluidos con la suscripci\u00f3n.* <\/span><span style=\"font-weight: 400;\"><br \/>\n<\/span><\/li>\n<li><b>Seguimiento en tiempo real y uso compartido de ubicaci\u00f3n<\/b> <span style=\"font-weight: 400;\">: la p\u00e1gina web para compartir ubicaci\u00f3n muestra su registro de llegada, historial de mensajes con respuestas y recorridos compartidos, todo en un solo lugar.<\/span><span style=\"font-weight: 400;\"><br \/>\n<\/span><\/li>\n<li><b>Monitoreo SOS 24\/7 por Global Rescue\u2122<\/b> <span style=\"font-weight: 400;\">:<\/span> <span style=\"font-weight: 400;\">Active las alertas de emergencia mediante la app o el bot\u00f3n SOS del dispositivo. Comun\u00edquese directamente con los servicios de emergencia y cancele las alertas SOS desde el dispositivo o la app. <\/span><\/li>\n<li><b>Herramientas avanzadas de navegaci\u00f3n y aventura<\/b> <span style=\"font-weight: 400;\">:<\/span> <span style=\"font-weight: 400;\">descargue mapas sin conexi\u00f3n y explore miles de aventuras enviadas por la comunidad, que incluyen senderos para caminatas, escaladas y v\u00edas fluviales.<\/span><\/li>\n<li><b>Dise\u00f1o resistente e impermeable<\/b> <span style=\"font-weight: 400;\">:<\/span> <span style=\"font-weight: 400;\">con clasificaci\u00f3n IPX7<\/span><\/li>\n<li><b>Compatible con GoPro<\/b> <span style=\"font-weight: 400;\">: totalmente compatible con los soportes GoPro e incluye un adaptador de accesorios GoPro para una f\u00e1cil integraci\u00f3n.<\/span><\/li>\n<li><b>Kit completo incluido:<\/b> <span style=\"font-weight: 400;\">viene con un cable de carga USB-C, mosquet\u00f3n, cord\u00f3n, gu\u00eda de inicio r\u00e1pido y adaptador GoPro: todo lo que necesita para comenzar.<\/span><\/li>\n<li><b>Hecho en EE. UU. \u2013<\/b> <span style=\"font-weight: 400;\">Respaldado por una garant\u00eda del fabricante de 1 a\u00f1o para su tranquilidad.<\/span><\/li>\n<li>* <a href=\"https:\/\/bivystick.com\/plans\/\" data-cke-saved-href=\"https:\/\/www.bivy.com\/data-plans\">Se requiere suscripci\u00f3n mensual<\/a> . Consulte el sitio web del fabricante para obtener m\u00e1s detalles.<\/li>\n<\/ul>\n<p>&nbsp;<\/p>\n<p>SOS de emergencia. Se activa en la app o en el bot\u00f3n del dispositivo. Proporcionado por GlobalRescue\u2122. <\/p>\n<p><a href=\"https:\/\/www.acrartex.com\/wp-content\/uploads\/2021\/06\/ProductOverview.png\"><img loading=\"lazy\" decoding=\"async\" class=\"alignnone size-medium wp-image-37736\" src=\"https:\/\/www.acrartex.com\/wp-content\/uploads\/2021\/06\/ProductOverview-300x300.png\" alt=\"\" width=\"300\" height=\"300\" srcset=\"https:\/\/www.acrartex.com\/wp-content\/uploads\/2021\/06\/ProductOverview-300x300.png 300w, https:\/\/www.acrartex.com\/wp-content\/uploads\/2021\/06\/ProductOverview-1024x1024.png 1024w, https:\/\/www.acrartex.com\/wp-content\/uploads\/2021\/06\/ProductOverview-150x150.png 150w, https:\/\/www.acrartex.com\/wp-content\/uploads\/2021\/06\/ProductOverview-768x768.png 768w, https:\/\/www.acrartex.com\/wp-content\/uploads\/2021\/06\/ProductOverview-1536x1536.png 1536w, https:\/\/www.acrartex.com\/wp-content\/uploads\/2021\/06\/ProductOverview-600x600.png 600w, https:\/\/www.acrartex.com\/wp-content\/uploads\/2021\/06\/ProductOverview-100x100.png 100w, https:\/\/www.acrartex.com\/wp-content\/uploads\/2021\/06\/ProductOverview.png 1601w\" sizes=\"auto, (max-width: 300px) 100vw, 300px\" \/><\/a> <a href=\"https:\/\/www.acrartex.com\/wp-content\/uploads\/2021\/06\/2_ProductOverview-04.png\"><img loading=\"lazy\" decoding=\"async\" class=\"alignnone size-medium wp-image-37732\" src=\"https:\/\/www.acrartex.com\/wp-content\/uploads\/2021\/06\/2_ProductOverview-04-300x300.png\" alt=\"\" width=\"300\" height=\"300\" srcset=\"https:\/\/www.acrartex.com\/wp-content\/uploads\/2021\/06\/2_ProductOverview-04-300x300.png 300w, https:\/\/www.acrartex.com\/wp-content\/uploads\/2021\/06\/2_ProductOverview-04-1024x1024.png 1024w, https:\/\/www.acrartex.com\/wp-content\/uploads\/2021\/06\/2_ProductOverview-04-150x150.png 150w, https:\/\/www.acrartex.com\/wp-content\/uploads\/2021\/06\/2_ProductOverview-04-768x768.png 768w, https:\/\/www.acrartex.com\/wp-content\/uploads\/2021\/06\/2_ProductOverview-04-1536x1536.png 1536w, https:\/\/www.acrartex.com\/wp-content\/uploads\/2021\/06\/2_ProductOverview-04-2048x2048.png 2048w, https:\/\/www.acrartex.com\/wp-content\/uploads\/2021\/06\/2_ProductOverview-04-600x600.png 600w, https:\/\/www.acrartex.com\/wp-content\/uploads\/2021\/06\/2_ProductOverview-04-100x100.png 100w\" sizes=\"auto, (max-width: 300px) 100vw, 300px\" \/><\/a> <a href=\"https:\/\/www.acrartex.com\/wp-content\/uploads\/2021\/06\/SOS.png\"><img loading=\"lazy\" decoding=\"async\" class=\"alignnone size-medium wp-image-37734\" src=\"https:\/\/www.acrartex.com\/wp-content\/uploads\/2021\/06\/SOS-300x300.png\" alt=\"\" width=\"300\" height=\"300\" srcset=\"https:\/\/www.acrartex.com\/wp-content\/uploads\/2021\/06\/SOS-300x300.png 300w, https:\/\/www.acrartex.com\/wp-content\/uploads\/2021\/06\/SOS-1024x1024.png 1024w, https:\/\/www.acrartex.com\/wp-content\/uploads\/2021\/06\/SOS-150x150.png 150w, https:\/\/www.acrartex.com\/wp-content\/uploads\/2021\/06\/SOS-768x768.png 768w, https:\/\/www.acrartex.com\/wp-content\/uploads\/2021\/06\/SOS-1536x1536.png 1536w, https:\/\/www.acrartex.com\/wp-content\/uploads\/2021\/06\/SOS-600x600.png 600w, https:\/\/www.acrartex.com\/wp-content\/uploads\/2021\/06\/SOS-100x100.png 100w, https:\/\/www.acrartex.com\/wp-content\/uploads\/2021\/06\/SOS.png 1601w\" sizes=\"auto, (max-width: 300px) 100vw, 300px\" \/><\/a><a href=\"https:\/\/www.acrartex.com\/wp-content\/uploads\/2021\/06\/2_ProductOverview-06.png\"><img loading=\"lazy\" decoding=\"async\" class=\"alignnone size-medium wp-image-37733\" src=\"https:\/\/www.acrartex.com\/wp-content\/uploads\/2021\/06\/2_ProductOverview-06-300x300.png\" alt=\"\" width=\"300\" height=\"300\" srcset=\"https:\/\/www.acrartex.com\/wp-content\/uploads\/2021\/06\/2_ProductOverview-06-300x300.png 300w, https:\/\/www.acrartex.com\/wp-content\/uploads\/2021\/06\/2_ProductOverview-06-1024x1024.png 1024w, https:\/\/www.acrartex.com\/wp-content\/uploads\/2021\/06\/2_ProductOverview-06-150x150.png 150w, https:\/\/www.acrartex.com\/wp-content\/uploads\/2021\/06\/2_ProductOverview-06-768x768.png 768w, https:\/\/www.acrartex.com\/wp-content\/uploads\/2021\/06\/2_ProductOverview-06-1536x1536.png 1536w, https:\/\/www.acrartex.com\/wp-content\/uploads\/2021\/06\/2_ProductOverview-06-2048x2048.png 2048w, https:\/\/www.acrartex.com\/wp-content\/uploads\/2021\/06\/2_ProductOverview-06-600x600.png 600w, https:\/\/www.acrartex.com\/wp-content\/uploads\/2021\/06\/2_ProductOverview-06-100x100.png 100w\" sizes=\"auto, (max-width: 300px) 100vw, 300px\" \/><\/a><\/p>\n<p>&nbsp;<\/p>\n<p>&nbsp;<\/p>\n<p>&nbsp;<\/p>\n","protected":false},"excerpt":{"rendered":"<p><span style=\"font-weight: 400;\">Con Bivy Stick, disfrute de un<\/span> <b>comunicador satelital bidireccional<\/b> confiable <span style=\"font-weight: 400;\">,<\/span> <b>mensajer\u00eda grupal<\/b> <span style=\"font-weight: 400;\">,<\/span> <b>soporte SOS 24\/7<\/b> <span style=\"font-weight: 400;\">,<\/span> <b>rastreo GPS<\/b> <span style=\"font-weight: 400;\">y<\/span> <b>uso compartido de ubicaci\u00f3n<\/b> <span style=\"font-weight: 400;\">, todo en un<\/span> <b>dispositivo compacto<\/b> <span style=\"font-weight: 400;\">y<\/span> <b>liviano.<\/b><span style=\"font-weight: 400;\">  dispositivo. Te da la   <\/span><b>Libertad de comunicaci\u00f3n fuera de la red<\/b> <span style=\"font-weight: 400;\">al<\/span> <b>valor m\u00e1s asequible del mercado<\/b> <span style=\"font-weight: 400;\">.<\/span><\/p>\n<p>Mant\u00e9ngase conectado, incluso m\u00e1s all\u00e1 de la cobertura celular.<\/p>\n<h4><\/h4>\n<h4><span style=\"color: #ff0000;\"><strong>\u00a1Hecho con orgullo en EE. UU.!<\/strong><\/span><\/h4>\n<p><strong><a href=\"https:\/\/bivystick.com\/bivy-go-plan\/\">Descubra el plan Bivy Go<\/a><\/strong><\/p>\n<p>&nbsp;<\/p>\n<p><a href=\"https:\/\/www.dropbox.com\/s\/0ezw0kexbm120vv\/Prop%2065%20-%20Lead%20and%20Lead%20Compounds.pdf?dl=0\">ADVERTENCIA: PROP 65<\/a><\/p>\n<p>&nbsp;<\/p>\n","protected":false},"featured_media":157821,"template":"","meta":{"_acf_changed":false,"om_disable_all_campaigns":false},"product_brand":[],"product_cat":[5819,5775,16208],"product_tag":[13169,13157,13158,13148,13152,13168,12105,13156,13164,13154,16194,13162,13150,13166,13160,13155],"class_list":{"0":"post-157800","1":"product","2":"type-product","3":"status-publish","4":"has-post-thumbnail","6":"product_cat-exterior","7":"product_cat-marina-es","8":"product_cat-palo-vivac-emergente","9":"product_tag-4601-es","10":"product_tag-acr-bivy-es","11":"product_tag-aplicacion-bivy","12":"product_tag-bivy-es","13":"product_tag-bivy-stick-azul","14":"product_tag-bivy-vs-plb-es","15":"product_tag-bluetooth-es","16":"product_tag-comunicacion-bidireccional","17":"product_tag-el-comunicador-satelital-mas-pequeno","18":"product_tag-iridio","19":"product_tag-malla-vivac-emergente","20":"product_tag-mini-es","21":"product_tag-palo-bivy","22":"product_tag-rastreo-gps-por-satelite","23":"product_tag-rescate-global","24":"product_tag-seguimiento","25":"pa_activity-a-campo-traviesa","26":"pa_activity-bicicleta","27":"pa_activity-camping-es","28":"pa_activity-deportes-de-remo","29":"pa_activity-escalada","30":"pa_activity-esqui-snowboard","31":"pa_activity-motonieve","32":"pa_activity-pesca","33":"pa_activity-senderismo","34":"pa_activity-todoterreno-4x4","35":"pa_boat-type-artesania-deportiva","36":"pa_boat-type-buque-de-carga","37":"pa_boat-type-lancha-fuera-borda","38":"pa_boat-type-pesca-comercial","39":"pa_boat-type-remolcador","40":"pa_boat-type-velero","41":"pa_boat-type-yate","42":"pa_boat-type-yate-de-alquiler","43":"pa_terrain-bosque-y-jungla","44":"pa_terrain-colina-y-montana","45":"pa_terrain-rios-humedales-lagos","46":"pa_terrain-tundra-es","48":"first","49":"onbackorder","50":"taxable","51":"shipping-taxable","52":"purchasable","53":"product-type-simple"},"acf":[],"_links":{"self":[{"href":"https:\/\/www.acrartex.com\/es\/wp-json\/wp\/v2\/product\/157800","targetHints":{"allow":["GET"]}}],"collection":[{"href":"https:\/\/www.acrartex.com\/es\/wp-json\/wp\/v2\/product"}],"about":[{"href":"https:\/\/www.acrartex.com\/es\/wp-json\/wp\/v2\/types\/product"}],"wp:featuredmedia":[{"embeddable":true,"href":"https:\/\/www.acrartex.com\/es\/wp-json\/wp\/v2\/media\/157821"}],"wp:attachment":[{"href":"https:\/\/www.acrartex.com\/es\/wp-json\/wp\/v2\/media?parent=157800"}],"wp:term":[{"taxonomy":"product_brand","embeddable":true,"href":"https:\/\/www.acrartex.com\/es\/wp-json\/wp\/v2\/product_brand?post=157800"},{"taxonomy":"product_cat","embeddable":true,"href":"https:\/\/www.acrartex.com\/es\/wp-json\/wp\/v2\/product_cat?post=157800"},{"taxonomy":"product_tag","embeddable":true,"href":"https:\/\/www.acrartex.com\/es\/wp-json\/wp\/v2\/product_tag?post=157800"}],"curies":[{"name":"wp","href":"https:\/\/api.w.org\/{rel}","templated":true}]}}