{"id":157748,"date":"2021-04-09T11:18:50","date_gmt":"2021-04-09T16:18:50","guid":{"rendered":"https:\/\/www.acrartex.com\/products\/resqflare-bengala-electronica-led-de-emergencia-para-embarcaciones\/"},"modified":"2025-11-26T03:34:45","modified_gmt":"2025-11-26T08:34:45","slug":"resqflare-bengala-electronica-led-de-emergencia-para-embarcaciones","status":"publish","type":"product","link":"https:\/\/www.acrartex.com\/es\/products\/resqflare-bengala-electronica-led-de-emergencia-para-embarcaciones\/","title":{"rendered":"ResQFlare \u2013 Bengala electr\u00f3nica LED de emergencia para embarcaciones"},"content":{"rendered":"<p><span style=\"font-size: 10pt;\"><span style=\"font-size: 11.0pt;\"><span style=\"background: white;\"><span style=\"color: black;\">El ResQFlare es un kit de bengalas electr\u00f3nicas para embarcaciones, aprobado por la Guardia Costera de los Estados Unidos (USCG), que facilita el ResQFlare emitiendo la caracter\u00edstica de destello del C\u00f3digo Morse Internacional para SOS. Su electr\u00f3nica de alta eficiencia le permite mantener la intensidad fija equivalente a 75 cd de pico requerida por la USCG durante m\u00e1s de 20 horas (m\u00e1s del triple del requisito de la USCG para mantener este nivel de intensidad luminosa). Gracias a su fuente de alimentaci\u00f3n de bater\u00eda reemplazable por el usuario (2 pilas C), el ResQFlare ofrece a\u00f1os de servicio. Como resultado, las embarcaciones son m\u00e1s seguras al eliminar los inconvenientes habituales de las bengalas pirot\u00e9cnicas para embarcaciones, como su fecha de caducidad y los estrictos requisitos de eliminaci\u00f3n obligatoria.   <\/span><\/span><\/span><\/span><\/p>\n<h2 style=\"margin: 0in 0in 0.0001pt;\"><span style=\"font-size: 10pt;\"><b><span style=\"font-size: 12.0pt;\">Ventajas ResQFlare frente a las bengalas pirot\u00e9cnicas tradicionales para embarcaciones:<\/span><\/b><\/span><\/h2>\n<ul>\n<li style=\"margin: 0in 0in 0.0001pt;\"><span style=\"font-size: 10pt;\"><span style=\"font-size: 11.0pt;\">Sin fecha de caducidad<\/span><\/span><\/li>\n<li style=\"margin: 0in 0in 0.0001pt;\"><span style=\"font-size: 10pt;\"><span style=\"font-size: 11.0pt;\">Seguro para la familia (sin llama ardiente)  <\/span><\/span><\/li>\n<li style=\"margin: 0in 0in 0.0001pt;\"><span style=\"font-size: 10pt;\"><span style=\"font-size: 11.0pt;\">F\u00e1cil de operar (incluso sus hijos y navegantes primerizos pueden operarlo en caso de emergencia)  <\/span><\/span><\/li>\n<li style=\"margin: 0in 0in 0.0001pt;\"><span style=\"font-size: 10pt;\"><span style=\"font-size: 11.0pt;\">No hay problemas con los estrictos requisitos obligatorios actuales de eliminaci\u00f3n de bengalas pirot\u00e9cnicas (consideradas legalmente como materiales peligrosos)<\/span><\/span><\/li>\n<li style=\"margin: 0in 0in 0.0001pt;\"><span style=\"font-size: 10pt;\"><span style=\"font-size: 11.0pt;\">Impermeable y flotante  <\/span><\/span><\/li>\n<li style=\"margin: 0in 0in 0.0001pt;\"><span style=\"font-size: 10pt;\"><span style=\"font-size: 11.0pt;\">Compra \u00fanica (menor costo durante la vida \u00fatil del producto)<\/span><\/span><\/li>\n<\/ul>\n<p style=\"margin: 0in 0in 0.0001pt;\"><span style=\"font-size: 10pt;\"><span style=\"font-size: 11.0pt;\"><span style=\"background: white;\"><span style=\"color: black;\">Al cumplir con los requisitos de la Guardia Costera de los Estados Unidos (46 CFR 161.013), la ResQFlare est\u00e1 clasificada como una se\u00f1al visual de socorro nocturna aprobada. Dado que cada ResQFlare incluye una bandera de socorro, que cumple con los requisitos de 46 CFR 160.072, los usuarios tambi\u00e9n reciben una se\u00f1al visual de socorro diurna aprobada (el requisito para el transporte de se\u00f1ales visuales de socorro diurnas y nocturnas aprobadas se encuentra en 33 CFR parte 175). <\/span><\/span><\/span><\/span><\/p>\n<p>&nbsp;<\/p>\n<p style=\"margin: 0in 0in 0.0001pt;\"><span style=\"font-size: 10pt;\"><span style=\"font-size: 11.0pt;\">La bandera de socorro suministrada ofrece numerosas opciones de se\u00f1alizaci\u00f3n diurna. Puede izarse fijada al m\u00e1stil o simplemente iz\u00e1ndose hasta el punto m\u00e1s alto posible. Tambi\u00e9n puede desplegarse a mano, atada a objetos como un bichero, un remo o una ca\u00f1a de pescar, y luego ondearse, o puede extenderse sobre la cubierta para atraer aeronaves. La bandera debe usarse \u00fanicamente como se\u00f1al diurna y, cuando se iza correctamente, el cuadrado negro debe estar sobre el c\u00edrculo negro.   <\/span><\/span><\/p>\n<p>&nbsp;<\/p>\n<p style=\"margin: 0in 0in 0.0001pt;\"><span style=\"font-size: 10pt;\"><span style=\"font-size: 11.0pt;\"><span style=\"background: white;\"><span style=\"color: black;\">El kit ResQFlare y la bandera de socorro permiten a los navegantes prescindir de las bengalas pirot\u00e9cnicas tradicionales en embarcaciones de hasta 65 pies de eslora, navegando en los Grandes Lagos, a menos de 12 millas de aguas estadounidenses o en cualquier masa de agua con un paso al mar de al menos dos millas de ancho. Las embarcaciones de menos de 16 pies no est\u00e1n obligadas a llevar una se\u00f1al visual de socorro diurna, pero s\u00ed deben llevar una se\u00f1al visual de socorro nocturna. Esto convierte a ResQFlare en una alternativa m\u00e1s que viable a las bengalas pirot\u00e9cnicas tambi\u00e9n para embarcaciones de este tama\u00f1o.  <\/span><\/span><\/span><\/span><\/p>\n<p>&nbsp;<\/p>\n<p style=\"margin: 0in 0in 0.0001pt;\"><span style=\"font-size: 10pt;\"><span style=\"font-size: 11.0pt;\"><span style=\"background: white;\"><span style=\"color: black;\">La incorporaci\u00f3n del ResQFlare a la l\u00ednea de equipos de seguridad para embarcaciones de ACR ofrece a los navegantes recreativos estadounidenses una soluci\u00f3n integral de se\u00f1alizaci\u00f3n de socorro. Al combinarse con una <a href=\"https:\/\/www.acrartex.com\/products\/resqkit\/\">EPIRB ACR<\/a> o <a href=\"https:\/\/www.acrartex.com\/products\/resqkit-pro-2357\/\">Personal Locator Beacon<\/a> (EPIRB), el personal de rescate de la Guardia Costera de EE. UU. no solo sabe d\u00f3nde se encuentra en minutos, sino que tambi\u00e9n cuenta con una luz de referencia visual para detectarlo desde una distancia de hasta 9,6 km. <\/span><\/span><\/span><\/span><\/p>\n<h2><span style=\"font-size: 10pt;\"><b><span style=\"font-size: 12.0pt;\">Caracter\u00edsticas y beneficios del producto:<\/span><\/b><\/span><\/h2>\n<ul>\n<li style=\"margin: 0in 0in 0.0001pt;\"><span style=\"font-size: 10pt;\"><span style=\"font-size: 11.0pt;\">ResQFlare y la bandera de socorro incluida, cuando se transportan juntos, califican como un reemplazo para el transporte de bengalas pirot\u00e9cnicas para embarcaciones y pistolas de bengalas para embarcaciones de la Guardia Costera de los Estados Unidos (solo en EE. UU.)<\/span><\/span><\/li>\n<li style=\"margin-right: 13.5pt; margin: 0in 0in 0.0001pt;\"><span style=\"font-size: 10pt;\"><span style=\"background: white;\"><span style=\"color: black;\"><span style=\"font-size: 11.0pt;\">Luz brillante en todas las direcciones (visibilidad de 360\u00b0)<\/span><\/span><\/span><\/span><\/li>\n<li style=\"margin-right: 13.5pt; margin: 0in 0in 0.0001pt;\"><span style=\"font-size: 10pt;\"><span style=\"background: white;\"><span style=\"color: black;\"><span style=\"font-size: 11.0pt;\">Ligero y de tama\u00f1o compacto.<\/span><\/span><\/span><\/span><\/li>\n<li style=\"margin-right: 13.5pt; margin: 0in 0in 0.0001pt;\"><span style=\"font-size: 10pt;\"><span style=\"background: white;\"><span style=\"color: black;\"><span style=\"font-size: 11.0pt;\">Se endereza autom\u00e1ticamente y flota cuando est\u00e1 en el agua<\/span> <span style=\"font-size: 11.0pt;\">(no es necesario anillo de flotabilidad)<\/span><\/span><\/span><\/span><\/li>\n<li style=\"margin: 0in 0in 0.0001pt;\"><span style=\"font-size: 10pt;\"><span style=\"font-size: 11.0pt;\">Visible a m\u00e1s de 6 millas<\/span><\/span><\/li>\n<li style=\"margin: 0in 0in 0.0001pt;\"><span style=\"font-size: 10pt;\"><span style=\"font-size: 11.0pt;\"><span style=\"color: black;\">Pilas alcalinas tipo C reemplazables por el usuario (no incluidas)<\/span><\/span><\/span><\/li>\n<li style=\"margin: 0in 0in 0.0001pt;\"><span style=\"font-size: 10pt;\"><span style=\"font-size: 11.0pt;\">El estroboscopio LED de alta intensidad mantiene una <span style=\"background: white;\"><span style=\"color: black;\">intensidad fija equivalente m\u00e1xima<\/span><\/span> m\u00ednima de 75 cd durante 20 horas o m\u00e1s (temperatura ambiente)<\/span><\/span><\/li>\n<li style=\"margin: 0in 0in 0.0001pt;\"><span style=\"font-size: 10pt;\"><span style=\"font-size: 11.0pt;\">La vida \u00fatil de 20 horas es m\u00e1s de 3 veces mayor que el requisito de la Guardia Costera de los Estados Unidos para mantener <span style=\"background: white;\"><span style=\"color: black;\">una intensidad fija equivalente m\u00e1xima<\/span><\/span> de 75 cd.<\/span><\/span><\/li>\n<li style=\"margin: 0in 0in 0.0001pt;\"><span style=\"font-size: 10pt;\"><span style=\"font-size: 11.0pt;\">Dise\u00f1o duradero: resistente al fuego, al aceite, a los hongos y a la corrosi\u00f3n.<\/span><\/span><\/li>\n<li style=\"margin: 0in 0in 0.0001pt;\"><span style=\"font-size: 10pt;\"><span style=\"font-size: 11.0pt;\">Resistente al agua (IP67)<\/span><\/span><\/li>\n<li style=\"margin: 0in 0in 0.0001pt;\"><span style=\"font-size: 10pt;\"><span style=\"font-size: 11.0pt;\">Certificado seg\u00fan USCG 161.013 como se\u00f1al visual de socorro nocturna<\/span><\/span><\/li>\n<li style=\"margin: 0in 0in 0.0001pt;\"><span style=\"font-size: 10pt;\"><span style=\"font-size: 11.0pt;\">Incluye bandera de socorro (certificada seg\u00fan USCG 160.072 como se\u00f1al visual de socorro diurna)  <\/span><\/span><\/li>\n<\/ul>\n<h3 style=\"margin: 0in 0in 0.0001pt;\"><strong>ResQFlare en las noticias:<\/strong><\/h3>\n<p><a href=\"https:\/\/www.sailingworld.com\/story\/gear\/safe-distress-flare-alternative\/\">Sailing World \u2013 Una alternativa segura a las bengalas de socorro<\/a><\/p>\n<p><a href=\"https:\/\/www.greatlakesscuttlebutt.com\/news\/featured-news\/this-year-s-boating-finds\/\">Rumores sobre los Grandes Lagos: Los hallazgos n\u00e1uticos de este a\u00f1o<\/a><\/p>\n<p><a href=\"https:\/\/lakelandboating.com\/acr-electronics-introduces-new-alternative-to-pyrotechnic-flares\/\">Lakeland Boating \u2013 ACR Electronics presenta una nueva alternativa a las bengalas pirot\u00e9cnicas<\/a><\/p>\n","protected":false},"excerpt":{"rendered":"<p><span style=\"font-size: 11.0pt;\"><span style=\"background: white;\"><span style=\"color: black;\">El ACR ResQFlare es un kit de bengalas electr\u00f3nicas LED de alta intensidad para embarcaciones de socorro. Combinado con la bandera de socorro incluida, el ResQFlare y la bandera est\u00e1n certificados para cumplir con los requisitos aplicables de la Guardia Costera de EE. UU., lo que permite su transporte en lugar de las bengalas pirot\u00e9cnicas tradicionales en la mayor\u00eda de las embarcaciones recreativas. Como alternativa pr\u00e1ctica a las bengalas pirot\u00e9cnicas o pistolas de bengalas para embarcaciones, el ResQFlare ofrece una visibilidad de 360\u00b0 a m\u00e1s de 6 millas y su eficiente dise\u00f1o le confiere una larga vida \u00fatil (m\u00e1s de 20 horas de autonom\u00eda), lo que aumenta dr\u00e1sticamente sus posibilidades de supervivencia y rescate.  <\/span><\/span><\/span><\/p>\n<p>https:\/\/www.youtube.com\/watch?v=AVNmWXIpSro&amp;lc=UgwVlLiY8UH7ddCAyoZ4AaABAg<\/p>\n<p><a href=\"https:\/\/www.dropbox.com\/s\/0ezw0kexbm120vv\/Prop%2065%20-%20Lead%20and%20Lead%20Compounds.pdf?dl=0\">ADVERTENCIA: PROP 65<\/a><\/p>\n<p>&nbsp;<\/p>\n<p><strong>NOTA: El ResQFlare (modelo: LNK-ERS1) figura en el sitio web de la Guardia Costera de EE. UU. como ACR ResQFlare (modelo LNK-ERS1). <a href=\"https:\/\/www.dropbox.com\/scl\/fi\/y2nf76hvxhmy9t4bxljnf\/USCG-Approved-Equipment-Details-Page_ResQFlare.pdf?rlkey=ash5nle98cfnrpnmr8jcizp8a&amp;st=i6dizypz&amp;dl=1\">Haga clic en este enlace<\/a> para ver el listado ACR ResQFlare en la Lista de Equipos Aprobados de la Guardia Costera de EE. UU.<\/strong><\/p>\n","protected":false},"featured_media":164580,"template":"","meta":{"_acf_changed":false,"om_disable_all_campaigns":false},"product_brand":[],"product_cat":[5984,5990,5819,5983,5775,5985],"product_tag":[11948,12015,11992,11911,11922,11881,11871,11980,12003,11901,13711,11964,11957,11891,13720,11971,12027],"class_list":{"0":"post-157748","1":"product","2":"type-product","3":"status-publish","4":"has-post-thumbnail","6":"product_cat-cerca-de-la-costa","7":"product_cat-deportes-de-remo-pesca","8":"product_cat-exterior","9":"product_cat-interior","10":"product_cat-marina-es","11":"product_cat-off-shore-es","12":"product_tag-bengala-de-barco","13":"product_tag-bengala-de-humo","14":"product_tag-bengala-de-mano","15":"product_tag-bengala-de-socorro","16":"product_tag-bengala-de-socorro-led","17":"product_tag-bengala-electronica-es","18":"product_tag-bengala-electronica","19":"product_tag-bengala-led","20":"product_tag-bengala-roja","21":"product_tag-bengalas","22":"product_tag-bengalas-de-emergencia","23":"product_tag-bengalas-de-senales","24":"product_tag-bengalas-para-barcos","25":"product_tag-llamarada","26":"product_tag-llamarada-de-orion","27":"product_tag-llamarada-marina","28":"product_tag-pistola-de-bengalas","29":"pa_activity-deportes-de-remo","30":"pa_activity-pesca","31":"pa_boat-size-0-20-es","32":"pa_boat-size-21-40-es","33":"pa_boat-size-40-80-es","34":"pa_boat-type-artesania-deportiva","35":"pa_boat-type-lancha-fuera-borda","36":"pa_boat-type-pesca-comercial","37":"pa_boat-type-remolcador","38":"pa_boat-type-velero","39":"pa_boat-type-yate","40":"pa_boat-type-yate-de-alquiler","41":"pa_terrain-rios-humedales-lagos","43":"first","44":"instock","45":"taxable","46":"shipping-taxable","47":"purchasable","48":"product-type-simple"},"acf":[],"_links":{"self":[{"href":"https:\/\/www.acrartex.com\/es\/wp-json\/wp\/v2\/product\/157748","targetHints":{"allow":["GET"]}}],"collection":[{"href":"https:\/\/www.acrartex.com\/es\/wp-json\/wp\/v2\/product"}],"about":[{"href":"https:\/\/www.acrartex.com\/es\/wp-json\/wp\/v2\/types\/product"}],"wp:featuredmedia":[{"embeddable":true,"href":"https:\/\/www.acrartex.com\/es\/wp-json\/wp\/v2\/media\/164580"}],"wp:attachment":[{"href":"https:\/\/www.acrartex.com\/es\/wp-json\/wp\/v2\/media?parent=157748"}],"wp:term":[{"taxonomy":"product_brand","embeddable":true,"href":"https:\/\/www.acrartex.com\/es\/wp-json\/wp\/v2\/product_brand?post=157748"},{"taxonomy":"product_cat","embeddable":true,"href":"https:\/\/www.acrartex.com\/es\/wp-json\/wp\/v2\/product_cat?post=157748"},{"taxonomy":"product_tag","embeddable":true,"href":"https:\/\/www.acrartex.com\/es\/wp-json\/wp\/v2\/product_tag?post=157748"}],"curies":[{"name":"wp","href":"https:\/\/api.w.org\/{rel}","templated":true}]}}