{"id":157581,"date":"2021-07-28T17:05:51","date_gmt":"2021-07-28T22:05:51","guid":{"rendered":"https:\/\/www.acrartex.com\/products\/personal-locator-beacon-sarlink-plb-350b\/"},"modified":"2021-07-28T17:05:51","modified_gmt":"2021-07-28T22:05:51","slug":"personal-locator-beacon-sarlink-plb-350b","status":"publish","type":"product","link":"https:\/\/www.acrartex.com\/es\/products\/personal-locator-beacon-sarlink-plb-350b\/","title":{"rendered":"Personal Locator Beacon SARLink\u2122 PLB -350B"},"content":{"rendered":"<p><span style=\"color: #3366ff;\"><strong>Este producto ha sido descontinuado.<\/strong><\/span><\/p>\n<p>Salga con confianza. Con tres niveles de tecnolog\u00eda de se\u00f1al integrada (posicionamiento GPS , una potente se\u00f1al de 406 MHz y capacidad de localizaci\u00f3n de 121,5 MHz), SARLink\u2122 transmite su posici\u00f3n con rapidez y precisi\u00f3n a una red mundial de sat\u00e9lites de b\u00fasqueda y rescate, lo que reduce el tiempo de b\u00fasqueda y aumenta sus posibilidades de supervivencia. Esta tecnolog\u00eda de se\u00f1alizaci\u00f3n confiable ha salvado a m\u00e1s de 50.000 personas.<br \/>\n Vive desde 1982.  <\/p>\n<p>El SARLink\u2122 emite una se\u00f1al de socorro \u00fanica y registrada que no solo indica a los rescatistas d\u00f3nde se encuentra, sino tambi\u00e9n qui\u00e9n es. El GPS integrado puede determinar su posici\u00f3n con una precisi\u00f3n de 100 metros y, a continuaci\u00f3n, utiliza una potente se\u00f1al de 406 MHz para retransmitir su llamada de socorro a los sat\u00e9lites SAR en \u00f3rbita. Durante el despliegue de b\u00fasqueda y rescate local, una se\u00f1al de localizaci\u00f3n independiente y una luz estrobosc\u00f3pica LED integrada gu\u00edan a los rescatistas hasta su ubicaci\u00f3n.  <\/p>\n<p>El SARLink\u2122 es ligero y compacto, ideal para esquiadores, senderistas, cazadores, kayakistas, escaladores, pilotos, motonieves o cualquier otro aficionado a las actividades al aire libre. Exclusivo de ACR : El modo de prueba de adquisici\u00f3n GPS integrado permite comprobar la funcionalidad GPS hasta 60 veces durante su vida \u00fatil.<br \/>\n de la bater\u00eda. Aproveche la misma tecnolog\u00eda de rescate probada en campo que utilizan las Fuerzas Armadas de EE. UU., la Guardia Costera de EE. UU., las Fuerzas Especiales de la OTAN y los exploradores del \u00c1rtico.  <\/p>\n","protected":false},"excerpt":{"rendered":"<p>Navegue con confianza con la Personal Locator Beacon ( PLB ) SARLink\u2122. Esta radiobaliza de emergencia tiene la potencia suficiente para emitir una se\u00f1al de socorro \u00fanica que no solo indica a los rescatistas d\u00f3nde se encuentra, sino tambi\u00e9n qui\u00e9n es. Esta PLB utiliza una potente se\u00f1al de 406 MHz para transmitir su llamada de socorro a los sat\u00e9lites SAR en \u00f3rbita, mientras que el GPS integrado fija su posici\u00f3n con una precisi\u00f3n de 100 metros. Durante el despliegue de b\u00fasqueda y rescate local, una se\u00f1al de localizaci\u00f3n independiente y una luz estrobosc\u00f3pica LED integrada se combinan para guiar a los socorristas hasta su ubicaci\u00f3n.   <\/p>\n<p><span style=\"color: #3366ff;\"><strong>Este producto ha sido descontinuado.<\/strong><\/span><\/p>\n","protected":false},"featured_media":157625,"template":"","meta":{"_acf_changed":false,"om_disable_all_campaigns":false},"product_brand":[],"product_cat":[5819],"product_tag":[11708,11675,9438,6863,11313,9323,6115,6117,11371,11684,13623,9432,9439],"class_list":{"0":"post-157581","1":"product","2":"type-product","3":"status-publish","4":"has-post-thumbnail","6":"product_cat-exterior","7":"product_tag-baliza-de-localizacion-personal-gps-sarlink","8":"product_tag-baliza-localizadora-personal-sarlink","9":"product_tag-cospas-es","10":"product_tag-cospas-sarsat-es","11":"product_tag-enlace-sar","12":"product_tag-epirbs-es","13":"product_tag-plb-350-es","14":"product_tag-plb-350b-es","15":"product_tag-sar-es","16":"product_tag-sarlink-406-es","17":"product_tag-sarlink-plb-350b-es","18":"product_tag-sarsat-es","19":"product_tag-sarsat-cospas-es","20":"pa_product-legado","22":"first","23":"outofstock","24":"taxable","25":"shipping-taxable","26":"product-type-simple"},"acf":[],"_links":{"self":[{"href":"https:\/\/www.acrartex.com\/es\/wp-json\/wp\/v2\/product\/157581","targetHints":{"allow":["GET"]}}],"collection":[{"href":"https:\/\/www.acrartex.com\/es\/wp-json\/wp\/v2\/product"}],"about":[{"href":"https:\/\/www.acrartex.com\/es\/wp-json\/wp\/v2\/types\/product"}],"wp:featuredmedia":[{"embeddable":true,"href":"https:\/\/www.acrartex.com\/es\/wp-json\/wp\/v2\/media\/157625"}],"wp:attachment":[{"href":"https:\/\/www.acrartex.com\/es\/wp-json\/wp\/v2\/media?parent=157581"}],"wp:term":[{"taxonomy":"product_brand","embeddable":true,"href":"https:\/\/www.acrartex.com\/es\/wp-json\/wp\/v2\/product_brand?post=157581"},{"taxonomy":"product_cat","embeddable":true,"href":"https:\/\/www.acrartex.com\/es\/wp-json\/wp\/v2\/product_cat?post=157581"},{"taxonomy":"product_tag","embeddable":true,"href":"https:\/\/www.acrartex.com\/es\/wp-json\/wp\/v2\/product_tag?post=157581"}],"curies":[{"name":"wp","href":"https:\/\/api.w.org\/{rel}","templated":true}]}}