{"id":157525,"date":"2021-08-04T13:32:16","date_gmt":"2021-08-04T18:32:16","guid":{"rendered":"https:\/\/www.acrartex.com\/products\/aquafix-plb-200-201\/"},"modified":"2021-08-04T13:32:16","modified_gmt":"2021-08-04T18:32:16","slug":"aquafix-plb-200-201","status":"publish","type":"product","link":"https:\/\/www.acrartex.com\/es\/products\/aquafix-plb-200-201\/","title":{"rendered":"AquaFix ( PLB -200\/201)"},"content":{"rendered":"<p><a href=\"https:\/\/www.acrartex.com\/fr\/products\/personal-locator-beacon-resqlink-400\/\"><span style=\"color: #3366ff;\"><strong>Este producto ha sido actualizado.<\/strong><\/span><\/a><\/p>\n<div>Los accidentes ocurren a diario en el agua, ya sea que su embarcaci\u00f3n se hunda, un hombre caiga al agua o una tormenta la deje inutilizada. En el agua, un accidente cotidiano puede convertirse instant\u00e1neamente en una situaci\u00f3n potencialmente mortal si no est\u00e1 preparado. <\/div>\n<div><\/div>\n<div>\u00bfPor qu\u00e9 esperar d\u00edas varado con la esperanza de que alguien te encuentre? Pon el poder en la palma de tu mano con el AquaFix\u2122 406 GPS PLB . Ahora puedes convertir esa situaci\u00f3n de riesgo vital en un rescate exitoso. Es tan f\u00e1cil como pulsar un bot\u00f3n, y con un receptor GPS interno (P\/N 2797.4NH), el AquaFix\u2122 adquirir\u00e1 tu posici\u00f3n GPS y la transmitir\u00e1 junto con tu c\u00f3digo de identificaci\u00f3n personalizado a trav\u00e9s de los sat\u00e9lites COSPAS-SARSAT, alertando al instante a las fuerzas SAR de que necesitas ayuda, \u00a1inmediatamente!   <\/div>\n<div><\/div>\n<div>El AquaFix\u2122 funciona r\u00e1pidamente. Si la primera se\u00f1al de la radiobaliza contiene datos GPS , se puede notificar a las fuerzas SAR y comenzar a planificar el rescate en tan solo tres minutos. Sea responsable, est\u00e9 preparado, est\u00e9 seguro. <\/div>\n","protected":false},"excerpt":{"rendered":"<p><span style=\"color: #3366ff;\"><strong>Este producto ha sido actualizado. <a href=\"https:\/\/www.acrartex.com\/products\/resqlink-400\/\">Haga clic aqu\u00ed<\/a> para ver las actualizaciones disponibles.<\/strong><\/span><\/p>\n<p> La Personal Locator Beacon AquaFix\u2122 o PLB transmite en 406 MHz a trav\u00e9s del sistema satelital COSPAS-SARSAT con su se\u00f1al de socorro registrada, \u00fanica y codificada digitalmente, y una frecuencia de localizaci\u00f3n local SAR de 121,5 MHz.<\/p>\n<p style=\"margin-left: 0in; margin-right: 0in;\">\n","protected":false},"featured_media":157595,"template":"","meta":{"_acf_changed":false,"om_disable_all_campaigns":false},"product_brand":[],"product_cat":[5819,5775],"product_tag":[13602,13607,13612,13616,13619,5536,5836,5845,13588,13581,13594,5824,13599,5828,6116,5821,13575,13579],"class_list":{"0":"post-157525","1":"product","2":"type-product","3":"status-publish","4":"has-post-thumbnail","6":"product_cat-exterior","7":"product_cat-marina-es","8":"product_tag-2797-es","9":"product_tag-2797-2-es","10":"product_tag-2797-2nh-es","11":"product_tag-2797-4-es","12":"product_tag-2797-4nh-es","13":"product_tag-406-es","14":"product_tag-agua","15":"product_tag-agua-es-2","16":"product_tag-aqua-fix-es","17":"product_tag-aquafix-es","18":"product_tag-aquafix-i-es","19":"product_tag-baliza-localizadora-personal","20":"product_tag-e-s-aquafix-es","21":"product_tag-gps-es","22":"product_tag-localizador-de-emergencia","23":"product_tag-plb-es","24":"product_tag-plb-200-es","25":"product_tag-plb-201-es","26":"pa_product-legado","28":"first","29":"outofstock","30":"taxable","31":"shipping-taxable","32":"product-type-simple"},"acf":[],"_links":{"self":[{"href":"https:\/\/www.acrartex.com\/es\/wp-json\/wp\/v2\/product\/157525","targetHints":{"allow":["GET"]}}],"collection":[{"href":"https:\/\/www.acrartex.com\/es\/wp-json\/wp\/v2\/product"}],"about":[{"href":"https:\/\/www.acrartex.com\/es\/wp-json\/wp\/v2\/types\/product"}],"wp:featuredmedia":[{"embeddable":true,"href":"https:\/\/www.acrartex.com\/es\/wp-json\/wp\/v2\/media\/157595"}],"wp:attachment":[{"href":"https:\/\/www.acrartex.com\/es\/wp-json\/wp\/v2\/media?parent=157525"}],"wp:term":[{"taxonomy":"product_brand","embeddable":true,"href":"https:\/\/www.acrartex.com\/es\/wp-json\/wp\/v2\/product_brand?post=157525"},{"taxonomy":"product_cat","embeddable":true,"href":"https:\/\/www.acrartex.com\/es\/wp-json\/wp\/v2\/product_cat?post=157525"},{"taxonomy":"product_tag","embeddable":true,"href":"https:\/\/www.acrartex.com\/es\/wp-json\/wp\/v2\/product_tag?post=157525"}],"curies":[{"name":"wp","href":"https:\/\/api.w.org\/{rel}","templated":true}]}}