{"id":157522,"date":"2021-08-04T14:20:38","date_gmt":"2021-08-04T19:20:38","guid":{"rendered":"https:\/\/www.acrartex.com\/products\/terrafix-plb-200-201\/"},"modified":"2021-08-04T14:20:38","modified_gmt":"2021-08-04T19:20:38","slug":"terrafix-plb-200-201","status":"publish","type":"product","link":"https:\/\/www.acrartex.com\/es\/products\/terrafix-plb-200-201\/","title":{"rendered":"TerraFix ( PLB -200\/201)"},"content":{"rendered":"<p><span style=\"color: #3366ff;\"><strong>Este producto ha sido descontinuado.<\/strong><\/span><\/p>\n<div>Los accidentes ocurren todos los d\u00edas al aire libre, y cuando la situaci\u00f3n empeore, \u00bfestar\u00e1s preparado?<\/div>\n<div><\/div>\n<div>\u00bfPor qu\u00e9 esperar d\u00edas varado con la esperanza de que alguien te encuentre? Pon el control en la palma de tu mano con el TerraFix\u2122 406 GPS PLB . Ahora puedes convertir esa situaci\u00f3n de riesgo vital en un rescate exitoso. Es tan f\u00e1cil como pulsar un bot\u00f3n, y con un receptor GPS interno (P\/N 2798), el TerraFix\u2122 adquirir\u00e1 tu posici\u00f3n GPS y la transmitir\u00e1 junto con tu c\u00f3digo de identificaci\u00f3n personalizado a trav\u00e9s de los sat\u00e9lites COSPAS-SARSAT, alertando al instante a las fuerzas SAR de que necesitas ayuda, \u00a1inmediatamente!   <\/div>\n<div><\/div>\n<div>El Terrafix\u2122 funciona r\u00e1pidamente. Si la primera se\u00f1al de la radiobaliza contiene datos GPS , se puede notificar a las fuerzas de b\u00fasqueda y rescate y comenzar a planificar el rescate en tan solo tres minutos. Sea responsable, est\u00e9 preparado, est\u00e9 seguro. <\/div>\n","protected":false},"excerpt":{"rendered":"<p><span style=\"color: #3366ff;\"><strong>Este producto ha sido descontinuado.<\/strong><\/span><\/p>\n<p>La Personal Locator Beacon TerraFix\u2122 o PLB transmite en 406 MHz a trav\u00e9s del sistema satelital COSPAS-SARSAT con su se\u00f1al de socorro registrada, \u00fanica y codificada digitalmente, y una frecuencia de localizaci\u00f3n local SAR de 121,5 MHz.<\/p>\n<p style=\"margin-left: 0in; margin-right: 0in;\">\n","protected":false},"featured_media":157554,"template":"","meta":{"_acf_changed":false,"om_disable_all_campaigns":false},"product_brand":[],"product_cat":[5819],"product_tag":[13596,13601,13610,13605,13614,5536,13591,5824,5828,6116,5821,13575,13579,13586],"class_list":{"0":"post-157522","1":"product","2":"type-product","3":"status-publish","4":"has-post-thumbnail","6":"product_cat-exterior","7":"product_tag-2798-es","8":"product_tag-2798-2-es","9":"product_tag-2798-2nh-es","10":"product_tag-2798-4-es","11":"product_tag-2798-4nh-es","12":"product_tag-406-es","13":"product_tag-acr-terrafix-es","14":"product_tag-baliza-localizadora-personal","15":"product_tag-gps-es","16":"product_tag-localizador-de-emergencia","17":"product_tag-plb-es","18":"product_tag-plb-200-es","19":"product_tag-plb-201-es","20":"product_tag-terrafix-es","21":"pa_product-legado","23":"first","24":"outofstock","25":"taxable","26":"shipping-taxable","27":"product-type-simple"},"acf":[],"_links":{"self":[{"href":"https:\/\/www.acrartex.com\/es\/wp-json\/wp\/v2\/product\/157522","targetHints":{"allow":["GET"]}}],"collection":[{"href":"https:\/\/www.acrartex.com\/es\/wp-json\/wp\/v2\/product"}],"about":[{"href":"https:\/\/www.acrartex.com\/es\/wp-json\/wp\/v2\/types\/product"}],"wp:featuredmedia":[{"embeddable":true,"href":"https:\/\/www.acrartex.com\/es\/wp-json\/wp\/v2\/media\/157554"}],"wp:attachment":[{"href":"https:\/\/www.acrartex.com\/es\/wp-json\/wp\/v2\/media?parent=157522"}],"wp:term":[{"taxonomy":"product_brand","embeddable":true,"href":"https:\/\/www.acrartex.com\/es\/wp-json\/wp\/v2\/product_brand?post=157522"},{"taxonomy":"product_cat","embeddable":true,"href":"https:\/\/www.acrartex.com\/es\/wp-json\/wp\/v2\/product_cat?post=157522"},{"taxonomy":"product_tag","embeddable":true,"href":"https:\/\/www.acrartex.com\/es\/wp-json\/wp\/v2\/product_tag?post=157522"}],"curies":[{"name":"wp","href":"https:\/\/api.w.org\/{rel}","templated":true}]}}