{"id":157434,"date":"2021-08-04T16:32:27","date_gmt":"2021-08-04T21:32:27","guid":{"rendered":"https:\/\/www.acrartex.com\/products\/personal-locator-beacon-microfix-plb-300\/"},"modified":"2021-08-04T16:32:27","modified_gmt":"2021-08-04T21:32:27","slug":"personal-locator-beacon-microfix-plb-300","status":"publish","type":"product","link":"https:\/\/www.acrartex.com\/es\/products\/personal-locator-beacon-microfix-plb-300\/","title":{"rendered":"Personal Locator Beacon MicroFix\u2122 PLB -300"},"content":{"rendered":"<p><a href=\"https:\/\/www.acrartex.com\/es\/categoria-producto\/exterior\/\"><em><strong>Este producto ha sido descontinuado.  <\/strong><\/em><\/a><\/p>\n<p>Transmite en 406 MHz a trav\u00e9s del sistema satelital COSPAS-SARSAT con su se\u00f1al de socorro registrada, \u00fanica y codificada digitalmente y 121,5 MHz (frecuencia de localizaci\u00f3n SAR).<\/p>\n<p>GPS paralelo de 16 canales incorporado adquiere y luego transmite LAT\/LON cuando se activa la unidad, lo que ahorra enormemente tiempo valioso para que su mensaje de socorro llegue a los centros de rescate locales y proporciona a las agencias de rescate su posici\u00f3n exacta dentro de las 110 yardas (100 metros).<\/p>\n<p>Se puede llevar f\u00e1cilmente en una mochila o en el bolsillo; lo suficientemente peque\u00f1o para que lo usen esquiadores, excursionistas, cazadores, kayakistas, escaladores, pilotos, conductores de motos de nieve o cualquier otro entusiasta de las actividades al aire libre.<\/p>\n","protected":false},"excerpt":{"rendered":"<p><em><strong><a href=\"https:\/\/www.acrartex.com\/product-category\/outdoor\/\">Este producto ha sido descontinuado. <\/a>  <\/strong><\/em><\/p>\n<p>Los accidentes ocurren a diario, ya sea en una misi\u00f3n peligrosa, trabajando en una zona remota o simplemente acampando o cazando al aire libre. En la naturaleza, un accidente cotidiano puede convertirse instant\u00e1neamente en una situaci\u00f3n potencialmente mortal, y los rescates pueden tardar d\u00edas o semanas si no se est\u00e1 preparado. <\/p>\n<p>Ponga el poder en la palma de su mano con una Personal Locator Beacon ( PLB ) MicroFix 406. Ahora puede convertir esa situaci\u00f3n de riesgo vital en un rescate exitoso. Es tan f\u00e1cil como pulsar un bot\u00f3n: con un GPS interno, MicroFix adquiere su posici\u00f3n GPS y la transmite junto con su c\u00f3digo de identificaci\u00f3n personalizado a trav\u00e9s del sistema global de sat\u00e9lites COSPASSARSAT, alertando instant\u00e1neamente a las fuerzas de b\u00fasqueda y rescate de que necesita ayuda de inmediato.  <\/p>\n<p>Se trata de un sistema humanitario mundial que ha salvado m\u00e1s de 30.000 vidas, financiado con sus d\u00f3lares de impuestos y sin costosas cuotas de suscripci\u00f3n.<\/p>\n<p>Sea responsable, est\u00e9 preparado, est\u00e9 seguro.<\/p>\n","protected":false},"featured_media":157437,"template":"","meta":{"_acf_changed":false,"om_disable_all_campaigns":false},"product_brand":[],"product_cat":[5819],"product_tag":[13306,13309,9438,6863,13317,13313,13277,13281,9432,9439],"class_list":{"0":"post-157434","1":"product","2":"type-product","3":"status-publish","4":"has-post-thumbnail","6":"product_cat-exterior","7":"product_tag-2898-es","8":"product_tag-2898nh-es","9":"product_tag-cospas-es","10":"product_tag-cospas-sarsat-es","11":"product_tag-micro-fix-plb-es","12":"product_tag-microfijacion","13":"product_tag-plb-300-es","14":"product_tag-plb300-es","15":"product_tag-sarsat-es","16":"product_tag-sarsat-cospas-es","17":"pa_product-legado","19":"first","20":"outofstock","21":"taxable","22":"shipping-taxable","23":"product-type-simple"},"acf":[],"_links":{"self":[{"href":"https:\/\/www.acrartex.com\/es\/wp-json\/wp\/v2\/product\/157434","targetHints":{"allow":["GET"]}}],"collection":[{"href":"https:\/\/www.acrartex.com\/es\/wp-json\/wp\/v2\/product"}],"about":[{"href":"https:\/\/www.acrartex.com\/es\/wp-json\/wp\/v2\/types\/product"}],"wp:featuredmedia":[{"embeddable":true,"href":"https:\/\/www.acrartex.com\/es\/wp-json\/wp\/v2\/media\/157437"}],"wp:attachment":[{"href":"https:\/\/www.acrartex.com\/es\/wp-json\/wp\/v2\/media?parent=157434"}],"wp:term":[{"taxonomy":"product_brand","embeddable":true,"href":"https:\/\/www.acrartex.com\/es\/wp-json\/wp\/v2\/product_brand?post=157434"},{"taxonomy":"product_cat","embeddable":true,"href":"https:\/\/www.acrartex.com\/es\/wp-json\/wp\/v2\/product_cat?post=157434"},{"taxonomy":"product_tag","embeddable":true,"href":"https:\/\/www.acrartex.com\/es\/wp-json\/wp\/v2\/product_tag?post=157434"}],"curies":[{"name":"wp","href":"https:\/\/api.w.org\/{rel}","templated":true}]}}