{"id":157431,"date":"2021-08-04T18:10:30","date_gmt":"2021-08-04T23:10:30","guid":{"rendered":"https:\/\/www.acrartex.com\/products\/pathfinder3-sart\/"},"modified":"2021-08-04T18:10:30","modified_gmt":"2021-08-04T23:10:30","slug":"pathfinder3-sart","status":"publish","type":"product","link":"https:\/\/www.acrartex.com\/es\/products\/pathfinder3-sart\/","title":{"rendered":"Pathfinder3 SART"},"content":{"rendered":"<p><a href=\"https:\/\/www.acrartex.com\/no\/products\/pathfinder-pro-sart\/\"><b>Este producto ha sido actualizado.<\/b><\/a><\/p>\n<ul>\n<li>La unidad compacta se guarda f\u00e1cilmente en una balsa salvavidas.<\/li>\n<li>Soporte de montaje de liberaci\u00f3n r\u00e1pida incluido<\/li>\n<li>Vida \u00fatil: 96 horas en modo de espera; m\u00e1s de 8 horas en modo operativo<\/li>\n<li>Estuche de poliestireno de alto impacto dise\u00f1ado para soportar entornos dif\u00edciles<\/li>\n<li>Incluye un cord\u00f3n de 33 pies (10 m) para seguridad y un poste plegable, ambos guardados dentro del SART<\/li>\n<li>Resistente al agua hasta 10 m (33 pies)<\/li>\n<li>Bater\u00eda de litio de larga duraci\u00f3n y segura para el transporte (vida \u00fatil de reemplazo de 5 a\u00f1os) (solo 2714NH)<\/li>\n<li>Certificaci\u00f3n mundial; cumple con los est\u00e1ndares GMDSS, IEC, IMO\/SOLAS 88, ETSI 300 151 y RTCM, aprobado por la FCC, MED<\/li>\n<\/ul>\n","protected":false},"excerpt":{"rendered":"<p><strong>Este producto ha sido actualizado. <a href=\"https:\/\/www.acrartex.com\/products\/pathfinder-pro-sart\/\">Haga clic aqu\u00ed<\/a> para ver las actualizaciones disponibles.<\/strong><\/p>\n<p>Al ser interrogada por radar, esta unidad transmite 12 se\u00f1ales intensas en la pantalla, lo que facilita enormemente las labores de b\u00fasqueda y rescate. De hecho, es obligatorio contar con un transpondedor de b\u00fasqueda y rescate en todas las embarcaciones comerciales que deben cumplir con el SMSSM y en cualquier embarcaci\u00f3n que transporte m\u00e1s de una balsa salvavidas. El exclusivo modo de prueba ACR proporciona informaci\u00f3n visual y sonora que confirma el estado operativo.  <\/p>\n<p>&nbsp;<\/p>\n<p><a href=\"https:\/\/www.acrartex.com\/products\/pathfinder-pro-sart\/\"><strong>Este producto NO est\u00e1 disponible para ventas de comercio electr\u00f3nico.  <\/strong><\/a><\/p>\n<p>&nbsp;<\/p>\n","protected":false},"featured_media":157460,"template":"","meta":{"_acf_changed":false,"om_disable_all_campaigns":false},"product_brand":[],"product_cat":[5986,5775,5985],"product_tag":[13379,13384,13372,13311,13365,13320,13315,13349,13341,13323,13325,13334,13355,13330,13374,13377,13344,13338,13369,13304,13308,13327,13360],"class_list":{"0":"post-157431","1":"product","2":"type-product","3":"status-publish","4":"has-post-thumbnail","6":"product_cat-comercial","7":"product_cat-marina-es","8":"product_cat-off-shore-es","9":"product_tag-2714-es","10":"product_tag-2714nh-es","11":"product_tag-aprobaciones-de-inicio","12":"product_tag-bateria-de-arranque","13":"product_tag-iniciar-gmdss","14":"product_tag-iniciar-la-fiv","15":"product_tag-inicio-acr","16":"product_tag-inicio-de-prueba","17":"product_tag-inicio-del-gmdss","18":"product_tag-inicio-del-otono","19":"product_tag-jotron-start","20":"product_tag-jotron-tron-sart-es","21":"product_tag-marinero","22":"product_tag-mcmurdo-sart-es","23":"product_tag-pathfinder2-es","24":"product_tag-pathfinder3-es","25":"product_tag-probador-de-arranque","26":"product_tag-prueba-de-inicio","27":"product_tag-requisitos-de-inicio","28":"product_tag-sart-es","29":"product_tag-transpondedor-de-inicio","30":"product_tag-tron-sart-es","31":"product_tag-tron-sart-20-es","32":"pa_product-legado","34":"first","35":"outofstock","36":"taxable","37":"shipping-taxable","38":"product-type-simple"},"acf":[],"_links":{"self":[{"href":"https:\/\/www.acrartex.com\/es\/wp-json\/wp\/v2\/product\/157431","targetHints":{"allow":["GET"]}}],"collection":[{"href":"https:\/\/www.acrartex.com\/es\/wp-json\/wp\/v2\/product"}],"about":[{"href":"https:\/\/www.acrartex.com\/es\/wp-json\/wp\/v2\/types\/product"}],"wp:featuredmedia":[{"embeddable":true,"href":"https:\/\/www.acrartex.com\/es\/wp-json\/wp\/v2\/media\/157460"}],"wp:attachment":[{"href":"https:\/\/www.acrartex.com\/es\/wp-json\/wp\/v2\/media?parent=157431"}],"wp:term":[{"taxonomy":"product_brand","embeddable":true,"href":"https:\/\/www.acrartex.com\/es\/wp-json\/wp\/v2\/product_brand?post=157431"},{"taxonomy":"product_cat","embeddable":true,"href":"https:\/\/www.acrartex.com\/es\/wp-json\/wp\/v2\/product_cat?post=157431"},{"taxonomy":"product_tag","embeddable":true,"href":"https:\/\/www.acrartex.com\/es\/wp-json\/wp\/v2\/product_tag?post=157431"}],"curies":[{"name":"wp","href":"https:\/\/api.w.org\/{rel}","templated":true}]}}