{"id":157306,"date":"2021-09-23T19:59:54","date_gmt":"2021-09-24T00:59:54","guid":{"rendered":"https:\/\/www.acrartex.com\/products\/personal-locator-beacon-resqlink-410-rls\/"},"modified":"2026-01-13T14:53:17","modified_gmt":"2026-01-13T19:53:17","slug":"personal-locator-beacon-resqlink-410-rls","status":"publish","type":"product","link":"https:\/\/www.acrartex.com\/es\/products\/personal-locator-beacon-resqlink-410-rls\/","title":{"rendered":"Personal Locator Beacon ResQLink \u2122 410 RLS"},"content":{"rendered":"<p>Peque\u00f1o pero resistente, el ResQLink 410 RLS ha sido dise\u00f1ado y probado profesionalmente para garantizar su resistencia incluso a las inclemencias del tiempo. Esta Personal Locator Beacon no requiere suscripci\u00f3n e incluye la nueva funci\u00f3n Return Link Service ( RLS ). Las balizas con RLS confirman al usuario que se ha recibido el mensaje de emergencia y que se ha detectado su ubicaci\u00f3n. RLS funciona enviando una se\u00f1al a trav\u00e9s de la red satelital Cospas Sarsat para confirmar al usuario que se ha recibido el mensaje de emergencia y que se ha detectado su ubicaci\u00f3n. La confirmaci\u00f3n se indica claramente mediante una luz azul intermitente.    <\/p>\n<p>&nbsp;<\/p>\n<p>Con tres niveles de tecnolog\u00eda de se\u00f1alizaci\u00f3n de socorro integrada (posicionamiento GPS , una potente se\u00f1al de 406 MHz y capacidad de localizaci\u00f3n de 121,5 MHz), el ResQLink 410 RLS transmite su posici\u00f3n con rapidez y precisi\u00f3n a una red mundial de sat\u00e9lites de b\u00fasqueda y rescate. Adem\u00e1s, un estroboscopio integrado y un estroboscopio infrarrojo facilitan los rescates nocturnos o en condiciones de baja visibilidad. Ya sea en tierra, mar o aire, conf\u00ede en que la precisi\u00f3n satelital y la durabilidad militar del ResQLink ponen el rescate al alcance de su mano.  <\/p>\n<p>&nbsp;<\/p>\n<p>Dondequiera que te lleve tu aventura, ya sea un viaje a las cumbres m\u00e1s altas, a los terrenos m\u00e1s inexplorados o a los oc\u00e9anos m\u00e1s vastos, ten la seguridad de que el ResQLink 410 RLS siempre se activa f\u00e1cilmente. Simplemente despliega la antena, pulsa el bot\u00f3n de encendido y la baliza te confirmar\u00e1 la recepci\u00f3n de tu mensaje de socorro y la detecci\u00f3n de tu ubicaci\u00f3n, a la vez que gu\u00eda f\u00e1cilmente a los rescatistas a 100 metros o menos de tu posici\u00f3n. <\/p>\n<p>&nbsp;<\/p>\n<p>Gracias a sus innovadores elementos de dise\u00f1o, los clips multifunci\u00f3n se pueden usar junto con la baliza, lo que ofrece numerosas opciones de portabilidad para diversas aplicaciones. La mayor facilidad para incorporar el ResQLink 410 RLS en su persona o con su equipo hizo que todas sus aventuras no solo fueran m\u00e1s seguras, sino tambi\u00e9n m\u00e1s c\u00f3modas. <\/p>\n<p>&nbsp;<\/p>\n<p>Manteniendo la misma fiabilidad y durabilidad que sus predecesores, el ResQLink 410 RLS tambi\u00e9n est\u00e1 dise\u00f1ado para la comodidad. Disfrute de la tranquilidad de saber que su mensaje de socorro ha sido recibido y su ubicaci\u00f3n ha sido detectada. Como l\u00edder en productos salvavidas para uso profesional y recreativo, ACR ofrece seguridad y tranquilidad inigualables con la Personal Locator Beacon ResQLink 410 RLS .  <\/p>\n<p>&nbsp;<\/p>\n<p><strong> <\/strong><strong>Caracter\u00edsticas y beneficios:<\/strong><\/p>\n<p>&nbsp;<\/p>\n<ul>\n<li>No se requiere suscripci\u00f3n<\/li>\n<li>Funcionalidad Return Link Service ( RLS )<\/li>\n<li>GPS | Galileo GNSS<\/li>\n<li>Flotabilidad incorporada<\/li>\n<li>Estrobosc\u00f3pico y estrobosc\u00f3pico infrarrojo<\/li>\n<li>Cobertura global<\/li>\n<li>Compatible con MEOSAR<\/li>\n<li>Peque\u00f1o y ligero<\/li>\n<li>5 a\u00f1os de duraci\u00f3n de la bater\u00eda<\/li>\n<li>Vida \u00fatil de m\u00e1s de 24 horas**<\/li>\n<li>Sistema de clip multifunci\u00f3n incluido<\/li>\n<\/ul>\n<p>&nbsp;<\/p>\n<p>**Basado en informe de prueba de laboratorio acreditado<\/p>\n<p>&nbsp;<\/p>\n<p>La lista completa de pa\u00edses que han aprobado la venta y el uso de RLS en su territorio se puede encontrar en este enlace <span lang=\"PT-BR\">:<\/span> <a href=\"https:\/\/cospas-sarsat.int\/en\/beacon-ownership\/rls-enabled-beacon-purchase\"><span lang=\"PT-BR\">https:\/\/cospas-sarsat.int\/en\/beacon-ownership\/rls-enabled-beacon-purchase<\/span><\/a><\/p>\n<p class=\"Paragraph1\" align=\"left\"><span lang=\"PT-BR\">Puede haber una demora en los pa\u00edses que informan Cospas-Sarsat , por lo que muchos pa\u00edses que no est\u00e1n en la lista anterior tambi\u00e9n pueden permitir balizas habilitadas para RLS<\/span><span lang=\"PT-BR\">. Cospas-Sarsat recomienda consultar directamente con las autoridades nacionales\/territoriales para obtener la informaci\u00f3n m\u00e1s reciente sobre lo que est\u00e1 permitido.<\/span><\/p>\n<p class=\"Paragraph1\" align=\"left\"><i><span lang=\"PT-BR\">* Puede contactar a la Guardia Costera de los Estados Unidos aqu\u00ed:<\/span><\/i> <a href=\"https:\/\/www.dco.uscg.mil\/Our-Organization\/Assistant-Commandant-for-Response-Policy-CG-5R\/Office-of-Incident-Management-Preparedness-CG-5RI\/US-Coast-Guard-Office-of-Search-and-Rescue-CG-SAR\/NSARC\/\"><i>https:\/\/www.dco.uscg.mil\/Our-Organization\/Assistant-Commandant-for-Response-Policy-CG-5R\/Office-of-Incident-Management-Preparedness-CG-5RI\/US-Coast-Guard-Office-of-Search-and-Rescue-CG-SAR\/NSARC\/<\/i><\/a><\/p>\n<p class=\"Paragraph1\" align=\"left\"><i><span lang=\"PT-BR\">**Puede contactar a la NOAA aqu\u00ed<\/span><\/i> <a href=\"https:\/\/www.sarsat.noaa.gov\/\"><i>https:\/\/www.sarsat.noaa.gov\/<\/i><\/a><\/p>\n<p><strong>2331: Kit de seguridad ResQlink 410 RLS Base PLB<\/strong> | Este kit incluye los siguientes elementos:<\/p>\n<p>Personal Locator Beacon ResQLink 410 RLS \u2122 (programada para EE. UU.)<br \/>\n Luz de rescate C-Strobe\u2122 H2O<br \/>\n Silbato Res-Q\u2122<br \/>\n Bolsa impermeable RapidDitch<br \/>\n Espejo de se\u00f1ales<\/p>\n","protected":false},"excerpt":{"rendered":"<p>Peque\u00f1o pero resistente, el ResQLink 410 RLS ha sido dise\u00f1ado y probado profesionalmente para garantizar su resistencia incluso a las inclemencias del tiempo. Esta Personal Locator Beacon no requiere suscripci\u00f3n y, gracias a la nueva funci\u00f3n Return Link Service ( RLS ), le ofrece la tranquilidad de saber que su mensaje de ACR ha sido recibido y su ubicaci\u00f3n ha sido detectada. <\/p>\n<p>&nbsp;<\/p>\n<p><b>Caracter\u00edsticas y beneficios:<\/b><\/p>\n<p>&nbsp;<\/p>\n<ul>\n<li>No se requiere suscripci\u00f3n<\/li>\n<li>Funcionalidad Return Link Service ( RLS )<\/li>\n<li><a name=\"_Hlk2671037\" data-cke-saved-name=\"_Hlk2671037\"><\/a>GPS | Galileo GNSS<\/li>\n<li>Flotabilidad incorporada<\/li>\n<li>Estrobosc\u00f3pico y estrobosc\u00f3pico infrarrojo<\/li>\n<li>Cobertura global<\/li>\n<li>Compatible con MEOSAR<\/li>\n<li>Peque\u00f1o y ligero<\/li>\n<li>5 a\u00f1os de duraci\u00f3n de la bater\u00eda<\/li>\n<li>Vida \u00fatil de m\u00e1s de 24 horas**<\/li>\n<li>Sistema de clip multifunci\u00f3n incluido<\/li>\n<\/ul>\n<p>&nbsp;<\/p>\n<p>**Basado en informe de prueba de laboratorio acreditado<\/p>\n<p>&nbsp;<\/p>\n<p><a href=\"https:\/\/www.dropbox.com\/s\/8343nj28z0d7bxa\/Prop%2065%20-%20BPA.pdf?dl=0\" data-cke-saved-href=\"https:\/\/www.dropbox.com\/s\/8343nj28z0d7bxa\/Prop%2065%20-%20BPA.pdf?dl=0\">ADVERTENCIA: PROP 65<\/a><\/p>\n","protected":false},"featured_media":88803,"template":"","meta":{"_acf_changed":false,"om_disable_all_campaigns":false},"product_brand":[],"product_cat":[5984,5986,5988,5990,5989,5819,5983,5775,5985,12195,5987],"product_tag":[5536,6218,8123,5824,11542,6863,5828,5821,5997,12991,12989],"class_list":{"0":"post-157306","1":"product","2":"type-product","3":"status-publish","4":"has-post-thumbnail","6":"product_cat-cerca-de-la-costa","7":"product_cat-comercial","8":"product_cat-deporte-de-accion-todoterreno","9":"product_cat-deportes-de-remo-pesca","10":"product_cat-equipo-de-viaje","11":"product_cat-exterior","12":"product_cat-interior","13":"product_cat-marina-es","14":"product_cat-off-shore-es","15":"product_cat-personal-locator-beacon-es","16":"product_cat-senderismo-escalada-campamento","17":"product_tag-406-es","18":"product_tag-406-mhz-es","19":"product_tag-acre-es","20":"product_tag-baliza-localizadora-personal","21":"product_tag-baliza-localizadora-personal-acr","22":"product_tag-cospas-sarsat-es","23":"product_tag-gps-es","24":"product_tag-plb-es","25":"product_tag-resqlin","26":"product_tag-return-link-service-es","27":"product_tag-rls-es","28":"pa_activity-a-campo-traviesa","29":"pa_activity-bicicleta","30":"pa_activity-camping-es","31":"pa_activity-deportes-de-remo","32":"pa_activity-escalada","33":"pa_activity-esqui-snowboard","34":"pa_activity-motonieve","35":"pa_activity-pesca","36":"pa_activity-senderismo","37":"pa_activity-todoterreno-4x4","38":"pa_aircraft-type-avion-de-pasajeros","39":"pa_aircraft-type-experimental-es","40":"pa_aircraft-type-grandes-aviones","41":"pa_aircraft-type-jets-de-tamano-mediano","42":"pa_aircraft-type-jets-ligeros","43":"pa_aircraft-type-multimotor","44":"pa_aircraft-type-rotocraft-es","45":"pa_aircraft-type-turbohelice","46":"pa_aircraft-type-un-solo-motor","47":"pa_boat-size-0-20-es","48":"pa_boat-size-21-40-es","49":"pa_boat-size-40-80-es","50":"pa_boat-size-80-es","51":"pa_boat-type-artesania-deportiva","52":"pa_boat-type-buque-de-carga","53":"pa_boat-type-lancha-fuera-borda","54":"pa_boat-type-pesca-comercial","55":"pa_boat-type-remolcador","56":"pa_boat-type-velero","57":"pa_boat-type-yate","58":"pa_boat-type-yate-de-alquiler","59":"pa_product-rescue-beacons-es","60":"pa_terrain-bosque-y-jungla","61":"pa_terrain-colina-y-montana","62":"pa_terrain-rios-humedales-lagos","63":"pa_terrain-tundra-es","65":"first","66":"instock","67":"taxable","68":"shipping-taxable","69":"purchasable","70":"product-type-variable"},"acf":[],"_links":{"self":[{"href":"https:\/\/www.acrartex.com\/es\/wp-json\/wp\/v2\/product\/157306","targetHints":{"allow":["GET"]}}],"collection":[{"href":"https:\/\/www.acrartex.com\/es\/wp-json\/wp\/v2\/product"}],"about":[{"href":"https:\/\/www.acrartex.com\/es\/wp-json\/wp\/v2\/types\/product"}],"wp:featuredmedia":[{"embeddable":true,"href":"https:\/\/www.acrartex.com\/es\/wp-json\/wp\/v2\/media\/88803"}],"wp:attachment":[{"href":"https:\/\/www.acrartex.com\/es\/wp-json\/wp\/v2\/media?parent=157306"}],"wp:term":[{"taxonomy":"product_brand","embeddable":true,"href":"https:\/\/www.acrartex.com\/es\/wp-json\/wp\/v2\/product_brand?post=157306"},{"taxonomy":"product_cat","embeddable":true,"href":"https:\/\/www.acrartex.com\/es\/wp-json\/wp\/v2\/product_cat?post=157306"},{"taxonomy":"product_tag","embeddable":true,"href":"https:\/\/www.acrartex.com\/es\/wp-json\/wp\/v2\/product_tag?post=157306"}],"curies":[{"name":"wp","href":"https:\/\/api.w.org\/{rel}","templated":true}]}}