{"id":157264,"date":"2022-02-07T16:20:41","date_gmt":"2022-02-07T21:20:41","guid":{"rendered":"https:\/\/www.acrartex.com\/products\/elt-4000s\/"},"modified":"2022-02-07T16:20:41","modified_gmt":"2022-02-07T21:20:41","slug":"elt-4000s","status":"publish","type":"product","link":"https:\/\/www.acrartex.com\/es\/products\/elt-4000s\/","title":{"rendered":"ELT 4000S"},"content":{"rendered":"<p><strong>Descripci\u00f3n general del producto<\/strong><\/p>\n<p>El ARTEX <a href=\"https:\/\/www.acrartex.com\/es\/news\/artex-lanza-el-emergency-locator-transmitter-supervivencia-sin-litio-de-proxima-generacion\/\">ELT 4000S es un ELT port\u00e1til de supervivencia (Survival(S))<\/a> que transmite en 121,5 y 406 MHz, exento de los requisitos TSO C142 y DO-227 gracias a su innovador sistema de alimentaci\u00f3n por bater\u00eda alcalina. El transmisor ELT se basa en el sistema ARTEX ELT 4000 y representa la \u00faltima tecnolog\u00eda en transmisores ELT , con una bater\u00eda sin litio en una baliza de supervivencia, lo que ahorra a los operadores los gastos de env\u00edo de materiales peligrosos. El ARTEX ELT 4000S es flotante y se activa autom\u00e1ticamente al desplegarse en el agua. Tambi\u00e9n incluye un interruptor de activaci\u00f3n manual para uso en tierra. Un GPS interno (GNSS) adquiere datos de posici\u00f3n para su inclusi\u00f3n en la transmisi\u00f3n de 406 MHz, y un cord\u00f3n permite su fijaci\u00f3n a una balsa salvavidas.    <\/p>\n<p><iframe loading=\"lazy\" title=\"ARTEX ELT 4000S Portable Emergency Locator Transmitter\" width=\"500\" height=\"281\" src=\"https:\/\/www.youtube.com\/embed\/KBgLQOc3Xag?feature=oembed\" frameborder=\"0\" allow=\"accelerometer; autoplay; clipboard-write; encrypted-media; gyroscope; picture-in-picture; web-share\" referrerpolicy=\"strict-origin-when-cross-origin\" allowfullscreen><\/iframe><\/p>\n<p>El ARTEX ELT 4000S cuenta con un sistema de prueba f\u00e1cil de leer con dos indicadores LED. Un LED verde indica una autoprueba exitosa. El cord\u00f3n de 4,5 m se guarda c\u00f3modamente en la carcasa superior y la antena plegable est\u00e1 asegurada y se puede desplegar con una sola mano.   <\/p>\n<p>El sistema de montaje, aprobado por TSO, permite la liberaci\u00f3n multieje, ofreciendo flexibilidad en la ubicaci\u00f3n de la instalaci\u00f3n. Un sistema de bater\u00eda reemplazable por el usuario permite el mantenimiento en el ala, lo que reduce los costos de propiedad. <\/p>\n<p><strong>Caracter\u00edsticas del producto<\/strong><\/p>\n<ul>\n<li>Aprobado por la FAA y la EASA<\/li>\n<li>Dise\u00f1o robusto con flotabilidad incorporada (sin collar flotador)<\/li>\n<li>GPS integrado<\/li>\n<li>Bater\u00eda alcalina (exenta de los requisitos TSO C142 y DO-227)<\/li>\n<li>Sistema de bater\u00eda alcalina reemplazable por el usuario durante cinco a\u00f1os (en el ala)<\/li>\n<li>Exento de condici\u00f3n especial, no se permite env\u00edo de materiales peligrosos<\/li>\n<li>Soporte simple para f\u00e1cil implementaci\u00f3n con una sola mano<\/li>\n<li>Compatible con los programadores port\u00e1tiles ARTEX existentes<\/li>\n<li>Configuraciones de soporte disponibles para zurdos y diestros<\/li>\n<\/ul>\n<p>\u00bfInteresado en aprender sobre <a href=\"http:\/\/www.gadss.com\">GADSS.com?<\/a><\/p>\n","protected":false},"excerpt":{"rendered":"<p>El ARTEX ELT 4000S es un ELT port\u00e1til de supervivencia (S) aprobado por la FAA y la EASA que transmite en 121,5 y 406 MHz. El transmisor ELT se basa en el sistema ARTEX ELT 4000 y representa la tecnolog\u00eda m\u00e1s avanzada en transmisores ELT , con una bater\u00eda sin litio en una baliza de supervivencia, exenta de las aprobaciones TSO C142 y DO-227. El ARTEX ELT 4000S es flotante y se activa autom\u00e1ticamente al desplegarse en el agua. Tambi\u00e9n incluye un interruptor de activaci\u00f3n manual para uso en tierra. Un GPS interno (GNSS) adquiere datos de posici\u00f3n para su inclusi\u00f3n en la transmisi\u00f3n de 406 MHz, y un cord\u00f3n permite su fijaci\u00f3n a una balsa salvavidas.    <\/p>\n<p>&nbsp;<\/p>\n","protected":false},"featured_media":27655,"template":"","meta":{"_acf_changed":false,"om_disable_all_campaigns":false},"product_brand":[],"product_cat":[5527,5992,8521],"product_tag":[13053,13051,13049,8875],"class_list":{"0":"post-157264","1":"product","2":"type-product","3":"status-publish","4":"has-post-thumbnail","6":"product_cat-aviacion","7":"product_cat-avion-de-negocios","8":"product_cat-aviones-comerciales","9":"product_tag-do-227a-es","10":"product_tag-elt-4000s-es","11":"product_tag-elt-de-supervivencia-de-primera-linea","12":"product_tag-elt-portatil","13":"pa_aircraft-type-aviones-de-pasajeros","14":"pa_aircraft-type-grandes-aviones","15":"pa_aircraft-type-jets-de-tamano-mediano","16":"pa_aircraft-type-multimotor","18":"first","19":"instock","20":"taxable","21":"shipping-taxable","22":"product-type-simple"},"acf":[],"_links":{"self":[{"href":"https:\/\/www.acrartex.com\/es\/wp-json\/wp\/v2\/product\/157264","targetHints":{"allow":["GET"]}}],"collection":[{"href":"https:\/\/www.acrartex.com\/es\/wp-json\/wp\/v2\/product"}],"about":[{"href":"https:\/\/www.acrartex.com\/es\/wp-json\/wp\/v2\/types\/product"}],"wp:featuredmedia":[{"embeddable":true,"href":"https:\/\/www.acrartex.com\/es\/wp-json\/wp\/v2\/media\/27655"}],"wp:attachment":[{"href":"https:\/\/www.acrartex.com\/es\/wp-json\/wp\/v2\/media?parent=157264"}],"wp:term":[{"taxonomy":"product_brand","embeddable":true,"href":"https:\/\/www.acrartex.com\/es\/wp-json\/wp\/v2\/product_brand?post=157264"},{"taxonomy":"product_cat","embeddable":true,"href":"https:\/\/www.acrartex.com\/es\/wp-json\/wp\/v2\/product_cat?post=157264"},{"taxonomy":"product_tag","embeddable":true,"href":"https:\/\/www.acrartex.com\/es\/wp-json\/wp\/v2\/product_tag?post=157264"}],"curies":[{"name":"wp","href":"https:\/\/api.w.org\/{rel}","templated":true}]}}