{"id":157147,"date":"2021-09-23T20:05:44","date_gmt":"2021-09-24T01:05:44","guid":{"rendered":"https:\/\/www.acrartex.com\/products\/resqlink-view-rls-personal-locator-beacon\/"},"modified":"2026-01-13T14:42:20","modified_gmt":"2026-01-13T19:42:20","slug":"resqlink-view-rls-personal-locator-beacon","status":"publish","type":"product","link":"https:\/\/www.acrartex.com\/es\/products\/resqlink-view-rls-personal-locator-beacon\/","title":{"rendered":"ResQLink \u2122 View RLS Personal Locator Beacon"},"content":{"rendered":"<p>Peque\u00f1o pero resistente, el ResQLink View RLS ha sido dise\u00f1ado y probado profesionalmente para garantizar su resistencia incluso a las inclemencias del tiempo. Esta Personal Locator Beacon no requiere suscripci\u00f3n, cuenta con una pantalla digital que muestra el estado en tiempo real y las coordenadas GPS , e incluye el nuevo Return Link Service ( RLS ). Balizas con RLS    <span lang=\"EN-GB\">Confirma al usuario que se ha recibido el mensaje de emergencia de su baliza y que se ha detectado su ubicaci\u00f3n. RLS funciona enviando una se\u00f1al a trav\u00e9s de la red satelital Cospas Sarsat para confirmar al usuario de la baliza que se ha recibido el mensaje de emergencia y que se ha detectado su ubicaci\u00f3n. La confirmaci\u00f3n del usuario se indica claramente mediante una luz azul intermitente y un mensaje de confirmaci\u00f3n correspondiente en la pantalla digital.  <\/span><\/p>\n<p><a href=\"https:\/\/www.acrartex.com\/es\/news\/acr-electronics-gana-el-premio-dame-por-return-link-service-resqlink-view-personal-locator-beacon\/\" rel=\"attachment wp-att-26076\"><img loading=\"lazy\" decoding=\"async\" class=\"size-medium wp-image-26076 alignright\" src=\"https:\/\/www.acrartex.com\/wp-content\/uploads\/2021\/11\/dame-design-award-logo-vector-300x167.png\" alt=\"ResQLink View RLS gan\u00f3 el premio Dame 2021\" width=\"300\" height=\"167\" srcset=\"https:\/\/www.acrartex.com\/wp-content\/uploads\/2021\/11\/dame-design-award-logo-vector-300x167.png 300w, https:\/\/www.acrartex.com\/wp-content\/uploads\/2021\/11\/dame-design-award-logo-vector-768x427.png 768w, https:\/\/www.acrartex.com\/wp-content\/uploads\/2021\/11\/dame-design-award-logo-vector-600x333.png 600w, https:\/\/www.acrartex.com\/wp-content\/uploads\/2021\/11\/dame-design-award-logo-vector.png 900w\" sizes=\"auto, (max-width: 300px) 100vw, 300px\" \/><\/a><\/p>\n<p>Con tres niveles de tecnolog\u00eda de se\u00f1al integrada (posicionamiento GPS , una potente se\u00f1al de 406 MHz y capacidad de localizaci\u00f3n de 121,5 MHz), el ResQLink View RLS transmite su posici\u00f3n con rapidez y precisi\u00f3n a una red mundial de sat\u00e9lites de b\u00fasqueda y rescate. Adem\u00e1s, un estroboscopio integrado y un estroboscopio infrarrojo facilitan los rescates nocturnos o en condiciones de baja visibilidad. Ya sea en tierra, mar o aire, conf\u00ede en que la precisi\u00f3n satelital y la durabilidad militar del ResQLink ponen el rescate al alcance de su mano.  <\/p>\n<p>&nbsp;<\/p>\n<p>Dondequiera que te lleve tu aventura, ya sea un viaje a las cumbres m\u00e1s altas, a los terrenos m\u00e1s inexplorados o a los oc\u00e9anos m\u00e1s vastos, ten la seguridad de que el ResQLink View RLS siempre se activa f\u00e1cilmente. Simplemente despliega la antena, pulsa el bot\u00f3n de encendido y la baliza te confirmar\u00e1 cuando se haya recibido tu mensaje de socorro y se haya detectado tu ubicaci\u00f3n, a la vez que gu\u00eda f\u00e1cilmente a los rescatistas a 100 metros o menos de tu posici\u00f3n. Disfruta de mayor tranquilidad gracias a la pantalla digital integrada para ver el estado de la baliza y las coordenadas GPS en tiempo real durante todo el proceso de rescate.  <\/p>\n<p>&nbsp;<\/p>\n<p>Gracias a sus innovadores elementos de dise\u00f1o, los clips multifunci\u00f3n se pueden usar junto con la baliza, lo que ofrece numerosas opciones de portabilidad para diversas aplicaciones. La mayor facilidad para incorporar el ResQLink View en su dispositivo o con su equipo hizo que todas sus aventuras fueran no solo m\u00e1s seguras, sino tambi\u00e9n m\u00e1s c\u00f3modas. <\/p>\n<p>&nbsp;<\/p>\n<p>Manteniendo la misma fiabilidad y durabilidad que sus predecesores, el ResQLink View RLS tambi\u00e9n est\u00e1 dise\u00f1ado para la comodidad. Disfrute de la tranquilidad de saber que su mensaje de socorro ha sido recibido y su ubicaci\u00f3n ha sido detectada. Como l\u00edder en productos de salvamento para uso profesional y recreativo, ACR ofrece seguridad y tranquilidad inigualables con la Personal Locator Beacon ResQLink View RLS .  <\/p>\n<p>&nbsp;<\/p>\n<p><b>Caracter\u00edsticas y beneficios:<\/b><\/p>\n<ul>\n<li>No se requiere suscripci\u00f3n<\/li>\n<li>Pantalla digital<\/li>\n<li>Funcionalidad Return Link Service ( RLS )<\/li>\n<li><a name=\"_Hlk2671037\" data-cke-saved-name=\"_Hlk2671037\"><\/a>GPS | Galileo GNSS<\/li>\n<li>Flotabilidad incorporada<\/li>\n<li>Estrobosc\u00f3pico y estrobosc\u00f3pico infrarrojo<\/li>\n<li>Cobertura global<\/li>\n<li>Compatible con MEOSAR<\/li>\n<li>Peque\u00f1o y ligero<\/li>\n<li>5 a\u00f1os de duraci\u00f3n de la bater\u00eda<\/li>\n<li>28 horas de vida \u00fatil**<\/li>\n<li>Sistema de clip multifunci\u00f3n incluido<\/li>\n<li>Aspectos ACR exclusivos incluidos con la compra (personaliza tu baliza y ad\u00e1ptala a tu estilo de vida y actividades preferidas)<\/li>\n<\/ul>\n<p>**Basado en informe de prueba de laboratorio acreditado<\/p>\n<p>&nbsp;<\/p>\n<p>La lista completa de pa\u00edses que han aprobado la venta y el uso de RLS en su territorio se puede encontrar en este enlace <span lang=\"PT-BR\">:<\/span> <a href=\"https:\/\/cospas-sarsat.int\/en\/beacon-ownership\/rls-enabled-beacon-purchase\"><span lang=\"PT-BR\">https:\/\/cospas-sarsat.int\/en\/beacon-ownership\/rls-enabled-beacon-purchase<\/span><\/a><\/p>\n<p class=\"Paragraph1\" align=\"left\"><span lang=\"PT-BR\">Puede haber una demora en los pa\u00edses que informan Cospas-Sarsat , por lo que muchos pa\u00edses que no est\u00e1n en la lista anterior tambi\u00e9n pueden permitir balizas habilitadas para RLS<\/span><span lang=\"PT-BR\">. Cospas-Sarsat recomienda consultar directamente con las autoridades nacionales\/territoriales para obtener la informaci\u00f3n m\u00e1s reciente sobre lo que est\u00e1 permitido.<\/span><\/p>\n<p class=\"Paragraph1\" align=\"left\"><i><span lang=\"PT-BR\">* Puede contactar a la Guardia Costera de los Estados Unidos aqu\u00ed:<\/span><\/i> <a href=\"https:\/\/www.dco.uscg.mil\/Our-Organization\/Assistant-Commandant-for-Response-Policy-CG-5R\/Office-of-Incident-Management-Preparedness-CG-5RI\/US-Coast-Guard-Office-of-Search-and-Rescue-CG-SAR\/NSARC\/\"><i>https:\/\/www.dco.uscg.mil\/Our-Organization\/Assistant-Commandant-for-Response-Policy-CG-5R\/Office-of-Incident-Management-Preparedness-CG-5RI\/US-Coast-Guard-Office-of-Search-and-Rescue-CG-SAR\/NSARC\/<\/i><\/a><\/p>\n<p class=\"Paragraph1\" align=\"left\"><i><span lang=\"PT-BR\">** <strong>Puede<\/strong> contactar a la NOAA aqu\u00ed<\/span><\/i> <a href=\"https:\/\/www.sarsat.noaa.gov\/\"><i>https:\/\/www.sarsat.noaa.gov\/<\/i><\/a><\/p>\n<p><strong>2332: Kit de seguridad ResQlink VIEW RLS PLB<\/strong> | Este kit incluye los siguientes elementos:<\/p>\n<ul>\n<li>Personal Locator Beacon ResQLink VIEW RLS \u2122 (programada solo en EE. UU.)<\/li>\n<li>Luz de rescate C-Strobe\u2122 H2O \u2013 <a href=\"https:\/\/www.acrartex.com\/products\/c-strobe-h20\">M\u00e1s informaci\u00f3n<\/a><\/li>\n<li>Silbato Res-Q\u2122 \u2013 <a href=\"https:\/\/www.acrartex.com\/es\/products\/silbato-ww-3-resq\/\">M\u00e1s informaci\u00f3n<\/a><\/li>\n<li>Bolsa impermeable RapidDitch<\/li>\n<li>Espejo de se\u00f1ales<\/li>\n<\/ul>\n<p>&nbsp;<\/p>\n<p><strong>2333: Kit de seguridad ResQLink VIEW RLS PLB + ResQFlare<\/strong> | Este kit incluye los siguientes productos esenciales de supervivencia:<\/p>\n<ul>\n<li>Personal Locator Beacon ResQLink View RLS (programada solo para EE. UU.)<\/li>\n<li>ResQFlare Bengala electr\u00f3nica de socorro<\/li>\n<li>Luz de rescate C-Strobe H2O<\/li>\n<li>Espejo de se\u00f1ales<\/li>\n<li>Silbato Res-Q\u2122<\/li>\n<li>Bolsa seca RapidDitch<\/li>\n<\/ul>\n","protected":false},"excerpt":{"rendered":"<p>Peque\u00f1o pero resistente, el ResQLink View RLS ha sido dise\u00f1ado y probado profesionalmente para garantizar su resistencia incluso a las inclemencias del tiempo. Esta Personal Locator Beacon RPL) no requiere suscripci\u00f3n, cuenta con una pantalla digital que muestra actualizaciones de estado en tiempo real y, gracias a la nueva funci\u00f3n Return Link Service ( RLS ), esta baliza ACR le brinda la tranquilidad de saber que su mensaje de socorro ha sido recibido y su ubicaci\u00f3n ha sido detectada. <\/p>\n<p>&nbsp;<\/p>\n<p><b>Caracter\u00edsticas y beneficios:<\/b><\/p>\n<ul>\n<li>No se requiere suscripci\u00f3n<\/li>\n<li>Pantalla digital<\/li>\n<li>Funcionalidad Return Link Service ( RLS )<\/li>\n<li><a name=\"_Hlk2671037\" data-cke-saved-name=\"_Hlk2671037\"><\/a>GPS | Galileo GNSS<\/li>\n<li>Flotabilidad incorporada<\/li>\n<li>Estrobosc\u00f3pico y estrobosc\u00f3pico infrarrojo<\/li>\n<li>Cobertura global<\/li>\n<li>Compatible con MEOSAR<\/li>\n<li>Peque\u00f1o y ligero<\/li>\n<li>5 a\u00f1os de duraci\u00f3n de la bater\u00eda<\/li>\n<li>28 horas de vida \u00fatil**<\/li>\n<li>Sistema de clip multifunci\u00f3n incluido<\/li>\n<li>Aspectos ACR exclusivos incluidos con la compra (personaliza tu baliza y ad\u00e1ptala a tu estilo de vida y actividades preferidas)<\/li>\n<\/ul>\n<p>**Basado en informe de prueba de laboratorio acreditado<\/p>\n<p>&nbsp;<\/p>\n<p><a href=\"https:\/\/www.dropbox.com\/s\/8343nj28z0d7bxa\/Prop%2065%20-%20BPA.pdf?dl=0\" data-cke-saved-href=\"https:\/\/www.dropbox.com\/s\/8343nj28z0d7bxa\/Prop%2065%20-%20BPA.pdf?dl=0\">ADVERTENCIA: PROP 65<\/a><\/p>\n","protected":false},"featured_media":88825,"template":"","meta":{"_acf_changed":false,"om_disable_all_campaigns":false},"product_brand":[],"product_cat":[5984,5986,5988,5990,5819,5983,5775,5985,12195,5987],"product_tag":[5536,6218,8123,5824,11542,6863,6222,5828,5821,5997,12991,12989,12992],"class_list":{"0":"post-157147","1":"product","2":"type-product","3":"status-publish","4":"has-post-thumbnail","6":"product_cat-cerca-de-la-costa","7":"product_cat-comercial","8":"product_cat-deporte-de-accion-todoterreno","9":"product_cat-deportes-de-remo-pesca","10":"product_cat-exterior","11":"product_cat-interior","12":"product_cat-marina-es","13":"product_cat-off-shore-es","14":"product_cat-personal-locator-beacon-es","15":"product_cat-senderismo-escalada-campamento","16":"product_tag-406-es","17":"product_tag-406-mhz-es","18":"product_tag-acre-es","19":"product_tag-baliza-localizadora-personal","20":"product_tag-baliza-localizadora-personal-acr","21":"product_tag-cospas-sarsat-es","22":"product_tag-faro-es","23":"product_tag-gps-es","24":"product_tag-plb-es","25":"product_tag-resqlin","26":"product_tag-return-link-service-es","27":"product_tag-rls-es","28":"product_tag-view-resqlink-rls-es","29":"pa_activity-a-campo-traviesa","30":"pa_activity-bicicleta","31":"pa_activity-camping-es","32":"pa_activity-deportes-de-remo","33":"pa_activity-escalada","34":"pa_activity-esqui-snowboard","35":"pa_activity-motonieve","36":"pa_activity-pesca","37":"pa_activity-senderismo","38":"pa_activity-todoterreno-4x4","39":"pa_aircraft-type-avion-de-pasajeros","40":"pa_aircraft-type-experimental-es","41":"pa_aircraft-type-grandes-aviones","42":"pa_aircraft-type-jets-de-tamano-mediano","43":"pa_aircraft-type-jets-ligeros","44":"pa_aircraft-type-multimotor","45":"pa_aircraft-type-rotocraft-es","46":"pa_aircraft-type-turbohelice","47":"pa_aircraft-type-un-solo-motor","48":"pa_boat-size-0-20-es","49":"pa_boat-size-21-40-es","50":"pa_boat-size-40-80-es","51":"pa_boat-size-80-es","52":"pa_boat-type-artesania-deportiva","53":"pa_boat-type-buque-de-carga","54":"pa_boat-type-lancha-fuera-borda","55":"pa_boat-type-pesca-comercial","56":"pa_boat-type-remolcador","57":"pa_boat-type-velero","58":"pa_boat-type-yate","59":"pa_boat-type-yate-de-alquiler","60":"pa_product-rescue-beacons-es","61":"pa_terrain-bosque-y-jungla","62":"pa_terrain-colina-y-montana","63":"pa_terrain-rios-humedales-lagos","64":"pa_terrain-tundra-es","66":"first","67":"instock","68":"taxable","69":"shipping-taxable","70":"purchasable","71":"product-type-variable","72":"has-default-attributes"},"acf":[],"_links":{"self":[{"href":"https:\/\/www.acrartex.com\/es\/wp-json\/wp\/v2\/product\/157147","targetHints":{"allow":["GET"]}}],"collection":[{"href":"https:\/\/www.acrartex.com\/es\/wp-json\/wp\/v2\/product"}],"about":[{"href":"https:\/\/www.acrartex.com\/es\/wp-json\/wp\/v2\/types\/product"}],"wp:featuredmedia":[{"embeddable":true,"href":"https:\/\/www.acrartex.com\/es\/wp-json\/wp\/v2\/media\/88825"}],"wp:attachment":[{"href":"https:\/\/www.acrartex.com\/es\/wp-json\/wp\/v2\/media?parent=157147"}],"wp:term":[{"taxonomy":"product_brand","embeddable":true,"href":"https:\/\/www.acrartex.com\/es\/wp-json\/wp\/v2\/product_brand?post=157147"},{"taxonomy":"product_cat","embeddable":true,"href":"https:\/\/www.acrartex.com\/es\/wp-json\/wp\/v2\/product_cat?post=157147"},{"taxonomy":"product_tag","embeddable":true,"href":"https:\/\/www.acrartex.com\/es\/wp-json\/wp\/v2\/product_tag?post=157147"}],"curies":[{"name":"wp","href":"https:\/\/api.w.org\/{rel}","templated":true}]}}