{"id":157074,"date":"2021-10-05T13:04:31","date_gmt":"2021-10-05T18:04:31","guid":{"rendered":"https:\/\/www.acrartex.com\/products\/l8-5\/"},"modified":"2025-10-21T12:06:09","modified_gmt":"2025-10-21T17:06:09","slug":"l8-5","status":"publish","type":"product","link":"https:\/\/www.acrartex.com\/es\/products\/l8-5\/","title":{"rendered":"L8-5"},"content":{"rendered":"<ul>\n<li>Bombilla LED de alta eficiencia<\/li>\n<li>Integraci\u00f3n sencilla de chalecos salvavidas<\/li>\n<li>Dise\u00f1o ultra peque\u00f1o y ligero<\/li>\n<li>Agua activada (agua dulce y salada)<\/li>\n<li>Cinco a\u00f1os de vida \u00fatil de la bater\u00eda*<\/li>\n<\/ul>\n<p>&nbsp;<\/p>\n<p>*Suponiendo que la luz no entre en contacto accidentalmente con el agua y se almacene seg\u00fan los requisitos de almacenamiento establecidos.<\/p>\n","protected":false},"excerpt":{"rendered":"<p>La L8-5 es una luz LED de localizaci\u00f3n de supervivientes activada por el agua, aprobada por la Guardia Costera de EE. UU., y homologada para su uso en chalecos salvavidas para indicar la ubicaci\u00f3n de supervivientes en el agua tras un accidente o situaci\u00f3n de peligro mar\u00edtimo. La combinaci\u00f3n de l\u00e1mpara y lente de la L8-5 produce una potente luz que dura al menos 8 horas tras su activaci\u00f3n, con una intensidad m\u00ednima de 1 cd. Durante toda su vida \u00fatil, la luz emitir\u00e1 una luz blanca fija y continua para indicar claramente la ubicaci\u00f3n del superviviente y aumentar la probabilidad de rescate.  <\/p>\n","protected":false},"featured_media":157085,"template":"","meta":{"_acf_changed":false,"om_disable_all_campaigns":false},"product_brand":[],"product_cat":[5775],"product_tag":[12902,12901,12898,12899,12900,12904,10671],"class_list":{"0":"post-157074","1":"product","2":"type-product","3":"status-publish","4":"has-post-thumbnail","6":"product_cat-marina-es","7":"product_tag-l8-5-es","8":"product_tag-luz-acr-pfd","9":"product_tag-luz-de-chaleco-salvavidas-marino","10":"product_tag-luz-de-chaleco-salvavidas-marino-es","11":"product_tag-luz-de-dfp-marina","12":"product_tag-luz-de-emergencia-pfd","13":"product_tag-luz-de-rescate","14":"pa_product-legado","16":"first","17":"instock","18":"taxable","19":"shipping-taxable","20":"product-type-simple"},"acf":[],"_links":{"self":[{"href":"https:\/\/www.acrartex.com\/es\/wp-json\/wp\/v2\/product\/157074","targetHints":{"allow":["GET"]}}],"collection":[{"href":"https:\/\/www.acrartex.com\/es\/wp-json\/wp\/v2\/product"}],"about":[{"href":"https:\/\/www.acrartex.com\/es\/wp-json\/wp\/v2\/types\/product"}],"wp:featuredmedia":[{"embeddable":true,"href":"https:\/\/www.acrartex.com\/es\/wp-json\/wp\/v2\/media\/157085"}],"wp:attachment":[{"href":"https:\/\/www.acrartex.com\/es\/wp-json\/wp\/v2\/media?parent=157074"}],"wp:term":[{"taxonomy":"product_brand","embeddable":true,"href":"https:\/\/www.acrartex.com\/es\/wp-json\/wp\/v2\/product_brand?post=157074"},{"taxonomy":"product_cat","embeddable":true,"href":"https:\/\/www.acrartex.com\/es\/wp-json\/wp\/v2\/product_cat?post=157074"},{"taxonomy":"product_tag","embeddable":true,"href":"https:\/\/www.acrartex.com\/es\/wp-json\/wp\/v2\/product_tag?post=157074"}],"curies":[{"name":"wp","href":"https:\/\/api.w.org\/{rel}","templated":true}]}}