{"id":156662,"date":"2021-03-16T08:21:58","date_gmt":"2021-03-16T08:21:58","guid":{"rendered":"https:\/\/www.acrartex.com\/products\/c406-n\/"},"modified":"2026-01-06T09:43:54","modified_gmt":"2026-01-06T14:43:54","slug":"c406-n","status":"publish","type":"product","link":"https:\/\/www.acrartex.com\/es\/products\/c406-n\/","title":{"rendered":"C406-N"},"content":{"rendered":"<p>Mediante un adaptador de programaci\u00f3n opcional, el ELT tambi\u00e9n puede programarse con la direcci\u00f3n de 24 bits de la aeronave para operadores de flota, as\u00ed como con otros programas personalizados. El ELT C406-N est\u00e1 disponible para ala fija con un interruptor G unidireccional. <\/p>\n<p>&nbsp;<\/p>\n<p>Los ELT ARTEX son la opci\u00f3n preferida de los aviones comerciales, incluidos Boeing, Bombardier y Embraer, y de los aviones ejecutivos, incluidos Cessna, Beechcraft, Quest, Gulfstream y Embraer.<\/p>\n<p>&nbsp;<\/p>\n<p>Lista de paquetes de ELT<\/p>\n<table style=\"border-collapse: collapse; width: 745pt; border: none;\" width=\"994\">\n<colgroup>\n<col style=\"width: 140pt;\" width=\"187\">\n<col style=\"width: 219pt;\" width=\"292\">\n<col style=\"width: 197pt;\" width=\"263\">\n<col style=\"width: 189pt;\" width=\"252\"> <\/colgroup>\n<tbody>\n<tr style=\"height: 20.0pt;\">\n<td class=\"xl66\" style=\"border: none; height: 20.0pt; width: 140pt; text-align: center; vertical-align: middle; padding-top: 1px; padding-right: 1px; padding-left: 1px;\" width=\"187\" height=\"27\"><\/td>\n<td class=\"xl68\" style=\"border: 0.5pt solid gray; background: #3c404a; width: 219pt; text-align: center; vertical-align: middle; padding-top: 1px; padding-right: 1px; padding-left: 1px;\" width=\"292\"><span style=\"font-size: 11pt;\"><span style=\"color: #b0e40a;\"><span style=\"font-weight: bold;\"><span style=\"font-style: normal;\"><span style=\"text-decoration: none;\"><span style=\"font-family: Calibri,sans-serif;\">Antena<\/span><\/span><\/span><\/span><\/span><\/span><\/td>\n<td class=\"xl68\" style=\"border: 0.5pt solid gray; background: #3c404a; border-left: none; width: 197pt; text-align: center; vertical-align: middle; padding-top: 1px; padding-right: 1px; padding-left: 1px;\" width=\"263\"><span style=\"font-size: 11pt;\"><span style=\"color: #b0e40a;\"><span style=\"font-weight: bold;\"><span style=\"font-style: normal;\"><span style=\"text-decoration: none;\"><span style=\"font-family: Calibri,sans-serif;\">Interruptor remoto y accesorios<\/span><\/span><\/span><\/span><\/span><\/span><\/td>\n<td class=\"xl67\" style=\"border: none; background: #3c404a; border-left: none; width: 189pt; text-align: center; vertical-align: middle; border-width: 0.5pt; border-style: solid; border-color: gray windowtext gray gray; padding-top: 1px; padding-right: 1px; padding-left: 1px;\" width=\"252\"><span style=\"font-size: 11pt;\"><span style=\"color: #b0e40a;\"><span style=\"font-weight: bold;\"><span style=\"font-style: normal;\"><span style=\"text-decoration: none;\"><span style=\"font-family: Calibri,sans-serif;\">Manuales\/Aprobaciones\/Descargas<\/span><\/span><\/span><\/span><\/span><\/span><\/td>\n<\/tr>\n<tr style=\"height: 20.0pt;\">\n<td class=\"xl70\" style=\"border: 0.5pt solid gray; background: #b0e40a; height: 20.0pt; text-align: center; vertical-align: middle; padding-top: 1px; padding-right: 1px; padding-left: 1px;\" height=\"27\"><span style=\"font-size: 11pt;\"><span style=\"font-weight: 400;\"><span style=\"font-style: normal;\"><span style=\"text-decoration: none;\"><span style=\"font-family: Calibri,sans-serif;\">ELT C406-N 455-5060<\/span><\/span><\/span><\/span><\/span><\/td>\n<td class=\"xl69\" style=\"border: none; padding-top: 1px; padding-right: 1px; padding-left: 1px; vertical-align: bottom;\"><span style=\"font-size: 11pt;\"><span style=\"font-weight: 400;\"><span style=\"font-style: normal;\"><span style=\"text-decoration: none;\"><span style=\"font-family: Calibri,sans-serif;\"> <\/span><\/span><\/span><\/span><\/span><\/td>\n<td class=\"xl66\" style=\"border: none; text-align: center; vertical-align: middle; padding-top: 1px; padding-right: 1px; padding-left: 1px;\"><span style=\"font-size: 11pt;\"><span style=\"font-weight: 400;\"><span style=\"font-style: normal;\"><span style=\"text-decoration: none;\"><span style=\"font-family: Calibri,sans-serif;\">455-6196<\/span><\/span><\/span><\/span><\/span><\/td>\n<td class=\"xl66\" style=\"border: none; text-align: center; vertical-align: middle; padding-top: 1px; padding-right: 1px; padding-left: 1px;\"><a href=\"https:\/\/www.dropbox.com\/s\/475y4jydwtprc8z\/455-5060_packlist.pdf?dl=1\"><span style=\"font-size: 11pt;\"><span style=\"font-weight: 400;\"><span style=\"font-style: normal;\"><span style=\"text-decoration: none;\"><span style=\"font-family: Calibri,sans-serif;\">Lista de paquetes<\/span><\/span><\/span><\/span><\/span><\/a><\/td>\n<\/tr>\n<tr style=\"height: 20.0pt;\">\n<td class=\"xl70\" style=\"border: 0.5pt solid gray; background: #b0e40a; height: 20.0pt; border-top: none; text-align: center; vertical-align: middle; padding-top: 1px; padding-right: 1px; padding-left: 1px;\" height=\"27\"><span style=\"font-size: 11pt;\"><span style=\"font-weight: 400;\"><span style=\"font-style: normal;\"><span style=\"text-decoration: none;\"><span style=\"font-family: Calibri,sans-serif;\">ELT C406-N 455-5062<\/span><\/span><\/span><\/span><\/span><\/td>\n<td class=\"xl66\" style=\"border: none; text-align: center; vertical-align: middle; padding-top: 1px; padding-right: 1px; padding-left: 1px;\"><span style=\"font-size: 11pt;\"><span style=\"font-weight: 400;\"><span style=\"font-style: normal;\"><span style=\"text-decoration: none;\"><span style=\"font-family: Calibri,sans-serif;\">110-340 y 110-340-01 (Borde protector)<\/span><\/span><\/span><\/span><\/span><\/td>\n<td class=\"xl66\" style=\"border: none; text-align: center; vertical-align: middle; padding-top: 1px; padding-right: 1px; padding-left: 1px;\"><span style=\"font-size: 11pt;\"><span style=\"font-weight: 400;\"><span style=\"font-style: normal;\"><span style=\"text-decoration: none;\"><span style=\"font-family: Calibri,sans-serif;\">455-6196<\/span><\/span><\/span><\/span><\/span><\/td>\n<td class=\"xl66\" style=\"border: none; text-align: center; vertical-align: middle; padding-top: 1px; padding-right: 1px; padding-left: 1px;\"><a href=\"https:\/\/www.dropbox.com\/s\/bceaxxpl16vsp24\/455-5062_packlist.pdf?dl=1\"><span style=\"font-size: 11pt;\"><span style=\"font-weight: 400;\"><span style=\"font-style: normal;\"><span style=\"text-decoration: none;\"><span style=\"font-family: Calibri,sans-serif;\">Lista de paquetes<\/span><\/span><\/span><\/span><\/span><\/a><\/td>\n<\/tr>\n<tr style=\"height: 20.0pt;\">\n<td class=\"xl70\" style=\"border: 0.5pt solid gray; background: #b0e40a; height: 20.0pt; border-top: none; text-align: center; vertical-align: middle; padding-top: 1px; padding-right: 1px; padding-left: 1px;\" height=\"27\"><span style=\"font-size: 11pt;\"><span style=\"font-weight: 400;\"><span style=\"font-style: normal;\"><span style=\"text-decoration: none;\"><span style=\"font-family: Calibri,sans-serif;\">ELT C406-N 455-5063<\/span><\/span><\/span><\/span><\/span><\/td>\n<td class=\"xl66\" style=\"border: none; text-align: center; vertical-align: middle; padding-top: 1px; padding-right: 1px; padding-left: 1px;\"><span style=\"font-size: 11pt;\"><span style=\"font-weight: 400;\"><span style=\"font-style: normal;\"><span style=\"text-decoration: none;\"><span style=\"font-family: Calibri,sans-serif;\">110-338 (blanco) y 110-338-01 (negro)<\/span><\/span><\/span><\/span><\/span><\/td>\n<td class=\"xl66\" style=\"border: none; text-align: center; vertical-align: middle; padding-top: 1px; padding-right: 1px; padding-left: 1px;\"><\/td>\n<td class=\"xl66\" style=\"border: none; text-align: center; vertical-align: middle; padding-top: 1px; padding-right: 1px; padding-left: 1px;\"><a href=\"https:\/\/www.dropbox.com\/s\/vxeekyy165x9p7m\/455-5063_packlist.pdf?dl=1\"><span style=\"font-size: 11pt;\"><span style=\"font-weight: 400;\"><span style=\"font-style: normal;\"><span style=\"text-decoration: none;\"><span style=\"font-family: Calibri,sans-serif;\">Lista de paquetes<\/span><\/span><\/span><\/span><\/span><\/a><\/td>\n<\/tr>\n<tr style=\"height: 20.0pt;\">\n<td class=\"xl70\" style=\"border: 0.5pt solid gray; background: #b0e40a; height: 20.0pt; border-top: none; text-align: center; vertical-align: middle; padding-top: 1px; padding-right: 1px; padding-left: 1px;\" height=\"27\"><span style=\"font-size: 11pt;\"><span style=\"font-weight: 400;\"><span style=\"font-style: normal;\"><span style=\"text-decoration: none;\"><span style=\"font-family: Calibri,sans-serif;\">ELT C406-N 455-5066<\/span><\/span><\/span><\/span><\/span><\/td>\n<td class=\"xl66\" style=\"border: none; text-align: center; vertical-align: middle; padding-top: 1px; padding-right: 1px; padding-left: 1px;\"><span style=\"font-size: 11pt;\"><span style=\"font-weight: 400;\"><span style=\"font-style: normal;\"><span style=\"text-decoration: none;\"><span style=\"font-family: Calibri,sans-serif;\">110-341<\/span><\/span><\/span><\/span><\/span><\/td>\n<td class=\"xl66\" style=\"border: none; text-align: center; vertical-align: middle; padding-top: 1px; padding-right: 1px; padding-left: 1px;\"><\/td>\n<td class=\"xl66\" style=\"border: none; text-align: center; vertical-align: middle; padding-top: 1px; padding-right: 1px; padding-left: 1px;\"><a href=\"https:\/\/www.dropbox.com\/s\/hyelo6heafikdd6\/455-5066_packlist.pdf?dl=1\"><span style=\"font-size: 11pt;\"><span style=\"font-weight: 400;\"><span style=\"font-style: normal;\"><span style=\"text-decoration: none;\"><span style=\"font-family: Calibri,sans-serif;\">Lista de paquetes<\/span><\/span><\/span><\/span><\/span><\/a><\/td>\n<\/tr>\n<tr style=\"height: 20.0pt;\">\n<td class=\"xl70\" style=\"border: 0.5pt solid gray; background: #b0e40a; height: 20.0pt; border-top: none; text-align: center; vertical-align: middle; padding-top: 1px; padding-right: 1px; padding-left: 1px;\" height=\"27\"><span style=\"font-size: 11pt;\"><span style=\"font-weight: 400;\"><span style=\"font-style: normal;\"><span style=\"text-decoration: none;\"><span style=\"font-family: Calibri,sans-serif;\">ELT C406-N 455-5067<\/span><\/span><\/span><\/span><\/span><\/td>\n<td class=\"xl66\" style=\"border: none; text-align: center; vertical-align: middle; padding-top: 1px; padding-right: 1px; padding-left: 1px;\"><span style=\"font-size: 11pt;\"><span style=\"font-weight: 400;\"><span style=\"font-style: normal;\"><span style=\"text-decoration: none;\"><span style=\"font-family: Calibri,sans-serif;\">110-341<\/span><\/span><\/span><\/span><\/span><\/td>\n<td class=\"xl66\" style=\"border: none; text-align: center; vertical-align: middle; padding-top: 1px; padding-right: 1px; padding-left: 1px;\"><span style=\"font-size: 11pt;\"><span style=\"font-weight: 400;\"><span style=\"font-style: normal;\"><span style=\"text-decoration: none;\"><span style=\"font-family: Calibri,sans-serif;\">455-6196<\/span><\/span><\/span><\/span><\/span><\/td>\n<td class=\"xl66\" style=\"border: none; text-align: center; vertical-align: middle; padding-top: 1px; padding-right: 1px; padding-left: 1px;\"><a href=\"https:\/\/www.dropbox.com\/s\/uh6xts4qkatmccm\/455-5067_packlist.pdf?dl=1\"><span style=\"font-size: 11pt;\"><span style=\"font-weight: 400;\"><span style=\"font-style: normal;\"><span style=\"text-decoration: none;\"><span style=\"font-family: Calibri,sans-serif;\">Lista de paquetes<\/span><\/span><\/span><\/span><\/span><\/a><\/td>\n<\/tr>\n<tr style=\"height: 20.0pt;\">\n<td class=\"xl70\" style=\"border: 0.5pt solid gray; background: #b0e40a; height: 20.0pt; border-top: none; text-align: center; vertical-align: middle; padding-top: 1px; padding-right: 1px; padding-left: 1px;\" height=\"27\"><span style=\"font-size: 11pt;\"><span style=\"font-weight: 400;\"><span style=\"font-style: normal;\"><span style=\"text-decoration: none;\"><span style=\"font-family: Calibri,sans-serif;\">ELT C406-N 455-5069<\/span><\/span><\/span><\/span><\/span><\/td>\n<td class=\"xl66\" style=\"border: none; text-align: center; vertical-align: middle; padding-top: 1px; padding-right: 1px; padding-left: 1px;\"><span style=\"font-size: 11pt;\"><span style=\"font-weight: 400;\"><span style=\"font-style: normal;\"><span style=\"text-decoration: none;\"><span style=\"font-family: Calibri,sans-serif;\">110-341<\/span><\/span><\/span><\/span><\/span><\/td>\n<td class=\"xl66\" style=\"border: none; text-align: center; vertical-align: middle; padding-top: 1px; padding-right: 1px; padding-left: 1px;\"><span style=\"font-size: 11pt;\"><span style=\"font-weight: 400;\"><span style=\"font-style: normal;\"><span style=\"text-decoration: none;\"><span style=\"font-family: Calibri,sans-serif;\">455-6196<\/span><\/span><\/span><\/span><\/span><\/td>\n<td class=\"xl66\" style=\"border: none; text-align: center; vertical-align: middle; padding-top: 1px; padding-right: 1px; padding-left: 1px;\"><a href=\"https:\/\/www.dropbox.com\/s\/u3cimdim8ar4fx3\/455-5069_packlist.pdf?dl=1\"><span style=\"font-size: 11pt;\"><span style=\"font-weight: 400;\"><span style=\"font-style: normal;\"><span style=\"text-decoration: none;\"><span style=\"font-family: Calibri,sans-serif;\">Lista de paquetes<\/span><\/span><\/span><\/span><\/span><\/a><\/td>\n<\/tr>\n<tr style=\"height: 20.0pt;\">\n<td class=\"xl70\" style=\"border: 0.5pt solid gray; background: #b0e40a; height: 20.0pt; border-top: none; text-align: center; vertical-align: middle; padding-top: 1px; padding-right: 1px; padding-left: 1px;\" height=\"27\"><span style=\"font-size: 11pt;\"><span style=\"font-weight: 400;\"><span style=\"font-style: normal;\"><span style=\"text-decoration: none;\"><span style=\"font-family: Calibri,sans-serif;\">ELT C406-N 455-5071<\/span><\/span><\/span><\/span><\/span><\/td>\n<td class=\"xl66\" style=\"border: none; text-align: center; vertical-align: middle; padding-top: 1px; padding-right: 1px; padding-left: 1px;\"><span style=\"font-size: 11pt;\"><span style=\"font-weight: 400;\"><span style=\"font-style: normal;\"><span style=\"text-decoration: none;\"><span style=\"font-family: Calibri,sans-serif;\">110-338 (blanco) y 110-338-01 (negro)<\/span><\/span><\/span><\/span><\/span><\/td>\n<td class=\"xl65\" style=\"border: none; padding-top: 1px; padding-right: 1px; padding-left: 1px; vertical-align: bottom;\"><\/td>\n<td class=\"xl66\" style=\"border: none; text-align: center; vertical-align: middle; padding-top: 1px; padding-right: 1px; padding-left: 1px;\"><a href=\"https:\/\/www.dropbox.com\/s\/mk6o4olqr7qvrtl\/455-5071_packlist.pdf?dl=1\"><span style=\"font-size: 11pt;\"><span style=\"font-weight: 400;\"><span style=\"font-style: normal;\"><span style=\"text-decoration: none;\"><span style=\"font-family: Calibri,sans-serif;\">Lista de paquetes<\/span><\/span><\/span><\/span><\/span><\/a><\/td>\n<\/tr>\n<tr style=\"height: 20.0pt;\">\n<td class=\"xl70\" style=\"border: 0.5pt solid gray; background: #b0e40a; height: 20.0pt; border-top: none; text-align: center; vertical-align: middle; padding-top: 1px; padding-right: 1px; padding-left: 1px;\" height=\"27\"><span style=\"font-size: 11pt;\"><span style=\"font-weight: 400;\"><span style=\"font-style: normal;\"><span style=\"text-decoration: none;\"><span style=\"font-family: Calibri,sans-serif;\">ELT C406-N 455-7422<\/span><\/span><\/span><\/span><\/span><\/td>\n<td class=\"xl66\" style=\"border: none; text-align: center; vertical-align: middle; padding-top: 1px; padding-right: 1px; padding-left: 1px;\"><\/td>\n<td class=\"xl66\" style=\"border: none; text-align: center; vertical-align: middle; padding-top: 1px; padding-right: 1px; padding-left: 1px;\"><\/td>\n<td class=\"xl66\" style=\"border: none; text-align: center; vertical-align: middle; padding-top: 1px; padding-right: 1px; padding-left: 1px;\"><a href=\"https:\/\/www.dropbox.com\/s\/e7xlosv4zn174jn\/455-7422_packlist.pdf?dl=1\"><span style=\"font-size: 11pt;\"><span style=\"font-weight: 400;\"><span style=\"font-style: normal;\"><span style=\"text-decoration: none;\"><span style=\"font-family: Calibri,sans-serif;\">Lista de paquetes<\/span><\/span><\/span><\/span><\/span><\/a><\/td>\n<\/tr>\n<\/tbody>\n<\/table>\n","protected":false},"excerpt":{"rendered":"<p class=\"ai-optimize-39\">El Artex C406-N es un transmisor de localizaci\u00f3n de emergencia ( ELT ) de una sola salida que contiene la informaci\u00f3n de latitud y longitud del sistema de navegaci\u00f3n de la aeronave. Siguiendo el protocolo de mensajes largos, el transmisor de 406 MHz se activa y transmite un mensaje digital codificado al sistema satelital Cospas\/Sarsat cada 50 segundos durante 520 milisegundos. Durante un accidente, el ELT se activa autom\u00e1ticamente y transmite el tono de barrido est\u00e1ndar en 121,5 y 243,0 MHz.  <\/p>\n","protected":false},"featured_media":156706,"template":"","meta":{"_acf_changed":false,"om_disable_all_campaigns":false},"product_brand":[],"product_cat":[5527,5992,8521],"product_tag":[9968,5536,12642,12651,9438,5532,12646,9432,12667,12658,10088],"class_list":{"0":"post-156662","1":"product","2":"type-product","3":"status-publish","4":"has-post-thumbnail","6":"product_cat-aviacion","7":"product_cat-avion-de-negocios","8":"product_cat-aviones-comerciales","9":"product_tag-121-5-es","10":"product_tag-406-es","11":"product_tag-aviacion","12":"product_tag-c406-n-es","13":"product_tag-cospas-es","14":"product_tag-elt-es","15":"product_tag-emergencia","16":"product_tag-sarsat-es","17":"product_tag-satelite","18":"product_tag-soltero","19":"product_tag-transmisor","21":"first","22":"instock","23":"taxable","24":"shipping-taxable","25":"product-type-simple"},"acf":[],"_links":{"self":[{"href":"https:\/\/www.acrartex.com\/es\/wp-json\/wp\/v2\/product\/156662","targetHints":{"allow":["GET"]}}],"collection":[{"href":"https:\/\/www.acrartex.com\/es\/wp-json\/wp\/v2\/product"}],"about":[{"href":"https:\/\/www.acrartex.com\/es\/wp-json\/wp\/v2\/types\/product"}],"wp:featuredmedia":[{"embeddable":true,"href":"https:\/\/www.acrartex.com\/es\/wp-json\/wp\/v2\/media\/156706"}],"wp:attachment":[{"href":"https:\/\/www.acrartex.com\/es\/wp-json\/wp\/v2\/media?parent=156662"}],"wp:term":[{"taxonomy":"product_brand","embeddable":true,"href":"https:\/\/www.acrartex.com\/es\/wp-json\/wp\/v2\/product_brand?post=156662"},{"taxonomy":"product_cat","embeddable":true,"href":"https:\/\/www.acrartex.com\/es\/wp-json\/wp\/v2\/product_cat?post=156662"},{"taxonomy":"product_tag","embeddable":true,"href":"https:\/\/www.acrartex.com\/es\/wp-json\/wp\/v2\/product_tag?post=156662"}],"curies":[{"name":"wp","href":"https:\/\/api.w.org\/{rel}","templated":true}]}}