{"id":156603,"date":"2021-03-16T08:22:06","date_gmt":"2021-03-16T08:22:06","guid":{"rendered":"https:\/\/www.acrartex.com\/products\/c406-1-hm\/"},"modified":"2026-03-06T09:26:43","modified_gmt":"2026-03-06T14:26:43","slug":"c406-1-hm","status":"publish","type":"product","link":"https:\/\/www.acrartex.com\/es\/products\/c406-1-hm\/","title":{"rendered":"C406-1 HM"},"content":{"rendered":"<p>El C406-1 HM ha sido probado para cumplir con los rigurosos requisitos de la norma TSO C126, incluyendo impactos de 500 G, aplastamiento de 1000 libras, as\u00ed como pruebas de llama y vibraci\u00f3n. El C406-1 HM est\u00e1 disponible para su uso con antenas de l\u00e1tigo, de varilla o de pala de bajo costo de Artex. El C406-1 HM puede interconectarse con la interfaz opcional Artex ELT \/NAV, lo que permite la transmisi\u00f3n de datos de latitud y longitud como parte del mensaje de 406 MHz. El C406-1 HM utiliza un solo cable coaxial para las tres frecuencias. El C406-1 HM ELT est\u00e1 disponible para aplicaciones de ala fija con un G-Switch unidireccional y para helic\u00f3pteros (HM) con un G-Switch multieje.    <\/p>\n<p>&nbsp;<\/p>\n<p>Respuesta inmediata de b\u00fasqueda y rescate con registro completo<\/p>\n<ul>\n<li>Operando en frecuencias de 121,5, 243 y 406 MHz<\/li>\n<li>Cobertura mundial<\/li>\n<li>Compatible con interfaz de navegaci\u00f3n ELT<\/li>\n<li>Vida \u00fatil de la bater\u00eda de 5 a\u00f1os (bater\u00eda de repuesto n.\u00b0 de pieza 452-0133)<\/li>\n<li>Si lo usas&#8230;lo reemplazaremos, <a href=\"http:\/\/www.survivorclub.com\/\">sin cargo<\/a> . Simplemente env\u00ede su historia, env\u00edenos su baliza usada para que podamos montarla en nuestro Muro de la Fama y le enviaremos una baliza nueva de igual o mayor valor.<\/li>\n<\/ul>\n<p>Los ELT ARTEX son la opci\u00f3n preferida de las aeronaves de rotor, incluidas Sikorsky, Airbus Helicopters, AgustaWestland y Bell.<\/p>\n<p>&nbsp;<\/p>\n<p>Certificaciones<\/p>\n<ul>\n<li>GRT C126<\/li>\n<li>ETSO 2C126<\/li>\n<li>Aprobado por Cospas\/Sarsat<\/li>\n<li>Aprobado por Transporte e Industria de Canad\u00e1<\/li>\n<\/ul>\n<p>&nbsp;<\/p>\n<p>Lista de paquetes de ELT<\/p>\n<table style=\"border-collapse: collapse; width: 745pt; border: none;\" width=\"994\">\n<colgroup>\n<col style=\"width: 140pt;\" width=\"187\">\n<col style=\"width: 219pt;\" width=\"292\">\n<col style=\"width: 197pt;\" width=\"263\">\n<col style=\"width: 189pt;\" width=\"252\"> <\/colgroup>\n<tbody>\n<tr style=\"height: 20.0pt;\">\n<td class=\"xl66\" style=\"border: none; height: 20.0pt; width: 140pt; text-align: center; vertical-align: middle; padding-top: 1px; padding-right: 1px; padding-left: 1px;\" width=\"187\" height=\"27\"><\/td>\n<td class=\"xl68\" style=\"border: 0.5pt solid gray; background: #3c404a; width: 219pt; text-align: center; vertical-align: middle; padding-top: 1px; padding-right: 1px; padding-left: 1px;\" width=\"292\"><span style=\"font-size: 11pt;\"><span style=\"color: #b0e40a;\"><span style=\"font-weight: bold;\"><span style=\"font-style: normal;\"><span style=\"text-decoration: none;\"><span style=\"font-family: Calibri,sans-serif;\">Antena<\/span><\/span><\/span><\/span><\/span><\/span><\/td>\n<td class=\"xl68\" style=\"border: 0.5pt solid gray; background: #3c404a; border-left: none; width: 197pt; text-align: center; vertical-align: middle; padding-top: 1px; padding-right: 1px; padding-left: 1px;\" width=\"263\"><span style=\"font-size: 11pt;\"><span style=\"color: #b0e40a;\"><span style=\"font-weight: bold;\"><span style=\"font-style: normal;\"><span style=\"text-decoration: none;\"><span style=\"font-family: Calibri,sans-serif;\">Interruptor remoto y accesorios<\/span><\/span><\/span><\/span><\/span><\/span><\/td>\n<td class=\"xl67\" style=\"border: none; background: #3c404a; border-left: none; width: 189pt; text-align: center; vertical-align: middle; border-width: 0.5pt; border-style: solid; border-color: gray windowtext gray gray; padding-top: 1px; padding-right: 1px; padding-left: 1px;\" width=\"252\"><span style=\"font-size: 11pt;\"><span style=\"color: #b0e40a;\"><span style=\"font-weight: bold;\"><span style=\"font-style: normal;\"><span style=\"text-decoration: none;\"><span style=\"font-family: Calibri,sans-serif;\">Manuales\/Aprobaciones\/Descargas<\/span><\/span><\/span><\/span><\/span><\/span><\/td>\n<\/tr>\n<tr style=\"height: 20.0pt;\">\n<td class=\"xl69\" style=\"border: 0.5pt solid gray; background: #b0e40a; height: 20.0pt; text-align: center; vertical-align: middle; padding-top: 1px; padding-right: 1px; padding-left: 1px;\" height=\"27\"><span style=\"font-size: 11pt;\"><span style=\"font-weight: 400;\"><span style=\"font-style: normal;\"><span style=\"text-decoration: none;\"><span style=\"font-family: Calibri,sans-serif;\">ELT C406-1 HM 455-5016<\/span><\/span><\/span><\/span><\/span><\/td>\n<td class=\"xl66\" style=\"border: none; text-align: center; vertical-align: middle; padding-top: 1px; padding-right: 1px; padding-left: 1px;\"><span style=\"font-size: 11pt;\"><span style=\"font-weight: 400;\"><span style=\"font-style: normal;\"><span style=\"text-decoration: none;\"><span style=\"font-family: Calibri,sans-serif;\">110-338 (blanco) y 110-338-01 (negro)<\/span><\/span><\/span><\/span><\/span><\/td>\n<td class=\"xl66\" style=\"border: none; text-align: center; vertical-align: middle; padding-top: 1px; padding-right: 1px; padding-left: 1px;\"><span style=\"font-size: 11pt;\"><span style=\"font-weight: 400;\"><span style=\"font-style: normal;\"><span style=\"text-decoration: none;\"><span style=\"font-family: Calibri,sans-serif;\">455-6196<\/span><\/span><\/span><\/span><\/span><\/td>\n<td class=\"xl66\" style=\"border: none; text-align: center; vertical-align: middle; padding-top: 1px; padding-right: 1px; padding-left: 1px;\"><a href=\"https:\/\/www.dropbox.com\/s\/oh1krqeug21j321\/455-5016_packlist.pdf?dl=1\"><span style=\"font-size: 11pt;\"><span style=\"font-weight: 400;\"><span style=\"font-style: normal;\"><span style=\"text-decoration: none;\"><span style=\"font-family: Calibri,sans-serif;\">Lista de paquetes<\/span><\/span><\/span><\/span><\/span><\/a><\/td>\n<\/tr>\n<tr style=\"height: 20.0pt;\">\n<td class=\"xl69\" style=\"border: 0.5pt solid gray; background: #b0e40a; height: 20.0pt; border-top: none; text-align: center; vertical-align: middle; padding-top: 1px; padding-right: 1px; padding-left: 1px;\" height=\"27\"><span style=\"font-size: 11pt;\"><span style=\"font-weight: 400;\"><span style=\"font-style: normal;\"><span style=\"text-decoration: none;\"><span style=\"font-family: Calibri,sans-serif;\">ELT C406-1 HM 455-5017<\/span><\/span><\/span><\/span><\/span><\/td>\n<td class=\"xl66\" style=\"border: none; text-align: center; vertical-align: middle; padding-top: 1px; padding-right: 1px; padding-left: 1px;\"><span style=\"font-size: 11pt;\"><span style=\"font-weight: 400;\"><span style=\"font-style: normal;\"><span style=\"text-decoration: none;\"><span style=\"font-family: Calibri,sans-serif;\">110-340 y 110-340-01 (Borde protector)<\/span><\/span><\/span><\/span><\/span><\/td>\n<td class=\"xl66\" style=\"border: none; text-align: center; vertical-align: middle; padding-top: 1px; padding-right: 1px; padding-left: 1px;\"><span style=\"font-size: 11pt;\"><span style=\"font-weight: 400;\"><span style=\"font-style: normal;\"><span style=\"text-decoration: none;\"><span style=\"font-family: Calibri,sans-serif;\">455-6196<\/span><\/span><\/span><\/span><\/span><\/td>\n<td class=\"xl66\" style=\"border: none; text-align: center; vertical-align: middle; padding-top: 1px; padding-right: 1px; padding-left: 1px;\"><a href=\"https:\/\/www.dropbox.com\/s\/jy5acnvztahv4rr\/455-5017_packlist.pdf?dl=1\"><span style=\"font-size: 11pt;\"><span style=\"font-weight: 400;\"><span style=\"font-style: normal;\"><span style=\"text-decoration: none;\"><span style=\"font-family: Calibri,sans-serif;\">Lista de paquetes<\/span><\/span><\/span><\/span><\/span><\/a><\/td>\n<\/tr>\n<\/tbody>\n<\/table>\n","protected":false},"excerpt":{"rendered":"<p>El Artex C406-1 HM transmite en las tres frecuencias de emergencia (121,5\/243,0 y 406 MHz). El ELT se activa autom\u00e1ticamente durante un accidente y transmite el tono de barrido est\u00e1ndar en 121,5 y 243,0 MHz. Tambi\u00e9n transmite un mensaje digital codificado de 406 MHz al sistema satelital Cospas\/Sarsat, lo que permite una r\u00e1pida identificaci\u00f3n y reduce el tiempo de respuesta de b\u00fasqueda y rescate.  <\/p>\n","protected":false},"featured_media":12374,"template":"","meta":{"_acf_changed":false,"om_disable_all_campaigns":false},"product_brand":[],"product_cat":[5527],"product_tag":[5536,8526,6579,6571,6567,6582,6575,6563],"class_list":{"0":"post-156603","1":"product","2":"type-product","3":"status-publish","4":"has-post-thumbnail","6":"product_cat-aviacion","7":"product_tag-406-es","8":"product_tag-406-1-es","9":"product_tag-artex-c406-es","10":"product_tag-artex-c406-1-es","11":"product_tag-artex-me-406-es","12":"product_tag-artex-me-406-elt-es","13":"product_tag-artex-me406-es","14":"product_tag-yo-406-elt","15":"pa_aircraft-type-rotocraft-es","16":"pa_product-rescue-beacons-es","17":"pa_product-rescue-beacons-vhf-sart-es","18":"pa_product-soluciones-elt","20":"first","21":"instock","22":"taxable","23":"shipping-taxable","24":"product-type-simple"},"acf":[],"_links":{"self":[{"href":"https:\/\/www.acrartex.com\/es\/wp-json\/wp\/v2\/product\/156603","targetHints":{"allow":["GET"]}}],"collection":[{"href":"https:\/\/www.acrartex.com\/es\/wp-json\/wp\/v2\/product"}],"about":[{"href":"https:\/\/www.acrartex.com\/es\/wp-json\/wp\/v2\/types\/product"}],"wp:featuredmedia":[{"embeddable":true,"href":"https:\/\/www.acrartex.com\/es\/wp-json\/wp\/v2\/media\/12374"}],"wp:attachment":[{"href":"https:\/\/www.acrartex.com\/es\/wp-json\/wp\/v2\/media?parent=156603"}],"wp:term":[{"taxonomy":"product_brand","embeddable":true,"href":"https:\/\/www.acrartex.com\/es\/wp-json\/wp\/v2\/product_brand?post=156603"},{"taxonomy":"product_cat","embeddable":true,"href":"https:\/\/www.acrartex.com\/es\/wp-json\/wp\/v2\/product_cat?post=156603"},{"taxonomy":"product_tag","embeddable":true,"href":"https:\/\/www.acrartex.com\/es\/wp-json\/wp\/v2\/product_tag?post=156603"}],"curies":[{"name":"wp","href":"https:\/\/api.w.org\/{rel}","templated":true}]}}