{"id":156534,"date":"2021-03-16T08:23:29","date_gmt":"2021-03-16T13:23:29","guid":{"rendered":"https:\/\/www.acrartex.com\/products\/bolsa-de-flotacion-para-resqlink-plb\/"},"modified":"2021-03-16T08:23:29","modified_gmt":"2021-03-16T13:23:29","slug":"bolsa-de-flotacion-para-resqlink-plb","status":"publish","type":"product","link":"https:\/\/www.acrartex.com\/es\/products\/bolsa-de-flotacion-para-resqlink-plb\/","title":{"rendered":"Bolsa de flotaci\u00f3n para ResQlink PLB"},"content":{"rendered":"<ul>\n<li>Ligero<\/li>\n<li>Lo suficientemente peque\u00f1o para llevarlo f\u00e1cilmente en una mochila o en el bolsillo.<\/li>\n<li>Mantiene el ResQLink seguro y proporciona flotabilidad.<\/li>\n<li>Acollador<\/li>\n<li>Zipcord<\/li>\n<\/ul>\n","protected":false},"excerpt":{"rendered":"<p>La bolsa de flotaci\u00f3n para RESQLINK\u2122 a\u00f1ade una segunda capa de protecci\u00f3n a su radiobaliza personal y le permite flotar. Es pr\u00e1ctica y f\u00e1cil de montar en su chaleco salvavidas con su cord\u00f3n. <\/p>\n<p><strong>NOTA: Esta funda es solo para el modelo ResQLink PLB -375 (n.\u00b0 de pieza 2880). No es compatible con ResQLink Plus (n.\u00b0 de pieza 2881), ResQLink 400 (n.\u00b0 de pieza 2921) ni ResQLink View (n.\u00b0 de pieza 2922).   <\/strong><\/p>\n<p>&nbsp;<\/p>\n","protected":false},"featured_media":156645,"template":"","meta":{"_acf_changed":false,"om_disable_all_campaigns":false},"product_brand":[],"product_cat":[5527,5984,5986,5988,5990,5989,5819,5996,5983,5775,5982,5993,5987],"product_tag":[12608,5824,12614,5999,12624,5828,5821,12601,5997],"class_list":{"0":"post-156534","1":"product","2":"type-product","3":"status-publish","4":"has-post-thumbnail","6":"product_cat-aviacion","7":"product_cat-cerca-de-la-costa","8":"product_cat-comercial","9":"product_cat-deporte-de-accion-todoterreno","10":"product_cat-deportes-de-remo-pesca","11":"product_cat-equipo-de-viaje","12":"product_cat-exterior","13":"product_cat-fuerzas-terrestres-especiales","14":"product_cat-interior","15":"product_cat-marina-es","16":"product_cat-militar-es","17":"product_cat-policia-municipio","18":"product_cat-senderismo-escalada-campamento","19":"product_tag-2880-es","20":"product_tag-baliza-localizadora-personal","21":"product_tag-bolsa-es","22":"product_tag-enlace-de-solicitud","23":"product_tag-flotacion","24":"product_tag-gps-es","25":"product_tag-plb-es","26":"product_tag-por-favor","27":"product_tag-resqlin","28":"pa_activity-esqui-snowboard","29":"pa_activity-pesca","30":"pa_activity-todoterreno-4x4","31":"pa_aircraft-type-turbohelice","32":"pa_aircraft-type-un-solo-motor","33":"pa_product-legado","34":"pa_product-rescue-beacons-es","35":"pa_terrain-bosque-y-jungla","36":"pa_terrain-colina-y-montana","37":"pa_terrain-tundra-es","39":"first","40":"outofstock","41":"taxable","42":"shipping-taxable","43":"product-type-simple"},"acf":[],"_links":{"self":[{"href":"https:\/\/www.acrartex.com\/es\/wp-json\/wp\/v2\/product\/156534","targetHints":{"allow":["GET"]}}],"collection":[{"href":"https:\/\/www.acrartex.com\/es\/wp-json\/wp\/v2\/product"}],"about":[{"href":"https:\/\/www.acrartex.com\/es\/wp-json\/wp\/v2\/types\/product"}],"wp:featuredmedia":[{"embeddable":true,"href":"https:\/\/www.acrartex.com\/es\/wp-json\/wp\/v2\/media\/156645"}],"wp:attachment":[{"href":"https:\/\/www.acrartex.com\/es\/wp-json\/wp\/v2\/media?parent=156534"}],"wp:term":[{"taxonomy":"product_brand","embeddable":true,"href":"https:\/\/www.acrartex.com\/es\/wp-json\/wp\/v2\/product_brand?post=156534"},{"taxonomy":"product_cat","embeddable":true,"href":"https:\/\/www.acrartex.com\/es\/wp-json\/wp\/v2\/product_cat?post=156534"},{"taxonomy":"product_tag","embeddable":true,"href":"https:\/\/www.acrartex.com\/es\/wp-json\/wp\/v2\/product_tag?post=156534"}],"curies":[{"name":"wp","href":"https:\/\/api.w.org\/{rel}","templated":true}]}}