{"id":156420,"date":"2021-03-16T08:23:13","date_gmt":"2021-03-16T13:23:13","guid":{"rendered":"https:\/\/www.acrartex.com\/products\/kit-de-piloto-artex-elt-345\/"},"modified":"2021-03-16T08:23:13","modified_gmt":"2021-03-16T13:23:13","slug":"kit-de-piloto-artex-elt-345","status":"publish","type":"product","link":"https:\/\/www.acrartex.com\/es\/products\/kit-de-piloto-artex-elt-345\/","title":{"rendered":"Kit de piloto ARTEX ELT 345\u2122"},"content":{"rendered":"<p>En caso de emergencia, conf\u00ede en la misma marca en la que conf\u00edan los principales fabricantes de aeronaves por su calidad de primera clase, tecnolog\u00eda superior y un servicio al cliente excepcional. El nuevo ARTEX <a href=\"https:\/\/www.acrartex.com\/fr\/products\/elt-345\/\">ELT 345<\/a> est\u00e1 fabricado seg\u00fan los est\u00e1ndares de gesti\u00f3n de calidad m\u00e1s estrictos de la industria para garantizar ELT funcionamiento a la primera y siempre. El ARTEX ELT 345 transmite en frecuencias de 406 MHz y 121,5 MHz, ofreciendo precisi\u00f3n de posici\u00f3n gracias a su interfaz de navegaci\u00f3n GPS integrada. Los datos GPS se integran en la primera transmisi\u00f3n de emergencia y proporcionan al personal de b\u00fasqueda y rescate la ubicaci\u00f3n de la aeronave, en un radio de 100 metros, en menos de un minuto. El ELT 345 ofrece un precio bajo para un ELT , ofreciendo la misma calidad y rendimiento que caracterizaron la marca ARTEX .    <\/p>\n<p>&nbsp;<\/p>\n<p><strong>C\u00f3mo funciona el ARTEX ELT 345:<\/strong><\/p>\n<p>El ARTEX ELT 345 puede activarse manualmente (mediante el interruptor remoto de la cabina o el interruptor ELT ) o autom\u00e1ticamente (el G-Switch detecta un impacto de 2,3 G o superior) y alerta a la agencia de b\u00fasqueda y rescate m\u00e1s cercana de su emergencia. La se\u00f1al de 406 MHz, que contiene sus coordenadas GPS , se transmite a los sat\u00e9lites Cospas-Sarsat y se retransmite al Centro de Control de Misi\u00f3n, donde se env\u00eda inmediatamente a la agencia de b\u00fasqueda y rescate m\u00e1s cercana. El registro de su radiobaliza indicar\u00e1 a los equipos de primera respuesta <strong>qui\u00e9n<\/strong> es usted, y la propia radiobaliza les indicar\u00e1 su <strong>ubicaci\u00f3n<\/strong> en un radio de 100 metros. Finalmente, la se\u00f1al de localizaci\u00f3n local de 121,5 MHz ayuda a las fuerzas de b\u00fasqueda y rescate a identificar su ubicaci\u00f3n exacta.   <\/p>\n<p>&nbsp;<\/p>\n<p><strong>F\u00e1cil instalaci\u00f3n:<\/strong><\/p>\n<p>El ARTEX ELT 345 ofrece una modernizaci\u00f3n r\u00e1pida y sencilla con opciones de instalaci\u00f3n flexibles, como un interruptor remoto de dos cables que no requiere alimentaci\u00f3n de la aeronave. Al ser un ELT de una sola salida, el ELT 345 utiliza la misma salida de RF y un solo cable coaxial para transmitir se\u00f1ales de 406 MHz y 121,5 MHz. La interfaz de navegaci\u00f3n integrada no requiere alimentaci\u00f3n de la aeronave, lo que reduce considerablemente el coste de instalaci\u00f3n. El soporte de montaje de acero inoxidable tiene una configuraci\u00f3n de m\u00faltiples orificios, lo que facilita y agiliza la sustituci\u00f3n de los ELT ARTEX antiguos o los antiguos ELT ACK, Kannad y AmeriKing.   <\/p>\n<p>Combine el ELT 345 con el exclusivo sistema de pruebas de confirmaci\u00f3n satelital en l\u00ednea de ARTEX , <a title=\"406Test.com\" href=\"http:\/\/www.406test.com\/\">406Test.com<\/a> , y obtenga resultados de pruebas de baliza en tiempo real, provenientes de los mismos sat\u00e9lites utilizados por B\u00fasqueda y Rescate, para garantizar el correcto funcionamiento de su sistema ELT . Hay una raz\u00f3n por la que los ELT ARTEX son la opci\u00f3n preferida de m\u00e1s fabricantes de aeronaves: conf\u00edan en ARTEX para fabricar productos de la m\u00e1s alta calidad, sabiendo que se utilizan para salvar vidas. <\/p>\n<p>&nbsp;<\/p>\n<p><strong>Contenido del kit:<\/strong><\/p>\n<ul style=\"list-style-type: disc;\">\n<li><a href=\"https:\/\/www.acrartex.com\/fr\/products\/elt-345\/\">ELT 345\u2122<\/a> (N.\u00b0 de pieza 8102)<\/li>\n<li>Personal Locator Beacon <a href=\"https:\/\/www.acrartex.com\/fr\/products\/personal-locator-beacon-resqlink-400\/\">ResQLink 400\u2122<\/a> (N.\u00b0 de pieza 2921)<\/li>\n<li>Luz de emergencia <a href=\"https:\/\/www.acrartex.com\/products\/c-light-h20\">C-Light H\u2082O\u2122<\/a> (N.\u00b0 de pieza 3962)<\/li>\n<li>Espejo de se\u00f1ales<\/li>\n<li>Silbato Res-Q\u2122 de la Tercera Guerra Mundial (N.\u00b0 de pieza 1700)<\/li>\n<\/ul>\n","protected":false},"excerpt":{"rendered":"<p>Este es el \u00faltimo kit de supervivencia para pilotos disponible. El nuevo <a href=\"https:\/\/www.acrartex.com\/press_releases\/167\">kit de piloto ARTEX ELT 345\u2122<\/a> es la combinaci\u00f3n perfecta de productos de seguridad y supervivencia, dise\u00f1ado para proteger a los aviadores en caso de emergencia. Este kit ofrece a los aviadores un pr\u00e1ctico kit para equipar sus aeronaves con el Emergency Locator Transmitter ( ELT ) de 406 MHz, junto con equipo de supervivencia personal, para contar con un sistema redundante que alerta al equipo de b\u00fasqueda y rescate sobre su ubicaci\u00f3n.  <\/p>\n<p>&nbsp;<\/p>\n<p>El <a href=\"https:\/\/www.acrartex.com\/products\/elt-345-transmitter\">ARTEX ELT 345<\/a> viene con un interruptor remoto, un zumbador, una antena y hardware de instalaci\u00f3n y brinda a los pilotos una soluci\u00f3n de actualizaci\u00f3n ELT rentable para los ELT de 121,5 MHz antiguos que ya no son monitoreados por los sat\u00e9lites de b\u00fasqueda y rescate, o como reemplazo de otros ELT de 406 MHz para el aviador preocupado por la calidad y el valor.<\/p>\n<p>&nbsp;<\/p>\n<p>Este kit incluye los siguientes productos esenciales de supervivencia:<\/p>\n<p>&nbsp;<\/p>\n<ul>\n<li>ELT 345\u2122 (incluye antena, interruptor remoto y hardware de instalaci\u00f3n)<\/li>\n<li>Personal Locator Beacon ResQLink +\u2122<\/li>\n<li>Luz de emergencia C-Light H\u2082O\u2122<\/li>\n<li>Espejo de se\u00f1ales<\/li>\n<li>Silbato Res-Q\u2122 de la Tercera Guerra Mundial<\/li>\n<\/ul>\n<p>&nbsp;<\/p>\n<p><a href=\"https:\/\/www.dropbox.com\/s\/8343nj28z0d7bxa\/Prop%2065%20-%20BPA.pdf?dl=0\">ADVERTENCIA: PROP 65<\/a><\/p>\n<p>&nbsp;<\/p>\n<p>&nbsp;<\/p>\n","protected":false},"featured_media":156605,"template":"","meta":{"_acf_changed":false,"om_disable_all_campaigns":false},"product_brand":[],"product_cat":[5527,5991,5992,8521],"product_tag":[12300,5824,12557,5532,9242,12545,12579,12600,12570,5821,12613,5997,12259,12606,12590],"class_list":{"0":"post-156420","1":"product","2":"type-product","3":"status-publish","4":"has-post-thumbnail","6":"product_cat-aviacion","7":"product_cat-aviacion-general","8":"product_cat-avion-de-negocios","9":"product_cat-aviones-comerciales","10":"product_tag-2921-es","11":"product_tag-baliza-localizadora-personal","12":"product_tag-c-light-h2o-es","13":"product_tag-elt-es","14":"product_tag-elt-345-es","15":"product_tag-espejo-de-senales","16":"product_tag-kit-de-piloto","17":"product_tag-kit-de-supervivencia","18":"product_tag-luz-de-socorro","19":"product_tag-plb-es","20":"product_tag-radiobaliza-de-emergencia-es","21":"product_tag-resqlin","22":"product_tag-resqlin-400","23":"product_tag-silbato-de-rescate","24":"product_tag-sobreviviente","25":"pa_product-legado","27":"first","28":"instock","29":"taxable","30":"shipping-taxable","31":"product-type-simple"},"acf":[],"_links":{"self":[{"href":"https:\/\/www.acrartex.com\/es\/wp-json\/wp\/v2\/product\/156420","targetHints":{"allow":["GET"]}}],"collection":[{"href":"https:\/\/www.acrartex.com\/es\/wp-json\/wp\/v2\/product"}],"about":[{"href":"https:\/\/www.acrartex.com\/es\/wp-json\/wp\/v2\/types\/product"}],"wp:featuredmedia":[{"embeddable":true,"href":"https:\/\/www.acrartex.com\/es\/wp-json\/wp\/v2\/media\/156605"}],"wp:attachment":[{"href":"https:\/\/www.acrartex.com\/es\/wp-json\/wp\/v2\/media?parent=156420"}],"wp:term":[{"taxonomy":"product_brand","embeddable":true,"href":"https:\/\/www.acrartex.com\/es\/wp-json\/wp\/v2\/product_brand?post=156420"},{"taxonomy":"product_cat","embeddable":true,"href":"https:\/\/www.acrartex.com\/es\/wp-json\/wp\/v2\/product_cat?post=156420"},{"taxonomy":"product_tag","embeddable":true,"href":"https:\/\/www.acrartex.com\/es\/wp-json\/wp\/v2\/product_tag?post=156420"}],"curies":[{"name":"wp","href":"https:\/\/api.w.org\/{rel}","templated":true}]}}