{"id":156196,"date":"2021-03-16T08:25:01","date_gmt":"2021-03-16T13:25:01","guid":{"rendered":"https:\/\/www.acrartex.com\/products\/reflector-led-rcl-85\/"},"modified":"2026-02-03T14:08:22","modified_gmt":"2026-02-03T19:08:22","slug":"reflector-led-rcl-85","status":"publish","type":"product","link":"https:\/\/www.acrartex.com\/es\/products\/reflector-led-rcl-85\/","title":{"rendered":"Reflector LED RCL -85"},"content":{"rendered":"<p style=\"margin: 0in 0in 0.0001pt;\"><span style=\"font-size: 10pt;\"><span style=\"line-height: 150%;\">El elegante dise\u00f1o del LED RCL -85 lo convierte en una opci\u00f3n atractiva y econ\u00f3mica para embarcaciones recreativas de tama\u00f1o peque\u00f1o a mediano, as\u00ed como para embarcaciones comerciales ligeras. Este reflector incluye un control remoto inal\u00e1mbrico que gira la luz 350 grados. Con un \u00e1ngulo de haz de 8 grados, la luz puede inclinarse 90 grados para facilitar la iluminaci\u00f3n de puentes levadizos, boyas y muelles. Si necesita ayuda, utilice la funci\u00f3n estrobosc\u00f3pica para pedirla. <strong><span style=\"font-weight: normal;\">El RCL -85 es resistente a la intemperie, con la<\/span><\/strong> electr\u00f3nica ubicada en el cabezal de la luz con certificaci\u00f3n IP68, en lugar de en la base, para una mayor protecci\u00f3n. La carcasa y la lente ASA est\u00e1n selladas contra la intemperie para garantizar a\u00f1os de funcionamiento sin problemas para quienes buscan un reflector LED asequible y brillante para embarcaciones y camiones.      <\/span><\/span><\/p>\n<p style=\"text-align: justify; margin: 0in 0in 0.0001pt;\"><span style=\"font-size: 10pt;\"><span style=\"line-height: 150%;\"><b>Caracter\u00edsticas principales:<\/b><\/span><\/span><\/p>\n<ul>\n<li style=\"text-align: justify; margin: 0in 0in 0.0001pt;\"><span style=\"font-size: 10pt;\"><span style=\"line-height: 150%;\">6 LED de alto flujo (OSRAM)  <\/span><\/span><\/li>\n<li style=\"text-align: justify; margin: 0in 0in 0.0001pt;\"><span style=\"font-size: 10pt;\"><span style=\"line-height: 150%;\">240.000 candelas, alcance m\u00e1ximo del haz: 3.215 pies (980 m)<\/span><\/span><\/li>\n<li style=\"text-align: justify; margin: 0in 0in 0.0001pt;\"><span style=\"font-size: 10pt;\"><span style=\"line-height: 150%;\">Control remoto inal\u00e1mbrico de mano (incluido)<\/span><\/span><\/li>\n<li style=\"text-align: justify; margin: 0in 0in 0.0001pt;\"><span style=\"font-size: 10pt;\"><span style=\"line-height: 150%;\">Rotaci\u00f3n de 350 <sup>\u00b0<\/sup> e inclinaci\u00f3n de 90 <sup>\u00b0<\/sup><\/span><\/span><\/li>\n<li style=\"text-align: justify; margin: 0in 0in 0.0001pt;\"><span style=\"font-size: 10pt;\"><span style=\"line-height: 150%;\">2 amperios (12 V) a 1,1 amperios (24 V)<\/span><\/span><\/li>\n<li style=\"text-align: justify; margin: 0in 0in 0.0001pt;\"><span style=\"font-size: 10pt;\"><span style=\"line-height: 150%;\">LED eficientes y de larga duraci\u00f3n: 50.000 horas de funcionamiento<\/span><\/span><\/li>\n<li style=\"text-align: justify; margin: 0in 0in 0.0001pt;\"><span style=\"font-size: 10pt;\"><span style=\"line-height: 150%;\">Resistente a los rayos UV y a la intemperie<\/span><\/span><\/li>\n<li>Reflector LED brillante para barcos y camiones<\/li>\n<li style=\"text-align: justify; margin: 0in 0in 0.0001pt;\"><span style=\"font-size: 10.0pt;\">Instalaci\u00f3n sencilla (solo conexi\u00f3n de alimentaci\u00f3n de 12-24 V)<\/span><\/li>\n<\/ul>\n","protected":false},"excerpt":{"rendered":"<p style=\"margin: 0in 0in 0.0001pt;\"><span style=\"font-size: 10pt;\"><span style=\"line-height: 150%;\">El nuevo reflector LED RCL -85 fue dise\u00f1ado para el navegante que busca evitar las molestias de los reflectores hal\u00f3genos, pero que tambi\u00e9n busca la asequibilidad de un reflector LED brillante para barcos y camiones. Con una impresionante potencia de 240,000 candelas y 6 LED de alto flujo (30W), ofrece una visibilidad de m\u00e1s de media milla n\u00e1utica para iluminar el camino a su destino. Su sencilla instalaci\u00f3n solo requiere conectar el reflector a una fuente de alimentaci\u00f3n de 12 a 24 voltios; todas las operaciones son completamente inal\u00e1mbricas.  <\/span><\/span><\/p>\n<p>&nbsp;<\/p>\n<p style=\"margin: 0in 0in 0.0001pt;\"><a href=\"https:\/\/www.dropbox.com\/s\/fk04stqsp2hgk5f\/Prop%2065%20-%20DEHP.pdf?dl=0\">ADVERTENCIA: PROP 65<\/a><\/p>\n<p>&nbsp;<\/p>\n","protected":false},"featured_media":36740,"template":"","meta":{"_acf_changed":false,"om_disable_all_campaigns":false},"product_brand":[],"product_cat":[5984,5983,5775,5985,7182],"product_tag":[12447,12459,12385,12418,7202,7191,12402,7371,12433,7374,11715,7194,7188],"class_list":{"0":"post-156196","1":"product","2":"type-product","3":"status-publish","4":"has-post-thumbnail","6":"product_cat-cerca-de-la-costa","7":"product_cat-interior","8":"product_cat-marina-es","9":"product_cat-off-shore-es","10":"product_cat-reflectores","11":"product_tag-1956-es","12":"product_tag-1957-es","13":"product_tag-acr-rcl-85-es","14":"product_tag-luz-de-camion-de-trabajo","15":"product_tag-reflector-acr","16":"product_tag-reflector-de-barco","17":"product_tag-reflector-de-camion","18":"product_tag-reflector-led","19":"product_tag-reflector-led-brillante-para-barcos-y-camiones","20":"product_tag-reflector-led-marino","21":"product_tag-reflector-led-para-barcos","22":"product_tag-reflector-marino","23":"product_tag-reflectores-en-venta","24":"pa_product-luces-de-busqueda","26":"first","27":"instock","28":"taxable","29":"shipping-taxable","30":"purchasable","31":"product-type-variable"},"acf":[],"_links":{"self":[{"href":"https:\/\/www.acrartex.com\/es\/wp-json\/wp\/v2\/product\/156196","targetHints":{"allow":["GET"]}}],"collection":[{"href":"https:\/\/www.acrartex.com\/es\/wp-json\/wp\/v2\/product"}],"about":[{"href":"https:\/\/www.acrartex.com\/es\/wp-json\/wp\/v2\/types\/product"}],"wp:featuredmedia":[{"embeddable":true,"href":"https:\/\/www.acrartex.com\/es\/wp-json\/wp\/v2\/media\/36740"}],"wp:attachment":[{"href":"https:\/\/www.acrartex.com\/es\/wp-json\/wp\/v2\/media?parent=156196"}],"wp:term":[{"taxonomy":"product_brand","embeddable":true,"href":"https:\/\/www.acrartex.com\/es\/wp-json\/wp\/v2\/product_brand?post=156196"},{"taxonomy":"product_cat","embeddable":true,"href":"https:\/\/www.acrartex.com\/es\/wp-json\/wp\/v2\/product_cat?post=156196"},{"taxonomy":"product_tag","embeddable":true,"href":"https:\/\/www.acrartex.com\/es\/wp-json\/wp\/v2\/product_tag?post=156196"}],"curies":[{"name":"wp","href":"https:\/\/api.w.org\/{rel}","templated":true}]}}