{"id":156169,"date":"2021-03-16T08:23:22","date_gmt":"2021-03-16T13:23:22","guid":{"rendered":"https:\/\/www.acrartex.com\/products\/tps-8700-conjunto-de-prueba-y-programacion\/"},"modified":"2021-03-16T08:23:22","modified_gmt":"2021-03-16T13:23:22","slug":"tps-8700-conjunto-de-prueba-y-programacion","status":"publish","type":"product","link":"https:\/\/www.acrartex.com\/es\/products\/tps-8700-conjunto-de-prueba-y-programacion\/","title":{"rendered":"TPS 8700 \u2013 Conjunto de prueba y programaci\u00f3n"},"content":{"rendered":"<p><strong><u>Pruebas ELT y verificaci\u00f3n de la identificaci\u00f3n ELT<\/u><\/strong><\/p>\n<p>Los Transmisores de Localizaci\u00f3n de Emergencia (ELT) de Aeronaves deben tener su n\u00famero de identificaci\u00f3n \u00fanico registrado ante las autoridades nacionales. El Probador ARTEX ofrece un m\u00e9todo sencillo para verificar y guardar el ID de los ELT ARTEX tras la instalaci\u00f3n, la reprogramaci\u00f3n o si es necesario volver a registrar la baliza tras un cambio de propietario de la aeronave. <\/p>\n<p>&nbsp;<\/p>\n<p><strong><u>Datos de prueba<\/u><\/strong><\/p>\n<p>El comprobador ARTEX registra todos los datos en una base de datos interna, de la que se puede hacer una copia de seguridad en su PC. Los datos se pueden visualizar en el ordenador independientemente del comprobador y se registra la hora como prueba de la transmisi\u00f3n y la correcta programaci\u00f3n. El comprobador puede imprimir mediante una interfaz USB a un PC. Para imprimir, se requiere un programa descargable en ACRARTEX.com.   <\/p>\n<p>&nbsp;<\/p>\n<p><strong><u>Programaci\u00f3n<\/u><\/strong><\/p>\n<p>El Programador\/Probador ARTEX cuenta con todas las funciones mencionadas del Probador y, adem\u00e1s, permite programar r\u00e1pida y f\u00e1cilmente toda la l\u00ednea de ELT ARTEX . Permite programar el protocolo deseado, la velocidad en baudios de datos de navegaci\u00f3n y la informaci\u00f3n requerida, seg\u00fan lo indicado por Cospas-Sarsat mediante el cable de programaci\u00f3n correspondiente (incluido). <\/p>\n<p>&nbsp;<\/p>\n<p>*Todas las caracter\u00edsticas del modelo 8700 solo son aplicables a los ELT ARTEX .<\/p>\n<table style=\"width: 500px;\" border=\"1\" cellspacing=\"1\" cellpadding=\"1\" align=\"left\">\n<tbody>\n<tr>\n<td><span style=\"font-size: 12.0pt;\">Cuadro de funciones de prueba y programaci\u00f3n<\/span><\/td>\n<td><strong><span style=\"font-size: 12.0pt;\">TPS 8700<\/span><\/strong><\/td>\n<td><strong><span style=\"font-size: 12.0pt;\">TS 8701<\/span><\/strong><\/td>\n<td><strong><span style=\"font-size: 12.0pt;\">TPS 8715<\/span><\/strong><\/td>\n<\/tr>\n<tr>\n<td><span style=\"font-size: 12.0pt;\">Verificaci\u00f3n de la identificaci\u00f3n ELT y decodificaci\u00f3n de la transmisi\u00f3n de 406 MHz<\/span><\/td>\n<td>inc\u00f3gnita<\/td>\n<td>inc\u00f3gnita<\/td>\n<td>inc\u00f3gnita<\/td>\n<\/tr>\n<tr>\n<td><span style=\"font-size: 12.0pt;\">Prueba de presencia de transmisiones de 121,5 MHz y 243 MHz<\/span><\/td>\n<td>inc\u00f3gnita<\/td>\n<td>inc\u00f3gnita<\/td>\n<td>inc\u00f3gnita<\/td>\n<\/tr>\n<tr>\n<td><span style=\"font-size: 12.0pt;\">Programaci\u00f3n \u00fanicamente de ELT de aviaci\u00f3n general ARTEX (referencia PN 8700 para unidad que tambi\u00e9n es capaz de programar ELT de nivel de transporte)<\/span><\/td>\n<td><\/td>\n<td><\/td>\n<td>inc\u00f3gnita<\/td>\n<\/tr>\n<tr>\n<td><span style=\"font-size: 12.0pt;\">Programaci\u00f3n de todos los ELT ARTEX<\/span><\/td>\n<td>inc\u00f3gnita<\/td>\n<td><\/td>\n<td><\/td>\n<\/tr>\n<tr>\n<td><span style=\"font-size: 12.0pt;\">Copia de seguridad de datos en PC<\/span><\/td>\n<td>inc\u00f3gnita<\/td>\n<td>inc\u00f3gnita<\/td>\n<td>inc\u00f3gnita<\/td>\n<\/tr>\n<tr>\n<td><span style=\"font-size: 12.0pt;\">Capacidad de impresi\u00f3n a trav\u00e9s de interfaz USB a una PC<\/span><\/td>\n<td>inc\u00f3gnita<\/td>\n<td>inc\u00f3gnita<\/td>\n<td>inc\u00f3gnita<\/td>\n<\/tr>\n<tr>\n<td><span style=\"font-size: 12.0pt;\">Software incluido con el producto<\/span><\/td>\n<td>inc\u00f3gnita<\/td>\n<td>inc\u00f3gnita<\/td>\n<td><\/td>\n<\/tr>\n<tr>\n<td><span style=\"font-size: 12.0pt;\">Software no incluido con el producto (software descargado despu\u00e9s de que el cliente recibe el producto)<\/span><\/td>\n<td><\/td>\n<td><\/td>\n<td>inc\u00f3gnita<\/td>\n<\/tr>\n<\/tbody>\n<\/table>\n<p>&nbsp;<\/p>\n","protected":false},"excerpt":{"rendered":"<p>El TPS 8700 es un sistema robusto, compacto y port\u00e1til que permite la programaci\u00f3n, verificaci\u00f3n y prueba de todos los ELT ARTEX .<\/p>\n<p> <span style=\"color: #ff0000;\"><strong>NOTA: Este producto ha sido descontinuado y ha sido reemplazado por el <a href=\"https:\/\/www.acrartex.com\/products\/fpt\/\">programador ARTEX serie FPT 8800<\/a> .<\/strong><\/span><\/p>\n<p>&nbsp;<\/p>\n","protected":false},"featured_media":156171,"template":"","meta":{"_acf_changed":false,"om_disable_all_campaigns":false},"product_brand":[],"product_cat":[5527],"product_tag":[],"class_list":{"0":"post-156169","1":"product","2":"type-product","3":"status-publish","4":"has-post-thumbnail","6":"product_cat-aviacion","7":"pa_product-legado","9":"first","10":"instock","11":"taxable","12":"shipping-taxable","13":"product-type-simple"},"acf":[],"_links":{"self":[{"href":"https:\/\/www.acrartex.com\/es\/wp-json\/wp\/v2\/product\/156169","targetHints":{"allow":["GET"]}}],"collection":[{"href":"https:\/\/www.acrartex.com\/es\/wp-json\/wp\/v2\/product"}],"about":[{"href":"https:\/\/www.acrartex.com\/es\/wp-json\/wp\/v2\/types\/product"}],"wp:featuredmedia":[{"embeddable":true,"href":"https:\/\/www.acrartex.com\/es\/wp-json\/wp\/v2\/media\/156171"}],"wp:attachment":[{"href":"https:\/\/www.acrartex.com\/es\/wp-json\/wp\/v2\/media?parent=156169"}],"wp:term":[{"taxonomy":"product_brand","embeddable":true,"href":"https:\/\/www.acrartex.com\/es\/wp-json\/wp\/v2\/product_brand?post=156169"},{"taxonomy":"product_cat","embeddable":true,"href":"https:\/\/www.acrartex.com\/es\/wp-json\/wp\/v2\/product_cat?post=156169"},{"taxonomy":"product_tag","embeddable":true,"href":"https:\/\/www.acrartex.com\/es\/wp-json\/wp\/v2\/product_tag?post=156169"}],"curies":[{"name":"wp","href":"https:\/\/api.w.org\/{rel}","templated":true}]}}