{"id":156149,"date":"2021-03-16T08:24:50","date_gmt":"2021-03-16T13:24:50","guid":{"rendered":"https:\/\/www.acrartex.com\/products\/resqlink-view-personal-locator-beacon\/"},"modified":"2026-03-06T10:11:54","modified_gmt":"2026-03-06T15:11:54","slug":"resqlink-view-personal-locator-beacon","status":"publish","type":"product","link":"https:\/\/www.acrartex.com\/es\/products\/resqlink-view-personal-locator-beacon\/","title":{"rendered":"Baliza localizadora personal ResQLink\u2122 View"},"content":{"rendered":"<p style=\"margin-left: 0in; margin-right: 0in;\">Con tres niveles de tecnolog\u00eda de se\u00f1al integrada (posicionamiento GPS, una potente se\u00f1al de 406 MHz y capacidad de localizaci\u00f3n de 121,5 MHz), el ResQLink View transmite su posici\u00f3n con rapidez y precisi\u00f3n a una red mundial de sat\u00e9lites de b\u00fasqueda y rescate. Adem\u00e1s, un estroboscopio integrado y un estroboscopio infrarrojo facilitan los rescates nocturnos o en condiciones de baja visibilidad. <\/p>\n<p style=\"margin-left: 0in; margin-right: 0in;\">Dondequiera que te lleve tu aventura, ya sea un viaje a las cumbres m\u00e1s altas, a los terrenos m\u00e1s inexplorados o a los oc\u00e9anos m\u00e1s vastos, ten la seguridad de que ResQLink View siempre se activa f\u00e1cilmente. Simplemente despliega la antena, pulsa el bot\u00f3n de encendido y la baliza har\u00e1 el resto por ti. Guiar\u00e1 sin esfuerzo a los rescatistas a 100 metros o menos de tu posici\u00f3n. Disfruta de mayor tranquilidad gracias a la pantalla digital integrada para ver el estado de la baliza y las coordenadas GPS en tiempo real durante todo el proceso de rescate.   <\/p>\n<p style=\"margin-left: 0in; margin-right: 0in;\">Gracias a sus innovadores elementos de dise\u00f1o, los clips multifunci\u00f3n se pueden usar junto con la baliza, lo que ofrece numerosas opciones de portabilidad para diversas aplicaciones \u00fatiles. La mayor facilidad para incorporar el ResQLink View en su dispositivo o con su equipo hizo que todas sus aventuras fueran no solo m\u00e1s seguras, sino tambi\u00e9n m\u00e1s c\u00f3modas. <\/p>\n<p style=\"margin-left: 0in; margin-right: 0in;\">Como l\u00edder en productos que salvan vidas tanto para uso profesional como recreativo, ACR ofrece seguridad y tranquilidad incomparables con la baliza localizadora personal ResQLink View.<\/p>\n<p style=\"margin-left: 0in; margin-right: 0in;\"><strong>Caracter\u00edsticas y beneficios:<\/strong><\/p>\n<ul>\n<li>No se requiere suscripci\u00f3n<\/li>\n<li>GPS y Galileo GNSS<\/li>\n<li>Flotabilidad incorporada<\/li>\n<li>Estrobosc\u00f3pico y estrobosc\u00f3pico infrarrojo<\/li>\n<li>Cobertura global<\/li>\n<li>Compatible con MEOSAR<\/li>\n<li>Peque\u00f1o y ligero<\/li>\n<li>5 a\u00f1os de duraci\u00f3n de la bater\u00eda<\/li>\n<li>28 horas de vida \u00fatil**<\/li>\n<li>Sistema de clip multifunci\u00f3n incluido<\/li>\n<li><span style=\"font-family: Tahoma, sans-serif;\">Aspectos ACR exclusivos incluidos con la compra (personaliza tu baliza y ad\u00e1ptala a tu estilo de vida y actividades preferidas)<\/span><\/li>\n<\/ul>\n<p>&nbsp;<\/p>\n<p><strong>2347: Kit de seguridad PLB ResQlink View<\/strong> | Este kit incluye los siguientes elementos:<\/p>\n<ul>\n<li>Baliza localizadora personal ResQLink View\u2122 (programada solo para EE. UU.)<\/li>\n<li>Luz de rescate C-Strobe\u2122 H2O \u2013 <a href=\"https:\/\/www.acrartex.com\/products\/c-strobe-h20\">M\u00e1s informaci\u00f3n<\/a><\/li>\n<li>Silbato Res-Q\u2122 \u2013 <a href=\"https:\/\/www.acrartex.com\/es\/products\/silbato-ww-3-resq\/\">M\u00e1s informaci\u00f3n<\/a><\/li>\n<li>Bolsa impermeable RapidDitch<\/li>\n<li>Espejo de se\u00f1ales<\/li>\n<\/ul>\n<p>&nbsp;<\/p>\n<p><strong>2361: Kit de seguridad ResQLink VIEW PLB + ResQFlare<\/strong> | Este kit incluye los siguientes productos esenciales de supervivencia:<\/p>\n<ul>\n<li>Baliza de localizaci\u00f3n personal ResQLink View (programada solo para EE. UU.)<\/li>\n<li>ResQFlare Bengala electr\u00f3nica de socorro<\/li>\n<li>Luz de rescate C-Strobe H2O<\/li>\n<li>Espejo de se\u00f1ales<\/li>\n<li>Silbato Res-Q\u2122<\/li>\n<li>Bolsa seca RapidDitch<\/li>\n<\/ul>\n","protected":false},"excerpt":{"rendered":"<p style=\"margin-left: 0in; margin-right: 0in;\">Peque\u00f1o pero resistente, el ResQLink View ha sido dise\u00f1ado y probado profesionalmente para garantizar su resistencia incluso a las inclemencias del tiempo. Esta baliza de localizaci\u00f3n personal flotante no requiere suscripci\u00f3n e incluye una pantalla digital que muestra el estado en tiempo real y las coordenadas GPS. Ya sea en tierra, mar o aire, conf\u00ede en que la precisi\u00f3n satelital y la durabilidad militar del ResQLink ponen el rescate al alcance de su mano.  <\/p>\n<p>**Basado en informe de prueba de un laboratorio acreditado<\/p>\n<p>&nbsp;<\/p>\n<p><a href=\"https:\/\/www.dropbox.com\/s\/8343nj28z0d7bxa\/Prop%2065%20-%20BPA.pdf?dl=0\">ADVERTENCIA: PROP 65<\/a><\/p>\n<p>&nbsp;<\/p>\n","protected":false},"featured_media":12437,"template":"","meta":{"_acf_changed":false,"om_disable_all_campaigns":false},"product_brand":[],"product_cat":[5984,5986,5988,5990,5989,5819,5983,5775,12195,5987],"product_tag":[5536,6218,8123,6252,11542,6226,6259,12399,6275,6256,6222,6235,5828,12244,6238,9320,12383,6242,6263,5821,12372,6229,6241,5998,5997,12229,12412,12213,12363],"class_list":{"0":"post-156149","1":"product","2":"type-product","3":"status-publish","4":"has-post-thumbnail","6":"product_cat-cerca-de-la-costa","7":"product_cat-comercial","8":"product_cat-deporte-de-accion-todoterreno","9":"product_cat-deportes-de-remo-pesca","10":"product_cat-equipo-de-viaje","11":"product_cat-exterior","12":"product_cat-interior","13":"product_cat-marina-es","14":"product_cat-personal-locator-beacon-es","15":"product_cat-senderismo-escalada-campamento","16":"product_tag-406-es","17":"product_tag-406-mhz-es","18":"product_tag-acre-es","19":"product_tag-baliza-de-senderismo","20":"product_tag-baliza-localizadora-personal-acr","21":"product_tag-boyante","22":"product_tag-caza","23":"product_tag-confiable","24":"product_tag-equipo-salvavidas","25":"product_tag-escalada","26":"product_tag-faro-es","27":"product_tag-flotadores","28":"product_tag-gps-es","29":"product_tag-kayak-es","30":"product_tag-localizador-gps","31":"product_tag-marina-es","32":"product_tag-pantalla-lcd","33":"product_tag-pequena-baliza","34":"product_tag-pesca-es","35":"product_tag-plb-es","36":"product_tag-plb-425-es","37":"product_tag-plb-flotante","38":"product_tag-radiobaliza-personal","39":"product_tag-reserva","40":"product_tag-resqlin","41":"product_tag-senderismo","42":"product_tag-sin-suscripcion","43":"product_tag-tierra","44":"product_tag-vista-resqlin","45":"pa_activity-a-campo-traviesa","46":"pa_activity-bicicleta","47":"pa_activity-camping-es","48":"pa_activity-deportes-de-remo","49":"pa_activity-escalada","50":"pa_activity-esqui-snowboard","51":"pa_activity-motonieve","52":"pa_activity-pesca","53":"pa_activity-senderismo","54":"pa_activity-todoterreno-4x4","55":"pa_boat-type-artesania-deportiva","56":"pa_boat-type-lancha-fuera-borda","57":"pa_boat-type-pesca-comercial","58":"pa_boat-type-velero","59":"pa_boat-type-yate","60":"pa_boat-type-yate-de-alquiler","61":"pa_product-rescue-beacons-es","62":"pa_terrain-bosque-y-jungla","63":"pa_terrain-colina-y-montana","64":"pa_terrain-rios-humedales-lagos","65":"pa_terrain-tundra-es","67":"first","68":"instock","69":"taxable","70":"shipping-taxable","71":"purchasable","72":"product-type-variable","73":"has-default-attributes"},"acf":[],"_links":{"self":[{"href":"https:\/\/www.acrartex.com\/es\/wp-json\/wp\/v2\/product\/156149","targetHints":{"allow":["GET"]}}],"collection":[{"href":"https:\/\/www.acrartex.com\/es\/wp-json\/wp\/v2\/product"}],"about":[{"href":"https:\/\/www.acrartex.com\/es\/wp-json\/wp\/v2\/types\/product"}],"wp:featuredmedia":[{"embeddable":true,"href":"https:\/\/www.acrartex.com\/es\/wp-json\/wp\/v2\/media\/12437"}],"wp:attachment":[{"href":"https:\/\/www.acrartex.com\/es\/wp-json\/wp\/v2\/media?parent=156149"}],"wp:term":[{"taxonomy":"product_brand","embeddable":true,"href":"https:\/\/www.acrartex.com\/es\/wp-json\/wp\/v2\/product_brand?post=156149"},{"taxonomy":"product_cat","embeddable":true,"href":"https:\/\/www.acrartex.com\/es\/wp-json\/wp\/v2\/product_cat?post=156149"},{"taxonomy":"product_tag","embeddable":true,"href":"https:\/\/www.acrartex.com\/es\/wp-json\/wp\/v2\/product_tag?post=156149"}],"curies":[{"name":"wp","href":"https:\/\/api.w.org\/{rel}","templated":true}]}}