{"id":156144,"date":"2021-03-16T08:25:07","date_gmt":"2021-03-16T13:25:07","guid":{"rendered":"https:\/\/www.acrartex.com\/products\/reflector-led-rcl-95\/"},"modified":"2026-02-03T14:13:27","modified_gmt":"2026-02-03T19:13:27","slug":"reflector-led-rcl-95","status":"publish","type":"product","link":"https:\/\/www.acrartex.com\/es\/products\/reflector-led-rcl-95\/","title":{"rendered":"Reflector LED RCL -95"},"content":{"rendered":"<p style=\"margin: 0in 0in 0.0001pt;\"><span style=\"font-size: 10pt;\"><span style=\"line-height: 150%;\">Utilice el reflector LED RCL -95 con el<b> <\/b>Control joystick con cable para montaje en tablero o control remoto inal\u00e1mbrico de mano para girar la luz 360 grados continuamente, a velocidad r\u00e1pida o lenta, sin la molestia de detenerse bruscamente. Con un \u00e1ngulo de haz de 8 grados, la luz puede inclinarse hasta 135 grados, facilitando la iluminaci\u00f3n de puentes levadizos, boyas y muelles. La funci\u00f3n de inicio autom\u00e1tico permite que el reflector vuelva a la posici\u00f3n inicial deseada cada vez que se apaga. <strong><span style=\"font-weight: normal;\">El RCL -95 es el reflector LED para barcos m\u00e1s brillante y resistente a la intemperie, con la<\/span><\/strong> electr\u00f3nica ubicada en el cabezal de la luz con certificaci\u00f3n IP68, en lugar de la base, para una mayor protecci\u00f3n. La carcasa y la lente ASA est\u00e1n selladas contra la intemperie para a\u00f1os de funcionamiento sin problemas.     <\/span><\/span><\/p>\n<p style=\"margin: 0in 0in 0.0001pt;\"><b>Caracter\u00edsticas principales:<\/b><\/p>\n<ul>\n<li style=\"text-align: justify; margin: 0in 0in 0.0001pt;\"><span style=\"font-size: 10pt;\"><span style=\"line-height: 150%;\">10 LED de alto flujo (OSRAM)  <\/span><\/span><\/li>\n<li style=\"text-align: justify; margin: 0in 0in 0.0001pt;\"><span style=\"font-size: 10pt;\"><span style=\"line-height: 150%;\">460.000 candelas, distancia m\u00e1xima del haz 4.501 pies (1.372 m), uno de los reflectores LED para barcos m\u00e1s brillantes<\/span><\/span><\/li>\n<li style=\"text-align: justify; margin: 0in 0in 0.0001pt;\"><span style=\"font-size: 10pt;\"><span style=\"line-height: 150%;\">Control remoto inal\u00e1mbrico de mano y joystick con cable para montaje en tablero (ambos incluidos)<\/span><\/span><\/li>\n<li style=\"text-align: justify; margin: 0in 0in 0.0001pt;\"><span style=\"font-size: 10pt;\"><span style=\"line-height: 150%;\">Rotaci\u00f3n continua de 360 <sup>\u00b0<\/sup> e inclinaci\u00f3n de 135 <sup>\u00b0<\/sup><\/span><\/span><\/li>\n<li style=\"text-align: justify; margin: 0in 0in 0.0001pt;\"><span style=\"font-size: 10pt;\"><span style=\"line-height: 150%;\">Retorno autom\u00e1tico a casa cuando est\u00e1 apagado<\/span><\/span><\/li>\n<li style=\"text-align: justify; margin: 0in 0in 0.0001pt;\"><span style=\"font-size: 10pt;\"><span style=\"line-height: 150%;\">4 amperios (12 V) a 2 amperios (24 V)<\/span><\/span><\/li>\n<li style=\"text-align: justify; margin: 0in 0in 0.0001pt;\"><span style=\"font-size: 10pt;\"><span style=\"line-height: 150%;\">LED eficientes y de larga duraci\u00f3n: 50.000 horas de funcionamiento<\/span><\/span><\/li>\n<li style=\"text-align: justify; margin: 0in 0in 0.0001pt;\"><span style=\"font-size: 10pt;\"><span style=\"line-height: 150%;\">Resistente a los rayos UV y a la intemperie<\/span><\/span><\/li>\n<li style=\"text-align: justify; margin: 0in 0in 0.0001pt;\"><span style=\"font-size: 10pt;\"><span style=\"line-height: 150%;\">Instalaci\u00f3n sencilla (conexi\u00f3n de alimentaci\u00f3n de 12-24 V y cable de control de joystick con cable de 5 m)<\/span><\/span><\/li>\n<li>Perfecto para camiones de trabajo, furgonetas, barcos y embarcaciones de trabajo.<\/li>\n<\/ul>\n<p><b>Accesorios opcionales:<\/b><b><\/b><\/p>\n<ul>\n<li><b><\/b><span style=\"font-size: 10pt;\"><span style=\"line-height: 150%;\">Control remoto inal\u00e1mbrico para montaje en tablero (n.\u00b0 de pieza 9635)<\/span><\/span><\/li>\n<li><span style=\"font-size: 10pt;\"><span style=\"line-height: 150%;\">Placa de montaje de repuesto RCL -95 para GOLIGHT\u00ae (n.\u00b0 de pieza 9639)*<\/span><\/span><\/li>\n<li><span style=\"font-size: 10pt;\"><span style=\"line-height: 150%;\">Cable de extensi\u00f3n RCL -95 de 16,4&#8242; (5 m) (n.\u00b0 de pieza 9638)<\/span><\/span><\/li>\n<li><span style=\"font-size: 10pt;\"><span style=\"line-height: 150%;\">Arn\u00e9s de cables para joystick RCL -95 (n.\u00b0 de pieza 9640)<\/span><\/span><\/li>\n<\/ul>\n<p><span style=\"font-size: 10pt;\"><span style=\"line-height: 150%;\">*Este kit de actualizaci\u00f3n se puede utilizar para reemplazar los reflectores GOLIGHT\u00ae Stryker o RadioRay por el reflector RCL -95. Nota: Este kit no es compatible con la versi\u00f3n port\u00e1til de RadioRay (GOLIGHT es una marca registrada de GOLIGHT Inc.). <\/span><\/span><\/p>\n","protected":false},"excerpt":{"rendered":"<p style=\"margin: 0in 0in 0.0001pt;\"><span style=\"font-size: 10pt;\"><span style=\"line-height: 150%;\">El nuevo reflector LED RCL -95 fue dise\u00f1ado para ofrecer rendimiento y simplicidad, y para ser uno de los reflectores LED para embarcaciones m\u00e1s brillantes. Con 460.000 candelas, la mejor del sector, y 10 LED de alto flujo (50 W), ofrece una visibilidad de m\u00e1s de \u00be de milla n\u00e1utica para iluminar el camino a su destino.   <\/span><\/span><span style=\"font-size: 10.0pt;\">El elegante dise\u00f1o del LED RCL -95 lo convierte en una opci\u00f3n atractiva y rentable para embarcaciones recreativas de tama\u00f1o peque\u00f1o a mediano, as\u00ed como para embarcaciones comerciales ligeras.<\/span><\/p>\n<p>&nbsp;<\/p>\n<p style=\"margin: 0in 0in 0.0001pt;\"><a href=\"https:\/\/www.dropbox.com\/s\/0ezw0kexbm120vv\/Prop%2065%20-%20Lead%20and%20Lead%20Compounds.pdf?dl=0\">ADVERTENCIA: PROP 65<\/a><\/p>\n","protected":false},"featured_media":36733,"template":"","meta":{"_acf_changed":false,"om_disable_all_campaigns":false},"product_brand":[],"product_cat":[5984,5983,5775,5985,7182],"product_tag":[12376,12388,12367,7202,7191,7374,11715,7194,12357],"class_list":{"0":"post-156144","1":"product","2":"type-product","3":"status-publish","4":"has-post-thumbnail","6":"product_cat-cerca-de-la-costa","7":"product_cat-interior","8":"product_cat-marina-es","9":"product_cat-off-shore-es","10":"product_cat-reflectores","11":"product_tag-1958-es","12":"product_tag-1959-es","13":"product_tag-acr-rcl-95-es","14":"product_tag-reflector-acr","15":"product_tag-reflector-de-barco","16":"product_tag-reflector-led-marino","17":"product_tag-reflector-led-para-barcos","18":"product_tag-reflector-marino","19":"product_tag-reflectores-para-ventas","20":"pa_product-luces-de-busqueda","22":"first","23":"instock","24":"taxable","25":"shipping-taxable","26":"purchasable","27":"product-type-variable"},"acf":[],"_links":{"self":[{"href":"https:\/\/www.acrartex.com\/es\/wp-json\/wp\/v2\/product\/156144","targetHints":{"allow":["GET"]}}],"collection":[{"href":"https:\/\/www.acrartex.com\/es\/wp-json\/wp\/v2\/product"}],"about":[{"href":"https:\/\/www.acrartex.com\/es\/wp-json\/wp\/v2\/types\/product"}],"wp:featuredmedia":[{"embeddable":true,"href":"https:\/\/www.acrartex.com\/es\/wp-json\/wp\/v2\/media\/36733"}],"wp:attachment":[{"href":"https:\/\/www.acrartex.com\/es\/wp-json\/wp\/v2\/media?parent=156144"}],"wp:term":[{"taxonomy":"product_brand","embeddable":true,"href":"https:\/\/www.acrartex.com\/es\/wp-json\/wp\/v2\/product_brand?post=156144"},{"taxonomy":"product_cat","embeddable":true,"href":"https:\/\/www.acrartex.com\/es\/wp-json\/wp\/v2\/product_cat?post=156144"},{"taxonomy":"product_tag","embeddable":true,"href":"https:\/\/www.acrartex.com\/es\/wp-json\/wp\/v2\/product_tag?post=156144"}],"curies":[{"name":"wp","href":"https:\/\/api.w.org\/{rel}","templated":true}]}}