{"id":155889,"date":"2021-03-16T08:24:25","date_gmt":"2021-03-16T13:24:25","guid":{"rendered":"https:\/\/www.acrartex.com\/products\/personal-locator-beacon-resqlink-400\/"},"modified":"2026-02-03T13:47:54","modified_gmt":"2026-02-03T18:47:54","slug":"personal-locator-beacon-resqlink-400","status":"publish","type":"product","link":"https:\/\/www.acrartex.com\/es\/products\/personal-locator-beacon-resqlink-400\/","title":{"rendered":"Personal Locator Beacon ResQLink \u2122 400"},"content":{"rendered":"<p style=\"margin-left: 0in; margin-right: 0in;\">Con tres niveles de tecnolog\u00eda de se\u00f1al integrada (posicionamiento GPS , una potente se\u00f1al de 406 MHz y capacidad de localizaci\u00f3n de 121,5 MHz), el ResQLink 400 transmite su posici\u00f3n con rapidez y precisi\u00f3n a una red mundial de sat\u00e9lites de b\u00fasqueda y rescate. Adem\u00e1s, un estroboscopio integrado y un estroboscopio infrarrojo facilitan los rescates nocturnos o en condiciones de baja visibilidad. <\/p>\n<p style=\"margin-left: 0in; margin-right: 0in;\">Dondequiera que te lleve tu aventura, ya sea un viaje a las cumbres m\u00e1s altas, a los terrenos m\u00e1s inexplorados o a los oc\u00e9anos m\u00e1s vastos, ten la seguridad de que el ResQLink 400 siempre se activa f\u00e1cilmente. Simplemente despliega la antena, pulsa el bot\u00f3n de encendido y la baliza har\u00e1 el resto por ti, guiando sin esfuerzo a los rescatistas a 100 metros o menos de tu posici\u00f3n. <\/p>\n<p style=\"margin-left: 0in; margin-right: 0in;\">Gracias a sus innovadores elementos de dise\u00f1o, se pueden usar clips multifunci\u00f3n junto con la baliza, lo que ofrece numerosas opciones de portabilidad para diversas aplicaciones \u00fatiles. La mayor facilidad para incorporar el ResQLink 400 en su persona o en su equipo hizo que todas sus aventuras no solo fueran m\u00e1s seguras, sino tambi\u00e9n m\u00e1s c\u00f3modas. <\/p>\n<p style=\"margin-left: 0in; margin-right: 0in;\">Como l\u00edder en productos que salvan vidas tanto para uso profesional como recreativo, ACR ofrece seguridad y tranquilidad incomparables con la Personal Locator Beacon ResQLink 400.<\/p>\n<p><strong>2346: Kit de seguridad PLB ResQlink 400 Base<\/strong> | Este kit incluye los siguientes elementos:<\/p>\n<p>+ Personal Locator Beacon ResQLink 400\u2122 (programada solo para EE. UU.)<br \/>\n + Luz de rescate C-Strobe\u2122 H2O<br \/>\n + Silbato Res-Q\u2122<br \/>\n + Bolsa impermeable RapidDitch<br \/>\n + Espejo de se\u00f1ales<\/p>\n","protected":false},"excerpt":{"rendered":"<p style=\"margin-left: 0in; margin-right: 0in;\"><span style=\"font-size: 14px;\">Peque\u00f1o pero resistente, el ResQLink 400 ha sido dise\u00f1ado y probado profesionalmente para garantizar su resistencia incluso a las inclemencias del tiempo. Esta Personal Locator Beacon flotante no requiere suscripci\u00f3n y puede utilizarse para mejorar su seguridad en una amplia variedad de entornos. Ya sea en tierra, mar o aire, conf\u00ede en que la precisi\u00f3n satelital y la durabilidad militar del ResQLink ponen el rescate al alcance de su mano.  <\/span><\/p>\n<p style=\"margin-left: 0in; margin-right: 0in;\"><span style=\"font-size: 14px;\"><strong>Caracter\u00edsticas y beneficios:<\/strong><\/span><\/p>\n<ul>\n<li><span style=\"font-size: 14px;\">No se requiere suscripci\u00f3n<\/span><\/li>\n<li><span style=\"font-size: 14px;\">GPS y Galileo GNSS<\/span><\/li>\n<li><span style=\"font-size: 14px;\">Flotabilidad incorporada<\/span><\/li>\n<li><span style=\"font-size: 14px;\">Estrobosc\u00f3pico y estrobosc\u00f3pico infrarrojo<\/span><\/li>\n<li><span style=\"font-size: 14px;\">Cobertura global<\/span><\/li>\n<li><span style=\"font-size: 14px;\">Compatible con MEOSAR<\/span><\/li>\n<li><span style=\"font-size: 14px;\">Peque\u00f1o y ligero<\/span><\/li>\n<li><span style=\"font-size: 14px;\">5 a\u00f1os de duraci\u00f3n de la bater\u00eda<\/span><\/li>\n<li><span style=\"font-size: 14px;\">Vida \u00fatil de m\u00e1s de 24 horas**<\/span><\/li>\n<li><span style=\"font-size: 14px;\">Sistema de clip multifunci\u00f3n incluido<\/span><\/li>\n<\/ul>\n<p><span style=\"font-size: 14px;\">**Basado en el informe de pruebas de un laboratorio acreditado | <a href=\"https:\/\/www.dropbox.com\/s\/8343nj28z0d7bxa\/Prop%2065%20-%20BPA.pdf?dl=0\">ADVERTENCIA: PROP 65<\/a> <\/span><\/p>\n","protected":false},"featured_media":156041,"template":"","meta":{"_acf_changed":false,"om_disable_all_campaigns":false},"product_brand":[],"product_cat":[5984,5986,5988,5990,5989,5819,5983,5775,12195,5987],"product_tag":[12300,5536,6218,8123,6252,6271,12273,5824,11542,6226,6243,6259,11552,6275,6256,12198,6244,6222,6235,5828,12244,6238,6242,6263,5821,6229,6241,12288,5998,12259,12229,6267,12213,11565],"class_list":{"0":"post-155889","1":"product","2":"type-product","3":"status-publish","4":"has-post-thumbnail","6":"product_cat-cerca-de-la-costa","7":"product_cat-comercial","8":"product_cat-deporte-de-accion-todoterreno","9":"product_cat-deportes-de-remo-pesca","10":"product_cat-equipo-de-viaje","11":"product_cat-exterior","12":"product_cat-interior","13":"product_cat-marina-es","14":"product_cat-personal-locator-beacon-es","15":"product_cat-senderismo-escalada-campamento","16":"product_tag-2921-es","17":"product_tag-406-es","18":"product_tag-406-mhz-es","19":"product_tag-acre-es","20":"product_tag-baliza-de-senderismo","21":"product_tag-baliza-de-supervivencia","22":"product_tag-baliza-gps","23":"product_tag-baliza-localizadora-personal","24":"product_tag-baliza-localizadora-personal-acr","25":"product_tag-boyante","26":"product_tag-canal-66","27":"product_tag-caza","28":"product_tag-cerca-de-la-costa","29":"product_tag-equipo-salvavidas","30":"product_tag-escalada","31":"product_tag-exterior","32":"product_tag-facil-activacion","33":"product_tag-faro-es","34":"product_tag-flotadores","35":"product_tag-gps-es","36":"product_tag-kayak-es","37":"product_tag-localizador-gps","38":"product_tag-pequena-baliza","39":"product_tag-pesca-es","40":"product_tag-plb-es","41":"product_tag-plb-flotante","42":"product_tag-radiobaliza-personal","43":"product_tag-rastreador-gps","44":"product_tag-reserva","45":"product_tag-resqlin-400","46":"product_tag-senderismo","47":"product_tag-socorristas","48":"product_tag-tierra","49":"product_tag-ultimo-modelo","50":"pa_activity-a-campo-traviesa","51":"pa_activity-bicicleta","52":"pa_activity-camping-es","53":"pa_activity-deportes-de-remo","54":"pa_activity-escalada","55":"pa_activity-esqui-snowboard","56":"pa_activity-motonieve","57":"pa_activity-pesca","58":"pa_activity-senderismo","59":"pa_activity-todoterreno-4x4","60":"pa_boat-type-artesania-deportiva","61":"pa_boat-type-lancha-fuera-borda","62":"pa_boat-type-pesca-comercial","63":"pa_boat-type-remolcador","64":"pa_boat-type-velero","65":"pa_boat-type-yate","66":"pa_boat-type-yate-de-alquiler","67":"pa_product-rescue-beacons-es","68":"pa_terrain-bosque-y-jungla","69":"pa_terrain-colina-y-montana","70":"pa_terrain-rios-humedales-lagos","71":"pa_terrain-tundra-es","73":"first","74":"instock","75":"taxable","76":"shipping-taxable","77":"purchasable","78":"product-type-variable","79":"has-default-attributes"},"acf":[],"_links":{"self":[{"href":"https:\/\/www.acrartex.com\/es\/wp-json\/wp\/v2\/product\/155889","targetHints":{"allow":["GET"]}}],"collection":[{"href":"https:\/\/www.acrartex.com\/es\/wp-json\/wp\/v2\/product"}],"about":[{"href":"https:\/\/www.acrartex.com\/es\/wp-json\/wp\/v2\/types\/product"}],"wp:featuredmedia":[{"embeddable":true,"href":"https:\/\/www.acrartex.com\/es\/wp-json\/wp\/v2\/media\/156041"}],"wp:attachment":[{"href":"https:\/\/www.acrartex.com\/es\/wp-json\/wp\/v2\/media?parent=155889"}],"wp:term":[{"taxonomy":"product_brand","embeddable":true,"href":"https:\/\/www.acrartex.com\/es\/wp-json\/wp\/v2\/product_brand?post=155889"},{"taxonomy":"product_cat","embeddable":true,"href":"https:\/\/www.acrartex.com\/es\/wp-json\/wp\/v2\/product_cat?post=155889"},{"taxonomy":"product_tag","embeddable":true,"href":"https:\/\/www.acrartex.com\/es\/wp-json\/wp\/v2\/product_tag?post=155889"}],"curies":[{"name":"wp","href":"https:\/\/api.w.org\/{rel}","templated":true}]}}