{"id":155690,"date":"2021-03-16T08:16:59","date_gmt":"2021-03-16T13:16:59","guid":{"rendered":"https:\/\/www.acrartex.com\/products\/c-focos\/"},"modified":"2026-04-06T09:45:35","modified_gmt":"2026-04-06T14:45:35","slug":"c-focos","status":"publish","type":"product","link":"https:\/\/www.acrartex.com\/es\/products\/c-focos\/","title":{"rendered":"C-Focos"},"content":{"rendered":"<p>La C-Strobe se activa manualmente con un sencillo giro de encendido\/apagado. El modelo C-Strobe H2O incluye dos m\u00e9todos de activaci\u00f3n: la luz se activa f\u00e1cilmente con solo pulsar el bot\u00f3n de encendido\/apagado o, en posici\u00f3n de activaci\u00f3n, se activa autom\u00e1ticamente al sumergirse en agua. El modelo C-Strobe H2O, con numerosas funciones, tambi\u00e9n cuenta con tres modos de funcionamiento: estrobosc\u00f3pico, fijo y SOS. <\/p>\n<p>&nbsp;<\/p>\n<p>Su dise\u00f1o delgado, ligero y vers\u00e1til cabe f\u00e1cilmente en un bolsillo o se cuelga discretamente al sujetarlo a un chaleco salvavidas o una mochila. Las presillas de amarre flexibles en el lateral del producto permiten m\u00faltiples opciones de montaje, incluyendo la cinta de la mochila o las correas del chaleco salvavidas. La correa de <sup>Velcro\u00ae<\/sup> se fija alrededor de las presillas de amarre y ofrece innumerables posibilidades de montaje adicionales. La luz tambi\u00e9n incluye un clip dise\u00f1ado para deslizarse c\u00f3modamente sobre el tubo de inflado oral del chaleco salvavidas inflable, lo que permite guardar la luz dentro del mismo.   <\/p>\n<p>&nbsp;<\/p>\n<p><strong>Caracter\u00edsticas:<\/strong><\/p>\n<ul>\n<li>Para obtener asistencia de ubicaci\u00f3n durante emergencias con poca luz<\/li>\n<li>LED blanco de 45 l\u00famenes extremadamente brillante<\/li>\n<li>La extensa vida \u00fatil continua de m\u00e1s de 120 horas<\/li>\n<li>Resistente al agua: probado durante 24 horas a 1 m (3,3 pies)<\/li>\n<li>Estuche resistente a impactos<\/li>\n<li>Utiliza dos pilas \u201cAA\u201d de 1,5 V (no incluidas)<\/li>\n<li>Aprobado por USCG\/SOLAS<\/li>\n<li>Ideal para chalecos salvavidas, camping, ciclismo, autom\u00f3vil, etc.<\/li>\n<li>Correa de Velcro\u00ae incluida (con versi\u00f3n en tarjeta) que se utiliza junto con bucles de amarre integrados para mayor flexibilidad de montaje.<\/li>\n<li>Clip PFD incluido (con versi\u00f3n en tarjeta) para una f\u00e1cil conexi\u00f3n al tubo de inflado oral<\/li>\n<li><span style=\"color: black;\">Sensores de activaci\u00f3n por agua: activaci\u00f3n autom\u00e1tica al entrar en contacto con el agua (solo con el C-Light H20 (3964.1)<\/span><\/li>\n<\/ul>\n","protected":false},"excerpt":{"rendered":"<p>Las compactas, robustas e impermeables C-Strobe (no se activan con agua) y C-Strobe H\u2082O (se activan con agua) cuentan con la aprobaci\u00f3n de la Guardia Costera de EE. UU. (USCG\/SOLAS) y cuentan con un LED de 45 l\u00famenes que suele funcionar durante 120 horas continuas en modo estrobosc\u00f3pico. Estas luces estrobosc\u00f3picas personales de emergencia cuentan con una carcasa resistente a impactos, lo que las convierte en luces fiables y multiusos cuando se necesita una iluminaci\u00f3n de emergencia eficiente. <\/p>\n<p>&nbsp;<\/p>\n<p><a href=\"https:\/\/www.dropbox.com\/s\/8343nj28z0d7bxa\/Prop%2065%20-%20BPA.pdf?dl=0\">ADVERTENCIA: PROP 65<\/a><\/p>\n<p>&nbsp;<\/p>\n<p>&nbsp;<\/p>\n","protected":false},"featured_media":155804,"template":"","meta":{"_acf_changed":false,"om_disable_all_campaigns":false},"product_brand":[],"product_cat":[5984,5986,5988,5990,5989,5819,5983,5775,5985,7956,5987],"product_tag":[10665,8064,12097,12112,7983,10664,12084,12124,10663,12069,10662],"class_list":{"0":"post-155690","1":"product","2":"type-product","3":"status-publish","4":"has-post-thumbnail","6":"product_cat-cerca-de-la-costa","7":"product_cat-comercial","8":"product_cat-deporte-de-accion-todoterreno","9":"product_cat-deportes-de-remo-pesca","10":"product_cat-equipo-de-viaje","11":"product_cat-exterior","12":"product_cat-interior","13":"product_cat-marina-es","14":"product_cat-off-shore-es","15":"product_cat-productos-de-senalizacion","16":"product_cat-senderismo-escalada-campamento","17":"product_tag-luces-de-rescate","18":"product_tag-luces-estroboscopicas","19":"product_tag-luces-estroboscopicas-de-seguridad","20":"product_tag-luces-estroboscopicas-de-seguridad-es","21":"product_tag-luz-de-dfp","22":"product_tag-luz-estroboscopica-acr","23":"product_tag-luz-estroboscopica-acr-es","24":"product_tag-luz-estroboscopica-acr-c","25":"product_tag-luz-estroboscopica-de-emergencia","26":"product_tag-luz-estroboscopica-de-emergencia-es-2","27":"product_tag-luz-estroboscopica-marina","28":"pa_activity-a-campo-traviesa","29":"pa_activity-bicicleta","30":"pa_activity-camping-es","31":"pa_activity-deportes-de-remo","32":"pa_activity-escalada","33":"pa_activity-esqui-snowboard","34":"pa_activity-motonieve","35":"pa_activity-pesca","36":"pa_activity-senderismo","37":"pa_activity-todoterreno-4x4","38":"pa_boat-size-0-20-es","39":"pa_boat-size-21-40-es","40":"pa_boat-size-40-80-es","41":"pa_boat-size-80-es","42":"pa_boat-type-artesania-deportiva","43":"pa_boat-type-buque-de-carga","44":"pa_boat-type-lancha-fuera-borda","45":"pa_boat-type-pesca-comercial","46":"pa_boat-type-remolcador","47":"pa_boat-type-velero","48":"pa_boat-type-yate","49":"pa_boat-type-yate-de-alquiler","50":"pa_product-accesorios-de-seguridad","51":"pa_product-luces-de-rescate","52":"pa_product-productos-de-senalizacion","53":"pa_terrain-bosque-y-jungla","54":"pa_terrain-colina-y-montana","55":"pa_terrain-rios-humedales-lagos","56":"pa_terrain-tundra-es","58":"first","59":"instock","60":"taxable","61":"shipping-taxable","62":"purchasable","63":"product-type-variable"},"acf":[],"_links":{"self":[{"href":"https:\/\/www.acrartex.com\/es\/wp-json\/wp\/v2\/product\/155690","targetHints":{"allow":["GET"]}}],"collection":[{"href":"https:\/\/www.acrartex.com\/es\/wp-json\/wp\/v2\/product"}],"about":[{"href":"https:\/\/www.acrartex.com\/es\/wp-json\/wp\/v2\/types\/product"}],"wp:featuredmedia":[{"embeddable":true,"href":"https:\/\/www.acrartex.com\/es\/wp-json\/wp\/v2\/media\/155804"}],"wp:attachment":[{"href":"https:\/\/www.acrartex.com\/es\/wp-json\/wp\/v2\/media?parent=155690"}],"wp:term":[{"taxonomy":"product_brand","embeddable":true,"href":"https:\/\/www.acrartex.com\/es\/wp-json\/wp\/v2\/product_brand?post=155690"},{"taxonomy":"product_cat","embeddable":true,"href":"https:\/\/www.acrartex.com\/es\/wp-json\/wp\/v2\/product_cat?post=155690"},{"taxonomy":"product_tag","embeddable":true,"href":"https:\/\/www.acrartex.com\/es\/wp-json\/wp\/v2\/product_tag?post=155690"}],"curies":[{"name":"wp","href":"https:\/\/api.w.org\/{rel}","templated":true}]}}