{"id":155485,"date":"2021-03-16T08:27:47","date_gmt":"2021-03-16T13:27:47","guid":{"rendered":"https:\/\/www.acrartex.com\/products\/kit-de-seguridad-resqflare-bengalas-y-senalizacion-electronicas-de-emergencia-led-para-embarcaciones\/"},"modified":"2025-12-19T00:00:42","modified_gmt":"2025-12-19T05:00:42","slug":"kit-de-seguridad-resqflare-bengalas-y-senalizacion-electronicas-de-emergencia-led-para-embarcaciones","status":"publish","type":"product","link":"https:\/\/www.acrartex.com\/es\/products\/kit-de-seguridad-resqflare-bengalas-y-senalizacion-electronicas-de-emergencia-led-para-embarcaciones\/","title":{"rendered":"Kit de seguridad ResQFlare : bengalas y se\u00f1alizaci\u00f3n electr\u00f3nicas de emergencia LED para embarcaciones"},"content":{"rendered":"<h2>Las bengalas para embarcaciones son ahora mucho m\u00e1s seguras con el nuevo kit de seguridad ResQFlare<\/h2>\n<p style=\"margin: 0in;\"><span style=\"font-size: 10pt;\"><span style=\"font-size: 11.0pt;\"><span style=\"background: white;\"><span style=\"color: black;\">Este paquete incluye los siguientes productos de seguridad importantes:<\/span><\/span><\/span><\/span><\/p>\n<ul>\n<li style=\"margin-top: 0in; margin-right: 13.5pt; margin-bottom: .0001pt; margin: 0in;\"><a href=\"https:\/\/www.acrartex.com\/es\/products\/resqflare-bengala-electronica-led-de-emergencia-para-embarcaciones\/\"><span style=\"font-size: 10pt;\"><span style=\"background: white;\"><span style=\"font-size: 11.0pt;\"><span style=\"background: white;\"><span style=\"color: black;\">ResQFlare \u2122 Bengala electr\u00f3nica de socorro para embarcaciones<\/span><\/span><\/span><\/span><\/span><\/a><\/li>\n<li style=\"margin-top: 0in; margin-right: 13.5pt; margin-bottom: .0001pt; margin: 0in;\"><a href=\"https:\/\/www.acrartex.com\/es\/products\/resqflare-bengala-electronica-led-de-emergencia-para-embarcaciones\/\"><span style=\"font-size: 10pt;\"><span style=\"background: white;\"><span style=\"font-size: 11.0pt;\"><span style=\"background: white;\"><span style=\"color: black;\">Bandera de socorro ACR<\/span><\/span><\/span><\/span><\/span><\/a><\/li>\n<li style=\"margin-top: 0in; margin-right: 13.5pt; margin-bottom: .0001pt; margin: 0in;\"><a href=\"https:\/\/www.acrartex.com\/es\/products\/c-focos\/\"><span style=\"font-size: 10pt;\"><span style=\"background: white;\"><span style=\"font-size: 11.0pt;\"><span style=\"background: white;\"><span style=\"color: black;\">Luz de rescate C-Strobe\u2122<\/span><\/span><\/span><\/span><\/span><\/a><\/li>\n<li style=\"margin-top: 0in; margin-right: 13.5pt; margin-bottom: .0001pt; margin: 0in;\"><span style=\"font-size: 10pt;\"><span style=\"background: white;\"><span style=\"font-size: 11.0pt;\"><span style=\"background: white;\"><span style=\"color: black;\">Espejo de se\u00f1ales<\/span><\/span><\/span><\/span><\/span><\/li>\n<li style=\"margin-top: 0in; margin-right: 13.5pt; margin-bottom: .0001pt; margin: 0in;\"><span style=\"font-size: 10pt;\"><span style=\"background: white;\"><span style=\"font-size: 11.0pt;\"><span style=\"color: black;\">Bolsa seca RapidDitch<\/span><\/span><\/span><\/span><\/li>\n<\/ul>\n<p style=\"margin: 0in;\"><span style=\"font-size: 10pt;\"><span style=\"font-size: 11.0pt;\"><span style=\"background: white;\"><span style=\"color: black;\"><a href=\"https:\/\/www.acrartex.com\/es\/products\/resqflare-bengala-electronica-led-de-emergencia-para-embarcaciones\/\">Obtenga m\u00e1s informaci\u00f3n sobre c\u00f3mo ResQFlare y Distress Flag<\/a> no solo cumplen con las regulaciones de bengalas de la Guardia Costera de los Estados Unidos, sino que tambi\u00e9n mantienen a su familia m\u00e1s segura.<\/span><\/span><\/span><\/span><\/p>\n<ul>\n<li style=\"margin: 0in 0in 0.0001pt;\"><span style=\"font-size: 10pt;\"><span style=\"font-size: 11.0pt;\">Sin fecha de caducidad (pilas C reemplazables por el usuario)<\/span><\/span><\/li>\n<li style=\"margin: 0in 0in 0.0001pt;\"><span style=\"font-size: 10pt;\"><span style=\"font-size: 11.0pt;\">Seguro para la familia (sin llama ardiente), m\u00e1s seguro para usar con chalecos salvavidas inflables (PFD) y balsas salvavidas<\/span><\/span><\/li>\n<li style=\"margin: 0in 0in 0.0001pt;\"><span style=\"font-size: 10pt;\"><span style=\"font-size: 11.0pt;\">F\u00e1cil de operar (incluso sus hijos y navegantes primerizos pueden operarlo en caso de emergencia)  <\/span><\/span><\/li>\n<li style=\"margin: 0in 0in 0.0001pt;\"><span style=\"font-size: 10pt;\"><span style=\"font-size: 11.0pt;\">No hay problemas con los estrictos requisitos obligatorios actuales de eliminaci\u00f3n de bengalas pirot\u00e9cnicas (consideradas legalmente como materiales peligrosos)<\/span><\/span><\/li>\n<li style=\"margin: 0in 0in 0.0001pt;\"><span style=\"font-size: 10pt;\"><span style=\"font-size: 11.0pt;\">Impermeable y flotante  <\/span><\/span><\/li>\n<li style=\"margin: 0in 0in 0.0001pt;\"><span style=\"font-size: 10pt;\"><span style=\"font-size: 11.0pt;\">Compra \u00fanica (menor costo durante la vida \u00fatil del producto)<\/span><\/span><\/li>\n<\/ul>\n<h2><span style=\"font-size: 10pt;\"><b><span style=\"font-size: 12.0pt;\">Caracter\u00edsticas y beneficios del kit de bengalas para embarcaciones:<\/span><\/b><\/span><\/h2>\n<ul>\n<li style=\"margin: 0in 0in 0.0001pt;\"><span style=\"font-size: 10pt;\"><span style=\"font-size: 11.0pt;\">ResQFlare y la bandera de socorro incluida, cuando se transportan juntos, califican como un reemplazo para el transporte de bengalas pirot\u00e9cnicas para embarcaciones y pistolas de bengalas para embarcaciones de la Guardia Costera de los Estados Unidos (solo en EE. UU.)<\/span><\/span><\/li>\n<li style=\"margin-right: 13.5pt; margin: 0in 0in 0.0001pt;\"><span style=\"font-size: 10pt;\"><span style=\"background: white;\"><span style=\"color: black;\"><span style=\"font-size: 11.0pt;\">Luz brillante en todas las direcciones (visibilidad de 360\u00b0) que es visible a m\u00e1s de 6 millas<\/span><\/span><\/span><\/span><\/li>\n<li style=\"margin-right: 13.5pt; margin: 0in 0in 0.0001pt;\"><span style=\"font-size: 10pt;\"><span style=\"background: white;\"><span style=\"color: black;\"><span style=\"font-size: 11.0pt;\">La bolsa impermeable Drybag con correa permite guardar todo el equipo de seguridad en un lugar conveniente.<\/span><\/span><\/span><\/span><\/li>\n<li style=\"margin-right: 13.5pt; margin: 0in 0in 0.0001pt;\"><span style=\"color: #000000;\"><span style=\"font-size: 14.6667px;\">El espejo de se\u00f1ales y la bandera de socorro brindan alertas de socorro durante el d\u00eda.<\/span><\/span><\/li>\n<li style=\"margin: 0in 0in 0.0001pt;\"><span style=\"font-size: 10pt;\"><span style=\"font-size: 11.0pt;\"><span style=\"color: black;\">La luz de rescate del chaleco salvavidas ayuda a localizar visualmente una emergencia de peligro.<\/span><\/span><\/span><\/li>\n<\/ul>\n<h3 style=\"margin: 0in 0in 0.0001pt;\"><strong>ResQFlare en las noticias:<\/strong><\/h3>\n<p><a href=\"https:\/\/www.sailingworld.com\/story\/gear\/safe-distress-flare-alternative\/\">Sailing World \u2013 Una alternativa segura a las bengalas de socorro<\/a><\/p>\n<p><a href=\"https:\/\/www.greatlakesscuttlebutt.com\/news\/featured-news\/this-year-s-boating-finds\/\">Rumores sobre los Grandes Lagos: Los hallazgos n\u00e1uticos de este a\u00f1o<\/a><\/p>\n<p><a href=\"https:\/\/lakelandboating.com\/acr-electronics-introduces-new-alternative-to-pyrotechnic-flares\/\">Lakeland Boating \u2013 ACR Electronics presenta una nueva alternativa a las bengalas pirot\u00e9cnicas<\/a><\/p>\n","protected":false},"excerpt":{"rendered":"<p style=\"margin: 0in;\">El kit de seguridad ResQFlare para bengalas electr\u00f3nicas de socorro proporciona el equipo necesario para su seguridad y le permite solicitar ayuda en caso de emergencia en el agua. El ResQFlare incluye una bandera de socorro diurna y, al transportarse juntos, cumplen con los requisitos aplicables de la Guardia Costera de EE. UU., lo que permite su transporte en lugar de las bengalas pirot\u00e9cnicas tradicionales (solo en EE. UU.). Al ofrecer a los navegantes la comodidad de no tener que comprar ni desechar bengalas pirot\u00e9cnicas, el kit de seguridad ResQFlare se convierte en un accesorio de seguridad invaluable.  <\/p>\n<h4><span style=\"color: #ff0000;\"><strong>\u00a1Hecho con orgullo en EE. UU.!<\/strong><\/span><\/h4>\n<p style=\"margin: 0in;\"><a href=\"https:\/\/www.dropbox.com\/s\/0ezw0kexbm120vv\/Prop%2065%20-%20Lead%20and%20Lead%20Compounds.pdf?dl=0\">ADVERTENCIA: PROP 65<\/a><\/p>\n<p><a href=\"https:\/\/www.acrartex.com\/wp-content\/uploads\/2021\/03\/10_Off_Tag_.webp\"><img loading=\"lazy\" decoding=\"async\" class=\"alignnone wp-image-126151\" src=\"https:\/\/www.acrartex.com\/wp-content\/uploads\/2021\/03\/10_Off_Tag_.webp\" alt=\"\" width=\"145\" height=\"60\" srcset=\"https:\/\/www.acrartex.com\/wp-content\/uploads\/2021\/03\/10_Off_Tag_.webp 300w, https:\/\/www.acrartex.com\/wp-content\/uploads\/2021\/03\/10_Off_Tag_-60x25.webp 60w, https:\/\/www.acrartex.com\/wp-content\/uploads\/2021\/03\/10_Off_Tag_-110x45.webp 110w\" sizes=\"auto, (max-width: 145px) 100vw, 145px\" \/><\/a><\/p>\n<p style=\"margin: 0in;\">\n","protected":false},"featured_media":155681,"template":"","meta":{"_acf_changed":false,"om_disable_all_campaigns":false},"product_brand":[],"product_cat":[5984,5986,5990,5989,5819,5983,5775,5985],"product_tag":[11948,12040,12015,11992,11911,11922,11871,11881,11980,12003,11901,11964,11957,11936,11891,11971,12027,11860],"class_list":{"0":"post-155485","1":"product","2":"type-product","3":"status-publish","4":"has-post-thumbnail","6":"product_cat-cerca-de-la-costa","7":"product_cat-comercial","8":"product_cat-deportes-de-remo-pesca","9":"product_cat-equipo-de-viaje","10":"product_cat-exterior","11":"product_cat-interior","12":"product_cat-marina-es","13":"product_cat-off-shore-es","14":"product_tag-bengala-de-barco","15":"product_tag-bengala-de-emergencia","16":"product_tag-bengala-de-humo","17":"product_tag-bengala-de-mano","18":"product_tag-bengala-de-socorro","19":"product_tag-bengala-de-socorro-led","20":"product_tag-bengala-electronica","21":"product_tag-bengala-electronica-es","22":"product_tag-bengala-led","23":"product_tag-bengala-roja","24":"product_tag-bengalas","25":"product_tag-bengalas-de-senales","26":"product_tag-bengalas-para-barcos","27":"product_tag-llamarada-es","28":"product_tag-llamarada","29":"product_tag-llamarada-marina","30":"product_tag-pistola-de-bengalas","31":"product_tag-resqflare-es","33":"first","34":"instock","35":"taxable","36":"shipping-taxable","37":"purchasable","38":"product-type-simple"},"acf":[],"_links":{"self":[{"href":"https:\/\/www.acrartex.com\/es\/wp-json\/wp\/v2\/product\/155485","targetHints":{"allow":["GET"]}}],"collection":[{"href":"https:\/\/www.acrartex.com\/es\/wp-json\/wp\/v2\/product"}],"about":[{"href":"https:\/\/www.acrartex.com\/es\/wp-json\/wp\/v2\/types\/product"}],"wp:featuredmedia":[{"embeddable":true,"href":"https:\/\/www.acrartex.com\/es\/wp-json\/wp\/v2\/media\/155681"}],"wp:attachment":[{"href":"https:\/\/www.acrartex.com\/es\/wp-json\/wp\/v2\/media?parent=155485"}],"wp:term":[{"taxonomy":"product_brand","embeddable":true,"href":"https:\/\/www.acrartex.com\/es\/wp-json\/wp\/v2\/product_brand?post=155485"},{"taxonomy":"product_cat","embeddable":true,"href":"https:\/\/www.acrartex.com\/es\/wp-json\/wp\/v2\/product_cat?post=155485"},{"taxonomy":"product_tag","embeddable":true,"href":"https:\/\/www.acrartex.com\/es\/wp-json\/wp\/v2\/product_tag?post=155485"}],"curies":[{"name":"wp","href":"https:\/\/api.w.org\/{rel}","templated":true}]}}