{"id":155349,"date":"2021-03-16T08:27:35","date_gmt":"2021-03-16T13:27:35","guid":{"rendered":"https:\/\/www.acrartex.com\/products\/reflector-led-rcl-50\/"},"modified":"2026-02-03T13:57:51","modified_gmt":"2026-02-03T18:57:51","slug":"reflector-led-rcl-50","status":"publish","type":"product","link":"https:\/\/www.acrartex.com\/es\/products\/reflector-led-rcl-50\/","title":{"rendered":"Reflector LED RCL -50"},"content":{"rendered":"<p>La RCL -50 LED conserva el mismo dise\u00f1o robusto que la RCL -50D original e incluye un eficiente conjunto de 6 LED que produce m\u00e1s de 100.000 candelas de luz. Dise\u00f1ada para embarcaciones peque\u00f1as y medianas, su carcasa de aluminio y su lente de vidrio sellada garantizan a\u00f1os de funcionamiento sin problemas. Otras caracter\u00edsticas incluyen un control remoto con cable que permite rotaciones continuas de 360 grados a alta o baja velocidad sin la molestia de una parada brusca. Con un \u00e1ngulo de haz de 10 grados, la luz tambi\u00e9n ofrece \u00e1ngulos de elevaci\u00f3n de 20 grados hacia arriba y hacia abajo, lo que facilita la iluminaci\u00f3n de puentes levadizos, boyas y muelles.   <\/p>\n<p>La carcasa de aluminio est\u00e1 recubierta con un estabilizador UV para resistir a\u00f1os en el duro entorno marino. Los mecanismos del reflector est\u00e1n completamente sellados, protegiendo el preciso control de la inclinaci\u00f3n del haz, y las bombillas LED RCL -50 est\u00e1n dise\u00f1adas para funcionar durante m\u00e1s de 40.000 horas. Incorporan el exclusivo XRCiZ\u2122, un sistema preprogramado que rota de forma independiente cada 30 d\u00edas desde su activaci\u00f3n para protegerlo de la corrosi\u00f3n y mantener todos los contactos el\u00e9ctricos en buen estado. El LED RCL -50 es resistente a la intemperie y funciona con 12 o 24 V CC.   <\/p>\n<p>&nbsp;<\/p>\n<h3>Caracter\u00edsticas principales del nuevo LED RCL -50:<\/h3>\n<ul>\n<li>Un conjunto de 6 LED ultrabrillantes genera m\u00e1s de 100 000 candelas de pico<\/li>\n<li>LED eficientes y de larga duraci\u00f3n: 40.000 horas de funcionamiento<\/li>\n<li>Reducci\u00f3n de la demanda de consumo de energ\u00eda hasta en un 50% en embarcaciones de 12 V<\/li>\n<li>El controlador tiene electr\u00f3nica de \u00faltima generaci\u00f3n para proteger la luz de la mayor\u00eda de las sobrecargas de energ\u00eda.<\/li>\n<li>Mecanismo de elevaci\u00f3n interno para un control preciso de la inclinaci\u00f3n de la viga; protege el mecanismo de elevaci\u00f3n de las inclemencias del tiempo.<\/li>\n<li>Carcasa robusta de aluminio de grado marino, sellada y con triple imprimaci\u00f3n (disponible en blanco o negro)<\/li>\n<li>Incluye control remoto con punta de dedo Point Pad; se pueden instalar hasta tres unidades Point Pad remotas en el sistema; opciones de montaje en superficie\/empotrado incluidas<\/li>\n<li>La funci\u00f3n exclusiva XRCiZ\u2122 gira y mueve el conjunto de luces cada 30 d\u00edas desde la activaci\u00f3n para mantener todas las superficies de los cojinetes libres de corrosi\u00f3n y todos los contactos el\u00e9ctricos funcionales.<\/li>\n<li>Incluye arn\u00e9s de cableado de 15 pies (4,57 m)<\/li>\n<li>Motor de dos velocidades<\/li>\n<\/ul>\n<p>&nbsp;<\/p>\n<h3>Configuraciones disponibles:<\/h3>\n<p>El LED RCL-50 est\u00e1 disponible en varias configuraciones convenientes diferentes como se enumeran a continuaci\u00f3n.<\/p>\n<p>&nbsp;<\/p>\n<p><em><strong>N\u00fameros de piezas para kits de reflectores que utilizan el panel de puntero URP-102 y el controlador maestro URC-103:<\/strong><\/em><\/p>\n<table>\n<tbody>\n<tr>\n<td width=\"103\"><strong>N\u00daMERO DE PIEZA<\/strong><\/td>\n<td width=\"619\"><strong>DESCRIPCI\u00d3N<\/strong><\/td>\n<\/tr>\n<tr>\n<td width=\"103\">1960<\/td>\n<td width=\"619\">LED RCL-50, blanco, con controlador maestro URC-103 y panel de puntos URP-102<\/td>\n<\/tr>\n<tr>\n<td width=\"103\">1961<\/td>\n<td width=\"619\">LED RCL-50, negro, con controlador maestro URC-103 y pad de puntos URP-102<\/td>\n<\/tr>\n<\/tbody>\n<\/table>\n<p><strong> <\/strong><\/p>\n<p><strong> <\/strong><em><strong>N\u00fameros de piezas para kits de reflectores que utilizan el panel de puntero URP-103 y el controlador maestro URC-104:<\/strong><\/em><\/p>\n<table>\n<tbody>\n<tr>\n<td width=\"103\"><strong>N\u00daMERO DE PIEZA<\/strong><\/td>\n<td width=\"619\"><strong>DESCRIPCI\u00d3N<\/strong><\/td>\n<\/tr>\n<tr>\n<td width=\"103\">1980<\/td>\n<td width=\"619\">LED RCL-50, blanco, con nuevo controlador maestro URC-104, pad de puntero URP-103 y control remoto inal\u00e1mbrico port\u00e1til URH-103<\/td>\n<\/tr>\n<tr>\n<td width=\"103\">1981<\/td>\n<td width=\"619\">LED RCL-50, negro, con nuevo controlador maestro URC-104, almohadilla de puntero URP-103 y control remoto inal\u00e1mbrico port\u00e1til URH-103<\/td>\n<\/tr>\n<tr>\n<td width=\"103\">1982<\/td>\n<td width=\"619\">LED RCL-50, blanco, con nuevo controlador maestro URC-104 y pad de puntos URP-103<\/td>\n<\/tr>\n<tr>\n<td width=\"103\">1983<\/td>\n<td width=\"619\">LED RCL-50, negro, con nuevo controlador maestro URC-104 y pad de puntos URP-103<\/td>\n<\/tr>\n<\/tbody>\n<\/table>\n","protected":false},"excerpt":{"rendered":"<p>&nbsp;<\/p>\n<p>Dise\u00f1ado para embarcaciones de recreo de tama\u00f1o peque\u00f1o a mediano y embarcaciones comerciales peque\u00f1as, este robusto reflector cuenta con una nueva l\u00e1mpara de 6 LED con una potencia de m\u00e1s de 100.000 candelas. Fabricado para el duro entorno marino, el nuevo RCL -50 utiliza la misma carcasa de aluminio fundido a presi\u00f3n de eficacia probada con nuevos controles mec\u00e1nicos internos para alimentar y girar la l\u00e1mpara LED ultrabrillante. <\/p>\n<p>El dise\u00f1o elegante y tradicional del LED RCL -50 lo convierte en una opci\u00f3n atractiva y econ\u00f3mica para yates deportivos, yates, embarcaciones de pesca deportiva, barcos de trabajo y embarcaciones comerciales ligeras. Gracias a sus LED m\u00e1s eficientes, el LED RCL -50 ha reducido el consumo de energ\u00eda hasta en un 50 % en embarcaciones de 12 V. <\/p>\n<p>&nbsp;<\/p>\n<p style=\"margin-left: 0in; margin-right: 0in;\"><span style=\"font-size: 11pt;\"><span style=\"font-family: Calibri,sans-serif;\"><a style=\"color: blue; text-decoration: underline;\" href=\"https:\/\/www.dropbox.com\/scl\/fi\/8sck4rivcx2jzxj8j61pu\/Prop-65-Lead-and-Lead-Compounds.pdf?rlkey=nsnudjcdonl81ck0z1eyzvq7b&amp;e=1&amp;dl=0\"><span style=\"color: #000000;\">ADVERTENCIA: PROP 65<\/span><\/a><\/span><\/span><\/p>\n<p>&nbsp;<\/p>\n","protected":false},"featured_media":155435,"template":"","meta":{"_acf_changed":false,"om_disable_all_campaigns":false},"product_brand":[],"product_cat":[5984,5986,5983,5775,5985,7182],"product_tag":[11756,11769,11726,11679,11781,11791,7183,11701,11691,7185,11745,7268,11670,11715,11736,7184,11658],"class_list":{"0":"post-155349","1":"product","2":"type-product","3":"status-publish","4":"has-post-thumbnail","6":"product_cat-cerca-de-la-costa","7":"product_cat-comercial","8":"product_cat-interior","9":"product_cat-marina-es","10":"product_cat-off-shore-es","11":"product_cat-reflectores","12":"product_tag-1960-es","13":"product_tag-1961-es","14":"product_tag-led-rcl-50","15":"product_tag-luz-de-encendido","16":"product_tag-pn-1960-es","17":"product_tag-pn-1961-es","18":"product_tag-rcl-es","19":"product_tag-rcl-50-es","20":"product_tag-rcl-50b-es","21":"product_tag-reflector","22":"product_tag-reflector-de-aluminio","23":"product_tag-reflector-de-control-remoto","24":"product_tag-reflector-exterior","25":"product_tag-reflector-led-para-barcos","26":"product_tag-reflector-para-yates-pequenos","27":"product_tag-reflectores","28":"product_tag-reflectores-de-control-remoto","29":"pa_product-luces-de-busqueda","31":"first","32":"onbackorder","33":"taxable","34":"shipping-taxable","35":"purchasable","36":"product-type-variable"},"acf":[],"_links":{"self":[{"href":"https:\/\/www.acrartex.com\/es\/wp-json\/wp\/v2\/product\/155349","targetHints":{"allow":["GET"]}}],"collection":[{"href":"https:\/\/www.acrartex.com\/es\/wp-json\/wp\/v2\/product"}],"about":[{"href":"https:\/\/www.acrartex.com\/es\/wp-json\/wp\/v2\/types\/product"}],"wp:featuredmedia":[{"embeddable":true,"href":"https:\/\/www.acrartex.com\/es\/wp-json\/wp\/v2\/media\/155435"}],"wp:attachment":[{"href":"https:\/\/www.acrartex.com\/es\/wp-json\/wp\/v2\/media?parent=155349"}],"wp:term":[{"taxonomy":"product_brand","embeddable":true,"href":"https:\/\/www.acrartex.com\/es\/wp-json\/wp\/v2\/product_brand?post=155349"},{"taxonomy":"product_cat","embeddable":true,"href":"https:\/\/www.acrartex.com\/es\/wp-json\/wp\/v2\/product_cat?post=155349"},{"taxonomy":"product_tag","embeddable":true,"href":"https:\/\/www.acrartex.com\/es\/wp-json\/wp\/v2\/product_tag?post=155349"}],"curies":[{"name":"wp","href":"https:\/\/api.w.org\/{rel}","templated":true}]}}